
{"id":1056,"date":"2019-10-18T17:32:18","date_gmt":"2019-10-18T15:32:18","guid":{"rendered":"http:\/\/metoda-tippinga.pl\/web\/?page_id=1056"},"modified":"2025-11-19T08:47:07","modified_gmt":"2025-11-19T07:47:07","slug":"trenerzy","status":"publish","type":"page","link":"https:\/\/metoda-tippinga.pl\/web\/trenerzy\/","title":{"rendered":"Trenerzy"},"content":{"rendered":"<div class=\"wpb-content-wrapper\"><p>[vc_row][vc_column][vc_column_text]<\/p>\r\n<h2 class=\"sow-headline\">Nasi trenerzy<\/h2>\r\n\r\n<p style=\"font-size: 16px;\"><strong>Potrzebujesz pomocy w doborze trenera?\u00a0<\/strong><\/p>\r\n<p style=\"font-size: 16px;\"><strong>Zadzwo\u0144!<\/strong><\/p>\r\n<p style=\"font-size: 16px;\"><span style=\"font-weight: 400;\">Nr. tel. 606 245 198<br \/>czynny poniedzia\u0142ek &#8211; pi\u0105tek, godz. 10:00 &#8211; 17:00<br \/><\/span><\/p>\r\n<p>[\/vc_column_text][vc_btn title=&#8221;ZNAJD\u0179 INSTRUKTORA GRY SATORI&#8221; style=&#8221;classic&#8221; color=&#8221;info&#8221; size=&#8221;lg&#8221; align=&#8221;left&#8221; i_icon_fontawesome=&#8221;fa fa-user-circle&#8221; add_icon=&#8221;true&#8221; link=&#8221;url:https%3A%2F%2Fmetoda-tippinga.pl%2Fweb%2Finstruktorzy-satori%23lista|title:Intruktorzy%20Gry%20Satori||&#8221; css=&#8221;.vc_custom_1674570613344{margin-top: -10px !important;}&#8221; el_class=&#8221;instruktorzy&#8221;][vc_btn title=&#8221;ZAREZERWUJ MIEJSCE&#8221; style=&#8221;classic&#8221; color=&#8221;info&#8221; size=&#8221;lg&#8221; align=&#8221;left&#8221; i_icon_fontawesome=&#8221;fa fa-phone&#8221; add_icon=&#8221;true&#8221; link=&#8221;url:https%3A%2F%2Fcalendly.com%2Fczaja|title:Zarezerwuj%20miejsce|target:%20_blank|&#8221; css=&#8221;.vc_custom_1658343273741{margin-top: -10px !important;}&#8221; el_class=&#8221;hide&#8221;][vc_btn title=&#8221;WYPE\u0141NIJ ANKIET\u0118 DOBORU TRENERA&#8221; style=&#8221;classic&#8221; color=&#8221;pink&#8221; align=&#8221;left&#8221; link=&#8221;url:https%3A%2F%2Fforms.gle%2F3MvU8495nmdizmgw5|title:FAQ|target:%20_blank|&#8221; el_class=&#8221;faq&#8221; css=&#8221;.vc_custom_1624357746033{margin-top: -10px !important;}&#8221;][vc_column_text]<\/p>\r\n<p>Chcesz dowiedzie\u0107 si\u0119 czy dana osoba jest naszym certyfikowanym trenerem, a nie ma jej w tabelce? <strong>Napisz lub zadzwo\u0144 do nas!<\/strong><\/p>\r\n<p>[\/vc_column_text][vc_column_text]<\/p>\r\n<div id=\"footable_parent_1493\"\n         class=\" footable_parent ninja_table_wrapper loading_ninja_table wp_table_data_press_parent semantic_ui \">\n                <table data-ninja_table_instance=\"ninja_table_instance_0\" data-footable_id=\"1493\" data-filter-delay=\"1000\" aria-label=\"Baza trener\u00f3w\"            id=\"footable_1493\"\n           data-unique_identifier=\"ninja_table_unique_id_1156525331_1493\"\n           class=\" foo-table ninja_footable foo_table_1493 ninja_table_unique_id_1156525331_1493 ui table  ninja_search_left nt_search_full_width nt_type_ajax_table selectable striped vertical_centered  footable-paging-center ninja_table_pro\">\n                <colgroup>\n                            <col class=\"ninja_column_0 \">\n                            <col class=\"ninja_column_1 \">\n                            <col class=\"ninja_column_2 \">\n                            <col class=\"ninja_column_3 \">\n                            <col class=\"ninja_column_4 \">\n                    <\/colgroup>\n            <\/table>\n                    <style type=\"text\/css\" id='ninja_table_custom_css_1493'>\n                        #footable_1493  {\n    font-family: inherit;\n    font-size: 12px;\n    }\n\n    \n#footable_1493 > thead > tr.footable-filtering > th > form > div > div > input {\n    font-size: 15px !important;\n    \/*padding: 10px;*\/\n    height: 40px !important;\n}\n\n\/\/#footable_1493 > thead > tr.footable-filtering > th > form > div > div > div > button.btn.btn-primary > span {\n    font-size: 25px !important;\n    \/*padding: 10px;*\/\n    \/*height: 50px;*\/\n}\n\n\/\/.fooicon-search {\n    font-size: 25px !important;\n    \/*padding: 10px;*\/\n    \/*height: 50px;*\/\n    height: 40px !important;\n}\n\n\/\/#footable_1493 > thead > tr.footable-filtering > th > form > div > div > div > button.btn.btn-primary {\n    height: 40px !important;\n}\n\n.pagination {\n    position: sticky;\n}\n\n@media screen and (max-width: 992px) {\n    #footable_1493 {\n     font-size: 0.7em;   \n    }\n}\n\n.footable-filtering-search::after {\n    content: 'Osoba kt\u00f3rej szukasz nie pojawia si\u0119 w bazie? Sprawd\u017a czy to nasz certyfikowany trener\/ka i napisz do nas info@metoda-tippinga.pl.';\n    display: block !important;\n    padding-top: 10px !important;\n    font-size: 0.9rem !important;\n    font-weight: 600 !important;\n}\n\nbutton.btn:nth-child(2) {\n    display: none;\n}\n\n.hidesafe {\n    visibility: hidden;\n}\n\n.footable-empty {\n    visibility: hidden !important;\n}                <\/style>\n                \n    \n    \n<\/div>\n\r\n<p>[\/vc_column_text][\/vc_column][\/vc_row]<\/p><\/div>","protected":false},"excerpt":{"rendered":"<p>[vc_row][vc_column][vc_column_text] Nasi trenerzy Potrzebujesz pomocy w doborze trenera?\u00a0 Zadzwo\u0144! Nr. tel. 606 245 198czynny poniedzia\u0142ek &#8211; pi\u0105tek, godz. 10:00 &#8211; 17:00 [\/vc_column_text][vc_btn title=&#8221;ZNAJD\u0179 INSTRUKTORA GRY SATORI&#8221; style=&#8221;classic&#8221; color=&#8221;info&#8221; size=&#8221;lg&#8221; align=&#8221;left&#8221; i_icon_fontawesome=&#8221;fa fa-user-circle&#8221; add_icon=&#8221;true&#8221; link=&#8221;url:https%3A%2F%2Fmetoda-tippinga.pl%2Fweb%2Finstruktorzy-satori%23lista|title:Intruktorzy%20Gry%20Satori||&#8221; css=&#8221;.vc_custom_1674570613344{margin-top: -10px !important;}&#8221; el_class=&#8221;instruktorzy&#8221;][vc_btn title=&#8221;ZAREZERWUJ MIEJSCE&#8221; style=&#8221;classic&#8221; color=&#8221;info&#8221; size=&#8221;lg&#8221; align=&#8221;left&#8221; i_icon_fontawesome=&#8221;fa fa-phone&#8221; add_icon=&#8221;true&#8221; link=&#8221;url:https%3A%2F%2Fcalendly.com%2Fczaja|title:Zarezerwuj%20miejsce|target:%20_blank|&#8221; css=&#8221;.vc_custom_1658343273741{margin-top: -10px !important;}&#8221; el_class=&#8221;hide&#8221;][vc_btn title=&#8221;WYPE\u0141NIJ ANKIET\u0118 DOBORU TRENERA&#8221; style=&#8221;classic&#8221; color=&#8221;pink&#8221; align=&#8221;left&#8221; link=&#8221;url:https%3A%2F%2Fforms.gle%2F3MvU8495nmdizmgw5|title:FAQ|target:%20_blank|&#8221; el_class=&#8221;faq&#8221; css=&#8221;.vc_custom_1624357746033{margin-top: -10px !important;}&#8221;][vc_column_text] Chcesz dowiedzie\u0107 si\u0119 czy dana osoba jest naszym certyfikowanym trenerem, a nie ma jej w tabelce? Napisz lub zadzwo\u0144 do nas! [\/vc_column_text][vc_column_text] [\/vc_column_text][\/vc_column][\/vc_row]<\/p>\n","protected":false},"author":4,"featured_media":0,"parent":0,"menu_order":0,"comment_status":"closed","ping_status":"closed","template":"","meta":{"footnotes":""},"class_list":["post-1056","page","type-page","status-publish","hentry"],"publishpress_future_action":{"enabled":false,"date":"2026-04-19 20:28:05","action":"change-status","newStatus":"private","terms":[],"taxonomy":"frm_application","extraData":[]},"publishpress_future_workflow_manual_trigger":{"enabledWorkflows":[]},"_links":{"self":[{"href":"https:\/\/metoda-tippinga.pl\/web\/wp-json\/wp\/v2\/pages\/1056","targetHints":{"allow":["GET"]}}],"collection":[{"href":"https:\/\/metoda-tippinga.pl\/web\/wp-json\/wp\/v2\/pages"}],"about":[{"href":"https:\/\/metoda-tippinga.pl\/web\/wp-json\/wp\/v2\/types\/page"}],"author":[{"embeddable":true,"href":"https:\/\/metoda-tippinga.pl\/web\/wp-json\/wp\/v2\/users\/4"}],"replies":[{"embeddable":true,"href":"https:\/\/metoda-tippinga.pl\/web\/wp-json\/wp\/v2\/comments?post=1056"}],"version-history":[{"count":39,"href":"https:\/\/metoda-tippinga.pl\/web\/wp-json\/wp\/v2\/pages\/1056\/revisions"}],"predecessor-version":[{"id":14359,"href":"https:\/\/metoda-tippinga.pl\/web\/wp-json\/wp\/v2\/pages\/1056\/revisions\/14359"}],"wp:attachment":[{"href":"https:\/\/metoda-tippinga.pl\/web\/wp-json\/wp\/v2\/media?parent=1056"}],"curies":[{"name":"wp","href":"https:\/\/api.w.org\/{rel}","templated":true}]}}