
{"id":1491,"date":"2019-11-10T07:19:59","date_gmt":"2019-11-10T06:19:59","guid":{"rendered":"https:\/\/metoda-tippinga.pl\/web\/?page_id=1491"},"modified":"2019-11-10T07:37:31","modified_gmt":"2019-11-10T06:37:31","slug":"baza-trenerow","status":"publish","type":"page","link":"https:\/\/metoda-tippinga.pl\/web\/baza-trenerow\/","title":{"rendered":"Baza trener\u00f3w"},"content":{"rendered":"<div id=\"footable_parent_1493\"\n         class=\" footable_parent ninja_table_wrapper loading_ninja_table wp_table_data_press_parent semantic_ui \">\n                <table data-ninja_table_instance=\"ninja_table_instance_0\" data-footable_id=\"1493\" data-filter-delay=\"1000\" aria-label=\"Baza trener\u00f3w\"            id=\"footable_1493\"\n           data-unique_identifier=\"ninja_table_unique_id_554830049_1493\"\n           class=\" foo-table ninja_footable foo_table_1493 ninja_table_unique_id_554830049_1493 ui table  ninja_search_left nt_search_full_width nt_type_ajax_table selectable striped vertical_centered  footable-paging-center ninja_table_pro\">\n                <colgroup>\n                            <col class=\"ninja_column_0 \">\n                            <col class=\"ninja_column_1 \">\n                            <col class=\"ninja_column_2 \">\n                            <col class=\"ninja_column_3 \">\n                            <col class=\"ninja_column_4 \">\n                    <\/colgroup>\n            <\/table>\n                    <style type=\"text\/css\" id='ninja_table_custom_css_1493'>\n                        #footable_1493  {\n    font-family: inherit;\n    font-size: 12px;\n    }\n\n    \n#footable_1493 > thead > tr.footable-filtering > th > form > div > div > input {\n    font-size: 15px !important;\n    \/*padding: 10px;*\/\n    height: 40px !important;\n}\n\n\/\/#footable_1493 > thead > tr.footable-filtering > th > form > div > div > div > button.btn.btn-primary > span {\n    font-size: 25px !important;\n    \/*padding: 10px;*\/\n    \/*height: 50px;*\/\n}\n\n\/\/.fooicon-search {\n    font-size: 25px !important;\n    \/*padding: 10px;*\/\n    \/*height: 50px;*\/\n    height: 40px !important;\n}\n\n\/\/#footable_1493 > thead > tr.footable-filtering > th > form > div > div > div > button.btn.btn-primary {\n    height: 40px !important;\n}\n\n.pagination {\n    position: sticky;\n}\n\n@media screen and (max-width: 992px) {\n    #footable_1493 {\n     font-size: 0.7em;   \n    }\n}\n\n.footable-filtering-search::after {\n    content: 'Osoba kt\u00f3rej szukasz nie pojawia si\u0119 w bazie? Sprawd\u017a czy to nasz certyfikowany trener\/ka i napisz do nas info@metoda-tippinga.pl.';\n    display: block !important;\n    padding-top: 10px !important;\n    font-size: 0.9rem !important;\n    font-weight: 600 !important;\n}\n\nbutton.btn:nth-child(2) {\n    display: none;\n}\n\n.hidesafe {\n    visibility: hidden;\n}\n\n.footable-empty {\n    visibility: hidden !important;\n}                <\/style>\n                \n    \n    \n<\/div>\n\n","protected":false},"excerpt":{"rendered":"","protected":false},"author":4,"featured_media":0,"parent":0,"menu_order":0,"comment_status":"closed","ping_status":"closed","template":"","meta":{"footnotes":""},"class_list":["post-1491","page","type-page","status-publish","hentry"],"publishpress_future_action":{"enabled":false,"date":"2026-04-11 00:13:38","action":"change-status","newStatus":"private","terms":[],"taxonomy":"frm_application","extraData":[]},"publishpress_future_workflow_manual_trigger":{"enabledWorkflows":[]},"_links":{"self":[{"href":"https:\/\/metoda-tippinga.pl\/web\/wp-json\/wp\/v2\/pages\/1491","targetHints":{"allow":["GET"]}}],"collection":[{"href":"https:\/\/metoda-tippinga.pl\/web\/wp-json\/wp\/v2\/pages"}],"about":[{"href":"https:\/\/metoda-tippinga.pl\/web\/wp-json\/wp\/v2\/types\/page"}],"author":[{"embeddable":true,"href":"https:\/\/metoda-tippinga.pl\/web\/wp-json\/wp\/v2\/users\/4"}],"replies":[{"embeddable":true,"href":"https:\/\/metoda-tippinga.pl\/web\/wp-json\/wp\/v2\/comments?post=1491"}],"version-history":[{"count":2,"href":"https:\/\/metoda-tippinga.pl\/web\/wp-json\/wp\/v2\/pages\/1491\/revisions"}],"predecessor-version":[{"id":1494,"href":"https:\/\/metoda-tippinga.pl\/web\/wp-json\/wp\/v2\/pages\/1491\/revisions\/1494"}],"wp:attachment":[{"href":"https:\/\/metoda-tippinga.pl\/web\/wp-json\/wp\/v2\/media?parent=1491"}],"curies":[{"name":"wp","href":"https:\/\/api.w.org\/{rel}","templated":true}]}}