
{"id":1514,"date":"2019-12-02T19:27:52","date_gmt":"2019-12-02T18:27:52","guid":{"rendered":"https:\/\/metoda-tippinga.pl\/web\/?page_id=1514"},"modified":"2025-12-18T11:26:28","modified_gmt":"2025-12-18T10:26:28","slug":"faq","status":"publish","type":"page","link":"https:\/\/metoda-tippinga.pl\/web\/faq\/","title":{"rendered":"FAQ"},"content":{"rendered":"<h4><em>Czy s\u0105 jeszcze w Polsce inne o\u015brodki reprezentuj\u0105ce Radykalne Wybaczanie w Polsce?<\/em><\/h4>\r\n<p>Nie. Jeste\u015bmy jedynym uprawnionym przez Colina Tippinga o\u015brodkiem do reprezentowania tej metody w Polsce. Naszym celem jest szerzenie misji Radykalnego Wybaczania, udost\u0119pnianie wiedzy i materia\u0142\u00f3w na jej temat (np. najnowszy Arkusz Radykalnego Wybaczania) oraz szkolenie Certyfikowanych Trener\u00f3w.<\/p>\r\n<p>&nbsp;<\/p>\r\n<h4><em>Czy Metoda Tippinga \u2013 Radykalne Wybaczanie \u2013 jest terapi\u0105?<\/em><\/h4>\r\n<p>Absolutnie nie. Nie jest te\u017c technik\u0105 uzdrawiania, psychoterapi\u0105, prac\u0105 z cia\u0142em, agresj\u0105 etc. Lubimy m\u00f3wi\u0107, \u017ce jest metod\u0105, kt\u00f3ra uczy narz\u0119dzi do samopomocy duszy \uf04a Wa\u017cne: dobry Trener wie kiedy nale\u017cy odes\u0142a\u0107 Klienta z zaburzeniami po fachow\u0105 pomoc (depresja, zaburzenia psychiczne etc.)<\/p>\r\n<p>&nbsp;<\/p>\r\n<h4><em>Jakie wydarzenia organizuje Instytut?<\/em><\/h4>\r\n<p>Organizujemy Kurs Certyfikowanego Trenera, warsztaty wprowadzaj\u0105ce do Radykalnego Wybaczania i ucz\u0105ce Arkusza, gr\u0119 Satori, Ceremoni\u0119 Radykalnego Wybaczania i inne.<\/p>\r\n<p>&nbsp;<\/p>\r\n<h4><em>Sk\u0105d mog\u0119 si\u0119 dowiedzie\u0107 o Metodzie Tippinga?<\/em><\/h4>\r\n<p>Z ksi\u0105\u017cek Colina Tippinga np. \u201eRadykalne Wybaczanie\u201d, \u201eRadykalne samowybaczanie\u201d, \u201eRadykalna Manifestacja Marze\u0144\u201d oraz na naszej stronie (zapraszamy na Blog).<\/p>\r\n<p>&nbsp;<\/p>\r\n<h4><em>Kim jest Trener Radykalnego Wybaczania?<\/em><\/h4>\r\n<p>Trener Radykalnego Wybaczania jest nauczycielem metody Tippinga. Uczy jak korzysta\u0107 z narz\u0119dzi RW, zgodnie z wskaz\u00f3wkami zdobytymi na kursie. Nie otrzymuje tytu\u0142u terapeuty, psychoterapeuty, psychologa czy coacha. Tytu\u0142y te nie koliduj\u0105 z tytu\u0142em Trenera RW i bardzo cz\u0119sto \u0142\u0105cz\u0105 si\u0119 z \u015bcie\u017ckami zawodowymi wymienionymi powy\u017cej.<\/p>\r\n<p>&nbsp;<\/p>\r\n<h4><em>W jaki spos\u00f3b mog\u0119 odszuka\u0107 Certyfikowanego Trenera?<\/em><\/h4>\r\n<p>Zapraszamy do Bazy Trener\u00f3w na naszej stronie. W Bazie tej znajduj\u0105 si\u0119 osoby, kt\u00f3re odby\u0142y Kurs w Instytucie, opanowa\u0142y najnowsze narz\u0119dzia Radykalnego Wybaczania oraz aktywnie wsp\u00f3\u0142pracuj\u0105 z Instytutem. Baza jest ci\u0105gle uzupe\u0142niana o nowe osoby.<\/p>\r\n<p>&nbsp;<\/p>\r\n<h4><em>Jestem Trenerem ale nie ma mnie w Bazie. Chc\u0119 w niej by\u0107 \u2013 co mam zrobi\u0107?<\/em><\/h4>\r\n<p>To oznacza, \u017ce najprawdopodobniej zosta\u0142e\u015b\/\u0142a\u015b Trenerem przed 2015 rokiem i nie odby\u0142e\u015b szkolenia z najnowszego Arkusza Radykalnego Wybaczania. Napisz do nas poinformujemy Ci\u0119 o warunkach do\u0142\u0105czenia do Bazy \ud83d\ude42 .<\/p>\r\n<p>&nbsp;<\/p>\r\n<h4><em>Po czy poznam czy kto\u015b jest Certyfikowanym Trenerem Radykalnego Wybaczania?<\/em><\/h4>\r\n<p>Sprawd\u017a czy ma Certyfikat wydany przez nasz Instytut. Je\u015bli nie ma tej osoby w naszej Bazie mo\u017ce to oznacza\u0107, \u017ce: 1) certyfikat otrzyma\u0142 wiele lat temu 2) nie odby\u0142 Kursu doszkalaj\u0105cego z najnowszych narz\u0119dzi (co nie oznacza to, \u017ce nie jest dobrym Trenerem! Certyfikaty nadajemy do\u017cywotnio).<\/p>\r\n<p>&nbsp;<\/p>\r\n<h4><em>Czy Kurs Certyfikowanego Trenera Radykalnego Wybaczania jest przeznaczony jedynie dla trener\u00f3w\/psycholog\u00f3w\/terapeut\u00f3w\/coach\u00f3w?<\/em><\/h4>\r\n<p>Nie, kurs przeznaczony jest dla ka\u017cdego, kto chcia\u0142by popracowa\u0107 ze bolesnymi wydarzeniami swojego \u017cycia, emocjami czy trudnymi relacjami z rodzicami, partnerami, dzie\u0107mi etc. Kurs jest stworzony dla ka\u017cdego, kto poczuje, \u017ce chcia\u0142by poszerzy\u0107 swoj\u0105 wiedz\u0119 czy to indywidualn\u0105 czy zawodow\u0105.<\/p>\r\n<p>&nbsp;<\/p>\r\n<h4><em>Czy kto\u015b jeszcze mo\u017ce wydawa\u0107 Certyfikat Trenera Radykalnego Wybaczania lub inne certyfikaty?<\/em><\/h4>\r\n<p>W Polsce, uprawniony do tego jest jedynie Instytut Metody Tippinga\u00ae. Jest to jedyny autoryzowany o\u015brodek wydaj\u0105cy taki tytu\u0142 w Polsce. \u017baden inny o\u015brodek nie jest uprawniony do wydawania jakichkolwiek dyplom\u00f3w etc. zwi\u0105zanych z Radykalnym Wybaczaniem.<\/p>\r\n<p>&nbsp;<\/p>\r\n<h4><em>Do czego dok\u0142adnie uprawnia Certyfikat Trenera RW?<\/em><\/h4>\r\n<p>Po pierwsze do prowadzenia sesji indywidualnych zgodnie z zasadami Radykalnego Wybaczania. Po drugie tytu\u0142 i dyplom uprawnia do pos\u0142ugiwania si\u0119 nazw\u0105 &#8222;Trener Radykalnego Wybaczania&#8221;. Po trzecie daje uprawnienia do korzystania i u\u017cywania narz\u0119dzi Radykalnego Wybaczania, tak\u017ce tych dost\u0119pnych tylko dla Trener\u00f3w (np. Arkusz Radykalnego Wybaczania, 13 krok\u00f3w, 7 krok\u00f3w, 4 kroki, gra Satori etc.).<\/p>\r\n<p>&nbsp;<\/p>\r\n<h4><em>Jakie korzy\u015bci niesie za sob\u0105 Kurs Certyfikowanego Trenera Radykalnego Wybaczania?<\/em><\/h4>\r\n<p>Kurs uczy jak zmieni\u0107 perspektyw\u0119 na nawet najbardziej bolesne wydarzenia z naszego \u017cycia. To tak jakby\u015bmy mieli szans\u0119 na zrzucenie plecaka z kamieniami b\u00f3lu uzbieranego przez ca\u0142e \u017cycie.<br \/>\u2022 Uczy narz\u0119dzi do pracy z wyzwaniami w relacjach mi\u0142osnych, rodzinnych, zawodowych ale te\u017c daje okazj\u0119 do pracy nad sob\u0105 (bardzo istotne!!!).<br \/>\u2022 Pomaga uwolni\u0107 si\u0119 od l\u0119ku, smutku, zagubienia, z\u0142o\u015bci, nienawi\u015bci, strachu etc. i dotrze\u0107 w szybki i skuteczny spos\u00f3b do spokoju, rado\u015bci, mi\u0142o\u015bci i akceptacji.<br \/>\u2022 Wzbogaca warsztat tych, kt\u00f3rzy ju\u017c pracuj\u0105 z innymi.<br \/>Trenerzy mog\u0105 by\u0107 umieszczeni w Bazie Trener\u00f3w na stronie Instytutu, na warunkach zawartych w Regulaminie Kursu.<\/p>\r\n<p>&nbsp;<\/p>\r\n<h4><em>Dlaczego warto przyj\u015b\u0107 na kurs, a nie jedynie przeczyta\u0107 ksi\u0105\u017ck\u0119?<\/em><\/h4>\r\n<p>Ksi\u0105\u017ck\u0105 jest \u015bwietnym narz\u0119dziem teoretycznym, buduj\u0105cym baz\u0119, fundament pod ca\u0142\u0105 metod\u0119, jak\u0105 jest Radykalne Wybaczanie. Jednak \u017ceby w pe\u0142ni do\u015bwiadczy\u0107 i nauczy\u0107 si\u0119 czym jest RW nale\u017cy &#8222;poczu\u0107 to na w\u0142asnej sk\u00f3rze&#8221; i do\u015bwiadczy\u0107 proces\u00f3w na \u017cywo. Dlatego polecany jest Kurs Certyfikowanego Trenera Radykalnego Wybaczania, kt\u00f3ry uczy wszystkiego w praktycznym podej\u015bciu UWAGA! W ksi\u0105\u017cce nie ma najnowszego Arkusza Radykalnego Wybaczania (jest na naszej stronie).<\/p>\r\n<p>&nbsp;<\/p>\r\n<h4><em>Gdzie odbywaj\u0105 si\u0119 warsztaty?<\/em><\/h4>\r\n<p>Warsztaty odbywaj\u0105 si\u0119 zdalnie online. Jest mo\u017cliwo\u015b\u0107 dodatkowych organizacji, przy czym liczba uczestnik\u00f3w musi wynie\u015b\u0107 min. 10 os\u00f3b.<\/p>\r\n\r\n<p>&nbsp;<\/p>\r\n","protected":false},"excerpt":{"rendered":"<p>Czy s\u0105 jeszcze w Polsce inne o\u015brodki reprezentuj\u0105ce Radykalne Wybaczanie w Polsce? Nie. Jeste\u015bmy jedynym uprawnionym przez Colina Tippinga o\u015brodkiem do reprezentowania tej metody w Polsce. Naszym celem jest szerzenie misji Radykalnego Wybaczania, udost\u0119pnianie wiedzy i materia\u0142\u00f3w na jej temat (np. najnowszy Arkusz Radykalnego Wybaczania) oraz szkolenie Certyfikowanych Trener\u00f3w. &nbsp; Czy Metoda Tippinga \u2013 Radykalne Wybaczanie \u2013 jest terapi\u0105? Absolutnie nie. Nie jest te\u017c technik\u0105 uzdrawiania, psychoterapi\u0105, prac\u0105 z cia\u0142em, agresj\u0105 etc. Lubimy m\u00f3wi\u0107, \u017ce jest metod\u0105, kt\u00f3ra uczy narz\u0119dzi do samopomocy duszy \uf04a Wa\u017cne: dobry Trener wie kiedy nale\u017cy odes\u0142a\u0107 Klienta z zaburzeniami po fachow\u0105 pomoc (depresja, zaburzenia psychiczne etc.) &nbsp; Jakie wydarzenia organizuje Instytut? Organizujemy Kurs Certyfikowanego Trenera, warsztaty wprowadzaj\u0105ce do Radykalnego Wybaczania i ucz\u0105ce Arkusza, gr\u0119 Satori, Ceremoni\u0119 Radykalnego Wybaczania i inne. &nbsp; Sk\u0105d mog\u0119 si\u0119 dowiedzie\u0107 o Metodzie Tippinga? Z ksi\u0105\u017cek Colina Tippinga np. \u201eRadykalne Wybaczanie\u201d, \u201eRadykalne samowybaczanie\u201d, \u201eRadykalna Manifestacja Marze\u0144\u201d oraz na naszej stronie (zapraszamy na Blog). &nbsp; Kim jest Trener Radykalnego Wybaczania? Trener Radykalnego Wybaczania jest nauczycielem metody Tippinga. Uczy jak korzysta\u0107 z narz\u0119dzi RW, zgodnie z wskaz\u00f3wkami zdobytymi na kursie. Nie otrzymuje tytu\u0142u terapeuty, psychoterapeuty, psychologa czy coacha. Tytu\u0142y te nie koliduj\u0105 z tytu\u0142em Trenera RW i bardzo cz\u0119sto \u0142\u0105cz\u0105 si\u0119 z \u015bcie\u017ckami zawodowymi wymienionymi powy\u017cej. &nbsp; W jaki spos\u00f3b mog\u0119 odszuka\u0107 Certyfikowanego Trenera? Zapraszamy do Bazy Trener\u00f3w na naszej stronie. W Bazie tej znajduj\u0105 si\u0119 osoby, kt\u00f3re odby\u0142y Kurs w Instytucie, opanowa\u0142y najnowsze narz\u0119dzia Radykalnego Wybaczania oraz aktywnie wsp\u00f3\u0142pracuj\u0105 z Instytutem. Baza jest ci\u0105gle uzupe\u0142niana o nowe osoby. &nbsp; Jestem Trenerem ale nie ma mnie w Bazie. Chc\u0119 w niej by\u0107 \u2013 co mam zrobi\u0107? To oznacza, \u017ce najprawdopodobniej zosta\u0142e\u015b\/\u0142a\u015b Trenerem przed 2015 rokiem i nie odby\u0142e\u015b szkolenia z najnowszego Arkusza Radykalnego Wybaczania. Napisz do nas poinformujemy Ci\u0119 o warunkach do\u0142\u0105czenia do Bazy \ud83d\ude42 . &nbsp; Po czy poznam czy kto\u015b jest Certyfikowanym Trenerem Radykalnego Wybaczania? Sprawd\u017a czy ma Certyfikat wydany przez nasz Instytut. Je\u015bli nie ma tej osoby w naszej Bazie mo\u017ce to oznacza\u0107, \u017ce: 1) certyfikat otrzyma\u0142 wiele lat temu 2) nie odby\u0142 Kursu doszkalaj\u0105cego z najnowszych narz\u0119dzi (co nie oznacza to, \u017ce nie jest dobrym Trenerem! Certyfikaty nadajemy do\u017cywotnio). &nbsp; Czy Kurs Certyfikowanego Trenera Radykalnego Wybaczania jest przeznaczony jedynie dla trener\u00f3w\/psycholog\u00f3w\/terapeut\u00f3w\/coach\u00f3w? Nie, kurs przeznaczony jest dla ka\u017cdego, kto chcia\u0142by popracowa\u0107 ze bolesnymi wydarzeniami swojego \u017cycia, emocjami czy trudnymi relacjami z rodzicami, partnerami, dzie\u0107mi etc. Kurs jest stworzony dla ka\u017cdego, kto poczuje, \u017ce chcia\u0142by poszerzy\u0107 swoj\u0105 wiedz\u0119 czy to indywidualn\u0105 czy zawodow\u0105. &nbsp; Czy kto\u015b jeszcze mo\u017ce wydawa\u0107 Certyfikat Trenera Radykalnego Wybaczania lub inne certyfikaty? W Polsce, uprawniony do tego jest jedynie Instytut Metody Tippinga\u00ae. Jest to jedyny autoryzowany o\u015brodek wydaj\u0105cy taki tytu\u0142 w Polsce. \u017baden inny o\u015brodek nie jest uprawniony do wydawania jakichkolwiek dyplom\u00f3w etc. zwi\u0105zanych z Radykalnym Wybaczaniem. &nbsp; Do czego dok\u0142adnie uprawnia Certyfikat Trenera RW? Po pierwsze do prowadzenia sesji indywidualnych zgodnie z zasadami Radykalnego Wybaczania. Po drugie tytu\u0142 i dyplom uprawnia do pos\u0142ugiwania si\u0119 nazw\u0105 &#8222;Trener Radykalnego Wybaczania&#8221;. Po trzecie daje uprawnienia do korzystania i u\u017cywania narz\u0119dzi Radykalnego Wybaczania, tak\u017ce tych dost\u0119pnych tylko dla Trener\u00f3w (np. Arkusz Radykalnego Wybaczania, 13 krok\u00f3w, 7 krok\u00f3w, 4 kroki, gra Satori etc.). &nbsp; Jakie korzy\u015bci niesie za sob\u0105 Kurs Certyfikowanego [&hellip;]<\/p>\n","protected":false},"author":4,"featured_media":0,"parent":0,"menu_order":0,"comment_status":"closed","ping_status":"closed","template":"","meta":{"footnotes":""},"class_list":["post-1514","page","type-page","status-publish","hentry"],"publishpress_future_action":{"enabled":false,"date":"2026-05-08 03:59:58","action":"change-status","newStatus":"private","terms":[],"taxonomy":"frm_application","extraData":[]},"publishpress_future_workflow_manual_trigger":{"enabledWorkflows":[]},"_links":{"self":[{"href":"https:\/\/metoda-tippinga.pl\/web\/wp-json\/wp\/v2\/pages\/1514","targetHints":{"allow":["GET"]}}],"collection":[{"href":"https:\/\/metoda-tippinga.pl\/web\/wp-json\/wp\/v2\/pages"}],"about":[{"href":"https:\/\/metoda-tippinga.pl\/web\/wp-json\/wp\/v2\/types\/page"}],"author":[{"embeddable":true,"href":"https:\/\/metoda-tippinga.pl\/web\/wp-json\/wp\/v2\/users\/4"}],"replies":[{"embeddable":true,"href":"https:\/\/metoda-tippinga.pl\/web\/wp-json\/wp\/v2\/comments?post=1514"}],"version-history":[{"count":11,"href":"https:\/\/metoda-tippinga.pl\/web\/wp-json\/wp\/v2\/pages\/1514\/revisions"}],"predecessor-version":[{"id":14534,"href":"https:\/\/metoda-tippinga.pl\/web\/wp-json\/wp\/v2\/pages\/1514\/revisions\/14534"}],"wp:attachment":[{"href":"https:\/\/metoda-tippinga.pl\/web\/wp-json\/wp\/v2\/media?parent=1514"}],"curies":[{"name":"wp","href":"https:\/\/api.w.org\/{rel}","templated":true}]}}