
{"id":1628,"date":"2019-12-28T18:03:12","date_gmt":"2019-12-28T17:03:12","guid":{"rendered":"https:\/\/metoda-tippinga.pl\/web\/?page_id=1628"},"modified":"2025-09-03T11:03:22","modified_gmt":"2025-09-03T09:03:22","slug":"polityka-prywatnosci-m","status":"publish","type":"page","link":"https:\/\/metoda-tippinga.pl\/web\/polityka-prywatnosci-m\/","title":{"rendered":"Polityka prywatno\u015bci danych osobowych (RODO)"},"content":{"rendered":"<div class=\"wpb-content-wrapper\"><p>[vc_row][vc_column][vc_column_text]<\/p>\n<h2 style=\"text-align: center;\"><strong>POLITYKA PRYWATNO\u015a<\/strong><strong>CI DANYCH OSOBOWYCH (RODO)<\/strong><\/h2>\n<h3 style=\"text-align: center;\"><strong>www.metoda-tippinga.pl<\/strong><\/h3>\n<h3 style=\"text-align: center;\"><strong>Obowi\u0105zuje od 6 marca 2023 r.<\/strong><\/h3>\n<p style=\"text-align: center;\"><strong>\u00a71<\/strong><br \/>\n<strong>To\u017csamo\u015b\u0107 administratora danych<\/strong><\/p>\n<ol>\n<li>Administratorem danych osobowych podawanych w trakcie korzystania z Serwisu i\/lub Sklepu online prowadzonego pod nazw\u0105 <strong>metoda-tippinga.pl<\/strong> jest <strong><strong>NIEPUBLICZNA PLAC\u00d3WKA KSZTA\u0141CENIA USTAWICZNEGO WORKS AND SOUL z siedzib\u0105 w Krakowie, 30-363, Al. Gen. Jana Skrzyneckiego 12, REGON: 542108427, NIP: 6793337216, wpisana do Ewidencji Szk\u00f3\u0142 i Plac\u00f3wek Niepublicznych prowadzonej przez Prezydenta Miasta Krakowa pod numerem: 4430.13.223, kt\u00f3rej organem prowadz\u0105cym jest WORKS AND SOUL MAGDALENA M CZAJA SP\u00d3\u0141KA Z OGRANICZON\u0104 ODPOWIEDZIALNO\u015aCI\u0104 z siedzib\u0105 w Warszawie, 01-858, ul. gen. Klemensa Stanis\u0142awa Rudnickiego 1\/3,\u00a0<\/strong><\/strong><strong>KRS: 0000854720, NIP: 1182212121, REGON: 851802781; tel. 606 245 198; e-mail: <\/strong><strong>info@metoda-tippinga.pl<\/strong><\/li>\n<li>Dane przetwarzane s\u0105 zgodnie z aktualnie obowi\u0105zuj\u0105cymi przepisami prawa; tj. Rozporz\u0105dzeniem Parlamentu Europejskiego i Rady UE 2016\/679 z 27 kwietnia 2016 r. w sprawie ochrony os\u00f3b fizycznych w zwi\u0105zku z przetwarzaniem danych osobowych i w sprawie swobodnego przep\u0142ywu takich danych oraz uchylenia dyrektywy 95\/46\/WE (dalej: RODO), ustaw\u0105 z dnia 10 maja 2018 r. o ochronie danych, a tak\u017ce ustaw\u0105 z 18 lipca 2002 r. o \u015bwiadczeniu us\u0142ug drog\u0105 elektroniczn\u0105.<\/li>\n<li>Poni\u017csza Polityka Prywatno\u015bci obejmuje zasady przetwarzania danych U\u017cytkownik\u00f3w Strony, a tak\u017ce os\u00f3b zawieraj\u0105cych umowy z Administratorem danych, w tym zwi\u0105zanych z realizacj\u0105 Zam\u00f3wienia w Sklepie internetowym, a tak\u017ce danych gromadzonych poprzez kontakt z Administratorem danych (adres e-mail lub telefonicznie) lub korespondencj\u0119 tradycyjn\u0105, jak i os\u00f3b, kt\u00f3re lubi\u0105 i\/lub obserwuj\u0105 fanpage Administratora w mediach spo\u0142eczno\u015bciowych, je\u015bli prowadzi.<\/li>\n<li>Zasady przetwarzania plik\u00f3w cookies zosta\u0142y opisane w Polityce Cookies dost\u0119pnej na stronie: <a href=\"http:\/\/www.metoda-tippinga.pl\/web\/polityka-cookies\">metoda-tippinga.pl\/web\/polityka-cookies<\/a><\/li>\n<\/ol>\n<p style=\"text-align: center;\"><strong>\u00a72<br \/>\n<\/strong><strong>Stosowane definicje<\/strong><\/p>\n<ol>\n<li>W niniejszej polityce stosuje si\u0119 nast\u0119puj\u0105ce definicje:\n<ul style=\"list-style-type: lower-latin;\">\n<li><strong>Serwis\/Sklep<\/strong> &#8211; serwis internetowy dost\u0119pny pod adresem <strong>metoda-tippinga.pl<\/strong> za po\u015brednictwem kt\u00f3rego U\u017cytkownik mo\u017ce: przegl\u0105da\u0107 jego zawarto\u015b\u0107, kontaktowa\u0107 si\u0119 z administratorem danych (formularz kontaktowy lub poprzez dane teleadresowe na stronie), sk\u0142ada\u0107 zam\u00f3wienia na produkty i towary (sklep on-line), zam\u00f3wi\u0107 informacje handlowe i marketingowe (newsletter), etc.<\/li>\n<li><strong>Administrator danych osobowych<\/strong> &#8211; podmiot, kt\u00f3ry decyduje o celu i \u015brodkach przetwarzania danych, w niniejszej polityce rozumie si\u0119 przez to: <strong><strong>NIEPUBLICZN\u0104 PLAC\u00d3WK\u0118 KSZTA\u0141CENIA USTAWICZNEGO WORKS AND SOUL z siedzib\u0105 w Krakowie, 30-363, Al. Gen. Jana Skrzyneckiego 12, REGON: 542108427, NIP: 6793337216 , wpisan\u0105 do Ewidencji Szk\u00f3\u0142 i Plac\u00f3wek Niepublicznych prowadzonej przez Prezydenta Miasta Krakowa pod numerem: 4430.13.223, kt\u00f3rej organem prowadz\u0105cym jest WORKS AND SOUL MAGDALENA M CZAJA SP\u00d3\u0141KA Z OGRANICZON\u0104 ODPOWIEDZIALNO\u015aCI\u0104 z siedzib\u0105 w Warszawie, 01-858, ul. gen. Klemensa Stanis\u0142awa Rudnickiego 1\/3, KRS: 0000854720; <strong>NIP: 1182212121, Regon: 851802781, <\/strong><\/strong><\/strong><strong>tel. 606 245 198; e-mail: <\/strong><strong>info@metoda-tippinga.pl<\/strong><\/li>\n<li><strong>U\u017cytkownik<\/strong> &#8211; osoba fizyczna, kt\u00f3rej dane dotycz\u0105 i kt\u00f3ra korzysta z us\u0142ug dost\u0119pnych w Serwisie\/Sklepie.<\/li>\n<li><strong>Dane osobowe<\/strong> &#8211; wszelkie informacje, kt\u00f3re bez nadmiernego czasu i kosztu mog\u0105 doprowadzi\u0107 do identyfikacji osoby fizycznej, w tym jej dane identyfikacyjne, adresowe i kontaktowe.<\/li>\n<\/ul>\n<\/li>\n<\/ol>\n<p style=\"text-align: center;\"><strong>\u00a73<br \/>\n<\/strong><strong>Cele przetwarzania danych<\/strong> <strong>osobowych<\/strong><\/p>\n<ol>\n<li>Administrator Danych Osobowych przetwarza dane osobowe wy\u0142\u0105cznie, gdy jest to dopuszczone aktualnie obowi\u0105zuj\u0105cymi przepisami prawa, w tym w celu:\n<ul style=\"list-style-type: lower-latin;\">\n<li>przygotowania i realizacji zawartej umowy sprzeda\u017cy, w tym zawarcia umowy na odleg\u0142o\u015b\u0107 za po\u015brednictwem sklepu internetowego, kt\u00f3rej osoba jest stron\u0105, a tak\u017ce realizacji uprawnie\u0144 z niej wynikaj\u0105cych, a przetwarzanie to odbywa si\u0119 na podstawie art. 6 ust. 1 lit b) RODO,<\/li>\n<li>udokumentowania realizacji um\u00f3w, w tym wystawienia rachunku lub faktury dla osoby fizycznej, prowadzenia dokumentacji ksi\u0119gowej i podatkowej, na podstawie art. 6 ust. 1 lit. c) RODO, tj. w celu wykonania obowi\u0105zk\u00f3w prawnych ci\u0105\u017c\u0105cych na Administratorze danych osobowych, na podstawie art. 70 ustawy z dnia 29 sierpnia 1997 r. Ordynacja podatkowa,<\/li>\n<li>podj\u0119cia dzia\u0142a\u0144 na \u017c\u0105danie osoby, kt\u00f3rej dane dotycz\u0105, w tym udzielenia odpowiedzi na pytania zadane poprzez \u015brodki komunikacji elektronicznej lub w celu obs\u0142ugi korespondencji tradycyjnej, a przetwarzanie to odbywa si\u0119 na podstawie art. 6 ust. 1 lit b) RODO,<\/li>\n<li>wysy\u0142ania zam\u00f3wionych informacji marketingowych drog\u0105 elektroniczn\u0105 (newsletter) na podany przez U\u017cytkownika adres e-mail w tym celu, a przetwarzanie to odbywa si\u0119 na podstawie art. 6 ust. 1 lit a) RODO, tj. zgody osoby, kt\u00f3rej dane dotycz\u0105,<\/li>\n<li>przes\u0142ania danych do logowania na innych platformach, na kt\u00f3rych zostan\u0105 udost\u0119pnione zakupione tre\u015bci cyfrowe, a przetwarzanie to odbywa si\u0119 na podstawie art. 6 ust. 1 lit f) RODO, tj. uzasadnionego interesu administratora danych, jakim jest umo\u017cliwienie dost\u0119pu do tre\u015bci cyfrowej,<\/li>\n<li>marketingu w\u0142asnych produkt\u00f3w i us\u0142ug Administratora danych drog\u0105 tradycyjn\u0105, na podstawie art. 6 ust. 1 lit. f) RODO, tj. w celu realizacji prawnie uzasadnionych interes\u00f3w administratora danych lub osoby, kt\u00f3rej dane dotycz\u0105,<\/li>\n<li>w celu wys\u0142ania maila z pro\u015bb\u0105 o ocen\u0119 Sklepu i\/lub Towaru\/Produktu\/Us\u0142ugi, a odbywa si\u0119 na podstawie art. 6 ust. 1 lit f) RODO w usprawiedliwionym celu administratora danych (Sprzedawcy), kt\u00f3rym jest doskonalenie oferty i\/lub Towaru\/Produktu\/Us\u0142ugi i\/lub Sklepu poprzez gromadzenie rzetelnych opinii o nich przez w\u0142a\u015bciciela Sklepu,<\/li>\n<li>dochodzenia praw i roszcze\u0144 przez Administratora danych lub osob\u0119, kt\u00f3rej dane dotycz\u0105, na podstawie art. 6 ust. 1 lit f) RODO i odbywa si\u0119 w prawnie usprawiedliwionym celu.<\/li>\n<\/ul>\n<\/li>\n<li>Podanie danych osobowych jest niezb\u0119dne w celu realizacji umowy zawartej na odleg\u0142o\u015b\u0107, w tym wysy\u0142ki towaru lub udost\u0119pnienia produktu cyfrowego i wystawienia dokumentu ksi\u0119gowego, dochodzenia roszcze\u0144, a tak\u017ce udzielenia odpowiedzi na pytania. Podanie danych osobowych w pozosta\u0142ym zakresie jest dobrowolne.<\/li>\n<li>Brak podania wymaganych danych uniemo\u017cliwia realizacj\u0119 umowy zawartej na odleg\u0142o\u015b\u0107, wystawienie rachunku lub faktury lub podj\u0119cie kontaktu na \u017c\u0105danie osoby, kt\u00f3rej dane dotycz\u0105.<\/li>\n<\/ol>\n<p style=\"text-align: center;\"><strong>\u00a74<br \/>\n<\/strong><strong>Sposoby pozyskiwania danych<\/strong><\/p>\n<ol>\n<li>Dane osobowe U\u017cytkownika gromadzone s\u0105 bezpo\u015brednio od os\u00f3b, kt\u00f3rych dane dotycz\u0105, tj. poprzez:\n<ul style=\"list-style-type: lower-latin;\">\n<li>wype\u0142nienie formularza z danymi kontaktowymi podczas sk\u0142adania\u00a0zapytania przez formularz na stronie,<\/li>\n<li>wype\u0142nienie formularza zapisu na newsletter,<\/li>\n<li>wype\u0142nienie formularza zam\u00f3wienia w sklepie-online,<\/li>\n<li>podanie danych do przygotowania i zawarcia umowy,<\/li>\n<li>bezpo\u015bredni kontakt z administratorem danych za pomoc\u0105 danych teleadresowych dost\u0119pnych na stronie.<\/li>\n<\/ul>\n<\/li>\n<\/ol>\n<p style=\"text-align: center;\"><strong> \u00a7<\/strong><strong>5<br \/>\n<\/strong><strong>Zakres przetwarzanych danych<\/strong><\/p>\n<ol>\n<li>Zakres przetwarzanych danych osobowych zosta\u0142 ograniczony do minimum niezb\u0119dnego do \u015bwiadczenia us\u0142ug w zakresie:\n<ul style=\"list-style-type: lower-latin;\">\n<li>z\u0142o\u017cenia zapytania przez formularz kontaktowy lub za pomoc\u0105 danych teleadresowych dost\u0119pnych na stronie: adres e-mail numer telefonu, adres poczty elektronicznej, imi\u0119, ewentualne inne dane podane dobrowolnie przez osob\u0119, kt\u00f3rej dane dotycz\u0105,<\/li>\n<li>dokonania zapisu na newsletter lub skorzystania z bezp\u0142atnej tre\u015bci cyfrowej w zamian za zapis na newsletter: imi\u0119, adres e-mail,<\/li>\n<li>z\u0142o\u017cenia zam\u00f3wienia w sklepie online: imi\u0119 i nazwisko, adres e-mail, numer telefonu, adres dostawy, ewentualnie adres punktu odbioru w przypadku Towaru fizycznego,<\/li>\n<li>wystawienia rachunku lub faktury: imi\u0119 i nazwisko lub nazwa podmiotu, adres siedziby, NIP, inne dane rozliczeniowe.<\/li>\n<\/ul>\n<\/li>\n<\/ol>\n<p style=\"text-align: center;\"><strong>\u00a76<br \/>\nOkres przetwarzania danych<\/strong><\/p>\n<ol>\n<li>Okres przetwarzania danych jest uzale\u017cniony od celu, dla kt\u00f3rego dane zosta\u0142y zebrane i wynosi w celu:\n<ul style=\"list-style-type: lower-latin;\">\n<li>zawarcia i realizacja umowy sprzeda\u017cy, w tym sprzeda\u017cy na odleg\u0142o\u015b\u0107 &#8211; przez okres niezb\u0119dny do udokumentowania wykonanej umowy, w tym wystawienia rachunku lub faktury &#8211; 5 lat, licz\u0105c od ko\u0144ca roku kalendarzowego, w kt\u00f3rym up\u0142yn\u0105\u0142 termin p\u0142atno\u015bci podatku, na podstawie art. 112 ustawy z dnia 11 marca 2004 r. o podatku od towar\u00f3w i us\u0142ug, w zwi\u0105zku z art. 70 ustawy z dnia 29 sierpnia 1997 r. &#8211; Ordynacja podatkowa,<\/li>\n<li>w celu wysy\u0142ania informacji handlowych drog\u0105 elektroniczn\u0105 (newsletter) &#8211; do czasu odwo\u0142ania zgody, bez wp\u0142ywu na zgodno\u015b\u0107 przetwarzania, kt\u00f3rego dokonano przed jej odwo\u0142aniem,<\/li>\n<li>przez okres niezb\u0119dny do udzielenia odpowiedzi na pytanie zadane przez formularz kontaktowy lub drog\u0105 telefoniczn\u0105, ale nie d\u0142u\u017cej ni\u017c przez 6 miesi\u0119cy, o ile osoba nie zdecyduje si\u0119 zawrze\u0107 umowy z Administratorem danych osobowych,<\/li>\n<li>w celu dochodzenia roszczen\u0301, na podstawie ustawy z art. 118 ustawy z dnia 23 kwietnia 1964 r. &#8211; Kodeks cywilny. Jez\u0307eli przepis szczeg\u00f3lny nie stanowi inaczej, termin przedawnienia wynosi szes\u0301c\u0301 lat, a dla roszczen\u0301 o s\u0301wiadczenia okresowe oraz roszczen\u0301 zwia\u0328zanych z prowadzeniem dzia\u0142alnos\u0301ci gospodarczej \u2013 trzy lata.<\/li>\n<\/ul>\n<\/li>\n<\/ol>\n<p style=\"text-align: center;\"><strong> \u00a7<\/strong><strong>7<br \/>\n<\/strong><strong>Odbiorcy danych<\/strong><\/p>\n<ol>\n<li>Dane osobowe U\u017cytkownika mog\u0105 zosta\u0107 powierzone innym podmiotom w celu wykonania us\u0142ug na zlecenie administratora danych, w szczeg\u00f3lno\u015bci podmiotom w zakresie:\n<ul style=\"list-style-type: lower-latin;\">\n<li>hostingu strony www,<\/li>\n<li>serwisu i utrzymania system\u00f3w informatycznych, w kt\u00f3rych dane s\u0105 przetwarzane, w tym w celu automatyzacji newslettera, wystawiania faktur, obs\u0142ugi zam\u00f3wie\u0144, etc.,<\/li>\n<li>prowadzenia obs\u0142ugi ksi\u0119gowej.<\/li>\n<\/ul>\n<\/li>\n<li>Dane osobowe U\u017cytkownika mog\u0105 zosta\u0107 tak\u017ce udost\u0119pnione podmiotom wspieraj\u0105cym administratora danych, w tym podmiotom realizuj\u0105cym us\u0142ugi kurierskie i pocztowe lub obs\u0142ug\u0119 p\u0142atno\u015bci online.<\/li>\n<li>Dane osobowe U\u017cytkownika nie s\u0105 przekazywane do pa\u0144stw trzecich, ani organizacji mi\u0119dzynarodowych.<\/li>\n<\/ol>\n<p style=\"text-align: center;\"><strong>\u00a78<br \/>\n<\/strong><strong>Fanpage Administratora danych w mediach spo\u0142eczno\u015bciowych<\/strong><\/p>\n<ol>\n<li>Administrator danych jest tak\u017ce jednocze\u015bnie wsp\u00f3\u0142administratorem danych jego obserwator\u00f3w w mediach spo\u0142eczno\u015bciowych &#8211; szczeg\u00f3lnie os\u00f3b, kt\u00f3re korzystaj\u0105 ze \u015brodk\u00f3w komunikacji elektronicznej na fanpage\u2019u &#8211; Facebook pod nazw\u0105 <strong>\u201eInstytut Metody Tippinga &#8211; Radykalne Wybaczanie\u201d<\/strong> oraz Instagram pod nazw\u0105 <strong>\u201eradykalne wybaczanie\u201d<\/strong>, prowadzonych przez Administratora danych w tych serwisach spo\u0142eczno\u015bciowych.<\/li>\n<li>W pozosta\u0142ym zakresie administratorem danych U\u017cytkownik\u00f3w tych serwis\u00f3w spo\u0142eczno\u015bciowych jest Meta Platforms Ireland Limited (dawniej: Facebook Inc., z siedzib\u0105 przy 1 Hacker Way, Menlo Park, CA 94025, USA), a przetwarzanie tych danych odbywa si\u0119 na zasadach opisanych w regulaminach i politykach prywatno\u015bci u\u017cytkownik\u00f3w tych serwis\u00f3w, w tym na: <a href=\"https:\/\/www.facebook.com\/privacy\">https:\/\/www.facebook.com\/privacy<\/a><\/li>\n<li>Dane osobowe U\u017cytkownika, kt\u00f3ry lubi i\/lub obserwuje fanpage Administratora w mediach spo\u0142eczno\u015bciowych b\u0119d\u0105 przetwarzane poza Europejskim Obszarem Gospodarczym w tzw. pa\u0144stwie trzecim, w szczeg\u00f3lno\u015bci na terenie Stan\u00f3w Zjednoczonych Ameryki w zwi\u0105zku ze stosowaniem rozwi\u0105za\u0144 informatycznych, kt\u00f3rych serwery s\u0105 zlokalizowane poza Europejskim Obszarem Gospodarczym.<\/li>\n<li>Podstaw\u0105 przetwarzania danych na terenie pa\u0144stw trzecich b\u0119dzie decyzja Komisji Europejskiej 2021\/914 w\u00a0sprawie standardowych klauzul umownych dotycz\u0105cych przekazywania danych osobowych do pa\u0144stw trzecich. Administrator danych i dostawca us\u0142ugi zapewnia\u0107 b\u0119d\u0105 najwy\u017csze gwarancje ochrony powierzonych danych. Przetwarzanie danych nie b\u0119dzie narusza\u0107 prywatno\u015bci os\u00f3b fizycznych.<\/li>\n<\/ol>\n<p style=\"text-align: center;\"><strong>\u00a79<br \/>\n<\/strong><strong>Prawa os\u00f3b, kt\u00f3rych dane dotycz\u0105<\/strong><\/p>\n<ol>\n<li>Osobom, kt\u00f3rych dane dotycz\u0105 przys\u0142uguje prawo:\n<ul>\n<li>dost\u0119pu do tre\u015bci danych osobowych, w tym otrzymania bezp\u0142atnie pierwszej kopii tre\u015bci danych osobowych,<\/li>\n<li>do poprawiania danych,<\/li>\n<li>prawo do usuni\u0119cia danych, o ile nie obowi\u0105zuj\u0105 inne przepisy prawa, kt\u00f3re zobowi\u0105zuj\u0105 administratora danych do archiwizacji danych przez okre\u015blony czas,<\/li>\n<li>prawo do przenoszenia danych, o ile podstaw\u0105 przetwarzania danych jest umowa lub zgoda osoby, kt\u00f3rej dane dotycz\u0105, a przetwarzanie danych odbywa si\u0119 w spos\u00f3b automatyczny,<\/li>\n<li>do odwo\u0142ania zgody na przetwarzanie danych osobowych &#8211; je\u015bli podstaw\u0105 tego przetwarzania by\u0142a zgoda osoby, kt\u00f3rej dane dotycz\u0105. Odwo\u0142anie zgody nie ma wp\u0142ywu na zgodno\u015b\u0107 przetwarzania, kt\u00f3rego dokonano przed jej wycofaniem,<\/li>\n<li>do wniesienia sprzeciwu na przetwarzanie danych \u2013 z przyczyn zwi\u0105zanych ze szczeg\u00f3ln\u0105 sytuacj\u0105 wobec przetwarzania dotycz\u0105cych danych osobowych opartego na art. 6 ust. 1 lit. e) lub f) RODO, a tak\u017ce prawo do ograniczenia przetwarzania,<\/li>\n<li>prawo do niepodlegania automatycznemu profilowaniu, je\u015bli administrator danych podejmowa\u0142by decyzje opieraj\u0105ce si\u0119 wy\u0142\u0105cznie na automatycznym profilowaniu i nios\u0105ce ze sob\u0105 skutki prawne dla osoby, kt\u00f3rej dane dotycz\u0105 lub podobnie na ni\u0105 wp\u0142ywa\u0142y,<\/li>\n<li>prawo do kontroli przetwarzania danych i informacji na temat tego, kto jest administratorem danych, a tak\u017ce uzyskania informacji o celu, zakresie i sposobie przetwarzania danych, tre\u015bci tych danych, \u017ar\u00f3dle danych, a tak\u017ce sposobie udost\u0119pniania, w tym o odbiorcach lub kategoriach odbiorc\u00f3w danych,<\/li>\n<\/ul>\n<\/li>\n<li>W celu realizacji prawa do informacji, dost\u0119pu do tre\u015bci danych, ich poprawiania, a tak\u017ce innych praw, mo\u017cna skontaktowa\u0107 si\u0119 z Administratorem danych.<\/li>\n<li>Osoba, kt\u00f3rej dane dotycz\u0105 ma tak\u017ce prawo do wniesienia skargi do Urz\u0119du Ochrony Danych Osobowych (UODO), je\u015bli przetwarzanie danych narusza przepisy Og\u00f3lnego rozporz\u0105dzania o ochronie danych osobowych (RODO). Skarga mo\u017ce zosta\u0107 wniesiona w formie elektronicznej lub tradycyjnej na adres: Urz\u0105d Ochrony Danych Osobowych, ul. Stawki 2, 00-193 Warszawa.<\/li>\n<\/ol>\n<p style=\"text-align: center;\"><strong>\u00a710<br \/>\n<\/strong><strong>Postanowienia ko\u0144cowe<\/strong><\/p>\n<p>W przypadku zmiany obowi\u0105zuj\u0105cej polityki prywatno\u015bci, w szczeg\u00f3lno\u015bci gdy b\u0119d\u0105 tego wymaga\u0142y zastosowane rozwi\u0105zania techniczne lub miany przepis\u00f3w prawa w zakresie prywatno\u015bci os\u00f3b, kt\u00f3rych dane dotycz\u0105, wprowadzone zostan\u0105 odpowiednie modyfikacje do niniejszej Polityki Prywatno\u015bci, kt\u00f3re b\u0119d\u0105 obowi\u0105zywa\u0142y w ci\u0105gu 14 dni od ich opublikowania na stronie Serwisu\/Sklepu.[\/vc_column_text][\/vc_column][\/vc_row]<\/p>\n<\/div>","protected":false},"excerpt":{"rendered":"<p>[vc_row][vc_column][vc_column_text] POLITYKA PRYWATNO\u015aCI DANYCH OSOBOWYCH (RODO) www.metoda-tippinga.pl Obowi\u0105zuje od 6 marca 2023 r. \u00a71 To\u017csamo\u015b\u0107 administratora danych Administratorem danych osobowych podawanych w trakcie korzystania z Serwisu i\/lub Sklepu online prowadzonego pod nazw\u0105 metoda-tippinga.pl jest NIEPUBLICZNA PLAC\u00d3WKA KSZTA\u0141CENIA USTAWICZNEGO WORKS AND SOUL z siedzib\u0105 w Krakowie, 30-363, Al. Gen. Jana Skrzyneckiego 12, REGON: 542108427, NIP: 6793337216, wpisana do Ewidencji Szk\u00f3\u0142 i Plac\u00f3wek Niepublicznych prowadzonej przez Prezydenta Miasta Krakowa pod numerem: 4430.13.223, kt\u00f3rej organem prowadz\u0105cym jest WORKS AND SOUL MAGDALENA M CZAJA SP\u00d3\u0141KA Z OGRANICZON\u0104 ODPOWIEDZIALNO\u015aCI\u0104 z siedzib\u0105 w Warszawie, 01-858, ul. gen. Klemensa Stanis\u0142awa Rudnickiego 1\/3,\u00a0KRS: 0000854720, NIP: 1182212121, REGON: 851802781; tel. 606 245 198; e-mail: info@metoda-tippinga.pl Dane przetwarzane s\u0105 zgodnie z aktualnie obowi\u0105zuj\u0105cymi przepisami prawa; tj. Rozporz\u0105dzeniem Parlamentu Europejskiego i Rady UE 2016\/679 z 27 kwietnia 2016 r. w sprawie ochrony os\u00f3b fizycznych w zwi\u0105zku z przetwarzaniem danych osobowych i w sprawie swobodnego przep\u0142ywu takich danych oraz uchylenia dyrektywy 95\/46\/WE (dalej: RODO), ustaw\u0105 z dnia 10 maja 2018 r. o ochronie danych, a tak\u017ce ustaw\u0105 z 18 lipca 2002 r. o \u015bwiadczeniu us\u0142ug drog\u0105 elektroniczn\u0105. Poni\u017csza Polityka Prywatno\u015bci obejmuje zasady przetwarzania danych U\u017cytkownik\u00f3w Strony, a tak\u017ce os\u00f3b zawieraj\u0105cych umowy z Administratorem danych, w tym zwi\u0105zanych z realizacj\u0105 Zam\u00f3wienia w Sklepie internetowym, a tak\u017ce danych gromadzonych poprzez kontakt z Administratorem danych (adres e-mail lub telefonicznie) lub korespondencj\u0119 tradycyjn\u0105, jak i os\u00f3b, kt\u00f3re lubi\u0105 i\/lub obserwuj\u0105 fanpage Administratora w mediach spo\u0142eczno\u015bciowych, je\u015bli prowadzi. Zasady przetwarzania plik\u00f3w cookies zosta\u0142y opisane w Polityce Cookies dost\u0119pnej na stronie: metoda-tippinga.pl\/web\/polityka-cookies \u00a72 Stosowane definicje W niniejszej polityce stosuje si\u0119 nast\u0119puj\u0105ce definicje: Serwis\/Sklep &#8211; serwis internetowy dost\u0119pny pod adresem metoda-tippinga.pl za po\u015brednictwem kt\u00f3rego U\u017cytkownik mo\u017ce: przegl\u0105da\u0107 jego zawarto\u015b\u0107, kontaktowa\u0107 si\u0119 z administratorem danych (formularz kontaktowy lub poprzez dane teleadresowe na stronie), sk\u0142ada\u0107 zam\u00f3wienia na produkty i towary (sklep on-line), zam\u00f3wi\u0107 informacje handlowe i marketingowe (newsletter), etc. Administrator danych osobowych &#8211; podmiot, kt\u00f3ry decyduje o celu i \u015brodkach przetwarzania danych, w niniejszej polityce rozumie si\u0119 przez to: NIEPUBLICZN\u0104 PLAC\u00d3WK\u0118 KSZTA\u0141CENIA USTAWICZNEGO WORKS AND SOUL z siedzib\u0105 w Krakowie, 30-363, Al. Gen. Jana Skrzyneckiego 12, REGON: 542108427, NIP: 6793337216 , wpisan\u0105 do Ewidencji Szk\u00f3\u0142 i Plac\u00f3wek Niepublicznych prowadzonej przez Prezydenta Miasta Krakowa pod numerem: 4430.13.223, kt\u00f3rej organem prowadz\u0105cym jest WORKS AND SOUL MAGDALENA M CZAJA SP\u00d3\u0141KA Z OGRANICZON\u0104 ODPOWIEDZIALNO\u015aCI\u0104 z siedzib\u0105 w Warszawie, 01-858, ul. gen. Klemensa Stanis\u0142awa Rudnickiego 1\/3, KRS: 0000854720; NIP: 1182212121, Regon: 851802781, tel. 606 245 198; e-mail: info@metoda-tippinga.pl U\u017cytkownik &#8211; osoba fizyczna, kt\u00f3rej dane dotycz\u0105 i kt\u00f3ra korzysta z us\u0142ug dost\u0119pnych w Serwisie\/Sklepie. Dane osobowe &#8211; wszelkie informacje, kt\u00f3re bez nadmiernego czasu i kosztu mog\u0105 doprowadzi\u0107 do identyfikacji osoby fizycznej, w tym jej dane identyfikacyjne, adresowe i kontaktowe. \u00a73 Cele przetwarzania danych osobowych Administrator Danych Osobowych przetwarza dane osobowe wy\u0142\u0105cznie, gdy jest to dopuszczone aktualnie obowi\u0105zuj\u0105cymi przepisami prawa, w tym w celu: przygotowania i realizacji zawartej umowy sprzeda\u017cy, w tym zawarcia umowy na odleg\u0142o\u015b\u0107 za po\u015brednictwem sklepu internetowego, kt\u00f3rej osoba jest stron\u0105, a tak\u017ce realizacji uprawnie\u0144 z niej wynikaj\u0105cych, a przetwarzanie to odbywa si\u0119 na podstawie art. 6 ust. 1 lit b) RODO, udokumentowania realizacji um\u00f3w, w tym wystawienia rachunku lub faktury dla osoby fizycznej, prowadzenia dokumentacji ksi\u0119gowej i podatkowej, na podstawie art. 6 ust. 1 [&hellip;]<\/p>\n","protected":false},"author":4,"featured_media":0,"parent":0,"menu_order":0,"comment_status":"closed","ping_status":"closed","template":"","meta":{"footnotes":""},"class_list":["post-1628","page","type-page","status-publish","hentry"],"publishpress_future_action":{"enabled":false,"date":"2026-04-19 20:18:17","action":"change-status","newStatus":"private","terms":[],"taxonomy":"frm_application","extraData":[]},"publishpress_future_workflow_manual_trigger":{"enabledWorkflows":[]},"_links":{"self":[{"href":"https:\/\/metoda-tippinga.pl\/web\/wp-json\/wp\/v2\/pages\/1628","targetHints":{"allow":["GET"]}}],"collection":[{"href":"https:\/\/metoda-tippinga.pl\/web\/wp-json\/wp\/v2\/pages"}],"about":[{"href":"https:\/\/metoda-tippinga.pl\/web\/wp-json\/wp\/v2\/types\/page"}],"author":[{"embeddable":true,"href":"https:\/\/metoda-tippinga.pl\/web\/wp-json\/wp\/v2\/users\/4"}],"replies":[{"embeddable":true,"href":"https:\/\/metoda-tippinga.pl\/web\/wp-json\/wp\/v2\/comments?post=1628"}],"version-history":[{"count":13,"href":"https:\/\/metoda-tippinga.pl\/web\/wp-json\/wp\/v2\/pages\/1628\/revisions"}],"predecessor-version":[{"id":13438,"href":"https:\/\/metoda-tippinga.pl\/web\/wp-json\/wp\/v2\/pages\/1628\/revisions\/13438"}],"wp:attachment":[{"href":"https:\/\/metoda-tippinga.pl\/web\/wp-json\/wp\/v2\/media?parent=1628"}],"curies":[{"name":"wp","href":"https:\/\/api.w.org\/{rel}","templated":true}]}}