
{"id":1908,"date":"2020-04-07T17:18:42","date_gmt":"2020-04-07T15:18:42","guid":{"rendered":"https:\/\/metoda-tippinga.pl\/web\/?page_id=1908"},"modified":"2023-08-04T11:01:28","modified_gmt":"2023-08-04T09:01:28","slug":"arkusz-radykalnego-wybaczania","status":"publish","type":"page","link":"https:\/\/metoda-tippinga.pl\/web\/arkusz-radykalnego-wybaczania\/","title":{"rendered":"Arkusz Radykalnego Wybaczania"},"content":{"rendered":"<div class=\"wpb-content-wrapper\"><p>[vc_row][vc_column][vc_column_text]<\/p>\n<h2 style=\"font-size: 34px; text-align: center;\"><strong>Odbierz sw\u00f3j Arkusz Radykalnego Wybaczania<\/strong><\/h2>\n<p>[\/vc_column_text][vc_column_text]<\/p>\n<p class=\"\" align=\"justify\">UWAGA! Dost\u0119pne tu Arkusze Radykalnego Wybaczania s\u0105 zmodyfikowan\u0105 wersja starej wersji dost\u0119pnej w ksi\u0105\u017cce: Radykalne Wybaczanie. Z do\u015bwiadczenia wiemy, \u017ce ich pierwsze wype\u0142nienie mo\u017ce sprawia\u0107 pewne trudno\u015bci, op\u00f3r i mo\u017ce rodzi\u0107 pytania. Dlatego bardzo polecamy sesje z nami <a href=\"https:\/\/metoda-tippinga.pl\/web\/kurs-certyfikowanego-trenera-radykalnego-wybaczania\/\">[ZAPISZ SI\u0118 NA SESJ\u0118]<\/a>, jednym z naszych autoryzowanych trener\u00f3w <a href=\"https:\/\/metoda-tippinga.pl\/web\/trenerzy\/\">[BAZA TRENER\u00d3W]<\/a> lub zapraszamy na Warsztaty <a href=\"https:\/\/metoda-tippinga.pl\/web\/wydarzenia\/\">[WYDARZENIA]<\/a>.<\/p>\n<p>[\/vc_column_text][\/vc_column][\/vc_row][vc_row content_placement=&#8221;middle&#8221;][vc_column width=&#8221;1\/2&#8243;][vc_single_image image=&#8221;1765&#8243; img_size=&#8221;full&#8221;][\/vc_column][vc_column width=&#8221;1\/2&#8243; css=&#8221;.vc_custom_1578761586462{margin-bottom: -10px !important;}&#8221;][vc_column_text css=&#8221;.vc_custom_1593621717369{margin-bottom: -20px !important;}&#8221;]<\/p>\n<h3 style=\"text-align: center;\"><strong>Arkusz Radykalnego Wybaczania<\/strong><\/h3>\n<p>&nbsp;<\/p>\n<p>[\/vc_column_text]\n<div class=\"wpcf7 no-js\" id=\"wpcf7-f1771-o1\" lang=\"en-US\" dir=\"ltr\" data-wpcf7-id=\"1771\">\n<div class=\"screen-reader-response\"><p role=\"status\" aria-live=\"polite\" aria-atomic=\"true\"><\/p> <ul><\/ul><\/div>\n<form action=\"\/web\/wp-json\/wp\/v2\/pages\/1908#wpcf7-f1771-o1\" method=\"post\" class=\"wpcf7-form init\" aria-label=\"Contact form\" novalidate=\"novalidate\" data-status=\"init\">\n<fieldset class=\"hidden-fields-container\"><input type=\"hidden\" name=\"_wpcf7\" value=\"1771\" \/><input type=\"hidden\" name=\"_wpcf7_version\" value=\"6.1\" \/><input type=\"hidden\" name=\"_wpcf7_locale\" value=\"en_US\" \/><input type=\"hidden\" name=\"_wpcf7_unit_tag\" value=\"wpcf7-f1771-o1\" \/><input type=\"hidden\" name=\"_wpcf7_container_post\" value=\"0\" \/><input type=\"hidden\" name=\"_wpcf7_posted_data_hash\" value=\"\" \/><input type=\"hidden\" name=\"_wpcf7_recaptcha_response\" value=\"\" \/>\n<\/fieldset>\n<div class=\"row\">\n\t<div class=\"col-md-12\">\n\t\t<div class=\"form-group\">\n\t\t\t<p><span class=\"wpcf7-form-control-wrap\" data-name=\"your-name\"><input size=\"40\" maxlength=\"400\" class=\"wpcf7-form-control wpcf7-text wpcf7-validates-as-required input-lg\" aria-required=\"true\" aria-invalid=\"false\" placeholder=\"Imi\u0119\" value=\"\" type=\"text\" name=\"your-name\" \/><\/span><span class=\"wpcf7-form-control-wrap\" data-name=\"email\"><input size=\"40\" maxlength=\"400\" class=\"wpcf7-form-control wpcf7-email wpcf7-validates-as-required wpcf7-text wpcf7-validates-as-email input-lg\" aria-required=\"true\" aria-invalid=\"false\" placeholder=\"Adres e-mail\" value=\"\" type=\"email\" name=\"email\" \/><\/span>\n\t\t\t<\/p>\n\t\t<\/div>\n\t<\/div>\n<\/div>\n<div style= \"font-size: 10px; text-align: left;\">\n\t<p><label><span class=\"wpcf7-form-control-wrap\" data-name=\"signup-to-newsletter\"><span class=\"wpcf7-form-control wpcf7-acceptance optional\"><span class=\"wpcf7-list-item\"><input type=\"checkbox\" name=\"signup-to-newsletter\" value=\"1\" class=\"signup-to-newsletter\" id=\"signup-to-newsletter\" aria-invalid=\"false\" \/><\/span><\/span><\/span> Wyra\u017cam zgod\u0119 na przetwarzanie danych w celu wysy\u0142ki newslettera i udost\u0119pnienie bezp\u0142atnej tre\u015bci cyfrowej przez MNIEPUBLICZN\u0104 PLAC\u00d3WK\u0118 KSZTA\u0141CENIA USTAWICZNEGO WORKS AND SOUL z siedzib\u0105 w Krakowie, 30-363, Al. Gen. Jana Skrzyneckiego 12, REGON: 542108427, NIP: 6793337216 , wpisan\u0105 do Ewidencji Szk\u00f3\u0142 i Plac\u00f3wek Niepublicznych prowadzonej przez Prezydenta Miasta Krakowa pod numerem: 4430.13.223, kt\u00f3rej organem prowadz\u0105cym jest WORKS AND SOUL MAGDALENA M CZAJA SP\u00d3\u0141KA Z OGRANICZON\u0104 ODPOWIEDZIALNO\u015aCI\u0104 z siedzib\u0105 w Warszawie, 01-858, ul. gen. Klemensa Stanis\u0142awa Rudnickiego 1\/3, KRS: 0000854720<\/label>\n\t<\/p>\n<\/div>\n<div style=\"font-size: 10px; text-align: left;\">\n\t<p>Administratorem danych subskrybent\u00f3w newslettera jest NIEPUBLICZNA PLAC\u00d3WKA KSZTA\u0141CENIA USTAWICZNEGO WORKS AND SOUL z siedzib\u0105 w Krakowie, 30-363, Al. Gen. Jana Skrzyneckiego 12, REGON: 542108427, NIP: 6793337216, wpisana do Ewidencji Szk\u00f3\u0142 i Plac\u00f3wek Niepublicznych prowadzonej przez Prezydenta Miasta Krakowa pod numerem: 4430.13.223, kt\u00f3rej organem prowadz\u0105cym jest WORKS AND SOUL MAGDALENA M CZAJA SP\u00d3\u0141KA Z OGRANICZON\u0104 ODPOWIEDZIALNO\u015aCI\u0104 z siedzib\u0105 w Warszawie, 01-858, ul. gen. Klemensa Stanis\u0142awa Rudnickiego 1\/3, KRS: 0000854720. Dane be\u0328da\u0328 przetwarzane w celu wysy\u0142ki newslettera. Wie\u0328cej informacji znajdziesz w <a href=\"https:\/\/metoda-tippinga.pl\/web\/polityka-prywatnosci-m\/\">polityce prywatnos\u0301ci<\/a> oraz <a href=\"https:\/\/metoda-tippinga.pl\/web\/regulamin-newslettera\/\">Regulaminie newslettera<\/a>\n\t<\/p>\n<\/div>\n<div class=\"row\">\n\t<div class=\"col-md-12\">\n\t\t<div class=\"spacer-10\">\n\t\t<\/div>\n\t\t<p><input class=\"wpcf7-form-control wpcf7-submit has-spinner btn btnbaza btn-primary btn-lg btn-block\" type=\"submit\" value=\"Odbierz darmowe arkusze!\" \/>\n\t\t<\/p>\n\t<\/div>\n\t<div style=\"font-size: 12px; margin-bottom: 20px;\">\n\t\t<p>Pobranie tre\u015bci cyfrowej (arkusza) jest bezp\u0142atne pod warunkiem zapisania si\u0119 do newslettera, ale mo\u017cna j\u0105 naby\u0107 tak\u017ce alternatywnie bez zapisywania si\u0119 na newsletter odp\u0142atnie - zgodnie z regulaminem newslettera.\n\t\t<\/p>\n\t<\/div>\n<\/div><p style=\"display: none !important;\" class=\"akismet-fields-container\" data-prefix=\"_wpcf7_ak_\"><label>&#916;<textarea name=\"_wpcf7_ak_hp_textarea\" cols=\"45\" rows=\"8\" maxlength=\"100\"><\/textarea><\/label><input type=\"hidden\" id=\"ak_js_1\" name=\"_wpcf7_ak_js\" value=\"210\"\/><script>document.getElementById( \"ak_js_1\" ).setAttribute( \"value\", ( new Date() ).getTime() );<\/script><\/p><div class=\"wpcf7-response-output\" aria-hidden=\"true\"><\/div>\n<\/form>\n<\/div>\n[\/vc_column][\/vc_row][vc_row][vc_column][vc_column_text css=&#8221;.vc_custom_1586362544489{padding-top: 20px !important;padding-right: 20px !important;padding-bottom: 20px !important;padding-left: 20px !important;background-color: #3bafda !important;border-radius: 10px !important;}&#8221;]<strong style=\"color: #fff; font-size: 18px;\">Dobrze zrobiony arkusz pozwala wyj\u015b\u0107 bardzo szybko i prosto ze &#8222;\u015bwiata ofiar&#8221;. Zmieni\u0107 perspektyw\u0119: poczu\u0107 ulg\u0119, rado\u015b\u0107 i mi\u0142o\u015b\u0107.<\/strong>[\/vc_column_text][\/vc_column][\/vc_row]<\/p>\n<\/div>","protected":false},"excerpt":{"rendered":"<p>[vc_row][vc_column][vc_column_text] Odbierz sw\u00f3j Arkusz Radykalnego Wybaczania [\/vc_column_text][vc_column_text] UWAGA! Dost\u0119pne tu Arkusze Radykalnego Wybaczania s\u0105 zmodyfikowan\u0105 wersja starej wersji dost\u0119pnej w ksi\u0105\u017cce: Radykalne Wybaczanie. Z do\u015bwiadczenia wiemy, \u017ce ich pierwsze wype\u0142nienie mo\u017ce sprawia\u0107 pewne trudno\u015bci, op\u00f3r i mo\u017ce rodzi\u0107 pytania. Dlatego bardzo polecamy sesje z nami [ZAPISZ SI\u0118 NA SESJ\u0118], jednym z naszych autoryzowanych trener\u00f3w [BAZA TRENER\u00d3W] lub zapraszamy na Warsztaty [WYDARZENIA]. [\/vc_column_text][\/vc_column][\/vc_row][vc_row content_placement=&#8221;middle&#8221;][vc_column width=&#8221;1\/2&#8243;][vc_single_image image=&#8221;1765&#8243; img_size=&#8221;full&#8221;][\/vc_column][vc_column width=&#8221;1\/2&#8243; css=&#8221;.vc_custom_1578761586462{margin-bottom: -10px !important;}&#8221;][vc_column_text css=&#8221;.vc_custom_1593621717369{margin-bottom: -20px !important;}&#8221;] Arkusz Radykalnego Wybaczania &nbsp; [\/vc_column_text][\/vc_column][\/vc_row][vc_row][vc_column][vc_column_text css=&#8221;.vc_custom_1586362544489{padding-top: 20px !important;padding-right: 20px !important;padding-bottom: 20px !important;padding-left: 20px !important;background-color: #3bafda !important;border-radius: 10px !important;}&#8221;]Dobrze zrobiony arkusz pozwala wyj\u015b\u0107 bardzo szybko i prosto ze &#8222;\u015bwiata ofiar&#8221;. Zmieni\u0107 perspektyw\u0119: poczu\u0107 ulg\u0119, rado\u015b\u0107 i mi\u0142o\u015b\u0107.[\/vc_column_text][\/vc_column][\/vc_row]<\/p>\n","protected":false},"author":4,"featured_media":0,"parent":0,"menu_order":0,"comment_status":"closed","ping_status":"closed","template":"","meta":{"footnotes":""},"class_list":["post-1908","page","type-page","status-publish","hentry"],"publishpress_future_action":{"enabled":false,"date":"2026-04-25 13:35:28","action":"change-status","newStatus":"private","terms":[],"taxonomy":"frm_application","extraData":[]},"publishpress_future_workflow_manual_trigger":{"enabledWorkflows":[]},"_links":{"self":[{"href":"https:\/\/metoda-tippinga.pl\/web\/wp-json\/wp\/v2\/pages\/1908","targetHints":{"allow":["GET"]}}],"collection":[{"href":"https:\/\/metoda-tippinga.pl\/web\/wp-json\/wp\/v2\/pages"}],"about":[{"href":"https:\/\/metoda-tippinga.pl\/web\/wp-json\/wp\/v2\/types\/page"}],"author":[{"embeddable":true,"href":"https:\/\/metoda-tippinga.pl\/web\/wp-json\/wp\/v2\/users\/4"}],"replies":[{"embeddable":true,"href":"https:\/\/metoda-tippinga.pl\/web\/wp-json\/wp\/v2\/comments?post=1908"}],"version-history":[{"count":27,"href":"https:\/\/metoda-tippinga.pl\/web\/wp-json\/wp\/v2\/pages\/1908\/revisions"}],"predecessor-version":[{"id":7453,"href":"https:\/\/metoda-tippinga.pl\/web\/wp-json\/wp\/v2\/pages\/1908\/revisions\/7453"}],"wp:attachment":[{"href":"https:\/\/metoda-tippinga.pl\/web\/wp-json\/wp\/v2\/media?parent=1908"}],"curies":[{"name":"wp","href":"https:\/\/api.w.org\/{rel}","templated":true}]}}