
{"id":3030,"date":"2021-01-19T18:35:57","date_gmt":"2021-01-19T17:35:57","guid":{"rendered":"https:\/\/metoda-tippinga.pl\/web\/?page_id=3030"},"modified":"2021-01-19T18:36:55","modified_gmt":"2021-01-19T17:36:55","slug":"pytania-i-odpowiedzi-cz-1","status":"publish","type":"page","link":"https:\/\/metoda-tippinga.pl\/web\/pytania-i-odpowiedzi-cz-1\/","title":{"rendered":"Pytania i odpowiedzi cz.1"},"content":{"rendered":"<div class=\"wpb-content-wrapper\"><p>[vc_row][vc_column][vc_column_text]Ludzie listy pisz\u0105. Piszecie do Instytutu, zadajecie pytania w trakcie live\u2019\u00f3w, nasi trenerzy zg\u0142aszaj\u0105 pytania powtarzaj\u0105ce si\u0119 na sesjach. Kto pyta, nie b\u0142\u0105dzi. Zebra\u0142y\u015bmy te pytania i nagra\u0142y\u015bmy dla was ten odcinek. Poniewa\u017c pyta\u0144 jest sporo, to jest to pierwsza cz\u0119\u015b\u0107 Q&amp;A.<\/p>\n<p>Jakie pytania padaj\u0105 w tym odcinku:<br \/>\n\u2022 dlaczego metoda nazywa si\u0119 \u201cradykalne\u201d<br \/>\n\u2022\u00a0czy Radykalne Wybaczanie wymaga konkretnej wiary<br \/>\n\u2022\u00a0czy mo\u017cna \u0142\u0105czy\u0107 tradycyjn\u0105 psychoterapi\u0119 z RW<br \/>\n\u2022\u00a0czy jest to metoda dla dzieci i m\u0142odzie\u017cy<br \/>\n\u2022\u00a0czy mo\u017cna wybaczy\u0107 mordercy<br \/>\n\u2022\u00a0&#8222;dlaczego zachorowa\u0142am na raka&#8221;<br \/>\n\u2022 trauma, \u017ca\u0142oba &#8211; czy Radykalne Wybaczanie pomaga<\/p>\n<p>Odpowiadamy, wyja\u015bniamy, precyzujemy po to, aby\u015b czu\u0142 si\u0119 komfortowo, stosuj\u0105c metod\u0119 Radykalnego Wybaczania.<\/p>\n<p>W rozmowie wspominamy o:<br \/>\n\u2022\u00a0odcinek podcastu RW 15 Jak po\u017cegna\u0107 b\u00f3l postracie?<br \/>\n\u2022\u00a0odcinek podcastu RW 9 Uzale\u017cnienia &#8211; Jak Radykalne Wybaczanie mo\u017ce pom\u00f3c tobie lub twojej rodzinie?<br \/>\n\u2022\u00a0e-book &#8222;Jak po\u017cegna\u0107 b\u00f3l straty?&#8221; <a href=\"https:\/\/tiny.pl\/7n8qv\" target=\"_blank\" rel=\"noopener noreferrer\" data-saferedirecturl=\"https:\/\/www.google.com\/url?q=https:\/\/tiny.pl\/7n8qv&amp;source=gmail&amp;ust=1611162926106000&amp;usg=AFQjCNGOxJZYedXMSiFz9AIDbh5eokVryg\">https:\/\/tiny.pl\/7n8qv<\/a><\/p>\n<p>Po wys\u0142uchaniu tego odcinka mo\u017cesz:<br \/>\n\u2022 przeczyta\u0107 ksi\u0105\u017ck\u0119 Colina Tippinga \u201cRadykalna Wybaczanie\u201d<br \/>\n\u2022 wype\u0142ni\u0107 arkusz RW<br \/>\n\u2022 um\u00f3wi\u0107 si\u0119 na sesj\u0119 z Trenerem Radykalnego Wybaczania. (znajdziesz ich na stronie Instytutu)<br \/>\n\u2022 podzieli\u0107 si\u0119 tym odcinkiem z minimum jedn\u0105 osob\u0105, kt\u00f3rej to mo\u017ce pom\u00f3c<br \/>\n\u2022 obejrze\u0107 nasze filmy na YT<\/p>\n<p>Radykalne Wybaczanie to metoda, kt\u00f3rej autorem jest Colin Tipping. To pot\u0119\u017cne i skuteczne narz\u0119dzie pracy nad sob\u0105, kt\u00f3re przynosi ulg\u0119, spok\u00f3j i poczucie lekko\u015bci \u017cycia. Od 20 lat dzia\u0142a na ca\u0142ym \u015bwiecie z korzy\u015bci\u0105 dla tysi\u0119cy ludzi.<\/p>\n<p>Instytut Metody Tippinga w Polsce, jedyny, licencjonowany o\u015brodek Radykalnego Wybaczania w Polsce.<\/p>\n<p><strong>Prowadz\u0105ce to:<br \/>\n<em>Magdalena Czaja<\/em><\/strong>, Dyrektor Instytutu Metody Tippinga w Polsce, coach, autorka metody Lovefiting\u00ae<br \/>\n<strong><em>Ewa Turek<\/em><\/strong>, trener komunikacji, m\u00f3wca, coach. Wsp\u00f3\u0142pracownik Instytutu.[\/vc_column_text][\/vc_column][\/vc_row][vc_row][vc_column][vc_column_text]<a class=\"spreaker-player\" href=\"https:\/\/www.spreaker.com\/user\/12483443\/rw-20-odcinek-gotowy\" data-resource=\"episode_id=42977693\" data-theme=\"light\" data-autoplay=\"false\" data-playlist=\"false\" data-width=\"100%\" data-height=\"200px\">Listen to &#8222;RW 20: Pytania i odpowiedzi cz.1&#8221; on Spreaker.<\/a><script async src=\"https:\/\/widget.spreaker.com\/widgets.js\"><\/script>[\/vc_column_text][vc_column_text el_id=&#8221;transkrypcja&#8221;][\/vc_column_text][\/vc_column][\/vc_row]<\/p>\n<\/div>","protected":false},"excerpt":{"rendered":"<p>[vc_row][vc_column][vc_column_text]Ludzie listy pisz\u0105. Piszecie do Instytutu, zadajecie pytania w trakcie live\u2019\u00f3w, nasi trenerzy zg\u0142aszaj\u0105 pytania powtarzaj\u0105ce si\u0119 na sesjach. Kto pyta, nie b\u0142\u0105dzi. Zebra\u0142y\u015bmy te pytania i nagra\u0142y\u015bmy dla was ten odcinek. Poniewa\u017c pyta\u0144 jest sporo, to jest to pierwsza cz\u0119\u015b\u0107 Q&amp;A. Jakie pytania padaj\u0105 w tym odcinku: \u2022 dlaczego metoda nazywa si\u0119 \u201cradykalne\u201d \u2022\u00a0czy Radykalne Wybaczanie wymaga konkretnej wiary \u2022\u00a0czy mo\u017cna \u0142\u0105czy\u0107 tradycyjn\u0105 psychoterapi\u0119 z RW \u2022\u00a0czy jest to metoda dla dzieci i m\u0142odzie\u017cy \u2022\u00a0czy mo\u017cna wybaczy\u0107 mordercy \u2022\u00a0&#8222;dlaczego zachorowa\u0142am na raka&#8221; \u2022 trauma, \u017ca\u0142oba &#8211; czy Radykalne Wybaczanie pomaga Odpowiadamy, wyja\u015bniamy, precyzujemy po to, aby\u015b czu\u0142 si\u0119 komfortowo, stosuj\u0105c metod\u0119 Radykalnego Wybaczania. W rozmowie wspominamy o: \u2022\u00a0odcinek podcastu RW 15 Jak po\u017cegna\u0107 b\u00f3l postracie? \u2022\u00a0odcinek podcastu RW 9 Uzale\u017cnienia &#8211; Jak Radykalne Wybaczanie mo\u017ce pom\u00f3c tobie lub twojej rodzinie? \u2022\u00a0e-book &#8222;Jak po\u017cegna\u0107 b\u00f3l straty?&#8221; https:\/\/tiny.pl\/7n8qv Po wys\u0142uchaniu tego odcinka mo\u017cesz: \u2022 przeczyta\u0107 ksi\u0105\u017ck\u0119 Colina Tippinga \u201cRadykalna Wybaczanie\u201d \u2022 wype\u0142ni\u0107 arkusz RW \u2022 um\u00f3wi\u0107 si\u0119 na sesj\u0119 z Trenerem Radykalnego Wybaczania. (znajdziesz ich na stronie Instytutu) \u2022 podzieli\u0107 si\u0119 tym odcinkiem z minimum jedn\u0105 osob\u0105, kt\u00f3rej to mo\u017ce pom\u00f3c \u2022 obejrze\u0107 nasze filmy na YT Radykalne Wybaczanie to metoda, kt\u00f3rej autorem jest Colin Tipping. To pot\u0119\u017cne i skuteczne narz\u0119dzie pracy nad sob\u0105, kt\u00f3re przynosi ulg\u0119, spok\u00f3j i poczucie lekko\u015bci \u017cycia. Od 20 lat dzia\u0142a na ca\u0142ym \u015bwiecie z korzy\u015bci\u0105 dla tysi\u0119cy ludzi. Instytut Metody Tippinga w Polsce, jedyny, licencjonowany o\u015brodek Radykalnego Wybaczania w Polsce. Prowadz\u0105ce to: Magdalena Czaja, Dyrektor Instytutu Metody Tippinga w Polsce, coach, autorka metody Lovefiting\u00ae Ewa Turek, trener komunikacji, m\u00f3wca, coach. Wsp\u00f3\u0142pracownik Instytutu.[\/vc_column_text][\/vc_column][\/vc_row][vc_row][vc_column][vc_column_text]Listen to &#8222;RW 20: Pytania i odpowiedzi cz.1&#8221; on Spreaker.[\/vc_column_text][vc_column_text el_id=&#8221;transkrypcja&#8221;][\/vc_column_text][\/vc_column][\/vc_row]<\/p>\n","protected":false},"author":4,"featured_media":0,"parent":0,"menu_order":0,"comment_status":"closed","ping_status":"closed","template":"","meta":{"footnotes":""},"class_list":["post-3030","page","type-page","status-publish","hentry"],"publishpress_future_action":{"enabled":false,"date":"2026-04-23 09:43:07","action":"change-status","newStatus":"private","terms":[],"taxonomy":"frm_application","extraData":[]},"publishpress_future_workflow_manual_trigger":{"enabledWorkflows":[]},"_links":{"self":[{"href":"https:\/\/metoda-tippinga.pl\/web\/wp-json\/wp\/v2\/pages\/3030","targetHints":{"allow":["GET"]}}],"collection":[{"href":"https:\/\/metoda-tippinga.pl\/web\/wp-json\/wp\/v2\/pages"}],"about":[{"href":"https:\/\/metoda-tippinga.pl\/web\/wp-json\/wp\/v2\/types\/page"}],"author":[{"embeddable":true,"href":"https:\/\/metoda-tippinga.pl\/web\/wp-json\/wp\/v2\/users\/4"}],"replies":[{"embeddable":true,"href":"https:\/\/metoda-tippinga.pl\/web\/wp-json\/wp\/v2\/comments?post=3030"}],"version-history":[{"count":3,"href":"https:\/\/metoda-tippinga.pl\/web\/wp-json\/wp\/v2\/pages\/3030\/revisions"}],"predecessor-version":[{"id":3033,"href":"https:\/\/metoda-tippinga.pl\/web\/wp-json\/wp\/v2\/pages\/3030\/revisions\/3033"}],"wp:attachment":[{"href":"https:\/\/metoda-tippinga.pl\/web\/wp-json\/wp\/v2\/media?parent=3030"}],"curies":[{"name":"wp","href":"https:\/\/api.w.org\/{rel}","templated":true}]}}