
{"id":4173,"date":"2021-10-05T12:56:27","date_gmt":"2021-10-05T10:56:27","guid":{"rendered":"https:\/\/metoda-tippinga.pl\/web\/lp-ebook-cloned-at-2021-11-23-072057\/"},"modified":"2025-07-14T13:26:22","modified_gmt":"2025-07-14T11:26:22","slug":"ebook-lp","status":"publish","type":"page","link":"https:\/\/metoda-tippinga.pl\/web\/ebook-lp\/","title":{"rendered":"Ebook | LP"},"content":{"rendered":"<h2>Pobierz e-book z 4 Krokami Radykalnego Wybaczania<\/h2>\n<p><img loading=\"lazy\" decoding=\"async\" class=\"op3-element__image op3-element-image__image\" src=\"https:\/\/metoda-tippinga.pl\/web\/wp-content\/uploads\/2025\/04\/4-kroki-okladka-2.0.png\" alt=\"\" title=\"4 kroki okladka 2.0\" width=\"678\" height=\"1086\" data-op3-attachment-id=\"11828\" \/><\/p>\n<h2>POBIERZ MATERIA\u0141 BEZP\u0141ATNIE (warto\u015b\u0107 53 z\u0142):<\/h2>\n<p><a class=\"op3-link op3-background-ancestor\" target=\"_self\"  data-op-action=\"popoverlay\" data-op-popoverlay-trigger=\"Xql9BQ1b\" data-op3-smooth-scroll=\"0\" data-op-effect-style=\"\" data-op-effect-style-hover=\"\" data-op-courseaction=\"\" href=\"#\">KLIKNIJ I POBIERZ<\/a><\/p>\n<h2>O Instytucie:<\/h2>\n<p>Bardzo proste i skuteczne narz\u0119dzia Radykalnego Wybaczania przynios\u0142y ulg\u0119, rado\u015b\u0107 i poczucie lekko\u015bci tysi\u0105com ludzi na ca\u0142ym \u015bwiecie. Instytut wspiera osoby, kt\u00f3re chc\u0105 zmieni\u0107 swoje nastawienie do bolesnych wydarze\u0144 z ich \u017cycia poprzez organizowane warsztaty, szkolenia i kursy.<\/p>\n<h2>Opinie Klient\u00f3w<\/h2>\n<p>&#8222;Polecam wszystkim, kt\u00f3rzy chc\u0105 zmieni\u0107 swoje \u017cycie na lepsze&#8221;.<\/p>\n<p>Barbara Borowicz<\/p>\n<\/p>\n<p>&#8222;Bardzo fajna metodologia i godne polecenia do\u015bwiadczenie&#8221;<\/p>\n<\/p>\n<p>Jacek Kotarbi\u0144ski<\/p>\n","protected":false},"excerpt":{"rendered":"<p>Pobierz e-book z 4 Krokami Radykalnego Wybaczania POBIERZ MATERIA\u0141 BEZP\u0141ATNIE (warto\u015b\u0107 53 z\u0142): KLIKNIJ I POBIERZ O Instytucie: Bardzo proste i skuteczne narz\u0119dzia Radykalnego Wybaczania przynios\u0142y ulg\u0119, rado\u015b\u0107 i poczucie lekko\u015bci tysi\u0105com ludzi na ca\u0142ym \u015bwiecie. Instytut wspiera osoby, kt\u00f3re chc\u0105 zmieni\u0107 swoje nastawienie do bolesnych wydarze\u0144 z ich \u017cycia poprzez organizowane warsztaty, szkolenia i kursy. Opinie Klient\u00f3w &#8222;Polecam wszystkim, kt\u00f3rzy chc\u0105 zmieni\u0107 swoje \u017cycie na lepsze&#8221;. Barbara Borowicz &#8222;Bardzo fajna metodologia i godne polecenia do\u015bwiadczenie&#8221; Jacek Kotarbi\u0144ski<\/p>\n","protected":false},"author":4,"featured_media":0,"parent":0,"menu_order":0,"comment_status":"closed","ping_status":"closed","template":"op_builder_blank","meta":{"footnotes":""},"class_list":["post-4173","page","type-page","status-publish","hentry"],"publishpress_future_action":{"enabled":false,"date":"2026-04-23 09:42:08","action":"change-status","newStatus":"private","terms":[],"taxonomy":"frm_application","extraData":[]},"publishpress_future_workflow_manual_trigger":{"enabledWorkflows":[]},"_links":{"self":[{"href":"https:\/\/metoda-tippinga.pl\/web\/wp-json\/wp\/v2\/pages\/4173","targetHints":{"allow":["GET"]}}],"collection":[{"href":"https:\/\/metoda-tippinga.pl\/web\/wp-json\/wp\/v2\/pages"}],"about":[{"href":"https:\/\/metoda-tippinga.pl\/web\/wp-json\/wp\/v2\/types\/page"}],"author":[{"embeddable":true,"href":"https:\/\/metoda-tippinga.pl\/web\/wp-json\/wp\/v2\/users\/4"}],"replies":[{"embeddable":true,"href":"https:\/\/metoda-tippinga.pl\/web\/wp-json\/wp\/v2\/comments?post=4173"}],"version-history":[{"count":15,"href":"https:\/\/metoda-tippinga.pl\/web\/wp-json\/wp\/v2\/pages\/4173\/revisions"}],"predecessor-version":[{"id":12785,"href":"https:\/\/metoda-tippinga.pl\/web\/wp-json\/wp\/v2\/pages\/4173\/revisions\/12785"}],"wp:attachment":[{"href":"https:\/\/metoda-tippinga.pl\/web\/wp-json\/wp\/v2\/media?parent=4173"}],"curies":[{"name":"wp","href":"https:\/\/api.w.org\/{rel}","templated":true}]}}