
{"id":6482,"date":"2023-03-08T21:52:51","date_gmt":"2023-03-08T20:52:51","guid":{"rendered":"https:\/\/metoda-tippinga.pl\/web\/?page_id=6482"},"modified":"2025-09-01T12:03:07","modified_gmt":"2025-09-01T10:03:07","slug":"polityka-cookies","status":"publish","type":"page","link":"https:\/\/metoda-tippinga.pl\/web\/polityka-cookies\/","title":{"rendered":"Polityka cookies serwisu i sklepu online"},"content":{"rendered":"<div class=\"wpb-content-wrapper\"><p>[vc_row][vc_column][vc_column_text]<\/p>\n<h2 style=\"text-align: center;\"><strong>POLITYKA COOKIES SERWISU I SKLEPU ONLINE<\/strong><\/h2>\n<h3 style=\"text-align: center;\"><strong>www.metoda-tippinga.pl<\/strong><\/h3>\n<h3 style=\"text-align: center;\"><strong>Obowi\u0105zuje od 6 marca 2023 r.<\/strong><\/h3>\n<p style=\"text-align: center;\"><strong>\u00a71<\/strong><br \/>\n<strong>Postanowienia og\u00f3lne<\/strong><\/p>\n<ol>\n<li aria-level=\"1\">W\u0142a\u015bcicielem Sklepu\/Strony i Administratorem danych osobowych podawanych w trakcie korzystania ze Sklepu prowadzonego pod adresem <b>www.metoda-tippinga.pl <\/b>jest <b>NIEPUBLICZNA PLAC\u00d3WKA KSZTA\u0141CENIA USTAWICZNEGO WORKS AND SOUL z siedzib\u0105 w Krakowie, 30-363, Al. Gen. Jana Skrzyneckiego 12, REGON: 542108427, NIP: 6793337216, wpisana do Ewidencji Szk\u00f3\u0142 i Plac\u00f3wek Niepublicznych prowadzonej przez Prezydenta Miasta Krakowa pod numerem: 4430.13.223, kt\u00f3rej organem prowadz\u0105cym jest WORKS AND SOUL MAGDALENA M CZAJA SP\u00d3\u0141KA Z OGRANICZON\u0104 ODPOWIEDZIALNO\u015aCI\u0104 z siedzib\u0105 w Warszawie, 01-858, ul. gen. Klemensa Stanis\u0142awa Rudnickiego 1\/3, KRS: 0000854720; tel. 606 245 198; e-mail: info@metoda-tippinga.pl<\/b><\/li>\n<li aria-level=\"1\">Zasady przetwarzania danych osobowych zosta\u0142y udost\u0119pnione w Polityce Prywatno\u015bci RODO, dost\u0119pnej pod adresem: <a href=\"http:\/\/www.metoda-tippinga.pl\/web\/polityka-prywatnosci-m\/\"><b>www.metoda-tippinga.pl\/web\/polityka-prywatnosci-m\/<\/b><\/a><\/li>\n<li aria-level=\"1\">Strona i\/lub Sklep u\u017cywa plik\u00f3w cookies, aby dostarcza\u0107 us\u0142ugi i funkcje dostosowane do preferencji i potrzeb U\u017cytkownik\u00f3w strony, w szczeg\u00f3lno\u015bci pliki cookies pozwalaj\u0105 rozpozna\u0107 urz\u0105dzenie U\u017cytkownika i odpowiednio wy\u015bwietli\u0107 stron\u0119 internetow\u0105, dostosowan\u0105 do jego indywidualnych potrzeb.<\/li>\n<\/ol>\n<p style=\"text-align: center;\"><strong>\u00a72<\/strong><br \/>\n<strong>Stosowane definicje<\/strong><\/p>\n<ol>\n<li aria-level=\"1\"><b>Cookies<\/b> &#8211; ma\u0142e pliki, kt\u00f3re s\u0105 pobierane i przechowywane na komputerze lub innym urz\u0105dzeniu U\u017cytkownika, powi\u0105zanym z informacjami o sposobie u\u017cytkowania strony.<\/li>\n<li aria-level=\"1\"><b>U\u017cytkownik<\/b> &#8211; osoba, kt\u00f3ra dobrowolnie korzysta z us\u0142ug i tre\u015bci dost\u0119pnych w Serwisie i Sklepie, tj. przegl\u0105da strony Serwisu i Sklepu, sk\u0142ada zam\u00f3wienie w Sklepie, rejestruje si\u0119, zapisuje si\u0119 na bezp\u0142atny newsletter lub kontaktuje si\u0119 z w\u0142a\u015bcicielem Sklepu poprzez formularz kontaktowy.<\/li>\n<li aria-level=\"1\"><b>Sklep<\/b>\u00a0\u2013\u00a0sklep internetowy dost\u0119pny pod adresem <b>www.metoda-tippinga.pl\/web\/sklep-mt\/<\/b>,\u00a0za po\u015brednictwem, kt\u00f3rego Kupuj\u0105cy mo\u017ce dokonywa\u0107 zakup\u00f3w okre\u015blonych Towar\u00f3w i Produkt\u00f3w.<\/li>\n<li aria-level=\"1\"><b>Serwis<\/b> &#8211; serwis dost\u0119pny pod adresem <b>www.metoda-tippinga.pl<\/b>,\u00a0za pomoc\u0105 kt\u00f3rego Kupuj\u0105cy mo\u017ce przegl\u0105da\u0107 zawarto\u015b\u0107 post\u00f3w blogowych, zapisa\u0107 si\u0119 na newsletter lub skontaktowa\u0107 si\u0119 z Administratorem danych osobowych.<\/li>\n<li aria-level=\"1\"><b>Dane osobowe<\/b> &#8211; wszelkie informacje, kt\u00f3re bez nadmiernego czasu i kosztu mog\u0105 doprowadzi\u0107 do identyfikacji osoby fizycznej, w tym jej dane identyfikacyjne, adresowe i kontaktowe.<\/li>\n<\/ol>\n<p style=\"text-align: center;\"><strong>\u00a73<\/strong><br \/>\n<strong>Cele cookies<\/strong><\/p>\n<ol>\n<li aria-level=\"1\">Pliki cookies mog\u0105 mie\u0107 charakter tymczasowy, tj. s\u0105 usuwane z chwil\u0105 zamkni\u0119cia przegl\u0105darki, lub trwa\u0142y.<\/li>\n<li aria-level=\"1\">Sta\u0142e pliki cookies s\u0105 przechowywane tak\u017ce po zako\u0144czeniu korzystania ze stron Serwisu i s\u0142u\u017c\u0105 do przechowywania informacji takich jak has\u0142o czy login, co przyspiesza i u\u0142atwia korzystanie ze stron, a tak\u017ce umo\u017cliwia zapami\u0119tanie wybranych przez U\u017cytkownika ustawie\u0144.<\/li>\n<li aria-level=\"1\">Serwis wykorzystuje pliki cookies w nast\u0119puj\u0105cych celach:\n<ul style=\"list-style-type: lower-latin;\">\n<li aria-level=\"2\">dostosowania zawarto\u015bci stron Serwisu do indywidualnych preferencji U\u017cytkownika oraz optymalizacji korzystania ze stron internetowych (wy\u015bwietlanie dostosowane do potrzeb &#8211; cookies funkcjonalne),<\/li>\n<li aria-level=\"2\">dokonania analiz i statystyk, kt\u00f3re dostarcz\u0105 informacji, w jaki spos\u00f3b U\u017cytkownik Serwisu korzysta ze stron, co umo\u017cliwia ulepszanie ich struktury i zawarto\u015bci,<\/li>\n<li aria-level=\"2\">marketingowych i\/lub remarketingowych, w tym kierowania dedykowanych tre\u015bci, w szczeg\u00f3lno\u015bci do U\u017cytkownik\u00f3w, kt\u00f3rzy odwiedzili stron\u0119 internetow\u0105 lub Fanpage Administratora danych osobowych na portalu spo\u0142eczno\u015bciowym Facebook i\/lub Instagram.<\/li>\n<\/ul>\n<\/li>\n<li aria-level=\"1\">Dane zawarte w cookies b\u0119d\u0105 archiwizowane i wykorzystywane w celach analizy statystycznej i oceny globalnego ruchu u\u017cytkownik\u00f3w Serwisu.<\/li>\n<li aria-level=\"1\">Dane zawarte w cookies nie s\u0105 \u0142\u0105czone z przekazanymi przez U\u017cytkownika danymi osobowymi podczas zawarcia umowy lub kontaktu z Administratorem danych.<\/li>\n<\/ol>\n<p style=\"text-align: center;\"><strong>\u00a74<\/strong><br \/>\n<strong>Narz\u0119dzia zwi\u0105zane z gromadzeniem cookies lub udost\u0119pnianiem cookies.<\/strong><\/p>\n<p>W celu analizy ruchu na stronie Serwisu, \u017ar\u00f3d\u0142a ruchu, jak i optymalizacji dzia\u0142a\u0144 marketingowych zainstalowano na stronie:<\/p>\n<ol>\n<li aria-level=\"2\"><b>Google Analytics <\/b>&#8211; narz\u0119dzie dostarczane przez Google LLC. 1600 Amphitheatre Parkway Mountain View, CA 94043, USA, co pozwala na analiz\u0119 ruchu U\u017cytkownika na stronie Serwisu i jego podstronach (kraj\/miasto, liczba odwiedzin, przegl\u0105dane strony, czas odwiedzin, etc.).G\u0142\u00f3wny plik cookie u\u017cywany przez Google Analytics, \u201e_ga&#8221;, umo\u017cliwia us\u0142udze rozr\u00f3\u017cnianie poszczeg\u00f3lnych U\u017cytkownik\u00f3w i dzia\u0142a przez 2 lata. Ka\u017cdy plik \u201e_ga\u201d jest unikalny dla konkretnej us\u0142ugi, wi\u0119c nie mo\u017cna go u\u017cy\u0107 do \u015bledzenia u\u017cytkownika lub przegl\u0105darki w innych, niepowi\u0105zanych witrynach.Ustawienia prywatno\u015bci w us\u0142ugach Google mog\u0105 zosta\u0107 zmienione przez U\u017cytkownika, wi\u0119cej informacji na: <a href=\"https:\/\/policies.google.com\/privacy\">https:\/\/policies.google.com\/privacy<\/a>W celu sta\u0142ego zablokowania cookies gromadzonych przez Google Analytics, U\u017cytkownik mo\u017ce skorzysta\u0107 z dodatku do przegl\u0105darki opracowanego i dostarczanego przez Google LLC na stronie: <a href=\"https:\/\/tools.google.com\/dlpage\/gaoptout\">https:\/\/tools.google.com\/dlpage\/gaoptout<\/a><\/li>\n<li aria-level=\"2\"><b>Piksel Facebooka<\/b> &#8211; narz\u0119dzie dostarczane przez Meta Platforms Ireland Limited (dawniej: Facebook Inc,), adres: 4 Grand Canal Square, Grand Canal Harbour, Dublin 2, Dublin, D02X525, Irlandia,\u00a0kt\u00f3re umo\u017cliwia pomiar, optymalizacj\u0119 i tworzenie niestandardowych grup odbiorc\u00f3w, pozwala na zbieranie informacji na temat korzystania przez U\u017cytkownika ze strony Serwisu i kierowanie do niego dedykowanych tre\u015bci w serwisie spo\u0142eczno\u015bciowym Facebook.W celu kontroli ustawie\u0144 prywatno\u015bci w tym serwisie spo\u0142eczno\u015bciowym U\u017cytkownik mo\u017ce dokona\u0107 w dowolnym momencie zmiany swoich preferencji i ustawie\u0144. Wi\u0119cej informacji na: <a href=\"https:\/\/www.facebook.com\/privacy\/\">https:\/\/www.facebook.com\/privacy\/<\/a>Piksel Facebooka pozwala na tworzenie niestandardowych grup odbiorc\u00f3w i\/lub podobnych grup odbiorc\u00f3w do os\u00f3b, kt\u00f3re wchodzi\u0142y ju\u017c w interakcj\u0119 z Serwisem lub materia\u0142ami Administratora danych udost\u0119pnionymi na portalach spo\u0142eczno\u015bciowych Facebook i\/lub Instagram, prowadzonych przez Administratora danych, przy czym retencja danych dostarczanych przez piksel Facebooka w szczeg\u00f3lno\u015bci wynosi odpowiednio:\n<ul style=\"list-style-type: lower-latin;\">\n<li aria-level=\"4\">witryna internetowa (Serwis) &#8211; maksymalnie 180 dni od interakcji z witryn\u0105,<\/li>\n<li aria-level=\"4\">fanpage na Facebooku &#8211; maksymalnie 365 dni od interakcji z kontem,<\/li>\n<li aria-level=\"4\">film udost\u0119pniony na fanpage\u2019 u Administratora na Facebooku &#8211; maksymalnie 365 dni od interakcji z materia\u0142em,<\/li>\n<li aria-level=\"4\">wydarzenia organizowane lub wsp\u00f3\u0142organizowane przez Administratora na fanpage\u2019u na Facebooku &#8211; maksymalnie 365 dni od interakcji z materia\u0142em.<\/li>\n<\/ul>\n<\/li>\n<li aria-level=\"2\"><b>Wtyczk\u0119\/Widget Facebooka\/Instagrama<\/b> &#8211; narz\u0119dzie umo\u017cliwiaj\u0105ce bezpo\u015brednie przej\u015bcie U\u017cytkownika na Fanpage Administratora danych, prowadzony na stronie portalu spo\u0142eczno\u015bciowego Facebook pod nazw\u0105 <b>\u201eInstytut Metody Tippinga &#8211; Radykalne Wybaczanie\u201d<\/b> oraz Instagram pod nazw\u0105 <b>\u201eradykalnewybaczanie\u201d<\/b>, prowadzonego na portalu dostarczanym przez Meta Platforms Ireland Limited (dawniej: Facebook Inc.), adres: 4 Grand Canal Square, Grand Canal Harbour, Dublin 2, Dublin, D02X525, Irlandia. Po przej\u015bciu do serwisu spo\u0142eczno\u015bciowego Facebook i Instagram U\u017cytkownicy podlegaj\u0105 dodatkowo zasadom ochrony prywatno\u015bci, opisanym w tym serwisie, w szczeg\u00f3lno\u015bci na stronie: <a href=\"https:\/\/www.facebook.com\/privacy\/\">https:\/\/www.facebook.com\/privacy\/<\/a><\/li>\n<li aria-level=\"2\"><b>Wtyczk\u0119\/Widget YouTube<\/b> &#8211; umo\u017cliwia przej\u015bcie U\u017cytkownika do kana\u0142u YouTube\u00a0 &#8211;\u00a0 <b>@metodatippinga (Instytut Metody Tippinga &#8211; Radykalne Wybaczanie)<\/b>, prowadzonego przez Administratora danych w tym serwisie. Narz\u0119dzie dostarczane przez Google LLC. 1600 Amphitheatre Parkway Mountain View, CA 94043, USA, kt\u00f3rego U\u017cytkownicy podlegaj\u0105 dodatkowo zasadom ochrony prywatno\u015bci, opisanym w tym serwisie, w szczeg\u00f3lno\u015bci na stronie: <a href=\"https:\/\/policies.google.com\/privacy\">https:\/\/policies.google.com\/privacy<\/a><\/li>\n<li aria-level=\"2\"><b>Wtyczk\u0119\/Widget Spreaker<\/b> &#8211; umo\u017cliwia utrzymanie sesji w zwi\u0105zku z uruchomieniem podcastu na stronie lub przej\u015bcie do strony spreaker.com, prowadzonej przez Spreaker, Inc., 20880 Stone Oak Parkway, San Antonio, TX 78258, USA, kt\u00f3rego U\u017cytkownicy podlegaj\u0105 dodatkowo zasadom ochrony prywatno\u015bci, opisanym w tym serwisie, w szczeg\u00f3lno\u015bci na stronie: <a href=\"https:\/\/www.spreaker.com\/privacy\">https:\/\/www.spreaker.com\/privacy<\/a><\/li>\n<li aria-level=\"2\">W celu umo\u017cliwienia U\u017cytkownikom otworzenia podcastu prowadzonego przez Administratora danych r\u00f3wnie\u017c w innych serwisach umieszczono na stronie tak\u017ce linki pozwalaj\u0105ce na przej\u015bcie do innych serwis\u00f3w umo\u017cliwiaj\u0105cych otworzenie podcastu. W takiej sytuacji dany serwis mo\u017ce przetwarza\u0107 adres IP u\u017cytkownika, rodzaj urz\u0105dzenia i przegl\u0105darki, z kt\u00f3rej korzysta podczas odtwarzania tre\u015bci.\n<ul style=\"list-style-type: lower-latin;\">\n<li aria-level=\"4\"><b>Spotify<\/b>, prowadzonego przez Spotify AB z siedzib\u0105 pod adresem: Regeringsgatan 19, 111 53, Sztokholm, Szwecja, zasady prywatno\u015bci po przej\u015bciu do tego serwisu dost\u0119pne s\u0105 na stronie: <a href=\"https:\/\/www.spotify.com\/pl\/legal\/privacy-policy\/\">https:\/\/www.spotify.com\/pl\/legal\/privacy-policy\/<\/a><\/li>\n<li aria-level=\"4\"><b>Apple Podcasts<\/b>, prowadzonego przez\u00a0 Apple, One Apple Park Way, Cupertino, CA 95014, USA, po przej\u015bciu do kt\u00f3rego U\u017cytkownik b\u0119dzie podlega\u0142 zasadom ochrony prywatno\u015bci na zasadach opisanych w politykach Apple na stronie: <a href=\"https:\/\/www.apple.com\/privacy\/\">https:\/\/www.apple.com\/privacy\/<\/a><\/li>\n<li aria-level=\"4\"><b>Google Podcasty<\/b>, prowadzonego przez przez Google LLC. 1600 Amphitheatre Parkway Mountain View, CA 94043, USA. Ustawienia prywatno\u015bci w us\u0142ugach Google mog\u0105 zosta\u0107 zmienione przez U\u017cytkownika, wi\u0119cej informacji na: <a href=\"https:\/\/policies.google.com\/privacy\">https:\/\/policies.google.com\/privacy<\/a><\/li>\n<\/ul>\n<\/li>\n<li aria-level=\"2\">W niekt\u00f3rych przypadkach, je\u015bli b\u0119dzie to zwi\u0105zane ze sposobem udost\u0119pnienia zakupionej w Sklepie tre\u015bci cyfrowej, U\u017cytkownik mo\u017ce zosta\u0107 przekierowany na Serwis <b>Vimeo<\/b>, na kt\u00f3rym zostanie mu za\u0142o\u017cone has\u0142o dost\u0119powe. W takiej sytuacji Vimeo b\u0119dzie przetwarza\u0107\u00a0 adres IP u\u017cytkownika, rodzaj urz\u0105dzenia i przegl\u0105darki, z kt\u00f3rej korzysta podczas odtwarzania tre\u015bci. Zasady prywatno\u015bci tego serwisu zosta\u0142y udost\u0119pnione na stronie: <a href=\"https:\/\/vimeo.com\/privacy\">https:\/\/vimeo.com\/privacy<\/a><\/li>\n<li aria-level=\"2\">Przetwarzanie danych zawartych w cookies przez dostawc\u00f3w, kt\u00f3rych siedziby i\/lub serwery s\u0105 zlokalizowane w pa\u0144stwach trzecich b\u0119dzie si\u0119 wi\u0105za\u0107 z przekazaniem danych zawartych w cookies poza Europejski Obszar Gospodarczy (EOG). Przekazanie danych zawartych w cookies, w szczeg\u00f3lno\u015bci adres IP u\u017cytkownika odbywa si\u0119 na podstawie decyzji Komisji Europejskiej 2021\/914 w\u00a0sprawie standardowych klauzul umownych dotycz\u0105cych przekazywania danych osobowych do pa\u0144stw trzecich zawartych w ramach regulamin\u00f3w us\u0142ug realizowany pomi\u0119dzy Administratorem danych, a dostawc\u0105 rozwi\u0105zania.<\/li>\n<\/ol>\n<p style=\"text-align: center;\"><strong>\u00a75<\/strong><br \/>\n<strong>Akceptacja lub zmiana ustawie\u0144 cookies.<\/strong><\/p>\n<ol>\n<li aria-level=\"1\">U\u017cytkownik po wej\u015bciu na stron\u0119 Sklepu\/Serwisu mo\u017ce zaakceptowa\u0107 stosowanie cookies w powy\u017cszych celach, odrzuci\u0107 je lub wyrazi\u0107 zgod\u0119 tylko na wybrane pliki cookies.<\/li>\n<li aria-level=\"1\">U\u017cytkownik mo\u017ce w ka\u017cdej chwili tak\u017ce skasowa\u0107 i\/lub wy\u0142\u0105czy\u0107 cookies w przegl\u0105darce internetowej, z kt\u00f3rej korzysta podczas przegl\u0105dania Serwisu\/Sklepu.<\/li>\n<li aria-level=\"1\">Skasowanie lub wy\u0142\u0105czenie plik\u00f3w cookies mo\u017ce spowodowa\u0107 trudno\u015bci lub ograniczon\u0105 funkcjonalno\u015b\u0107 niekt\u00f3rych cz\u0119\u015bci Serwisu (dotyczy cookies funkcjonalnych). Niekt\u00f3re pliki cookies mog\u0105 by\u0107 bowiem niezb\u0119dne do prawid\u0142owego dzia\u0142ania stron Serwisu i wy\u015bwietlenia tre\u015bci na danym rodzaju urz\u0105dzenia.<\/li>\n<li aria-level=\"1\">W celu zarz\u0105dzania cookies U\u017cytkownik mo\u017ce skorzysta\u0107 tak\u017ce z funkcji dost\u0119pnych w przegl\u0105darce, z kt\u00f3rej aktualnie korzysta. Instrukcje zarz\u0105dzania cookies dost\u0119pne s\u0105 na stronach dostawc\u00f3w przegl\u0105darek internetowych, w szczeg\u00f3lno\u015bci:\n<ul style=\"list-style-type: lower-latin;\">\n<li aria-level=\"2\"><a href=\"https:\/\/support.google.com\/accounts\/answer\/61416?co=GENIE.Platform=Desktop&amp;hl=en\">Google Chrome &#8211; instrukcja<\/a><\/li>\n<li aria-level=\"2\"><a href=\"https:\/\/support.mozilla.org\/en-US\/kb\/enhanced-tracking-protection-firefox-desktop?redirectslug=enable-and-disable-cookies-website-preferences&amp;redirectlocale=en-US\">Mozilla Firefox &#8211; instrukcja<\/a><\/li>\n<li aria-level=\"2\"><a href=\"https:\/\/support.apple.com\/en-gb\/guide\/safari\/sfri11471\/mac\">Apple Safari &#8211; instrukcja<\/a><\/li>\n<li aria-level=\"2\"><a href=\"https:\/\/support.microsoft.com\/pl-pl\/microsoft-edge\/usuwanie-plik%C3%B3w-cookie-w-przegl%C4%85darce-microsoft-edge-63947406-40ac-c3b8-57b9-2a946a29ae09\">Microsoft Edge &#8211; instrukcja<\/a><\/li>\n<\/ul>\n<p style=\"text-align: center;\"><strong>\u00a76<\/strong><br \/>\n<strong>Postanowienia ko\u0144cowe<\/strong><\/p>\n<p>W przypadku zmiany obowi\u0105zuj\u0105cej Polityki cookies, w szczeg\u00f3lno\u015bci w sytuacji, gdy b\u0119d\u0105 tego wymaga\u0142y zastosowane rozwi\u0105zania techniczne lub zmiany przepis\u00f3w prawa w zakresie prywatno\u015bci U\u017cytkownik\u00f3w, wprowadzone zostan\u0105 odpowiednie modyfikacje do powy\u017cszego zapisu, kt\u00f3re b\u0119d\u0105 obowi\u0105zywa\u0107 po 14 dniach od dnia ich publikacji na stronach Serwisu\/Sklepu.<\/li>\n<\/ol>\n<p>[\/vc_column_text][\/vc_column][\/vc_row]<\/p>\n<\/div>","protected":false},"excerpt":{"rendered":"<p>[vc_row][vc_column][vc_column_text] POLITYKA COOKIES SERWISU I SKLEPU ONLINE www.metoda-tippinga.pl Obowi\u0105zuje od 6 marca 2023 r. \u00a71 Postanowienia og\u00f3lne W\u0142a\u015bcicielem Sklepu\/Strony i Administratorem danych osobowych podawanych w trakcie korzystania ze Sklepu prowadzonego pod adresem www.metoda-tippinga.pl jest NIEPUBLICZNA PLAC\u00d3WKA KSZTA\u0141CENIA USTAWICZNEGO WORKS AND SOUL z siedzib\u0105 w Krakowie, 30-363, Al. Gen. Jana Skrzyneckiego 12, REGON: 542108427, NIP: 6793337216, wpisana do Ewidencji Szk\u00f3\u0142 i Plac\u00f3wek Niepublicznych prowadzonej przez Prezydenta Miasta Krakowa pod numerem: 4430.13.223, kt\u00f3rej organem prowadz\u0105cym jest WORKS AND SOUL MAGDALENA M CZAJA SP\u00d3\u0141KA Z OGRANICZON\u0104 ODPOWIEDZIALNO\u015aCI\u0104 z siedzib\u0105 w Warszawie, 01-858, ul. gen. Klemensa Stanis\u0142awa Rudnickiego 1\/3, KRS: 0000854720; tel. 606 245 198; e-mail: info@metoda-tippinga.pl Zasady przetwarzania danych osobowych zosta\u0142y udost\u0119pnione w Polityce Prywatno\u015bci RODO, dost\u0119pnej pod adresem: www.metoda-tippinga.pl\/web\/polityka-prywatnosci-m\/ Strona i\/lub Sklep u\u017cywa plik\u00f3w cookies, aby dostarcza\u0107 us\u0142ugi i funkcje dostosowane do preferencji i potrzeb U\u017cytkownik\u00f3w strony, w szczeg\u00f3lno\u015bci pliki cookies pozwalaj\u0105 rozpozna\u0107 urz\u0105dzenie U\u017cytkownika i odpowiednio wy\u015bwietli\u0107 stron\u0119 internetow\u0105, dostosowan\u0105 do jego indywidualnych potrzeb. \u00a72 Stosowane definicje Cookies &#8211; ma\u0142e pliki, kt\u00f3re s\u0105 pobierane i przechowywane na komputerze lub innym urz\u0105dzeniu U\u017cytkownika, powi\u0105zanym z informacjami o sposobie u\u017cytkowania strony. U\u017cytkownik &#8211; osoba, kt\u00f3ra dobrowolnie korzysta z us\u0142ug i tre\u015bci dost\u0119pnych w Serwisie i Sklepie, tj. przegl\u0105da strony Serwisu i Sklepu, sk\u0142ada zam\u00f3wienie w Sklepie, rejestruje si\u0119, zapisuje si\u0119 na bezp\u0142atny newsletter lub kontaktuje si\u0119 z w\u0142a\u015bcicielem Sklepu poprzez formularz kontaktowy. Sklep\u00a0\u2013\u00a0sklep internetowy dost\u0119pny pod adresem www.metoda-tippinga.pl\/web\/sklep-mt\/,\u00a0za po\u015brednictwem, kt\u00f3rego Kupuj\u0105cy mo\u017ce dokonywa\u0107 zakup\u00f3w okre\u015blonych Towar\u00f3w i Produkt\u00f3w. Serwis &#8211; serwis dost\u0119pny pod adresem www.metoda-tippinga.pl,\u00a0za pomoc\u0105 kt\u00f3rego Kupuj\u0105cy mo\u017ce przegl\u0105da\u0107 zawarto\u015b\u0107 post\u00f3w blogowych, zapisa\u0107 si\u0119 na newsletter lub skontaktowa\u0107 si\u0119 z Administratorem danych osobowych. Dane osobowe &#8211; wszelkie informacje, kt\u00f3re bez nadmiernego czasu i kosztu mog\u0105 doprowadzi\u0107 do identyfikacji osoby fizycznej, w tym jej dane identyfikacyjne, adresowe i kontaktowe. \u00a73 Cele cookies Pliki cookies mog\u0105 mie\u0107 charakter tymczasowy, tj. s\u0105 usuwane z chwil\u0105 zamkni\u0119cia przegl\u0105darki, lub trwa\u0142y. Sta\u0142e pliki cookies s\u0105 przechowywane tak\u017ce po zako\u0144czeniu korzystania ze stron Serwisu i s\u0142u\u017c\u0105 do przechowywania informacji takich jak has\u0142o czy login, co przyspiesza i u\u0142atwia korzystanie ze stron, a tak\u017ce umo\u017cliwia zapami\u0119tanie wybranych przez U\u017cytkownika ustawie\u0144. Serwis wykorzystuje pliki cookies w nast\u0119puj\u0105cych celach: dostosowania zawarto\u015bci stron Serwisu do indywidualnych preferencji U\u017cytkownika oraz optymalizacji korzystania ze stron internetowych (wy\u015bwietlanie dostosowane do potrzeb &#8211; cookies funkcjonalne), dokonania analiz i statystyk, kt\u00f3re dostarcz\u0105 informacji, w jaki spos\u00f3b U\u017cytkownik Serwisu korzysta ze stron, co umo\u017cliwia ulepszanie ich struktury i zawarto\u015bci, marketingowych i\/lub remarketingowych, w tym kierowania dedykowanych tre\u015bci, w szczeg\u00f3lno\u015bci do U\u017cytkownik\u00f3w, kt\u00f3rzy odwiedzili stron\u0119 internetow\u0105 lub Fanpage Administratora danych osobowych na portalu spo\u0142eczno\u015bciowym Facebook i\/lub Instagram. Dane zawarte w cookies b\u0119d\u0105 archiwizowane i wykorzystywane w celach analizy statystycznej i oceny globalnego ruchu u\u017cytkownik\u00f3w Serwisu. Dane zawarte w cookies nie s\u0105 \u0142\u0105czone z przekazanymi przez U\u017cytkownika danymi osobowymi podczas zawarcia umowy lub kontaktu z Administratorem danych. \u00a74 Narz\u0119dzia zwi\u0105zane z gromadzeniem cookies lub udost\u0119pnianiem cookies. W celu analizy ruchu na stronie Serwisu, \u017ar\u00f3d\u0142a ruchu, jak i optymalizacji dzia\u0142a\u0144 marketingowych zainstalowano na stronie: Google Analytics &#8211; narz\u0119dzie dostarczane przez Google LLC. 1600 Amphitheatre Parkway Mountain View, CA 94043, USA, co pozwala na analiz\u0119 ruchu U\u017cytkownika na stronie Serwisu i jego podstronach (kraj\/miasto, liczba odwiedzin, przegl\u0105dane strony, czas odwiedzin, etc.).G\u0142\u00f3wny plik [&hellip;]<\/p>\n","protected":false},"author":4,"featured_media":0,"parent":0,"menu_order":0,"comment_status":"closed","ping_status":"closed","template":"","meta":{"footnotes":""},"class_list":["post-6482","page","type-page","status-publish","hentry"],"publishpress_future_action":{"enabled":false,"date":"2026-04-19 20:17:58","action":"change-status","newStatus":"private","terms":[],"taxonomy":"frm_application","extraData":[]},"publishpress_future_workflow_manual_trigger":{"enabledWorkflows":[]},"_links":{"self":[{"href":"https:\/\/metoda-tippinga.pl\/web\/wp-json\/wp\/v2\/pages\/6482","targetHints":{"allow":["GET"]}}],"collection":[{"href":"https:\/\/metoda-tippinga.pl\/web\/wp-json\/wp\/v2\/pages"}],"about":[{"href":"https:\/\/metoda-tippinga.pl\/web\/wp-json\/wp\/v2\/types\/page"}],"author":[{"embeddable":true,"href":"https:\/\/metoda-tippinga.pl\/web\/wp-json\/wp\/v2\/users\/4"}],"replies":[{"embeddable":true,"href":"https:\/\/metoda-tippinga.pl\/web\/wp-json\/wp\/v2\/comments?post=6482"}],"version-history":[{"count":7,"href":"https:\/\/metoda-tippinga.pl\/web\/wp-json\/wp\/v2\/pages\/6482\/revisions"}],"predecessor-version":[{"id":13423,"href":"https:\/\/metoda-tippinga.pl\/web\/wp-json\/wp\/v2\/pages\/6482\/revisions\/13423"}],"wp:attachment":[{"href":"https:\/\/metoda-tippinga.pl\/web\/wp-json\/wp\/v2\/media?parent=6482"}],"curies":[{"name":"wp","href":"https:\/\/api.w.org\/{rel}","templated":true}]}}