
{"id":861,"date":"2019-08-12T15:37:45","date_gmt":"2019-08-12T13:37:45","guid":{"rendered":"http:\/\/metoda-tippinga.pl\/web\/?page_id=861"},"modified":"2026-04-10T12:14:34","modified_gmt":"2026-04-10T10:14:34","slug":"narzedzia","status":"publish","type":"page","link":"https:\/\/metoda-tippinga.pl\/web\/narzedzia\/","title":{"rendered":"Narz\u0119dzia"},"content":{"rendered":"<div class=\"wpb-content-wrapper\"><p>[vc_row][vc_column][vc_column_text]<\/p>\n<p class=\"\" align=\"justify\">\u201eArkusz Radykalnego Wybaczania zmieni\u0142 ju\u017c \u017cycie tysi\u0119cy ludzi (dos\u0142ownie!). Nie\u0142atwo jest wyja\u015bni\u0107, w jaki spos\u00f3b i dlaczego osi\u0105ga tak spektakularne wyniki ale pewne jest, \u017ce pomaga ca\u0142kowicie zmieni\u0107 energi\u0119 &#8211; ju\u017c samo jego wype\u0142nienie jest do\u015bwiadczeniem energetycznym, zmieniaj\u0105cym perspektyw\u0119 i postrzeganie rzeczywisto\u015bci. Sprawia, \u017ce otwieramy si\u0119 na mo\u017cliwo\u015b\u0107, i\u017c nic w naszym \u017cyciu nie dzieje si\u0119 bez powodu i ma g\u0142\u0119boki sens, a gdyby\u015bmy mogli zobaczy\u0107 nasze \u017cycie z lotu ptaka okaza\u0142oby si\u0119, \u017ce wszystkie wydarzenia idealnie do siebie pasuj\u0105.<\/p>\n<p class=\"\" align=\"justify\">Arkusz przedstawia g\u0142\u00f3wn\u0105 ide\u0119 Radykalnego Wybaczania: do\u015bwiadczamy danych (cz\u0119sto trudnych i bolesnych) sytuacji (i sami je stwarzamy!), aby uczy\u0107 si\u0119 i rozwija\u0107. Patrz\u0105c wstecz na nasze \u017cycie, mo\u017cemy zobaczy\u0107, \u017ce sytuacja, kt\u00f3ra w tamtym czasie wydawa\u0142a si\u0119 tak nie do zniesienia, by\u0142a w rzeczywisto\u015bci darem i czasem ogromnego rozwoju. Podobnie, przechodz\u0105c przez pi\u0119\u0107 etap\u00f3w Radykalnego Wybaczania, zaczynamy zdawa\u0107 sobie spraw\u0119, \u017ce osoby, kt\u00f3rzy najbardziej nas dr\u0119cz\u0105, s\u0105 cz\u0119sto naszymi najwi\u0119kszymi nauczycielami.<\/p>\n<p class=\"\" align=\"justify\">Wyra\u017caj\u0105c gotowo\u015b\u0107 do zmiany postrzegania tego co nas spotka\u0142o, uwalniamy energi\u0119 zgromadzon\u0105 wok\u00f3\u0142 danego wydarzenia \u2013 i dzieje si\u0119 to bez wzgl\u0119du na to, jak sceptyczni byli\u015bmy na pocz\u0105tku Arkusza. Gdy energia si\u0119 uwalnia, sytuacja rozwi\u0105zuje si\u0119 cz\u0119sto automatycznie&#8230; A co najbardziej zadziwiaj\u0105ce: WYSTARCZY TYLKO OTWORZY\u0106 SI\u0118 NA TAK\u0104 MO\u017bLIWO\u015a\u0106!<\/p>\n<p class=\"\" align=\"justify\">Zdecyduj z jakim problemem chcesz pracowa\u0107 i rozpocznij proces Radykalnego Wybaczania.<\/p>\n<p class=\"\" align=\"justify\">Z ciep\u0142ymi pozdrowieniami,<br \/>\nColin Tipping\u201d<\/p>\n<p class=\"\" align=\"justify\">UWAGA! Dost\u0119pne tu Arkusze Radykalnego Wybaczania s\u0105 zmodyfikowan\u0105 wersja starej wersji dost\u0119pnej w ksi\u0105\u017cce: Radykalne Wybaczanie. Z do\u015bwiadczenia wiemy, \u017ce ich pierwsze wype\u0142nienie mo\u017ce sprawia\u0107 pewne trudno\u015bci, op\u00f3r i mo\u017ce rodzi\u0107 pytania. Dlatego bardzo polecamy sesje z nami <a href=\"https:\/\/metoda-tippinga.pl\/web\/kursy-szkolenia-i-gry\/\">[ZAPISZ SI\u0118 NA SESJ\u0118]<\/a>, jednym z naszych autoryzowanych trener\u00f3w <a href=\"https:\/\/metoda-tippinga.pl\/web\/trenerzy\/\">[BAZA TRENER\u00d3W]<\/a> lub zapraszamy na Warsztaty <a href=\"https:\/\/metoda-tippinga.pl\/web\/wydarzenia\/\">[WYDARZENIA]<\/a>.<\/p>\n<p>[\/vc_column_text][\/vc_column][\/vc_row][vc_row css=&#8221;.vc_custom_1775580011168{padding-top: 1rem !important;padding-right: 1rem !important;padding-bottom: 1rem !important;padding-left: 1rem !important;background-color: #16736e !important;border-radius: 15px !important;}&#8221;][vc_column][vc_column_text]<\/p>\n<h3 style=\"color: #fff; text-align: justify;\"><i>Misj\u0105 Instytutu Radykalnego Wybaczania oraz Magdaleny Czaji jest szerzenie idei Radykalnego Wybaczenia. W\u0142a\u015bnie dlatego wiele narz\u0119dzi udost\u0119pniamy bezp\u0142atnie, by dzieli\u0107 si\u0119 nimi z innymi w ramach szerzenia tej misji. Jednymi z takich bezp\u0142atnych narz\u0119dzi s\u0105 w\u0142a\u015bnie Arkusz Radykalnego Samowybaczania oraz Arkusz Radykalnego Wybaczania stworzone przez samego Colina Tippinga.<\/i><\/h3>\n<p>[\/vc_column_text][\/vc_column][\/vc_row][vc_row content_placement=&#8221;middle&#8221; el_class=&#8221;hide&#8221;][vc_column width=&#8221;1\/2&#8243;][vc_single_image image=&#8221;11693&#8243; img_size=&#8221;full&#8221; onclick=&#8221;custom_link&#8221; img_link_target=&#8221;_blank&#8221; link=&#8221;https:\/\/metoda-tippinga.pl\/web\/produkt\/kurs-radykalnego-wybaczania-dla-poczatkujacych-z-magdalena-czaja\/&#8221;][\/vc_column][vc_column width=&#8221;1\/2&#8243; css=&#8221;.vc_custom_1578761586462{margin-bottom: -10px !important;}&#8221;][vc_column_text css=&#8221;.vc_custom_1578761262330{margin-bottom: -20px !important;}&#8221;]<\/p>\n<h3 style=\"text-align: center;\"><strong>Arkusz Radykalnego Wybaczania<\/strong><\/h3>\n<p style=\"text-align: center;\">Odbierz darmowe arkusze i zapisz si\u0119 na nasz mailing!<\/p>\n<p>[\/vc_column_text]\n<div class=\"wpcf7 no-js\" id=\"wpcf7-f1771-o1\" lang=\"en-US\" dir=\"ltr\" data-wpcf7-id=\"1771\">\n<div class=\"screen-reader-response\"><p role=\"status\" aria-live=\"polite\" aria-atomic=\"true\"><\/p> <ul><\/ul><\/div>\n<form action=\"\/web\/wp-json\/wp\/v2\/pages\/861#wpcf7-f1771-o1\" method=\"post\" class=\"wpcf7-form init\" aria-label=\"Contact form\" novalidate=\"novalidate\" data-status=\"init\">\n<fieldset class=\"hidden-fields-container\"><input type=\"hidden\" name=\"_wpcf7\" value=\"1771\" \/><input type=\"hidden\" name=\"_wpcf7_version\" value=\"6.1\" \/><input type=\"hidden\" name=\"_wpcf7_locale\" value=\"en_US\" \/><input type=\"hidden\" name=\"_wpcf7_unit_tag\" value=\"wpcf7-f1771-o1\" \/><input type=\"hidden\" name=\"_wpcf7_container_post\" value=\"0\" \/><input type=\"hidden\" name=\"_wpcf7_posted_data_hash\" value=\"\" \/><input type=\"hidden\" name=\"_wpcf7_recaptcha_response\" value=\"\" \/>\n<\/fieldset>\n<div class=\"row\">\n\t<div class=\"col-md-12\">\n\t\t<div class=\"form-group\">\n\t\t\t<p><span class=\"wpcf7-form-control-wrap\" data-name=\"your-name\"><input size=\"40\" maxlength=\"400\" class=\"wpcf7-form-control wpcf7-text wpcf7-validates-as-required input-lg\" aria-required=\"true\" aria-invalid=\"false\" placeholder=\"Imi\u0119\" value=\"\" type=\"text\" name=\"your-name\" \/><\/span><span class=\"wpcf7-form-control-wrap\" data-name=\"email\"><input size=\"40\" maxlength=\"400\" class=\"wpcf7-form-control wpcf7-email wpcf7-validates-as-required wpcf7-text wpcf7-validates-as-email input-lg\" aria-required=\"true\" aria-invalid=\"false\" placeholder=\"Adres e-mail\" value=\"\" type=\"email\" name=\"email\" \/><\/span>\n\t\t\t<\/p>\n\t\t<\/div>\n\t<\/div>\n<\/div>\n<div style= \"font-size: 10px; text-align: left;\">\n\t<p><label><span class=\"wpcf7-form-control-wrap\" data-name=\"signup-to-newsletter\"><span class=\"wpcf7-form-control wpcf7-acceptance optional\"><span class=\"wpcf7-list-item\"><input type=\"checkbox\" name=\"signup-to-newsletter\" value=\"1\" class=\"signup-to-newsletter\" id=\"signup-to-newsletter\" aria-invalid=\"false\" \/><\/span><\/span><\/span> Wyra\u017cam zgod\u0119 na przetwarzanie danych w celu wysy\u0142ki newslettera i udost\u0119pnienie bezp\u0142atnej tre\u015bci cyfrowej przez MNIEPUBLICZN\u0104 PLAC\u00d3WK\u0118 KSZTA\u0141CENIA USTAWICZNEGO WORKS AND SOUL z siedzib\u0105 w Krakowie, 30-363, Al. Gen. Jana Skrzyneckiego 12, REGON: 542108427, NIP: 6793337216 , wpisan\u0105 do Ewidencji Szk\u00f3\u0142 i Plac\u00f3wek Niepublicznych prowadzonej przez Prezydenta Miasta Krakowa pod numerem: 4430.13.223, kt\u00f3rej organem prowadz\u0105cym jest WORKS AND SOUL MAGDALENA M CZAJA SP\u00d3\u0141KA Z OGRANICZON\u0104 ODPOWIEDZIALNO\u015aCI\u0104 z siedzib\u0105 w Warszawie, 01-858, ul. gen. Klemensa Stanis\u0142awa Rudnickiego 1\/3, KRS: 0000854720<\/label>\n\t<\/p>\n<\/div>\n<div style=\"font-size: 10px; text-align: left;\">\n\t<p>Administratorem danych subskrybent\u00f3w newslettera jest NIEPUBLICZNA PLAC\u00d3WKA KSZTA\u0141CENIA USTAWICZNEGO WORKS AND SOUL z siedzib\u0105 w Krakowie, 30-363, Al. Gen. Jana Skrzyneckiego 12, REGON: 542108427, NIP: 6793337216, wpisana do Ewidencji Szk\u00f3\u0142 i Plac\u00f3wek Niepublicznych prowadzonej przez Prezydenta Miasta Krakowa pod numerem: 4430.13.223, kt\u00f3rej organem prowadz\u0105cym jest WORKS AND SOUL MAGDALENA M CZAJA SP\u00d3\u0141KA Z OGRANICZON\u0104 ODPOWIEDZIALNO\u015aCI\u0104 z siedzib\u0105 w Warszawie, 01-858, ul. gen. Klemensa Stanis\u0142awa Rudnickiego 1\/3, KRS: 0000854720. Dane be\u0328da\u0328 przetwarzane w celu wysy\u0142ki newslettera. Wie\u0328cej informacji znajdziesz w <a href=\"https:\/\/metoda-tippinga.pl\/web\/polityka-prywatnosci-m\/\">polityce prywatnos\u0301ci<\/a> oraz <a href=\"https:\/\/metoda-tippinga.pl\/web\/regulamin-newslettera\/\">Regulaminie newslettera<\/a>\n\t<\/p>\n<\/div>\n<div class=\"row\">\n\t<div class=\"col-md-12\">\n\t\t<div class=\"spacer-10\">\n\t\t<\/div>\n\t\t<p><input class=\"wpcf7-form-control wpcf7-submit has-spinner btn btnbaza btn-primary btn-lg btn-block\" type=\"submit\" value=\"Odbierz darmowe arkusze!\" \/>\n\t\t<\/p>\n\t<\/div>\n\t<div style=\"font-size: 12px; margin-bottom: 20px;\">\n\t\t<p>Pobranie tre\u015bci cyfrowej (arkusza) jest bezp\u0142atne pod warunkiem zapisania si\u0119 do newslettera, ale mo\u017cna j\u0105 naby\u0107 tak\u017ce alternatywnie bez zapisywania si\u0119 na newsletter odp\u0142atnie - zgodnie z regulaminem newslettera.\n\t\t<\/p>\n\t<\/div>\n<\/div><p style=\"display: none !important;\" class=\"akismet-fields-container\" data-prefix=\"_wpcf7_ak_\"><label>&#916;<textarea name=\"_wpcf7_ak_hp_textarea\" cols=\"45\" rows=\"8\" maxlength=\"100\"><\/textarea><\/label><input type=\"hidden\" id=\"ak_js_1\" name=\"_wpcf7_ak_js\" value=\"132\"\/><script>document.getElementById( \"ak_js_1\" ).setAttribute( \"value\", ( new Date() ).getTime() );<\/script><\/p><div class=\"wpcf7-response-output\" aria-hidden=\"true\"><\/div>\n<\/form>\n<\/div>\n[\/vc_column][\/vc_row][vc_row content_placement=&#8221;top&#8221; css=&#8221;.vc_custom_1775725398582{margin-top: 3rem !important;}&#8221;][vc_column width=&#8221;1\/2&#8243;][vc_column_text css=&#8221;.vc_custom_1775816058939{margin-bottom: -20px !important;}&#8221;]<\/p>\n<h3 style=\"text-align: center;\"><strong>Arkusz Radykalnego Wybaczania<\/strong><\/h3>\n<p style=\"text-align: center;\">A co je\u015bli mo\u017cesz spojrze\u0107 na to wszystko zupe\u0142nie inaczej&#8230; i naprawd\u0119 poczu\u0107 ulg\u0119? To proste, a jednocze\u015bnie niezwyk\u0142e narz\u0119dzie, kt\u00f3re pomaga uwolni\u0107 si\u0119 od emocjonalnego ci\u0119\u017caru i i odzyska\u0107 spok\u00f3j.<\/p>\n<p style=\"text-align: center;\">Odbierz darmowe arkusze i do\u0142\u0105cz do naszego newslettera!<\/p>\n<p>[\/vc_column_text][vc_btn title=&#8221;Odbierz Arkusz Radykalnego Wybaczania&#8221; style=&#8221;flat&#8221; color=&#8221;info&#8221; size=&#8221;lg&#8221; align=&#8221;center&#8221; i_icon_fontawesome=&#8221;fas fa-arrow-circle-down&#8221; css_animation=&#8221;fadeIn&#8221; add_icon=&#8221;true&#8221; link=&#8221;url:https%3A%2F%2Fkursy.metoda-tippinga.pl%2Ffunnel%2Farkusz-radykalnego-wybaczania%2Fpdf%2F&#8221; el_class=&#8221;textbut&#8221; css=&#8221;.vc_custom_1775815556443{margin-top: 2rem !important;}&#8221;][\/vc_column][vc_column width=&#8221;1\/2&#8243;][vc_column_text css=&#8221;.vc_custom_1775816071779{margin-bottom: -20px !important;}&#8221;]<\/p>\n<h3 style=\"text-align: center;\"><strong>Arkusz Radykalnego Samowybaczania<\/strong><\/h3>\n<p style=\"text-align: center;\">To praktyczne narz\u0119dzie, kt\u00f3re pomaga przej\u015b\u0107 od samos\u0105du do samoakceptacji. Powsta\u0142 w duchu pracy z Radykalnym Wybaczaniem i \u015bwiadom\u0105 transformacj\u0105 przekona\u0144.<\/p>\n<p style=\"text-align: center;\">Odbierz darmowe arkusze i do\u0142\u0105cz do naszego newslettera!<\/p>\n<p>[\/vc_column_text][vc_btn title=&#8221;Odbierz Arkusz Radykalnego Samowybaczania&#8221; style=&#8221;flat&#8221; color=&#8221;info&#8221; size=&#8221;lg&#8221; align=&#8221;center&#8221; i_icon_fontawesome=&#8221;fas fa-arrow-circle-down&#8221; css_animation=&#8221;fadeIn&#8221; add_icon=&#8221;true&#8221; link=&#8221;url:https%3A%2F%2Fkursy.metoda-tippinga.pl%2Ffunnel%2Farkusz-samowybaczania%2Fpdf%2F&#8221; el_class=&#8221;textbut&#8221; css=&#8221;.vc_custom_1775815563624{margin-top: 2rem !important;}&#8221;][\/vc_column][\/vc_row]<\/p>\n<\/div>","protected":false},"excerpt":{"rendered":"<p>[vc_row][vc_column][vc_column_text] \u201eArkusz Radykalnego Wybaczania zmieni\u0142 ju\u017c \u017cycie tysi\u0119cy ludzi (dos\u0142ownie!). Nie\u0142atwo jest wyja\u015bni\u0107, w jaki spos\u00f3b i dlaczego osi\u0105ga tak spektakularne wyniki ale pewne jest, \u017ce pomaga ca\u0142kowicie zmieni\u0107 energi\u0119 &#8211; ju\u017c samo jego wype\u0142nienie jest do\u015bwiadczeniem energetycznym, zmieniaj\u0105cym perspektyw\u0119 i postrzeganie rzeczywisto\u015bci. Sprawia, \u017ce otwieramy si\u0119 na mo\u017cliwo\u015b\u0107, i\u017c nic w naszym \u017cyciu nie dzieje si\u0119 bez powodu i ma g\u0142\u0119boki sens, a gdyby\u015bmy mogli zobaczy\u0107 nasze \u017cycie z lotu ptaka okaza\u0142oby si\u0119, \u017ce wszystkie wydarzenia idealnie do siebie pasuj\u0105. Arkusz przedstawia g\u0142\u00f3wn\u0105 ide\u0119 Radykalnego Wybaczania: do\u015bwiadczamy danych (cz\u0119sto trudnych i bolesnych) sytuacji (i sami je stwarzamy!), aby uczy\u0107 si\u0119 i rozwija\u0107. Patrz\u0105c wstecz na nasze \u017cycie, mo\u017cemy zobaczy\u0107, \u017ce sytuacja, kt\u00f3ra w tamtym czasie wydawa\u0142a si\u0119 tak nie do zniesienia, by\u0142a w rzeczywisto\u015bci darem i czasem ogromnego rozwoju. Podobnie, przechodz\u0105c przez pi\u0119\u0107 etap\u00f3w Radykalnego Wybaczania, zaczynamy zdawa\u0107 sobie spraw\u0119, \u017ce osoby, kt\u00f3rzy najbardziej nas dr\u0119cz\u0105, s\u0105 cz\u0119sto naszymi najwi\u0119kszymi nauczycielami. Wyra\u017caj\u0105c gotowo\u015b\u0107 do zmiany postrzegania tego co nas spotka\u0142o, uwalniamy energi\u0119 zgromadzon\u0105 wok\u00f3\u0142 danego wydarzenia \u2013 i dzieje si\u0119 to bez wzgl\u0119du na to, jak sceptyczni byli\u015bmy na pocz\u0105tku Arkusza. Gdy energia si\u0119 uwalnia, sytuacja rozwi\u0105zuje si\u0119 cz\u0119sto automatycznie&#8230; A co najbardziej zadziwiaj\u0105ce: WYSTARCZY TYLKO OTWORZY\u0106 SI\u0118 NA TAK\u0104 MO\u017bLIWO\u015a\u0106! Zdecyduj z jakim problemem chcesz pracowa\u0107 i rozpocznij proces Radykalnego Wybaczania. Z ciep\u0142ymi pozdrowieniami, Colin Tipping\u201d UWAGA! Dost\u0119pne tu Arkusze Radykalnego Wybaczania s\u0105 zmodyfikowan\u0105 wersja starej wersji dost\u0119pnej w ksi\u0105\u017cce: Radykalne Wybaczanie. Z do\u015bwiadczenia wiemy, \u017ce ich pierwsze wype\u0142nienie mo\u017ce sprawia\u0107 pewne trudno\u015bci, op\u00f3r i mo\u017ce rodzi\u0107 pytania. Dlatego bardzo polecamy sesje z nami [ZAPISZ SI\u0118 NA SESJ\u0118], jednym z naszych autoryzowanych trener\u00f3w [BAZA TRENER\u00d3W] lub zapraszamy na Warsztaty [WYDARZENIA]. [\/vc_column_text][\/vc_column][\/vc_row][vc_row css=&#8221;.vc_custom_1775580011168{padding-top: 1rem !important;padding-right: 1rem !important;padding-bottom: 1rem !important;padding-left: 1rem !important;background-color: #16736e !important;border-radius: 15px !important;}&#8221;][vc_column][vc_column_text] Misj\u0105 Instytutu Radykalnego Wybaczania oraz Magdaleny Czaji jest szerzenie idei Radykalnego Wybaczenia. W\u0142a\u015bnie dlatego wiele narz\u0119dzi udost\u0119pniamy bezp\u0142atnie, by dzieli\u0107 si\u0119 nimi z innymi w ramach szerzenia tej misji. Jednymi z takich bezp\u0142atnych narz\u0119dzi s\u0105 w\u0142a\u015bnie Arkusz Radykalnego Samowybaczania oraz Arkusz Radykalnego Wybaczania stworzone przez samego Colina Tippinga. [\/vc_column_text][\/vc_column][\/vc_row][vc_row content_placement=&#8221;middle&#8221; el_class=&#8221;hide&#8221;][vc_column width=&#8221;1\/2&#8243;][vc_single_image image=&#8221;11693&#8243; img_size=&#8221;full&#8221; onclick=&#8221;custom_link&#8221; img_link_target=&#8221;_blank&#8221; link=&#8221;https:\/\/metoda-tippinga.pl\/web\/produkt\/kurs-radykalnego-wybaczania-dla-poczatkujacych-z-magdalena-czaja\/&#8221;][\/vc_column][vc_column width=&#8221;1\/2&#8243; css=&#8221;.vc_custom_1578761586462{margin-bottom: -10px !important;}&#8221;][vc_column_text css=&#8221;.vc_custom_1578761262330{margin-bottom: -20px !important;}&#8221;] Arkusz Radykalnego Wybaczania Odbierz darmowe arkusze i zapisz si\u0119 na nasz mailing! [\/vc_column_text][\/vc_column][\/vc_row][vc_row content_placement=&#8221;top&#8221; css=&#8221;.vc_custom_1775725398582{margin-top: 3rem !important;}&#8221;][vc_column width=&#8221;1\/2&#8243;][vc_column_text css=&#8221;.vc_custom_1775816058939{margin-bottom: -20px !important;}&#8221;] Arkusz Radykalnego Wybaczania A co je\u015bli mo\u017cesz spojrze\u0107 na to wszystko zupe\u0142nie inaczej&#8230; i naprawd\u0119 poczu\u0107 ulg\u0119? To proste, a jednocze\u015bnie niezwyk\u0142e narz\u0119dzie, kt\u00f3re pomaga uwolni\u0107 si\u0119 od emocjonalnego ci\u0119\u017caru i i odzyska\u0107 spok\u00f3j. Odbierz darmowe arkusze i do\u0142\u0105cz do naszego newslettera! [\/vc_column_text][vc_btn title=&#8221;Odbierz Arkusz Radykalnego Wybaczania&#8221; style=&#8221;flat&#8221; color=&#8221;info&#8221; size=&#8221;lg&#8221; align=&#8221;center&#8221; i_icon_fontawesome=&#8221;fas fa-arrow-circle-down&#8221; css_animation=&#8221;fadeIn&#8221; add_icon=&#8221;true&#8221; link=&#8221;url:https%3A%2F%2Fkursy.metoda-tippinga.pl%2Ffunnel%2Farkusz-radykalnego-wybaczania%2Fpdf%2F&#8221; el_class=&#8221;textbut&#8221; css=&#8221;.vc_custom_1775815556443{margin-top: 2rem !important;}&#8221;][\/vc_column][vc_column width=&#8221;1\/2&#8243;][vc_column_text css=&#8221;.vc_custom_1775816071779{margin-bottom: -20px !important;}&#8221;] Arkusz Radykalnego Samowybaczania To praktyczne narz\u0119dzie, kt\u00f3re pomaga przej\u015b\u0107 od samos\u0105du do samoakceptacji. Powsta\u0142 w duchu pracy z Radykalnym Wybaczaniem i \u015bwiadom\u0105 transformacj\u0105 przekona\u0144. Odbierz darmowe arkusze i do\u0142\u0105cz do naszego newslettera! [\/vc_column_text][vc_btn title=&#8221;Odbierz Arkusz Radykalnego Samowybaczania&#8221; style=&#8221;flat&#8221; color=&#8221;info&#8221; size=&#8221;lg&#8221; align=&#8221;center&#8221; i_icon_fontawesome=&#8221;fas fa-arrow-circle-down&#8221; css_animation=&#8221;fadeIn&#8221; add_icon=&#8221;true&#8221; link=&#8221;url:https%3A%2F%2Fkursy.metoda-tippinga.pl%2Ffunnel%2Farkusz-samowybaczania%2Fpdf%2F&#8221; el_class=&#8221;textbut&#8221; css=&#8221;.vc_custom_1775815563624{margin-top: 2rem !important;}&#8221;][\/vc_column][\/vc_row]<\/p>\n","protected":false},"author":4,"featured_media":0,"parent":0,"menu_order":0,"comment_status":"closed","ping_status":"closed","template":"","meta":{"footnotes":""},"class_list":["post-861","page","type-page","status-publish","hentry"],"publishpress_future_action":{"enabled":false,"date":"2026-04-19 20:17:57","action":"change-status","newStatus":"private","terms":[],"taxonomy":"frm_application","extraData":[]},"publishpress_future_workflow_manual_trigger":{"enabledWorkflows":[]},"_links":{"self":[{"href":"https:\/\/metoda-tippinga.pl\/web\/wp-json\/wp\/v2\/pages\/861","targetHints":{"allow":["GET"]}}],"collection":[{"href":"https:\/\/metoda-tippinga.pl\/web\/wp-json\/wp\/v2\/pages"}],"about":[{"href":"https:\/\/metoda-tippinga.pl\/web\/wp-json\/wp\/v2\/types\/page"}],"author":[{"embeddable":true,"href":"https:\/\/metoda-tippinga.pl\/web\/wp-json\/wp\/v2\/users\/4"}],"replies":[{"embeddable":true,"href":"https:\/\/metoda-tippinga.pl\/web\/wp-json\/wp\/v2\/comments?post=861"}],"version-history":[{"count":68,"href":"https:\/\/metoda-tippinga.pl\/web\/wp-json\/wp\/v2\/pages\/861\/revisions"}],"predecessor-version":[{"id":15624,"href":"https:\/\/metoda-tippinga.pl\/web\/wp-json\/wp\/v2\/pages\/861\/revisions\/15624"}],"wp:attachment":[{"href":"https:\/\/metoda-tippinga.pl\/web\/wp-json\/wp\/v2\/media?parent=861"}],"curies":[{"name":"wp","href":"https:\/\/api.w.org\/{rel}","templated":true}]}}