
{"id":874,"date":"2019-08-12T15:51:27","date_gmt":"2019-08-12T13:51:27","guid":{"rendered":"http:\/\/metoda-tippinga.pl\/web\/?page_id=874"},"modified":"2023-01-03T13:15:07","modified_gmt":"2023-01-03T12:15:07","slug":"o-metodzie","status":"publish","type":"page","link":"https:\/\/metoda-tippinga.pl\/web\/o-metodzie\/","title":{"rendered":"O Metodzie"},"content":{"rendered":"<p class=\"\" align=\"justify\">Radykalne Wybaczanie jest filozofi\u0105 \u017cycia oferuj\u0105c\u0105 narz\u0119dzia do pracy z trudnymi do\u015bwiadczeniami i relacjami. Autorem tej metody jest Brytyjczyk Colin Tipping.<\/p>\n<p class=\"\" align=\"justify\">Podstawow\u0105 r\u00f3\u017cnic\u0105 mi\u0119dzy Radykalnym Wybaczaniem, a tradycyjnym jest samo podej\u015bcie do traumatycznych sytuacji lub relacji. Tradycyjne wybaczanie cz\u0119sto zwi\u0105zane jest z wieloletni\u0105 prac\u0105 z psychologiem lub psychoterapeut\u0105. R\u00f3wnie cz\u0119sto, klient jest ofiar\u0105, a w jego \u017cyciu wydarzy\u0142o si\u0119 co\u015b z\u0142ego i na tym skupia si\u0119 ca\u0142a terapia i ka\u017cda sesja. Metoda Tippinga odmienia \u017cycie cz\u0142owieka, poniewa\u017c pozwala zmieni\u0107 perspektyw\u0119 widzenia tego, co si\u0119 wydarzy\u0142o lub tego co w\u0142a\u015bnie si\u0119 dzieje. Umo\u017cliwia to wyj\u015bcie z poczucia winy i spojrzenie na przesz\u0142o\u015b\u0107 z zupe\u0142nie innej strony.<\/p>\n<p class=\"\" align=\"justify\">W przeciwie\u0144stwie do innych form wybaczania, Radykalne Wybaczanie jest szybkie i \u0142atwe do nauczenia i zastosowania oraz daje natychmiastowe efekty. Narz\u0119dzia Radykalnego Wybaczania s\u0105 niezwykle proste w u\u017cyciu i krok po kroku umo\u017cliwiaj\u0105 pozbycie si\u0119 emocjonalnego baga\u017cu przesz\u0142o\u015bci, jak r\u00f3wnie\u017c pozwalaj\u0105 nam \u017cy\u0107 bez obawy o przysz\u0142o\u015b\u0107.<\/p>\n<p class=\"\" align=\"justify\">Rezultatem stosowania Radykalnego Wybaczania jest poczucie szcz\u0119\u015bcia, zadowolenia, uzdrowienia relacji z innymi lud\u017ami (rodzice, partnerzy, dzieci, wsp\u00f3\u0142pracownicy), poprawa zdrowia, odzyskanie wewn\u0119trznej mocy osobistej oraz poczucie wolno\u015bci.<\/p>\n<p class=\"\" align=\"justify\">Jako Instytut Metody Tippinga oferujemy cykliczne spotkania, kursy oraz warsztaty, na kt\u00f3rych przedstawiamy narz\u0119dzia Radykalnego Wybaczania i uczymy pracy z nimi.<\/p>\n<p><img loading=\"lazy\" decoding=\"async\" class=\"aligncenter wp-image-1370 size-medium\" src=\"https:\/\/metoda-tippinga.pl\/web\/wp-content\/uploads\/2019\/10\/i-radykalne-wybaczanie-212x300.jpg\" alt=\"Zach\u0119camy do przeczytania fragmentu ksi\u0105\u017cki Colina Tippinga &quot;Radykalne wybaczanie&quot;, kt\u00f3ry przedstawia za\u0142o\u017cenia i dzia\u0142anie filozofii metody Tippinga: HISTORIA JILL.\" width=\"212\" height=\"300\" srcset=\"https:\/\/metoda-tippinga.pl\/web\/wp-content\/uploads\/2019\/10\/i-radykalne-wybaczanie-212x300.jpg 212w, https:\/\/metoda-tippinga.pl\/web\/wp-content\/uploads\/2019\/10\/i-radykalne-wybaczanie.jpg 424w, https:\/\/metoda-tippinga.pl\/web\/wp-content\/uploads\/2019\/10\/i-radykalne-wybaczanie-300x425.jpg 300w\"  sizes=\"(max-width: 212px) 100vw, 212px\" \/><\/p>\n<p style=\"text-align: center;\" align=\"justify\"><strong>Zach\u0119camy do przeczytania fragmentu ksi\u0105\u017cki Colina Tippinga &#8222;Radykalne wybaczanie&#8221;, kt\u00f3ry przedstawia za\u0142o\u017cenia i dzia\u0142anie filozofii metody Tippinga: <a href=\"\/historia-jill\/\">HISTORIA JILL<\/a>.<\/strong><\/p>\n<p style=\"text-align: center;\" align=\"justify\">Wi\u0119cej o pracy metod\u0105 Tippinga w wywiadzie z szefow\u0105 Instytutu Magdalen\u0105 Czaja:<br \/>\n<a class=\"btn btn-sm btn-default\" style=\"background-color: #3bafda; color: #ffffff; font-size: 15px;\" href=\"\/trener-nie-jest-lektyka\/\" data-slimstat=\"5\">Trener nie jest lektyk\u0105 \u00bb <\/a><\/p>\n<p><img loading=\"lazy\" decoding=\"async\" class=\"wp-image-881 size-large aligncenter\" src=\"https:\/\/metoda-tippinga.pl\/web\/wp-content\/uploads\/2019\/08\/Zrzut-ekranu-2019-08-12-o-15.53.43-1024x561.png\" alt=\"\" width=\"680\" height=\"373\" srcset=\"https:\/\/metoda-tippinga.pl\/web\/wp-content\/uploads\/2019\/08\/Zrzut-ekranu-2019-08-12-o-15.53.43-1024x561.png 1024w, https:\/\/metoda-tippinga.pl\/web\/wp-content\/uploads\/2019\/08\/Zrzut-ekranu-2019-08-12-o-15.53.43-600x329.png 600w, https:\/\/metoda-tippinga.pl\/web\/wp-content\/uploads\/2019\/08\/Zrzut-ekranu-2019-08-12-o-15.53.43-300x164.png 300w, https:\/\/metoda-tippinga.pl\/web\/wp-content\/uploads\/2019\/08\/Zrzut-ekranu-2019-08-12-o-15.53.43-768x421.png 768w, https:\/\/metoda-tippinga.pl\/web\/wp-content\/uploads\/2019\/08\/Zrzut-ekranu-2019-08-12-o-15.53.43-958x525.png 958w\"  sizes=\"(max-width: 680px) 100vw, 680px\" \/><\/p>\n","protected":false},"excerpt":{"rendered":"<p>Radykalne Wybaczanie jest filozofi\u0105 \u017cycia oferuj\u0105c\u0105 narz\u0119dzia do pracy z trudnymi do\u015bwiadczeniami i relacjami. Autorem tej metody jest Brytyjczyk Colin Tipping. Podstawow\u0105 r\u00f3\u017cnic\u0105 mi\u0119dzy Radykalnym Wybaczaniem, a tradycyjnym jest samo podej\u015bcie do traumatycznych sytuacji lub relacji. Tradycyjne wybaczanie cz\u0119sto zwi\u0105zane jest z wieloletni\u0105 prac\u0105 z psychologiem lub psychoterapeut\u0105. R\u00f3wnie cz\u0119sto, klient jest ofiar\u0105, a w jego \u017cyciu wydarzy\u0142o si\u0119 co\u015b z\u0142ego i na tym skupia si\u0119 ca\u0142a terapia i ka\u017cda sesja. Metoda Tippinga odmienia \u017cycie cz\u0142owieka, poniewa\u017c pozwala zmieni\u0107 perspektyw\u0119 widzenia tego, co si\u0119 wydarzy\u0142o lub tego co w\u0142a\u015bnie si\u0119 dzieje. Umo\u017cliwia to wyj\u015bcie z poczucia winy i spojrzenie na przesz\u0142o\u015b\u0107 z zupe\u0142nie innej strony. W przeciwie\u0144stwie do innych form wybaczania, Radykalne Wybaczanie jest szybkie i \u0142atwe do nauczenia i zastosowania oraz daje natychmiastowe efekty. Narz\u0119dzia Radykalnego Wybaczania s\u0105 niezwykle proste w u\u017cyciu i krok po kroku umo\u017cliwiaj\u0105 pozbycie si\u0119 emocjonalnego baga\u017cu przesz\u0142o\u015bci, jak r\u00f3wnie\u017c pozwalaj\u0105 nam \u017cy\u0107 bez obawy o przysz\u0142o\u015b\u0107. Rezultatem stosowania Radykalnego Wybaczania jest poczucie szcz\u0119\u015bcia, zadowolenia, uzdrowienia relacji z innymi lud\u017ami (rodzice, partnerzy, dzieci, wsp\u00f3\u0142pracownicy), poprawa zdrowia, odzyskanie wewn\u0119trznej mocy osobistej oraz poczucie wolno\u015bci. Jako Instytut Metody Tippinga oferujemy cykliczne spotkania, kursy oraz warsztaty, na kt\u00f3rych przedstawiamy narz\u0119dzia Radykalnego Wybaczania i uczymy pracy z nimi. Zach\u0119camy do przeczytania fragmentu ksi\u0105\u017cki Colina Tippinga &#8222;Radykalne wybaczanie&#8221;, kt\u00f3ry przedstawia za\u0142o\u017cenia i dzia\u0142anie filozofii metody Tippinga: HISTORIA JILL. Wi\u0119cej o pracy metod\u0105 Tippinga w wywiadzie z szefow\u0105 Instytutu Magdalen\u0105 Czaja: Trener nie jest lektyk\u0105 \u00bb<\/p>\n","protected":false},"author":4,"featured_media":0,"parent":0,"menu_order":0,"comment_status":"closed","ping_status":"closed","template":"","meta":{"footnotes":""},"class_list":["post-874","page","type-page","status-publish","hentry"],"publishpress_future_action":{"enabled":false,"date":"2026-04-17 23:34:22","action":"change-status","newStatus":"private","terms":[],"taxonomy":"frm_application","extraData":[]},"publishpress_future_workflow_manual_trigger":{"enabledWorkflows":[]},"_links":{"self":[{"href":"https:\/\/metoda-tippinga.pl\/web\/wp-json\/wp\/v2\/pages\/874","targetHints":{"allow":["GET"]}}],"collection":[{"href":"https:\/\/metoda-tippinga.pl\/web\/wp-json\/wp\/v2\/pages"}],"about":[{"href":"https:\/\/metoda-tippinga.pl\/web\/wp-json\/wp\/v2\/types\/page"}],"author":[{"embeddable":true,"href":"https:\/\/metoda-tippinga.pl\/web\/wp-json\/wp\/v2\/users\/4"}],"replies":[{"embeddable":true,"href":"https:\/\/metoda-tippinga.pl\/web\/wp-json\/wp\/v2\/comments?post=874"}],"version-history":[{"count":14,"href":"https:\/\/metoda-tippinga.pl\/web\/wp-json\/wp\/v2\/pages\/874\/revisions"}],"predecessor-version":[{"id":5947,"href":"https:\/\/metoda-tippinga.pl\/web\/wp-json\/wp\/v2\/pages\/874\/revisions\/5947"}],"wp:attachment":[{"href":"https:\/\/metoda-tippinga.pl\/web\/wp-json\/wp\/v2\/media?parent=874"}],"curies":[{"name":"wp","href":"https:\/\/api.w.org\/{rel}","templated":true}]}}