
{"id":885,"date":"2019-08-12T16:01:41","date_gmt":"2019-08-12T14:01:41","guid":{"rendered":"http:\/\/metoda-tippinga.pl\/web\/?page_id=885"},"modified":"2022-11-15T14:04:37","modified_gmt":"2022-11-15T13:04:37","slug":"zespol","status":"publish","type":"page","link":"https:\/\/metoda-tippinga.pl\/web\/zespol\/","title":{"rendered":"Zesp\u00f3\u0142"},"content":{"rendered":"<h2 align=\"justify\">Poznaj nas<\/h2>\r\n<p align=\"justify\"><strong><a href=\"https:\/\/metoda-tippinga.pl\/web\/wp-content\/uploads\/2020\/04\/mc-cl.png\"><img loading=\"lazy\" decoding=\"async\" class=\"alignleft wp-image-1898 size-medium\" src=\"https:\/\/metoda-tippinga.pl\/web\/wp-content\/uploads\/2020\/04\/mc-cl-300x300.png\" alt=\"\" width=\"200\" height=\"200\" srcset=\"https:\/\/metoda-tippinga.pl\/web\/wp-content\/uploads\/2020\/04\/mc-cl-300x300.png 300w, https:\/\/metoda-tippinga.pl\/web\/wp-content\/uploads\/2020\/04\/mc-cl-150x150.png 150w, https:\/\/metoda-tippinga.pl\/web\/wp-content\/uploads\/2020\/04\/mc-cl-768x768.png 768w, https:\/\/metoda-tippinga.pl\/web\/wp-content\/uploads\/2020\/04\/mc-cl-100x100.png 100w, https:\/\/metoda-tippinga.pl\/web\/wp-content\/uploads\/2020\/04\/mc-cl-400x400.png 400w, https:\/\/metoda-tippinga.pl\/web\/wp-content\/uploads\/2020\/04\/mc-cl.png 800w, https:\/\/metoda-tippinga.pl\/web\/wp-content\/uploads\/2020\/04\/mc-cl-210x210.png 210w, https:\/\/metoda-tippinga.pl\/web\/wp-content\/uploads\/2020\/04\/mc-cl-600x600.png 600w\"  sizes=\"(max-width: 200px) 100vw, 200px\" \/><\/a>Magdalena Czaja<\/strong> \u2013 mentorka oraz certyfikowana life coach, ale tak\u017ce przedsi\u0119biorczyni, kt\u00f3ra prowadzi\u0142a jedn\u0105 z najliczniej nagradzanych polskich agencji marketingowych San Markos. Trenerka rozwoju osobistego, wyk\u0142adowczyni. Autorka publikacji w pismach rozwoju osobistego. Tw\u00f3rczyni metody Lovefiting\u2122 dedykowanej znajdowaniu, budowaniu i poprawianiu relacji. Od ponad 10 lat wsp\u00f3\u0142prowadz\u0105ca jedyn\u0105 autoryzowan\u0105 w Polsce fili\u0119 Instytutu Metody Tippinga, a od 2018 roku jej Dyrektorka. Jedna z niewielu w Polsce os\u00f3b prowadz\u0105cych warsztaty metod\u0105 Byron Katie.<\/p>\r\n<p align=\"justify\">Od ponad 20 lat \u0142\u0105czy biznes i rozw\u00f3j osobisty, a jej historia zainspirowa\u0142a wiele os\u00f3b do pozytywnych zmian w swoim \u017cyciu.<br \/><a class=\"btn btn-sm btn-default\" style=\"background-color: #3bafda; color: #ffffff; font-size: 15px;\" href=\"https:\/\/metoda-tippinga.pl\/web\/moja-historia\/\" data-slimstat=\"5\">MOJA HISTORIA \u00bb <\/a><\/p>\r\n<p align=\"justify\">Umieszczana w rankingach najbardziej wp\u0142ywowych kobiet w polskiej reklamie. Wiceprzewodnicz\u0105ca Prezydium Komisji Etyki Reklamy w Polsce, cz\u0142onek Zarz\u0105du SAR.<br \/>Jest motto to: \u201eOdwaga to nie brak l\u0119ku. Odwaga to dzia\u0142anie mimo strachu. Wszystko czego potrzebujesz to jedna decyzja. B\u00f3j si\u0119\u2026i dzia\u0142aj!\u201d Jej pasj\u0105 jest pomaganie innym w tworzeniu i utrzymywaniu szcz\u0119\u015bliwych relacji, a jej celem jest propagowanie zdrowej mi\u0142o\u015bci do siebie i tego naucza na wszystkich p\u0142aszczyznach rozwoju.<\/p>\r\n\r\n<ul class=\"wp-block-gallery columns-2 is-cropped wp-block-gallery-1 is-layout-flex wp-block-gallery-is-layout-flex\">\r\n<li class=\"blocks-gallery-item\">\r\n<figure><a href=\"https:\/\/metoda-tippinga.pl\/web\/wp-content\/uploads\/2019\/10\/Radical_Forgiveness_Coach_Certificate-1024x791.jpg\"><img loading=\"lazy\" decoding=\"async\" width=\"1024\" height=\"791\" class=\"wp-image-1209\" src=\"https:\/\/metoda-tippinga.pl\/web\/wp-content\/uploads\/2019\/10\/Radical_Forgiveness_Coach_Certificate-1024x791.jpg\" alt=\"\" data-id=\"1209\" data-link=\"https:\/\/metoda-tippinga.pl\/web\/zespol\/radical_forgiveness_coach_certificate\/\" srcset=\"https:\/\/metoda-tippinga.pl\/web\/wp-content\/uploads\/2019\/10\/Radical_Forgiveness_Coach_Certificate-1024x791.jpg 1024w, https:\/\/metoda-tippinga.pl\/web\/wp-content\/uploads\/2019\/10\/Radical_Forgiveness_Coach_Certificate-600x464.jpg 600w, https:\/\/metoda-tippinga.pl\/web\/wp-content\/uploads\/2019\/10\/Radical_Forgiveness_Coach_Certificate-300x232.jpg 300w, https:\/\/metoda-tippinga.pl\/web\/wp-content\/uploads\/2019\/10\/Radical_Forgiveness_Coach_Certificate-768x593.jpg 768w, https:\/\/metoda-tippinga.pl\/web\/wp-content\/uploads\/2019\/10\/Radical_Forgiveness_Coach_Certificate-958x740.jpg 958w, https:\/\/metoda-tippinga.pl\/web\/wp-content\/uploads\/2019\/10\/Radical_Forgiveness_Coach_Certificate.jpg 1584w\"  sizes=\"(max-width: 1024px) 100vw, 1024px\" \/><\/a><\/figure>\r\n<\/li>\r\n<li class=\"blocks-gallery-item\">\r\n<figure><a href=\"https:\/\/metoda-tippinga.pl\/web\/wp-content\/uploads\/2019\/10\/trener-rozwoju-osobistego-metod\u0105-tippinga-e1571501099177-1024x724.jpg\"><img loading=\"lazy\" decoding=\"async\" width=\"1024\" height=\"724\" class=\"wp-image-1212\" src=\"https:\/\/metoda-tippinga.pl\/web\/wp-content\/uploads\/2019\/10\/trener-rozwoju-osobistego-metod\u0105-tippinga-e1571501099177-1024x724.jpg\" alt=\"\" data-id=\"1212\" data-link=\"https:\/\/metoda-tippinga.pl\/web\/zespol\/trener-rozwoju-osobistego-metoda-tippinga\/\" srcset=\"https:\/\/metoda-tippinga.pl\/web\/wp-content\/uploads\/2019\/10\/trener-rozwoju-osobistego-metod\u0105-tippinga-e1571501099177-1024x724.jpg 1024w, https:\/\/metoda-tippinga.pl\/web\/wp-content\/uploads\/2019\/10\/trener-rozwoju-osobistego-metod\u0105-tippinga-e1571501099177-600x424.jpg 600w, https:\/\/metoda-tippinga.pl\/web\/wp-content\/uploads\/2019\/10\/trener-rozwoju-osobistego-metod\u0105-tippinga-e1571501099177-300x212.jpg 300w, https:\/\/metoda-tippinga.pl\/web\/wp-content\/uploads\/2019\/10\/trener-rozwoju-osobistego-metod\u0105-tippinga-e1571501099177-768x543.jpg 768w, https:\/\/metoda-tippinga.pl\/web\/wp-content\/uploads\/2019\/10\/trener-rozwoju-osobistego-metod\u0105-tippinga-e1571501099177-958x678.jpg 958w, https:\/\/metoda-tippinga.pl\/web\/wp-content\/uploads\/2019\/10\/trener-rozwoju-osobistego-metod\u0105-tippinga-e1571501099177.jpg 1682w\"  sizes=\"(max-width: 1024px) 100vw, 1024px\" \/><\/a><\/figure>\r\n<\/li>\r\n<\/ul>\r\n\r\n\r\n\r\n\r\n\r\n\r\n<hr class=\"wp-block-separator\" \/>\r\n\r\n\r\n<p align=\"justify\"><a href=\"https:\/\/metoda-tippinga.pl\/web\/wp-content\/uploads\/2020\/04\/et-cl.png\"><img loading=\"lazy\" decoding=\"async\" class=\"alignleft wp-image-1898 size-medium\" src=\"https:\/\/metoda-tippinga.pl\/web\/wp-content\/uploads\/2020\/04\/et-cl.png\" alt=\"\" width=\"200\" height=\"200\" \/><\/a><strong>Ewa Turek<\/strong> &#8211; trenerka, coach, mentor. Od lat doradza w \u015bwiecie biznesu wspieraj\u0105c w rozwoju osobistym i zawodowym. Pracuje z zarz\u0105dami, managerami, uczelniami, startupami. Pomaga w skutecznej komunikacji na scenie, w pracy, w \u017cyciu.<\/p>\r\n\r\n\r\n\r\n<p align=\"justify\">Od ponad 10 lat zwi\u0105zana z mi\u0119dzynarodow\u0105 organizacj\u0105 edukacyjn\u0105 <strong>Toastmasters International<\/strong> gdzie uzyska\u0142a najwy\u017cszy tytu\u0142 &#8211; <strong>Distinguished Toastmasters<\/strong> i tytu\u0142 Wicemistrzyni Polski w mowach inspiracyjnych.\u00a0<\/p>\r\n\r\n\r\n\r\n<p align=\"justify\">W 2013 roku wyst\u0105pi\u0142a na scenie TEDxWarsawWomen. Od tego momentu pracuje pro bono jako kurator i mentor konferencji TEDx i TEDxKids.\u00a0<\/p>\r\n\r\n\r\n\r\n<p align=\"justify\">\u0141\u0105czy biznes z rozwojem duchowym. Odby\u0142a liczne szkolenia m.in. u Dolores\u00a0 Cannon (QHHT), Brandon Bays (The Journey). Zdobywa\u0142a certyfikaty z metod Silvy, Reiki, Dwupunktu, hipnozy, NLP, mediacji.<br \/>Dwukrotnie odby\u0142a kurs w Instytucie Colina Tippinga (2009 i 2019 rok). Aktualnie wspiera Instytut swoim do\u015bwiadczeniem. <br \/>Jej motto: <em>Komunikacja to realny wp\u0142yw. Komunikacja ze sob\u0105 bardzo u\u0142atwia komunikacj\u0119 ze \u015bwiatem.<\/em><\/p>\r\n\r\n\r\n\r\n<ul class=\"wp-block-gallery columns-1 is-cropped\" style=\"width: 50%;\">\r\n<li class=\"blocks-gallery-item\">\r\n<figure><img loading=\"lazy\" decoding=\"async\" width=\"1024\" height=\"721\" class=\"wp-image-1882\" src=\"https:\/\/metoda-tippinga.pl\/web\/wp-content\/uploads\/2020\/04\/Dyplom-Ewa-ct-1024x721.jpg\" alt=\"\" data-id=\"1882\" data-link=\"https:\/\/metoda-tippinga.pl\/web\/zespol\/dyplom-ewa-ct\/\" srcset=\"https:\/\/metoda-tippinga.pl\/web\/wp-content\/uploads\/2020\/04\/Dyplom-Ewa-ct-1024x721.jpg 1024w, https:\/\/metoda-tippinga.pl\/web\/wp-content\/uploads\/2020\/04\/Dyplom-Ewa-ct-300x211.jpg 300w, https:\/\/metoda-tippinga.pl\/web\/wp-content\/uploads\/2020\/04\/Dyplom-Ewa-ct-768x541.jpg 768w, https:\/\/metoda-tippinga.pl\/web\/wp-content\/uploads\/2020\/04\/Dyplom-Ewa-ct-958x675.jpg 958w, https:\/\/metoda-tippinga.pl\/web\/wp-content\/uploads\/2020\/04\/Dyplom-Ewa-ct-600x423.jpg 600w\"  sizes=\"(max-width: 1024px) 100vw, 1024px\" \/><\/figure>\r\n<\/li>\r\n<\/ul>\r\n","protected":false},"excerpt":{"rendered":"<p>Poznaj nas Magdalena Czaja \u2013 mentorka oraz certyfikowana life coach, ale tak\u017ce przedsi\u0119biorczyni, kt\u00f3ra prowadzi\u0142a jedn\u0105 z najliczniej nagradzanych polskich agencji marketingowych San Markos. Trenerka rozwoju osobistego, wyk\u0142adowczyni. Autorka publikacji w pismach rozwoju osobistego. Tw\u00f3rczyni metody Lovefiting\u2122 dedykowanej znajdowaniu, budowaniu i poprawianiu relacji. Od ponad 10 lat wsp\u00f3\u0142prowadz\u0105ca jedyn\u0105 autoryzowan\u0105 w Polsce fili\u0119 Instytutu Metody Tippinga, a od 2018 roku jej Dyrektorka. Jedna z niewielu w Polsce os\u00f3b prowadz\u0105cych warsztaty metod\u0105 Byron Katie. Od ponad 20 lat \u0142\u0105czy biznes i rozw\u00f3j osobisty, a jej historia zainspirowa\u0142a wiele os\u00f3b do pozytywnych zmian w swoim \u017cyciu.MOJA HISTORIA \u00bb Umieszczana w rankingach najbardziej wp\u0142ywowych kobiet w polskiej reklamie. Wiceprzewodnicz\u0105ca Prezydium Komisji Etyki Reklamy w Polsce, cz\u0142onek Zarz\u0105du SAR.Jest motto to: \u201eOdwaga to nie brak l\u0119ku. Odwaga to dzia\u0142anie mimo strachu. Wszystko czego potrzebujesz to jedna decyzja. B\u00f3j si\u0119\u2026i dzia\u0142aj!\u201d Jej pasj\u0105 jest pomaganie innym w tworzeniu i utrzymywaniu szcz\u0119\u015bliwych relacji, a jej celem jest propagowanie zdrowej mi\u0142o\u015bci do siebie i tego naucza na wszystkich p\u0142aszczyznach rozwoju. Ewa Turek &#8211; trenerka, coach, mentor. Od lat doradza w \u015bwiecie biznesu wspieraj\u0105c w rozwoju osobistym i zawodowym. Pracuje z zarz\u0105dami, managerami, uczelniami, startupami. Pomaga w skutecznej komunikacji na scenie, w pracy, w \u017cyciu. Od ponad 10 lat zwi\u0105zana z mi\u0119dzynarodow\u0105 organizacj\u0105 edukacyjn\u0105 Toastmasters International gdzie uzyska\u0142a najwy\u017cszy tytu\u0142 &#8211; Distinguished Toastmasters i tytu\u0142 Wicemistrzyni Polski w mowach inspiracyjnych.\u00a0 W 2013 roku wyst\u0105pi\u0142a na scenie TEDxWarsawWomen. Od tego momentu pracuje pro bono jako kurator i mentor konferencji TEDx i TEDxKids.\u00a0 \u0141\u0105czy biznes z rozwojem duchowym. Odby\u0142a liczne szkolenia m.in. u Dolores\u00a0 Cannon (QHHT), Brandon Bays (The Journey). Zdobywa\u0142a certyfikaty z metod Silvy, Reiki, Dwupunktu, hipnozy, NLP, mediacji.Dwukrotnie odby\u0142a kurs w Instytucie Colina Tippinga (2009 i 2019 rok). Aktualnie wspiera Instytut swoim do\u015bwiadczeniem. Jej motto: Komunikacja to realny wp\u0142yw. Komunikacja ze sob\u0105 bardzo u\u0142atwia komunikacj\u0119 ze \u015bwiatem.<\/p>\n","protected":false},"author":4,"featured_media":0,"parent":0,"menu_order":0,"comment_status":"closed","ping_status":"closed","template":"","meta":{"footnotes":""},"class_list":["post-885","page","type-page","status-publish","hentry"],"publishpress_future_action":{"enabled":false,"date":"2026-04-12 14:21:46","action":"change-status","newStatus":"private","terms":[],"taxonomy":"frm_application","extraData":[]},"publishpress_future_workflow_manual_trigger":{"enabledWorkflows":[]},"_links":{"self":[{"href":"https:\/\/metoda-tippinga.pl\/web\/wp-json\/wp\/v2\/pages\/885","targetHints":{"allow":["GET"]}}],"collection":[{"href":"https:\/\/metoda-tippinga.pl\/web\/wp-json\/wp\/v2\/pages"}],"about":[{"href":"https:\/\/metoda-tippinga.pl\/web\/wp-json\/wp\/v2\/types\/page"}],"author":[{"embeddable":true,"href":"https:\/\/metoda-tippinga.pl\/web\/wp-json\/wp\/v2\/users\/4"}],"replies":[{"embeddable":true,"href":"https:\/\/metoda-tippinga.pl\/web\/wp-json\/wp\/v2\/comments?post=885"}],"version-history":[{"count":45,"href":"https:\/\/metoda-tippinga.pl\/web\/wp-json\/wp\/v2\/pages\/885\/revisions"}],"predecessor-version":[{"id":5750,"href":"https:\/\/metoda-tippinga.pl\/web\/wp-json\/wp\/v2\/pages\/885\/revisions\/5750"}],"wp:attachment":[{"href":"https:\/\/metoda-tippinga.pl\/web\/wp-json\/wp\/v2\/media?parent=885"}],"curies":[{"name":"wp","href":"https:\/\/api.w.org\/{rel}","templated":true}]}}