
{"id":909,"date":"2019-08-12T19:50:20","date_gmt":"2019-08-12T17:50:20","guid":{"rendered":"http:\/\/metoda-tippinga.pl\/web\/?page_id=909"},"modified":"2019-10-19T18:10:53","modified_gmt":"2019-10-19T16:10:53","slug":"moja-historia","status":"publish","type":"page","link":"https:\/\/metoda-tippinga.pl\/web\/moja-historia\/","title":{"rendered":"Moja Historia"},"content":{"rendered":"<div id=\"pl-909\"  class=\"panel-layout\" ><div id=\"pg-909-0\"  class=\"panel-grid panel-has-style\" ><div class=\"siteorigin-panels-stretch panel-row-style panel-row-style-for-909-0\" data-stretch-type=\"full\" ><div id=\"pgc-909-0-0\"  class=\"panel-grid-cell\" ><div id=\"panel-909-0-0-0\" class=\"so-panel widget widget_sow-editor panel-first-child panel-last-child\" data-index=\"0\" ><div class=\"so-widget-sow-editor so-widget-sow-editor-base\">\n<div class=\"siteorigin-widget-tinymce textwidget\">\n\t<p><strong>Na mi\u0119kkich kolanach, ale do przodu!<\/strong><\/p>\n<p>Pami\u0119tam swoj\u0105 wypowied\u017a sprzed lat do poczytnego tytu\u0142u z bran\u017cy marketingowej, gdzie na pytanie czego innym zazdroszcz\u0119, odpowiedzia\u0142am: \u201eMisjonarzom \u2013 odwagi\u201d. Nigdy nie patrzy\u0142am na swoje \u017cycie jako dow\u00f3d, \u017ce jestem bardziej odwa\u017cna ni\u017c inni, albo \u017ce przydarza mi si\u0119 wi\u0119cej, ni\u017c innym. Jednak od kiedy pami\u0119tam, podejmowa\u0142am odwa\u017cne, przez niekt\u00f3rych postrzegane za wysoce ryzykowne, decyzje, gdy\u017c zawsze mocno wierzy\u0142am, \u017ce <strong>wszech\u015bwiat wynagradza odwag\u0119<\/strong>. Wierna tej prawdzie, wesz\u0142am w doros\u0142e \u017cycie\u2026<\/p>\n<p>W wieku 22 lat przerwa\u0142am swoje pierwsze studia i z 50 dolarami w kieszeni, bez znajomo\u015bci j\u0119zyka polecia\u0142am podbija\u0107 USA. Co\u015b, co dzi\u015b - w erze globalizacji, tanich lot\u00f3w, powszechnej migracji i popularno\u015bci podr\u00f3\u017cy - wydaje si\u0119 czym\u015b zupe\u0142nie normalnym, dla m\u0142odej dziewczyny z Polski na pocz\u0105tku lat 90-tych by\u0142o ruchem z pogranicza szale\u0144stwa\u2026 W owych czasach bowiem ma\u0142o kto dostawa\u0142 wiz\u0119, a koszt biletu lotniczego stanowi\u0142 ekwiwalent p\u00f3\u0142rocznej pensji moich rodzic\u00f3w. Jednak zaryzykowa\u0142am - wtedy jeszcze nie\u015bwiadoma, \u017ce tam czeka mnie pierwsza szko\u0142a prawdziwego \u017cycia.<\/p>\n<p><strong>Pierwsze trz\u0119sienie (\u017cycia)<\/strong><\/p>\n<p>Zamieszka\u0142am w Nowym Jorku, gdzie ka\u017cdego dnia gromadzi\u0142am na swoim koncie wszelkie mo\u017cliwe do\u015bwiadczenia nielegalnej emigrantki bez \u017cadnych praw. Po roku rzuci\u0142am wschodnie wybrze\u017ce i polecia\u0142am za mi\u0142o\u015bci\u0105 na drugi koniec kontynentu, do s\u0142onecznej Kalifornii. Tu d\u0142ugo mierzy\u0142am si\u0119 z trudami znalezienia zatrudnienia bez prawa do legalnego pobytu. W ko\u0144cu znalaz\u0142am prac\u0119 w sklepie ze sztuk\u0105 afryka\u0144sk\u0105, a moimi klientami na co dzie\u0144 by\u0142y gwiazdy Hollywood. Ten czas by\u0142 burzliwy na wielu poziomach. W Santa Monica prze\u017cy\u0142am najwi\u0119ksze w tym regionie trz\u0119sienie ziemi, po kt\u00f3rym ca\u0142kowicie zdewastowana psychicznie zosta\u0142am przygarni\u0119ta przez rodzin\u0119 ameryka\u0144skich milioner\u00f3w. Mimo, \u017ce odczuwa\u0142am g\u0142\u0119bok\u0105 wdzi\u0119czno\u015b\u0107 za to, co si\u0119 sta\u0142o, w tym czasie nie by\u0142y mi r\u00f3wnie\u017c obce uczucia <strong>osamotnienia, odrzucenia, niezrozumienia, dyskryminacji i nieustannego l\u0119ku o finanse.\u00a0<\/strong><\/p>\n<p><strong>Otwieraj\u0105ce si\u0119 drzwi i nowe szanse<\/strong><\/p>\n<p>USA by\u0142o zaledwie pocz\u0105tkiem moich przyg\u00f3d z \u017cyciem i testowania granic mojej odwagi. Gdy wr\u00f3ci\u0142am do Polski, zamieszka\u0142am w ukochanym Krakowie, kt\u00f3ry kilka lat p\u00f3\u017aniej zamieni\u0142am na Warszaw\u0119. To dla mnie typowe: nie przywi\u0105zuj\u0119 si\u0119 zbyt mocno do moich plan\u00f3w na \u017cycie. Wol\u0119 raczej wchodzi\u0107 w otwieraj\u0105ce si\u0119 nagle przede mn\u0105 drzwi i sprawdza\u0107 scenariusze, kt\u00f3rych sama bym nie wymy\u015bli\u0142a. Wiem, \u017ce w naj\u015bmielszych marzeniach nie zaplanowa\u0142abym po\u0142owy do\u015bwiadcze\u0144, kt\u00f3re przysz\u0142y do mnie same, a ja im powiedzia\u0142am \u201etak\u201d, zdobywaj\u0105c tym samym nowe \u017cyciowe do\u015bwiadczenia.<\/p>\n<p>Jedne z takich drzwi otworzy\u0142y przede mn\u0105 mo\u017cliwo\u015b\u0107 za\u0142o\u017cenia w\u0142asnego biznesu, kt\u00f3rej r\u00f3wnie\u017c powiedzia\u0142am \u201etak \u201d co z perspektywy czasu postrzegam jako niesamowity akt odwagi. Nie wiedzia\u0142am wtedy jeszcze, \u017ce bran\u017ca reklamowa jest jedn\u0105 z najtrudniejszych i cz\u0119sto niewdzi\u0119cznych, wymagaj\u0105c\u0105 ci\u0105g\u0142ej walki, \u201egaszenia po\u017car\u00f3w\u201d i pracy z ekstremalnie wra\u017cliwymi lud\u017ami.<\/p>\n<p><strong>Stal hartuje si\u0119 w ogniu<\/strong><\/p>\n<p>Podj\u0119\u0142am jednak wyzwanie, kt\u00f3re kontynuowa\u0142am przez kolejnych 20 lat, wzbogacaj\u0105c si\u0119 o do\u015bwiadczenia bycia przedsi\u0119biorc\u0105 w zmieniaj\u0105cych si\u0119 czasach, rodz\u0105cej si\u0119 dynamicznie polskiej gospodarce, a z ni\u0105 pr\u0119\u017cnie rozwijaj\u0105cej si\u0119 bran\u017cy reklamowej. Stworzy\u0142am wspania\u0142y zesp\u00f3\u0142, z kt\u00f3rym kreowali\u015bmy kampanie zapisane dzi\u015b na kartach historii polskiej reklamy. Otrzyma\u0142am tytu\u0142 \u201eCz\u0142owieka Roku Briefu\u201d i spe\u0142ni\u0142am swoje najwi\u0119ksze marzenie zwi\u0105zane z reklam\u0105 - otrzyma\u0142am Lwa festiwalu w Cannnes \u2013 odpowiednika Oscara w \u015bwiecie reklamy.<span class=\"Apple-converted-space\">\u00a0<\/span><\/p>\n<p>Takie wyr\u00f3\u017cnienia nie przychodz\u0105 jednak bez horrendalnych koszt\u00f3w, kt\u00f3re p\u0142aci\u0142am latami. Nawet nie zauwa\u017cy\u0142am kiedy praca zacz\u0119\u0142a poch\u0142ania\u0107 mnie bez reszty. Odczuwane zm\u0119czenie i dopadaj\u0105c\u0105 mnie coraz bardziej pustk\u0119 skutecznie wycisza\u0142am poczuciem obowi\u0105zku. Kwestionowanie status quo wydawa\u0142o si\u0119 absurdalne - w ko\u0144cu wiod\u0142am \u017cycie, kt\u00f3re by\u0142o marzeniem wielu!<\/p>\n<p><strong>\u017byj\u0105c (i wybaczaj\u0105c) radykalnie<\/strong><\/p>\n<p>Z tamtego okresu niewiele pami\u0119tam z \u017cycia prywatnego \u2013 chocia\u017c moim m\u0119\u017cem zosta\u0142 wspania\u0142y i wyj\u0105tkowy cz\u0142owiek, z kt\u00f3rym tworzyli\u015bmy agencj\u0119, ci\u0119\u017cko pracuj\u0105c i dziel\u0105c si\u0119 sukcesami i pora\u017ckami. Dzi\u015b wiem, \u017ce praca z \u017cyciowym partnerem jest wyj\u0105tkowym wyzwaniem, w kt\u00f3rym zwi\u0105zek mierzy si\u0119 z trudno\u015bciami nieznanymi relacjom \u201etradycyjnym\u201d, nie po\u0142\u0105czonych przez wsp\u00f3lny biznes. Poch\u0142oni\u0119ci nowymi projektami, tworz\u0105c kampanie reklamowe dla topowych polskich marek, nie zauwa\u017cyli\u015bmy, jak bardzo oddalili\u015bmy si\u0119 od siebie. Gdy w ko\u0144cu do mnie dotar\u0142o, \u017ce dzieje si\u0119 co\u015b niedobrego, przera\u017cona i wystraszona, pr\u00f3bowa\u0142am wszystkimi sposobami zrozumie\u0107 i znale\u017a\u0107 rozwi\u0105zanie. Wtedy w\u0142a\u015bnie odkry\u0142am Metod\u0119 Tippinga i jego Radykalne Wybaczanie \u2013 ostatecznie zostaj\u0105c vice dyrektorem Instytutu Metody Tippinga \u2013 jedynego przedstawicielstwa tej Metody w Polsce. Od 2018 roku - za b\u0142ogos\u0142awie\u0144stwem Colina Tippinga - jestem jego szefow\u0105.<\/p>\n<p>Zg\u0142\u0119bienie tej metody samorozwoju ca\u0142kowicie zmieni\u0142o moje \u017cycie. Radykalne pomaga mi spojrze\u0107 zupe\u0142nie inaczej na wszystko, co dzieje si\u0119 w moim \u017cyciu jak i \u017cyciu moich klient\u00f3w, na sesjach i prowadzonych przeze mnie warsztatach. Ten okres zapocz\u0105tkowa\u0142 u mnie trwaj\u0105cy po dzi\u015b dzie\u0144 proces intensywnego rozwoju samo\u015bwiadomo\u015bci na kursach u najwi\u0119kszych autorytet\u00f3w ludzkiej psyche, duchowych przewodnik\u00f3w i nauczycieli na \u015bwiecie. Teraz ju\u017c wiem z ca\u0142\u0105 pewno\u015bci\u0105, \u017ce to w\u0142a\u015bnie te najbardziej bolesne dla nas okresy w \u017cyciu s\u0105 najwi\u0119ksz\u0105 szans\u0105 i okazj\u0105 do przyjrzenia si\u0119 sobie, rozwoju, wprowadzania zmian, i dokonywania akt\u00f3w odwagi. Kiedy jednak\u017ce prze\u017cywamy wewn\u0119trzny dramat trudno zobaczy\u0107 szanse, kt\u00f3re te kryzysy ze sob\u0105 nios\u0105. Dzieci rodz\u0105 si\u0119 w b\u00f3lu \u2013 podobnie, jak NOWI MY. Kiedy wi\u0119c przechodz\u0119 przez ten trudny czas razem z klientem, wiem w g\u0142\u0119bi duszy, \u017ce to mo\u017ce by\u0107 najpi\u0119kniejszy czas w \u017cyciu tej osoby, a moim zadaniem jest pom\u00f3c jej\/jemu rozwin\u0105\u0107 skrzyd\u0142a.<\/p>\n<p><strong>Odkrycia \u2013 cz\u0142owiek<\/strong><\/p>\n<p>Po latach prowadzenia w\u0142asnej firmy odkry\u0142am, \u017ce moj\u0105 najwi\u0119ksz\u0105 pasj\u0105 jest cz\u0142owiek. Jego historie. Jego do\u015bwiadczenia. Jego \u017cycie wewn\u0119trzne. Jego wzloty i upadki. W biznesie, a szczeg\u00f3lnie w relacjach, w rolach kt\u00f3re przyjmujemy w \u017cyciu. Jego pe\u0142nia w do\u015bwiadczeniu wszystkiego, co niesie codzienno\u015b\u0107. Moje \u017cycie zapewnia mi coraz nowsze do\u015bwiadczenia, a z nimi zrozumienie moich klient\u00f3w: rozw\u00f3d, \u015bmier\u0107 najbli\u017cszej osoby po wyniszczaj\u0105cej chorobie, wypalenie zawodowe, bycie singielk\u0105 i matk\u0105, kobiet\u0105 marz\u0105c\u0105 o spe\u0142nieniu w mi\u0142o\u015bci, czy do\u015bwiadczenie zdrady w biznesie, dzi\u0119ki kt\u00f3remu zrozumia\u0142am, jak okrutny i bezwzgl\u0119dny jest biznes w Polsce. I jak bardzo boimy si\u0119 m\u00f3wi\u0107 o tym g\u0142o\u015bno.<\/p>\n<p><strong>Moje siostry - kobiety<\/strong><\/p>\n<p>Coraz bardziej doceniam te\u017c m\u00f3j Kobiecy Kr\u0105g. Moje przyjaci\u00f3\u0142ki, klientki, kole\u017canki ze szkole\u0144, s\u0105siadki. Zrozumia\u0142am, jak wspania\u0142ymi i skomplikowanymi istotami jeste\u015bmy. Zobaczy\u0142am, jak wiele z bliskich mi kobiet pe\u0142ni wysoko eksponowane stanowiska w najwi\u0119kszych firmach i pomimo niepodwa\u017calnych sukces\u00f3w na koncie, nie mo\u017ce pozby\u0107 si\u0119 \u201eSyndromu Oszusta\u201d. Jak bardzo \u0142\u0105czy je przekonanie, \u017ce s\u0105 niewystarczaj\u0105co dobre, \u017ce kto\u015b zdemaskuje ich brak kompetencji, \u017ce wyjdzie na jaw KIM NAPRAWD\u0118 S\u0104! Na moich sesjach zacz\u0119\u0142o pojawia\u0107 si\u0119 te\u017c coraz wi\u0119cej kobiet, kt\u00f3re nie ufaj\u0105 innym kobietom, u\u015bwiadamiaj\u0105c mi, jak bardzo porani\u0142y nas nasze matki, babcie, przyjaci\u00f3\u0142ki. I jak bardzo one wszystkie t\u0119skni\u0105 za kobiec\u0105 energi\u0105, gdy opowiadam o moich przyja\u017aniach czy relacji z siostr\u0105\u2026 St\u0105d wzi\u0105\u0142 si\u0119 pomys\u0142, by pom\u00f3c cho\u0107 troch\u0119 i im. Tak zrodzi\u0142a si\u0119 idea moich autorskich warsztat\u00f3w dla kobiet.<\/p>\n<p><strong>Najwa\u017cniejsza jest mi\u0142o\u015b\u0107<\/strong><\/p>\n<p>Psychologi\u0119 relacji i zwi\u0105zk\u00f3w - ich budowanie i utrzymywanie - zg\u0142\u0119biam od lat. Uko\u0144czy\u0142am szkolenia u takich guru budowania relacji jak Matthew Hussey, Mat Boggs czy mistrzyni pracy z bolesnymi przekonaniami Byron Katie.<span class=\"Apple-converted-space\">\u00a0 <\/span>To moja prawdziwa pasja! Doskonale rozumiem \u201eosoby po przej\u015bciach\u201d, kt\u00f3rzy pragn\u0105 u\u0142o\u017cy\u0107 sobie \u017cycie mi\u0142osne na nowo, jak i te, kt\u00f3re w\u0142a\u015bnie prze\u017cywaj\u0105 w nim trudne chwile. Zg\u0142\u0119bianie wiedzy o relacjach zmieni\u0142o mnie i moje \u017cycie, a nast\u0119pnie pozwoli\u0142o mi wyrwa\u0107 si\u0119 z zakl\u0119tego ko\u0142a spotykania si\u0119 z m\u0119\u017cczyznami niegotowymi na dojrza\u0142y, zdrowy zwi\u0105zek. Odkryta przeze mnie wiedza zmienia\u0142a \u017cycie ludzi, z kt\u00f3rymi przez lata si\u0119 ni\u0105 dzieli\u0142am i stworzy\u0142a fundament dla <strong>Metody Lovefiting\u2122 by Magdalena Czaja<\/strong><\/p>\n<p><strong>P\u00f3j\u015b\u0107 za sercem<\/strong><\/p>\n<p>Od wielu lat ludzie wybieraj\u0105 mnie na swoj\u0105 przewodniczk\u0119, kt\u00f3ra pomaga im przej\u015b\u0107 przez ich \u017cyciowe, zawodowe i sercowe zakr\u0119ty. W tej w\u0142a\u015bnie roli postanowi\u0142am si\u0119 dalej realizowa\u0107 w pe\u0142nym wymiarze, oddaj\u0105c komu innemu funkcj\u0119 Prezes firmy, kt\u00f3r\u0105 tworzy\u0142am przez 20 lat i pod\u0105\u017caj\u0105c za pragnieniem mojego serca. A moim pragnieniem jest wype\u0142nienie misji:<\/p>\n<p><strong><i>\u201eChc\u0119 porusza\u0107 serca innych, aby inspirowa\u0107 ludzi do tworzenia relacji o jakich marz\u0105\u201d<\/i><\/strong><\/p>\n<\/div>\n<\/div><\/div><\/div><\/div><\/div><\/div>","protected":false},"excerpt":{"rendered":"<p>Na mi\u0119kkich kolanach, ale do przodu! Pami\u0119tam swoj\u0105 wypowied\u017a sprzed lat do poczytnego tytu\u0142u z bran\u017cy marketingowej, gdzie na pytanie czego innym zazdroszcz\u0119, odpowiedzia\u0142am: \u201eMisjonarzom \u2013 odwagi\u201d. Nigdy nie patrzy\u0142am na swoje \u017cycie jako dow\u00f3d, \u017ce jestem bardziej odwa\u017cna ni\u017c inni, albo \u017ce przydarza mi si\u0119 wi\u0119cej, ni\u017c innym. Jednak od kiedy pami\u0119tam, podejmowa\u0142am odwa\u017cne, przez niekt\u00f3rych postrzegane za wysoce ryzykowne, decyzje, gdy\u017c zawsze mocno wierzy\u0142am, \u017ce wszech\u015bwiat wynagradza odwag\u0119. Wierna tej prawdzie, wesz\u0142am w doros\u0142e \u017cycie\u2026 W wieku 22 lat przerwa\u0142am swoje pierwsze studia i z 50 dolarami w kieszeni, bez znajomo\u015bci j\u0119zyka polecia\u0142am podbija\u0107 USA. Co\u015b, co dzi\u015b &#8211; w erze globalizacji, tanich lot\u00f3w, powszechnej migracji i popularno\u015bci podr\u00f3\u017cy &#8211; wydaje si\u0119 czym\u015b zupe\u0142nie normalnym, dla m\u0142odej dziewczyny z Polski na pocz\u0105tku lat 90-tych by\u0142o ruchem z pogranicza szale\u0144stwa\u2026 W owych czasach bowiem ma\u0142o kto dostawa\u0142 wiz\u0119, a koszt biletu lotniczego stanowi\u0142 ekwiwalent p\u00f3\u0142rocznej pensji moich rodzic\u00f3w. Jednak zaryzykowa\u0142am &#8211; wtedy jeszcze nie\u015bwiadoma, \u017ce tam czeka mnie pierwsza szko\u0142a prawdziwego \u017cycia. Pierwsze trz\u0119sienie (\u017cycia) Zamieszka\u0142am w Nowym Jorku, gdzie ka\u017cdego dnia gromadzi\u0142am na swoim koncie wszelkie mo\u017cliwe do\u015bwiadczenia nielegalnej emigrantki bez \u017cadnych praw. Po roku rzuci\u0142am wschodnie wybrze\u017ce i polecia\u0142am za mi\u0142o\u015bci\u0105 na drugi koniec kontynentu, do s\u0142onecznej Kalifornii. Tu d\u0142ugo mierzy\u0142am si\u0119 z trudami znalezienia zatrudnienia bez prawa do legalnego pobytu. W ko\u0144cu znalaz\u0142am prac\u0119 w sklepie ze sztuk\u0105 afryka\u0144sk\u0105, a moimi klientami na co dzie\u0144 by\u0142y gwiazdy Hollywood. Ten czas by\u0142 burzliwy na wielu poziomach. W Santa Monica prze\u017cy\u0142am najwi\u0119ksze w tym regionie trz\u0119sienie ziemi, po kt\u00f3rym ca\u0142kowicie zdewastowana psychicznie zosta\u0142am przygarni\u0119ta przez rodzin\u0119 ameryka\u0144skich milioner\u00f3w. Mimo, \u017ce odczuwa\u0142am g\u0142\u0119bok\u0105 wdzi\u0119czno\u015b\u0107 za to, co si\u0119 sta\u0142o, w tym czasie nie by\u0142y mi r\u00f3wnie\u017c obce uczucia osamotnienia, odrzucenia, niezrozumienia, dyskryminacji i nieustannego l\u0119ku o finanse.\u00a0 Otwieraj\u0105ce si\u0119 drzwi i nowe szanse USA by\u0142o zaledwie pocz\u0105tkiem moich przyg\u00f3d z \u017cyciem i testowania granic mojej odwagi. Gdy wr\u00f3ci\u0142am do Polski, zamieszka\u0142am w ukochanym Krakowie, kt\u00f3ry kilka lat p\u00f3\u017aniej zamieni\u0142am na Warszaw\u0119. To dla mnie typowe: nie przywi\u0105zuj\u0119 si\u0119 zbyt mocno do moich plan\u00f3w na \u017cycie. Wol\u0119 raczej wchodzi\u0107 w otwieraj\u0105ce si\u0119 nagle przede mn\u0105 drzwi i sprawdza\u0107 scenariusze, kt\u00f3rych sama bym nie wymy\u015bli\u0142a. Wiem, \u017ce w naj\u015bmielszych marzeniach nie zaplanowa\u0142abym po\u0142owy do\u015bwiadcze\u0144, kt\u00f3re przysz\u0142y do mnie same, a ja im powiedzia\u0142am \u201etak\u201d, zdobywaj\u0105c tym samym nowe \u017cyciowe do\u015bwiadczenia. Jedne z takich drzwi otworzy\u0142y przede mn\u0105 mo\u017cliwo\u015b\u0107 za\u0142o\u017cenia w\u0142asnego biznesu, kt\u00f3rej r\u00f3wnie\u017c powiedzia\u0142am \u201etak \u201d co z perspektywy czasu postrzegam jako niesamowity akt odwagi. Nie wiedzia\u0142am wtedy jeszcze, \u017ce bran\u017ca reklamowa jest jedn\u0105 z najtrudniejszych i cz\u0119sto niewdzi\u0119cznych, wymagaj\u0105c\u0105 ci\u0105g\u0142ej walki, \u201egaszenia po\u017car\u00f3w\u201d i pracy z ekstremalnie wra\u017cliwymi lud\u017ami. Stal hartuje si\u0119 w ogniu Podj\u0119\u0142am jednak wyzwanie, kt\u00f3re kontynuowa\u0142am przez kolejnych 20 lat, wzbogacaj\u0105c si\u0119 o do\u015bwiadczenia bycia przedsi\u0119biorc\u0105 w zmieniaj\u0105cych si\u0119 czasach, rodz\u0105cej si\u0119 dynamicznie polskiej gospodarce, a z ni\u0105 pr\u0119\u017cnie rozwijaj\u0105cej si\u0119 bran\u017cy reklamowej. Stworzy\u0142am wspania\u0142y zesp\u00f3\u0142, z kt\u00f3rym kreowali\u015bmy kampanie zapisane dzi\u015b na kartach historii polskiej reklamy. Otrzyma\u0142am tytu\u0142 \u201eCz\u0142owieka Roku Briefu\u201d i spe\u0142ni\u0142am swoje najwi\u0119ksze marzenie zwi\u0105zane z reklam\u0105 &#8211; otrzyma\u0142am Lwa festiwalu w Cannnes \u2013 odpowiednika Oscara w \u015bwiecie reklamy.\u00a0 Takie wyr\u00f3\u017cnienia nie przychodz\u0105 jednak bez horrendalnych koszt\u00f3w, kt\u00f3re p\u0142aci\u0142am latami. Nawet nie zauwa\u017cy\u0142am kiedy [&hellip;]<\/p>\n","protected":false},"author":4,"featured_media":0,"parent":0,"menu_order":0,"comment_status":"closed","ping_status":"closed","template":"","meta":{"footnotes":""},"class_list":["post-909","page","type-page","status-publish","hentry"],"publishpress_future_action":{"enabled":false,"date":"2026-05-06 21:56:44","action":"change-status","newStatus":"private","terms":[],"taxonomy":"frm_application","extraData":[]},"publishpress_future_workflow_manual_trigger":{"enabledWorkflows":[]},"_links":{"self":[{"href":"https:\/\/metoda-tippinga.pl\/web\/wp-json\/wp\/v2\/pages\/909","targetHints":{"allow":["GET"]}}],"collection":[{"href":"https:\/\/metoda-tippinga.pl\/web\/wp-json\/wp\/v2\/pages"}],"about":[{"href":"https:\/\/metoda-tippinga.pl\/web\/wp-json\/wp\/v2\/types\/page"}],"author":[{"embeddable":true,"href":"https:\/\/metoda-tippinga.pl\/web\/wp-json\/wp\/v2\/users\/4"}],"replies":[{"embeddable":true,"href":"https:\/\/metoda-tippinga.pl\/web\/wp-json\/wp\/v2\/comments?post=909"}],"version-history":[{"count":5,"href":"https:\/\/metoda-tippinga.pl\/web\/wp-json\/wp\/v2\/pages\/909\/revisions"}],"predecessor-version":[{"id":1220,"href":"https:\/\/metoda-tippinga.pl\/web\/wp-json\/wp\/v2\/pages\/909\/revisions\/1220"}],"wp:attachment":[{"href":"https:\/\/metoda-tippinga.pl\/web\/wp-json\/wp\/v2\/media?parent=909"}],"curies":[{"name":"wp","href":"https:\/\/api.w.org\/{rel}","templated":true}]}}