
{"id":9760,"date":"2024-06-20T10:29:12","date_gmt":"2024-06-20T08:29:12","guid":{"rendered":"https:\/\/metoda-tippinga.pl\/web\/?page_id=9760"},"modified":"2024-07-01T19:07:44","modified_gmt":"2024-07-01T17:07:44","slug":"podcasty-duchowosc","status":"publish","type":"page","link":"https:\/\/metoda-tippinga.pl\/web\/podcasty-duchowosc\/","title":{"rendered":"Podcasty: Duchowo\u015b\u0107"},"content":{"rendered":"<div id=\"pl-9760\"  class=\"panel-layout\" ><div id=\"pg-9760-0\"  class=\"panel-grid panel-no-style\" ><div id=\"pgc-9760-0-0\"  class=\"panel-grid-cell\" ><div id=\"panel-9760-0-0-0\" class=\"so-panel widget widget_sermons-list-widget panel-first-child panel-last-child\" data-index=\"0\" ><div class=\"so-widget-sermons-list-widget so-widget-sermons-list-widget-base\"><a href=\"https:\/\/metoda-tippinga.pl\/web\/podcasty\/\" class=\"btn btn-default pull-right\">Zobacz wszystkie podcasty<\/a><h3 class=\"panel-title\">\nPodcasty: Duchowo\u015b\u0107<\/h3>\n<div class=\"row\">\n<ul class=\"isotope-grid\">\n<li class=\"grid-item col-md-4 col-sm-6 sermon-item format-standard\">\n\t<div class=\"grid-item-inner\">\n\t\t\t            <div class=\"post-media\">\n            \t<div class=\"latest-sermon-video fw-video post-media\">\n                <iframe loading=\"lazy\" itemprop=\"video\" src=\"\/\/www.youtube.com\/embed\/RLru-k30L3M?wmode=transparent&autoplay=0\" width=\"500\" height=\"281\" ><\/iframe>                <\/div>\n            <\/div>\n        \t\t<div class=\"grid-content\">\n            <h3><a href=\"https:\/\/metoda-tippinga.pl\/web\/?sermon=rw-130-tomasz-kalko-duchowosc-w-biznesie-akceptacja-siebie-i-sztuka-madrego-sporu\">RW 130: Tomasz Kalko: Duchowo\u015b\u0107 w biznesie, akceptacja siebie i sztuka m\u0105drego sporu<\/a><\/h3>\n\t\t\t       \t<\/div>\n\t\t<div class=\"grid-footer clearfix\">\n                    <\/div>\n\t<\/div>\n<\/li>\n<li class=\"grid-item col-md-4 col-sm-6 sermon-item format-standard\">\n\t<div class=\"grid-item-inner\">\n\t\t\t            <div class=\"post-media\">\n            \t<div class=\"latest-sermon-video fw-video post-media\">\n                <iframe loading=\"lazy\" itemprop=\"video\" src=\"\/\/www.youtube.com\/embed\/gy-6yamwDnA?wmode=transparent&autoplay=0\" width=\"500\" height=\"281\" ><\/iframe>                <\/div>\n            <\/div>\n        \t\t<div class=\"grid-content\">\n            <h3><a href=\"https:\/\/metoda-tippinga.pl\/web\/?sermon=zycie-zaczyna-sie-od-radykalnego-wybaczania-prawdziwe-historie-trenerow\">\u017bycie zaczyna si\u0119 od Radykalnego Wybaczania &#8211; prawdziwe historie trener\u00f3w.<\/a><\/h3>\n\t\t\t       \t<\/div>\n\t\t<div class=\"grid-footer clearfix\">\n                    <\/div>\n\t<\/div>\n<\/li>\n<li class=\"grid-item col-md-4 col-sm-6 sermon-item format-standard\">\n\t<div class=\"grid-item-inner\">\n\t\t\t            <div class=\"post-media\">\n            \t<div class=\"latest-sermon-video fw-video post-media\">\n                <iframe loading=\"lazy\" itemprop=\"video\" src=\"\/\/www.youtube.com\/embed\/L8LHHHaWVdE?wmode=transparent&autoplay=0\" width=\"500\" height=\"281\" ><\/iframe>                <\/div>\n            <\/div>\n        \t\t<div class=\"grid-content\">\n            <h3><a href=\"https:\/\/metoda-tippinga.pl\/web\/?sermon=rw-126-czy-zle-doswiadczenia-to-kara\">RW 126: Jak astrologia wspiera rozw\u00f3j? A tak\u017ce: sprawd\u017a sw\u00f3j horoskop na 2026!<\/a><\/h3>\n\t\t\t       \t<\/div>\n\t\t<div class=\"grid-footer clearfix\">\n                    <\/div>\n\t<\/div>\n<\/li>\n<li class=\"grid-item col-md-4 col-sm-6 sermon-item format-standard\">\n\t<div class=\"grid-item-inner\">\n\t\t\t            <div class=\"post-media\">\n            \t<div class=\"latest-sermon-video fw-video post-media\">\n                <iframe loading=\"lazy\" itemprop=\"video\" src=\"\/\/www.youtube.com\/embed\/HNN9KtJSxXY?wmode=transparent&autoplay=0\" width=\"500\" height=\"281\" ><\/iframe>                <\/div>\n            <\/div>\n        \t\t<div class=\"grid-content\">\n            <h3><a href=\"https:\/\/metoda-tippinga.pl\/web\/?sermon=rw-120-gosc-specjalny-shataqs-o-muzyce-duszy-i-drodze-feniksa\">RW 120: Gos\u0301c\u0301 specjalny ShataQS &#8211; o muzyce, duszy i drodze Feniksa<\/a><\/h3>\n\t\t\t       \t<\/div>\n\t\t<div class=\"grid-footer clearfix\">\n                    <\/div>\n\t<\/div>\n<\/li>\n<li class=\"grid-item col-md-4 col-sm-6 sermon-item format-standard\">\n\t<div class=\"grid-item-inner\">\n\t\t\t            <div class=\"post-media\">\n            \t<div class=\"latest-sermon-video fw-video post-media\">\n                <iframe loading=\"lazy\" itemprop=\"video\" src=\"\/\/www.youtube.com\/embed\/imHuawHGC8Q?wmode=transparent&autoplay=0\" width=\"500\" height=\"281\" ><\/iframe>                <\/div>\n            <\/div>\n        \t\t<div class=\"grid-content\">\n            <h3><a href=\"https:\/\/metoda-tippinga.pl\/web\/?sermon=rw-118-bitwa-o-majatek-jak-nie-rozbic-rodziny\">RW 118: Bitwa o maj\u0105tek &#8211; jak nie rozbi\u0107 rodziny<\/a><\/h3>\n\t\t\t       \t<\/div>\n\t\t<div class=\"grid-footer clearfix\">\n                    <\/div>\n\t<\/div>\n<\/li>\n<li class=\"grid-item col-md-4 col-sm-6 sermon-item format-standard\">\n\t<div class=\"grid-item-inner\">\n\t\t\t            <div class=\"post-media\">\n            \t<div class=\"latest-sermon-video fw-video post-media\">\n                <iframe loading=\"lazy\" itemprop=\"video\" src=\"\/\/www.youtube.com\/embed\/oYia4mQwoo0?wmode=transparent&autoplay=0\" width=\"500\" height=\"281\" ><\/iframe>                <\/div>\n            <\/div>\n        \t\t<div class=\"grid-content\">\n            <h3><a href=\"https:\/\/metoda-tippinga.pl\/web\/?sermon=rw-116-nie-moge-byc-silna-bo-matka-przestanie-mnie-kochac-o-toksycznym-uwiklaniu-corek\">RW 116: Nie mog\u0119 by\u0107 silna, bo matka przestanie mnie kocha\u0107. O toksycznym uwik\u0142aniu c\u00f3rek.<\/a><\/h3>\n\t\t\t       \t<\/div>\n\t\t<div class=\"grid-footer clearfix\">\n                    <\/div>\n\t<\/div>\n<\/li>\n<li class=\"grid-item col-md-4 col-sm-6 sermon-item format-standard\">\n\t<div class=\"grid-item-inner\">\n\t\t\t            <div class=\"post-media\">\n            \t<div class=\"latest-sermon-video fw-video post-media\">\n                <iframe loading=\"lazy\" itemprop=\"video\" src=\"\/\/www.youtube.com\/embed\/7xMm-tgGnQA?wmode=transparent&autoplay=0\" width=\"500\" height=\"281\" ><\/iframe>                <\/div>\n            <\/div>\n        \t\t<div class=\"grid-content\">\n            <h3><a href=\"https:\/\/metoda-tippinga.pl\/web\/?sermon=rw-115-bylem-mistrzem-manipulacjidopoki-alkohol-nie-odebral-mi-wszystkiego\">RW 115: By\u0142em mistrzem manipulacji\u2026dop\u00f3ki alkohol nie odebra\u0142 mi wszystkiego.<\/a><\/h3>\n\t\t\t       \t<\/div>\n\t\t<div class=\"grid-footer clearfix\">\n                    <\/div>\n\t<\/div>\n<\/li>\n<li class=\"grid-item col-md-4 col-sm-6 sermon-item format-standard\">\n\t<div class=\"grid-item-inner\">\n\t\t\t            <div class=\"post-media\">\n            \t<div class=\"latest-sermon-video fw-video post-media\">\n                <iframe loading=\"lazy\" itemprop=\"video\" src=\"\/\/www.youtube.com\/embed\/vybkvI-THz0?wmode=transparent&autoplay=0\" width=\"500\" height=\"281\" ><\/iframe>                <\/div>\n            <\/div>\n        \t\t<div class=\"grid-content\">\n            <h3><a href=\"https:\/\/metoda-tippinga.pl\/web\/?sermon=rw-104-czy-da-sie-oswoic-lek-przed-smiercia-gosc-anja-franczak\">RW 104: Czy da si\u0119 oswoi\u0107 l\u0119k przed \u015bmierci\u0105? Go\u015b\u0107 Anja Franczak<\/a><\/h3>\n\t\t\t       \t<\/div>\n\t\t<div class=\"grid-footer clearfix\">\n                    <\/div>\n\t<\/div>\n<\/li>\n<li class=\"grid-item col-md-4 col-sm-6 sermon-item format-standard\">\n\t<div class=\"grid-item-inner\">\n\t\t\t            <div class=\"post-media\">\n            \t<div class=\"latest-sermon-video fw-video post-media\">\n                <iframe loading=\"lazy\" itemprop=\"video\" src=\"\/\/www.youtube.com\/embed\/An8v6iItQWA?wmode=transparent&autoplay=0\" width=\"500\" height=\"281\" ><\/iframe>                <\/div>\n            <\/div>\n        \t\t<div class=\"grid-content\">\n            <h3><a href=\"https:\/\/metoda-tippinga.pl\/web\/?sermon=rw-102-jestem-zdrowa-mam-raka-gosc-pola-guzlinska-odcinek-specjalny\">RW 102: Jestem zdrowa. Mam raka. Go\u015b\u0107 Pola Gu\u017ali\u0144ska. Odcinek specjalny.<\/a><\/h3>\n\t\t\t       \t<\/div>\n\t\t<div class=\"grid-footer clearfix\">\n                    <\/div>\n\t<\/div>\n<\/li>\n<li class=\"grid-item col-md-4 col-sm-6 sermon-item format-standard\">\n\t<div class=\"grid-item-inner\">\n\t\t\t            <div class=\"post-media\">\n            \t<div class=\"latest-sermon-video fw-video post-media\">\n                <iframe loading=\"lazy\" itemprop=\"video\" src=\"\/\/www.youtube.com\/embed\/Uv6uzyIEAXg?wmode=transparent&autoplay=0\" width=\"500\" height=\"281\" ><\/iframe>                <\/div>\n            <\/div>\n        \t\t<div class=\"grid-content\">\n            <h3><a href=\"https:\/\/metoda-tippinga.pl\/web\/?sermon=rw-96-poznaj-wreszcie-zasade-lustra-i-obroc-ja-na-swoja-korzysc-rozwoj-relacje-duchowosc\">RW 96: Poznaj wreszcie zasad\u0119 lustra i obr\u00f3\u0107 j\u0105 na swoj\u0105 korzy\u015b\u0107.<\/a><\/h3>\n\t\t\t       \t<\/div>\n\t\t<div class=\"grid-footer clearfix\">\n                    <\/div>\n\t<\/div>\n<\/li>\n<li class=\"grid-item col-md-4 col-sm-6 sermon-item format-standard\">\n\t<div class=\"grid-item-inner\">\n\t\t\t            <div class=\"post-media\">\n            \t<div class=\"latest-sermon-video fw-video post-media\">\n                <iframe loading=\"lazy\" itemprop=\"video\" src=\"\/\/www.youtube.com\/embed\/YmAnIVDCmP8?wmode=transparent&autoplay=0\" width=\"500\" height=\"281\" ><\/iframe>                <\/div>\n            <\/div>\n        \t\t<div class=\"grid-content\">\n            <h3><a href=\"https:\/\/metoda-tippinga.pl\/web\/?sermon=rw-89-wdziecznosc-twoj-klucz-do-szczescia-masz-wiecej-niz-myslisz\">RW 89: Wdzi\u0119czno\u015b\u0107 &#8211; Tw\u00f3j klucz do szcz\u0119\u015bcia. Masz wi\u0119cej ni\u017c my\u015blisz.<\/a><\/h3>\n\t\t\t       \t<\/div>\n\t\t<div class=\"grid-footer clearfix\">\n                    <\/div>\n\t<\/div>\n<\/li>\n<li class=\"grid-item col-md-4 col-sm-6 sermon-item format-standard\">\n\t<div class=\"grid-item-inner\">\n\t\t\t            <div class=\"post-media\">\n            \t<div class=\"latest-sermon-video fw-video post-media\">\n                <iframe loading=\"lazy\" itemprop=\"video\" src=\"\/\/www.youtube.com\/embed\/dFTY2jMPbN0?wmode=transparent&autoplay=0\" width=\"500\" height=\"281\" ><\/iframe>                <\/div>\n            <\/div>\n        \t\t<div class=\"grid-content\">\n            <h3><a href=\"https:\/\/metoda-tippinga.pl\/web\/?sermon=rw-88-dlaczego-tego-chce-swiadoma-intencja-zmienia-wszystko\">RW 88: Dlaczego tego chc\u0119? \u015awiadoma intencja zmienia wszystko!<\/a><\/h3>\n\t\t\t       \t<\/div>\n\t\t<div class=\"grid-footer clearfix\">\n                    <\/div>\n\t<\/div>\n<\/li>\n<li class=\"grid-item col-md-4 col-sm-6 sermon-item format-standard\">\n\t<div class=\"grid-item-inner\">\n\t\t\t            <div class=\"post-media\">\n            \t<div class=\"latest-sermon-video fw-video post-media\">\n                <iframe loading=\"lazy\" itemprop=\"video\" src=\"\/\/www.youtube.com\/embed\/6kgCaFTp9EM?wmode=transparent&autoplay=0\" width=\"500\" height=\"281\" ><\/iframe>                <\/div>\n            <\/div>\n        \t\t<div class=\"grid-content\">\n            <h3><a href=\"https:\/\/metoda-tippinga.pl\/web\/?sermon=rw-81-ksiazki-ktore-zmieniaja-zycie-nieskonczone-zycie-podroz-duszy-po-smierci\">RW 81: Ksi\u0105\u017cki, kt\u00f3re zmieniaj\u0105 \u017cycie. \u201dNiesko\u0144czone \u017cycie. Podr\u00f3\u017c duszy po \u015bmierci\u201d<\/a><\/h3>\n\t\t\t       \t<\/div>\n\t\t<div class=\"grid-footer clearfix\">\n                    <\/div>\n\t<\/div>\n<\/li>\n<li class=\"grid-item col-md-4 col-sm-6 sermon-item format-standard\">\n\t<div class=\"grid-item-inner\">\n\t\t\t            <div class=\"post-media\">\n            \t<div class=\"latest-sermon-video fw-video post-media\">\n                <iframe loading=\"lazy\" itemprop=\"video\" src=\"\/\/www.youtube.com\/embed\/Ylfw8kodUWU?wmode=transparent&autoplay=0\" width=\"500\" height=\"281\" ><\/iframe>                <\/div>\n            <\/div>\n        \t\t<div class=\"grid-content\">\n            <h3><a href=\"https:\/\/metoda-tippinga.pl\/web\/?sermon=rw-79-ikigai-twoja-droga-do-znaczacego-zycia\">RW 79: Ikigai. Twoja droga do znacz\u0105cego \u017cycia.<\/a><\/h3>\n\t\t\t       \t<\/div>\n\t\t<div class=\"grid-footer clearfix\">\n                    <\/div>\n\t<\/div>\n<\/li>\n<li class=\"grid-item col-md-4 col-sm-6 sermon-item format-standard\">\n\t<div class=\"grid-item-inner\">\n\t\t\t            <div class=\"post-media\">\n            \t<div class=\"latest-sermon-video fw-video post-media\">\n                <iframe loading=\"lazy\" itemprop=\"video\" src=\"\/\/www.youtube.com\/embed\/CYKMvk6hww0?wmode=transparent&autoplay=0\" width=\"500\" height=\"281\" ><\/iframe>                <\/div>\n            <\/div>\n        \t\t<div class=\"grid-content\">\n            <h3><a href=\"https:\/\/metoda-tippinga.pl\/web\/?sermon=rw-76-wybaczaj-bez-slow-i-oczekuj-cudu-ceremonia-wybaczania-w-kregu\">RW 76: Wybaczaj bez s\u0142\u00f3w i oczekuj cudu! Ceremonia Wybaczania w kr\u0119gu<\/a><\/h3>\n\t\t\t       \t<\/div>\n\t\t<div class=\"grid-footer clearfix\">\n                    <\/div>\n\t<\/div>\n<\/li>\n<li class=\"grid-item col-md-4 col-sm-6 sermon-item format-standard\">\n\t<div class=\"grid-item-inner\">\n\t\t\t            <div class=\"post-media\">\n            \t<div class=\"latest-sermon-video fw-video post-media\">\n                <iframe loading=\"lazy\" itemprop=\"video\" src=\"\/\/www.youtube.com\/embed\/gK2n-CZF8gE?wmode=transparent&autoplay=0\" width=\"500\" height=\"281\" ><\/iframe>                <\/div>\n            <\/div>\n        \t\t<div class=\"grid-content\">\n            <h3><a href=\"https:\/\/metoda-tippinga.pl\/web\/?sermon=rw-72-sila-podswiadomosci-czyli-lampka-na-siebie\">RW 72: Si\u0142a pod\u015bwiadomo\u015bci, czyli lampka na siebie.<\/a><\/h3>\n\t\t\t       \t<\/div>\n\t\t<div class=\"grid-footer clearfix\">\n                    <\/div>\n\t<\/div>\n<\/li>\n<li class=\"grid-item col-md-4 col-sm-6 sermon-item format-standard\">\n\t<div class=\"grid-item-inner\">\n\t\t\t            <div class=\"post-media\">\n            \t<div class=\"latest-sermon-video fw-video post-media\">\n                <iframe loading=\"lazy\" itemprop=\"video\" src=\"\/\/www.youtube.com\/embed\/A3w6hURebYc?wmode=transparent&autoplay=0\" width=\"500\" height=\"281\" ><\/iframe>                <\/div>\n            <\/div>\n        \t\t<div class=\"grid-content\">\n            <h3><a href=\"https:\/\/metoda-tippinga.pl\/web\/?sermon=rw-52-jak-duchowosc-moze-cie-wspierac-w-realizacji-celow-2\">RW 52: Jak duchowo\u015b\u0107 mo\u017ce Ci\u0119 wspiera\u0107 w realizacji cel\u00f3w?<\/a><\/h3>\n\t\t\t       \t<\/div>\n\t\t<div class=\"grid-footer clearfix\">\n                    <\/div>\n\t<\/div>\n<\/li>\n<li class=\"grid-item col-md-4 col-sm-6 sermon-item format-standard\">\n\t<div class=\"grid-item-inner\">\n\t\t\t            <div class=\"post-media\">\n            \t<div class=\"latest-sermon-video fw-video post-media\">\n                <iframe loading=\"lazy\" itemprop=\"video\" src=\"\/\/www.youtube.com\/embed\/mq_dLv38BaQ?wmode=transparent&autoplay=0\" width=\"500\" height=\"281\" ><\/iframe>                <\/div>\n            <\/div>\n        \t\t<div class=\"grid-content\">\n            <h3><a href=\"https:\/\/metoda-tippinga.pl\/web\/?sermon=rw-30-czym-jest-duchowy-bypass-i-jak-wplywa-na-twoje-zycie\">RW 30: Czym jest duchowy bypass? I jak wp\u0142ywa na twoje \u017cycie?<\/a><\/h3>\n\t\t\t       \t<\/div>\n\t\t<div class=\"grid-footer clearfix\">\n                    <\/div>\n\t<\/div>\n<\/li>\n<\/ul>\n<\/div>\n<\/div><\/div><\/div><\/div><\/div>","protected":false},"excerpt":{"rendered":"[vc_row][vc_column][vc_column_text]Duchowy bypass nie jest zwi\u0105zany z \u017cadn\u0105 religi\u0105, praktyk\u0105, filozofi\u0105. Nie musi dotyczy\u0107 duchowo\u015bci. Mo\u017ce \u201cdopa\u015b\u0107\u201d ka\u017cdego: katolika, buddyst\u0119, ateist\u0119. Mo\u017ce dotyczy\u0107 osoby praktykuj\u0105cej tantr\u0119, stoicyzm, medytacj\u0119 itp. Mo\u017ce te\u017c dotkn\u0105\u0107 osob\u0119, kt\u00f3ra \u201czajada\u201d swoje emocje, sportowca, kt\u00f3ry \u201czabiega\u201d swoje problemy, jak na\u0142ogowego uczestnika warsztat\u00f3w rozwojowych. Duchowy byipass to taki fa\u0142szywy rozw\u00f3j duchowy. Dlaczego? O tym mo\u017cesz pos\u0142ucha\u0107 w tym odcinku. O czym us\u0142yszysz w tym odcinku? \u2022 jak zdiagnozowa\u0107 czy masz ten syndrom \u2022 czemu to s\u0142u\u017cy \u2022 jakie s\u0105 koszty \u017cycia z tym \u2022 jak to zmieni\u0107 Po wys\u0142uchaniu tego odcinka mo\u017cesz: \u2022 um\u00f3wi\u0107 si\u0119 na sesj\u0119 z Trenerem Radykalnego Wybaczania (baz\u0119 znajdziecie na stronie Instytutu www.metodatippinga.pl) \u2022 przeczyta\u0107 ksi\u0105\u017ck\u0119 Colina Tippinga \u201cRadykalne Wybaczanie\u201d \u2022 wype\u0142ni\u0107 arkusz RW \u2022 podzieli\u0107 si\u0119 tym odcinkiem z minimum jedn\u0105 osob\u0105, kt\u00f3rej to mo\u017ce pom\u00f3c \u2022 obejrze\u0107 nasze filmy na YT Radykalne Wybaczanie to metoda, kt\u00f3rej autorem jest Colin Tipping. To pot\u0119\u017cne i skuteczne narz\u0119dzie pracy nad sob\u0105, kt\u00f3re przynosi ulg\u0119, spok\u00f3j i poczucie lekko\u015bci \u017cycia. Od 20 lat dzia\u0142a na ca\u0142ym \u015bwiecie z korzy\u015bci\u0105 dla tysi\u0119cy ludzi. Instytut Metody Tippinga w Polsce, jedyny, licencjonowany o\u015brodek Radykalnego Wybaczania w Polsce. Prowadz\u0105ce to: Magdalena Czaja, Dyrektor Instytutu Metody Tippinga w Polsce, coach, autorka metody Lovefiting\u00ae Ewa Turek, trener komunikacji, m\u00f3wca, coach. Wsp\u00f3\u0142pracownik Instytutu.[\/vc_column_text][\/vc_column][\/vc_row][vc_row][vc_column][vc_column_text]Listen to \"RW 30: Czym jest duchowy bypass? I jak wp\u0142ywa na twoje \u017cycie?\" on Spreaker.[\/vc_column_text][vc_column_text el_id=\"transkrypcja\"] Magdalena Czaja Witaj w Instytucie Metody Tippinga w kt\u00f3rym dzielimy si\u0119 filozofi\u0105 Radykalnego Wybaczania. Nazywam si\u0119 Magdalena Czaja i prowadz\u0119 jedyny w Polsce o\u015brodek oficjalnie reprezentuj\u0105cy t\u0119 metod\u0119 w Polsce. W tym podka\u015bcie wraz z nasz\u0105 trenerk\u0105 i wsp\u00f3\u0142pracownic\u0105 Ew\u0105 Turek pomo\u017cemy ci lepiej pozna\u0107 Radykalne Wybaczanie i jego narz\u0119dzia. Narz\u0119dzia, kt\u00f3re od dekad zmieniaj\u0105 \u017cycie tysi\u0119cy os\u00f3b na ca\u0142ym \u015bwiecie, pomagaj\u0105c uwolni\u0107 si\u0119 od b\u00f3lu przesz\u0142o\u015bci i tera\u017aniejszo\u015bci po to aby \u017cy\u0107 z lekko\u015bci\u0105 i rado\u015bci\u0105. Bo wybaczanie naprawd\u0119 ma moc uzdrawiania. Zapraszam. &nbsp; Magdalena Czaja Dzie\u0144 dobry, ale mamy temat dzisiaj! &nbsp; Ewa Turek A\u017c zacieram r\u0119ce. Bo to si\u0119 tak cz\u0119sto pojawia w tej naszej pracy terapeutycznej. W sesjach czy w og\u00f3le z historii, kt\u00f3re do nas docieraj\u0105. Duchowy bypass. &nbsp; Magdalena Czaja Bardzo cz\u0119sto odkryciem jest dla wielu os\u00f3b na kursie trenerskim, \u017ce co\u015b takiego w og\u00f3le jest i to jest super bo na kursie w\u0142a\u015bnie uczestnicy si\u0119 ucz\u0105 jak wy\u0142apywa\u0107 duchowe bypassy innych i jak samemu w nie nie wchodzi\u0107. Tak\u017ce temat jest bardzo bardzo ciekawy. &nbsp; Ewa Turek Ale to sformu\u0142owanie... Tak, pogrzeba\u0142y\u015bmy tutaj w internecie. Pierwszy raz jakby oceni\u0142 to, sformu\u0142owa\u0142 ponad 30 lat temu John Wilwood, kt\u00f3ry by\u0142 Buddyst\u0105 ale te\u017c pracowa\u0142 terapeutycznie i prowadzi\u0142 swoich podopiecznych i on zaobserwowa\u0142, \u017ce w\u015br\u00f3d os\u00f3b zainteresowanych rozwojem duchowym a zw\u0142aszcza w tym \u015brodowisku buddyst\u00f3w istnieje do\u015b\u0107 szeroko rozpowszechniona tendencja aby u\u017cywa\u0107 tej praktyki, tej teorii duchowo\u015bci by omija\u0107 nierozwi\u0105zane problemy emocjonalne czyli rany psychiczne i takie niedoko\u0144czone procesy. &nbsp; Magdalena Czaja Tak by\u0107 ponadto to. By\u0107 uduchowionym, by\u0107 o\u015bwieconym byle tylko nie by\u0107 w kontakcie ze sob\u0105 i ze swoimi ranami trudnymi emocjami itd. &nbsp; Magdalena Czaja Obie to widzimy na sesjach. Cz\u0119sto si\u0119 trafiaj\u0105 tacy klienci ale ja to obserwuj\u0119 od lat jeszcze zanim chyba w og\u00f3le [...]","protected":false},"author":4,"featured_media":0,"parent":0,"menu_order":0,"comment_status":"closed","ping_status":"closed","template":"","meta":{"footnotes":""},"class_list":["post-9760","page","type-page","status-publish","hentry"],"publishpress_future_action":{"enabled":false,"date":"2026-04-10 22:28:53","action":"change-status","newStatus":"private","terms":[],"taxonomy":"frm_application","extraData":[]},"publishpress_future_workflow_manual_trigger":{"enabledWorkflows":[]},"_links":{"self":[{"href":"https:\/\/metoda-tippinga.pl\/web\/wp-json\/wp\/v2\/pages\/9760","targetHints":{"allow":["GET"]}}],"collection":[{"href":"https:\/\/metoda-tippinga.pl\/web\/wp-json\/wp\/v2\/pages"}],"about":[{"href":"https:\/\/metoda-tippinga.pl\/web\/wp-json\/wp\/v2\/types\/page"}],"author":[{"embeddable":true,"href":"https:\/\/metoda-tippinga.pl\/web\/wp-json\/wp\/v2\/users\/4"}],"replies":[{"embeddable":true,"href":"https:\/\/metoda-tippinga.pl\/web\/wp-json\/wp\/v2\/comments?post=9760"}],"version-history":[{"count":15,"href":"https:\/\/metoda-tippinga.pl\/web\/wp-json\/wp\/v2\/pages\/9760\/revisions"}],"predecessor-version":[{"id":9953,"href":"https:\/\/metoda-tippinga.pl\/web\/wp-json\/wp\/v2\/pages\/9760\/revisions\/9953"}],"wp:attachment":[{"href":"https:\/\/metoda-tippinga.pl\/web\/wp-json\/wp\/v2\/media?parent=9760"}],"curies":[{"name":"wp","href":"https:\/\/api.w.org\/{rel}","templated":true}]}}