
{"id":9939,"date":"2024-07-01T18:23:29","date_gmt":"2024-07-01T16:23:29","guid":{"rendered":"https:\/\/metoda-tippinga.pl\/web\/?page_id=9939"},"modified":"2024-07-01T18:23:30","modified_gmt":"2024-07-01T16:23:30","slug":"podcasty-kobieta","status":"publish","type":"page","link":"https:\/\/metoda-tippinga.pl\/web\/podcasty-kobieta\/","title":{"rendered":"Podcasty: Kobieta"},"content":{"rendered":"<div id=\"pl-9939\"  class=\"panel-layout\" ><div id=\"pg-9939-0\"  class=\"panel-grid panel-no-style\" ><div id=\"pgc-9939-0-0\"  class=\"panel-grid-cell\" ><div id=\"panel-9939-0-0-0\" class=\"so-panel widget widget_sermons-list-widget panel-first-child panel-last-child\" data-index=\"0\" ><div class=\"so-widget-sermons-list-widget so-widget-sermons-list-widget-base\"><a href=\"https:\/\/metoda-tippinga.pl\/web\/podcasty\/\" class=\"btn btn-default pull-right\">Zobacz wszystkie podcasty<\/a><h3 class=\"panel-title\">\nPodcasty: Kobieta<\/h3>\n<div class=\"row\">\n<ul class=\"isotope-grid\">\n<li class=\"grid-item col-md-4 col-sm-6 sermon-item format-standard\">\n\t<div class=\"grid-item-inner\">\n\t\t\t            <div class=\"post-media\">\n            \t<div class=\"latest-sermon-video fw-video post-media\">\n                <iframe loading=\"lazy\" itemprop=\"video\" src=\"\/\/www.youtube.com\/embed\/8vDkSm8-W6I?wmode=transparent&autoplay=0\" width=\"500\" height=\"281\" ><\/iframe>                <\/div>\n            <\/div>\n        \t\t<div class=\"grid-content\">\n            <h3><a href=\"https:\/\/metoda-tippinga.pl\/web\/?sermon=rw-129-relacja-z-dzieckiem-co-mowi-o-tobie-totalna-biologia-agnieszka-madej-uhl-radykalne-wybaczanie\">RW 129: Relacja z dzieckiem &#8211; co m\u00f3wi o Tobie? Totalna biologia &#8211; Agnieszka Madej-Uhl | Radykalne Wybaczanie<\/a><\/h3>\n\t\t\t       \t<\/div>\n\t\t<div class=\"grid-footer clearfix\">\n                    <\/div>\n\t<\/div>\n<\/li>\n<li class=\"grid-item col-md-4 col-sm-6 sermon-item format-standard\">\n\t<div class=\"grid-item-inner\">\n\t\t\t            <div class=\"post-media\">\n            \t<div class=\"latest-sermon-video fw-video post-media\">\n                <iframe loading=\"lazy\" itemprop=\"video\" src=\"\/\/www.youtube.com\/embed\/JJPpj0WdX4A?wmode=transparent&autoplay=0\" width=\"500\" height=\"281\" ><\/iframe>                <\/div>\n            <\/div>\n        \t\t<div class=\"grid-content\">\n            <h3><a href=\"https:\/\/metoda-tippinga.pl\/web\/?sermon=rw-125-czego-moze-nauczyc-cie-trudna-relacja-z-tesciowa\">RW 125: Czego mo\u017ce nauczy\u0107 Ci\u0119 trudna relacja z te\u015bciow\u0105?<\/a><\/h3>\n\t\t\t       \t<\/div>\n\t\t<div class=\"grid-footer clearfix\">\n                    <\/div>\n\t<\/div>\n<\/li>\n<li class=\"grid-item col-md-4 col-sm-6 sermon-item format-standard\">\n\t<div class=\"grid-item-inner\">\n\t\t\t            <div class=\"post-media\">\n            \t<div class=\"latest-sermon-video fw-video post-media\">\n                <iframe loading=\"lazy\" itemprop=\"video\" src=\"\/\/www.youtube.com\/embed\/RHNNV0uJ25c?wmode=transparent&autoplay=0\" width=\"500\" height=\"281\" ><\/iframe>                <\/div>\n            <\/div>\n        \t\t<div class=\"grid-content\">\n            <h3><a href=\"https:\/\/metoda-tippinga.pl\/web\/?sermon=rw-123-niepelnosprawnosc-w-rodzinie-ekstremalny-sprawdzian-milosci\">RW 123: Niepe\u0142nosprawno\u015b\u0107 w rodzinie &#8211; ekstremalny sprawdzian mi\u0142o\u015bci.<\/a><\/h3>\n\t\t\t       \t<\/div>\n\t\t<div class=\"grid-footer clearfix\">\n                    <\/div>\n\t<\/div>\n<\/li>\n<li class=\"grid-item col-md-4 col-sm-6 sermon-item format-standard\">\n\t<div class=\"grid-item-inner\">\n\t\t\t            <div class=\"post-media\">\n            \t<div class=\"latest-sermon-video fw-video post-media\">\n                <iframe loading=\"lazy\" itemprop=\"video\" src=\"\/\/www.youtube.com\/embed\/HNN9KtJSxXY?wmode=transparent&autoplay=0\" width=\"500\" height=\"281\" ><\/iframe>                <\/div>\n            <\/div>\n        \t\t<div class=\"grid-content\">\n            <h3><a href=\"https:\/\/metoda-tippinga.pl\/web\/?sermon=rw-120-gosc-specjalny-shataqs-o-muzyce-duszy-i-drodze-feniksa\">RW 120: Gos\u0301c\u0301 specjalny ShataQS &#8211; o muzyce, duszy i drodze Feniksa<\/a><\/h3>\n\t\t\t       \t<\/div>\n\t\t<div class=\"grid-footer clearfix\">\n                    <\/div>\n\t<\/div>\n<\/li>\n<li class=\"grid-item col-md-4 col-sm-6 sermon-item format-standard\">\n\t<div class=\"grid-item-inner\">\n\t\t\t            <div class=\"post-media\">\n            \t<div class=\"latest-sermon-video fw-video post-media\">\n                <iframe loading=\"lazy\" itemprop=\"video\" src=\"\/\/www.youtube.com\/embed\/PVGMJcoyraI?wmode=transparent&autoplay=0\" width=\"500\" height=\"281\" ><\/iframe>                <\/div>\n            <\/div>\n        \t\t<div class=\"grid-content\">\n            <h3><a href=\"https:\/\/metoda-tippinga.pl\/web\/?sermon=rw-112-dzieki-decyzji-o-rozwodzie-znalazlam-milosc-gosc-specjalny-mariola-bojarska-ferenc\">RW 112: Dzi\u0119ki decyzji o rozwodzie znalaz\u0142am mi\u0142o\u015b\u0107. Go\u015b\u0107 specjalny: Mariola Bojarska-Ferenc.<\/a><\/h3>\n\t\t\t       \t<\/div>\n\t\t<div class=\"grid-footer clearfix\">\n                    <\/div>\n\t<\/div>\n<\/li>\n<li class=\"grid-item col-md-4 col-sm-6 sermon-item format-standard\">\n\t<div class=\"grid-item-inner\">\n\t\t\t            <div class=\"post-media\">\n            \t<div class=\"latest-sermon-video fw-video post-media\">\n                <iframe loading=\"lazy\" itemprop=\"video\" src=\"\/\/www.youtube.com\/embed\/hYjVZMBazJ4?wmode=transparent&autoplay=0\" width=\"500\" height=\"281\" ><\/iframe>                <\/div>\n            <\/div>\n        \t\t<div class=\"grid-content\">\n            <h3><a href=\"https:\/\/metoda-tippinga.pl\/web\/?sermon=rw-111-od-leku-do-mocy-moja-historia-o-byciu-soba-w-biznesie\">RW 111: Od l\u0119ku do mocy. Moja historia o byciu sob\u0105 w biznesie<\/a><\/h3>\n\t\t\t       \t<\/div>\n\t\t<div class=\"grid-footer clearfix\">\n                    <\/div>\n\t<\/div>\n<\/li>\n<li class=\"grid-item col-md-4 col-sm-6 sermon-item format-standard\">\n\t<div class=\"grid-item-inner\">\n\t\t\t            <div class=\"post-media\">\n            \t<div class=\"latest-sermon-video fw-video post-media\">\n                <iframe loading=\"lazy\" itemprop=\"video\" src=\"\/\/www.youtube.com\/embed\/6VOkbj7NXcs?wmode=transparent&autoplay=0\" width=\"500\" height=\"281\" ><\/iframe>                <\/div>\n            <\/div>\n        \t\t<div class=\"grid-content\">\n            <h3><a href=\"https:\/\/metoda-tippinga.pl\/web\/?sermon=rw-110-jak-zycie-sprawdza-twoja-odwage-moja-historia-strachu-i-przebudzenia\">RW 110: Jak \u017cycie sprawdza Twoj\u0105 odwag\u0119? Moja historia strachu i przebudzenia.<\/a><\/h3>\n\t\t\t       \t<\/div>\n\t\t<div class=\"grid-footer clearfix\">\n                    <\/div>\n\t<\/div>\n<\/li>\n<li class=\"grid-item col-md-4 col-sm-6 sermon-item format-standard\">\n\t<div class=\"grid-item-inner\">\n\t\t\t            <div class=\"post-media\">\n            \t<div class=\"latest-sermon-video fw-video post-media\">\n                <iframe loading=\"lazy\" itemprop=\"video\" src=\"\/\/www.youtube.com\/embed\/pK9ee8QIWjM?wmode=transparent&autoplay=0\" width=\"500\" height=\"281\" ><\/iframe>                <\/div>\n            <\/div>\n        \t\t<div class=\"grid-content\">\n            <h3><a href=\"https:\/\/metoda-tippinga.pl\/web\/?sermon=rw-108-o-autentycznosci-empatii-i-czulosci-w-relacjach\">RW 108: O Autentyczno\u015bci, Empatii i Czu\u0142o\u015bci w Relacjach<\/a><\/h3>\n\t\t\t       \t<\/div>\n\t\t<div class=\"grid-footer clearfix\">\n                    <\/div>\n\t<\/div>\n<\/li>\n<li class=\"grid-item col-md-4 col-sm-6 sermon-item format-standard\">\n\t<div class=\"grid-item-inner\">\n\t\t\t            <div class=\"post-media\">\n            \t<div class=\"latest-sermon-video fw-video post-media\">\n                <iframe loading=\"lazy\" itemprop=\"video\" src=\"\/\/www.youtube.com\/embed\/fecCJ4tUVpc?wmode=transparent&autoplay=0\" width=\"500\" height=\"281\" ><\/iframe>                <\/div>\n            <\/div>\n        \t\t<div class=\"grid-content\">\n            <h3><a href=\"https:\/\/metoda-tippinga.pl\/web\/?sermon=rw-107-bezdomnosc-zaczyna-sie-w-domu-moze-spotkac-i-ciebie\">RW 107: Bezdomno\u015b\u0107 zaczyna si\u0119 w domu, mo\u017ce spotka\u0107 i Ciebie&#8230;<\/a><\/h3>\n\t\t\t       \t<\/div>\n\t\t<div class=\"grid-footer clearfix\">\n                    <\/div>\n\t<\/div>\n<\/li>\n<li class=\"grid-item col-md-4 col-sm-6 sermon-item format-standard\">\n\t<div class=\"grid-item-inner\">\n\t\t\t            <div class=\"post-media\">\n            \t<div class=\"latest-sermon-video fw-video post-media\">\n                <iframe loading=\"lazy\" itemprop=\"video\" src=\"\/\/www.youtube.com\/embed\/vybkvI-THz0?wmode=transparent&autoplay=0\" width=\"500\" height=\"281\" ><\/iframe>                <\/div>\n            <\/div>\n        \t\t<div class=\"grid-content\">\n            <h3><a href=\"https:\/\/metoda-tippinga.pl\/web\/?sermon=rw-104-czy-da-sie-oswoic-lek-przed-smiercia-gosc-anja-franczak\">RW 104: Czy da si\u0119 oswoi\u0107 l\u0119k przed \u015bmierci\u0105? Go\u015b\u0107 Anja Franczak<\/a><\/h3>\n\t\t\t       \t<\/div>\n\t\t<div class=\"grid-footer clearfix\">\n                    <\/div>\n\t<\/div>\n<\/li>\n<li class=\"grid-item col-md-4 col-sm-6 sermon-item format-standard\">\n\t<div class=\"grid-item-inner\">\n\t\t\t            <div class=\"post-media\">\n            \t<div class=\"latest-sermon-video fw-video post-media\">\n                <iframe loading=\"lazy\" itemprop=\"video\" src=\"\/\/www.youtube.com\/embed\/An8v6iItQWA?wmode=transparent&autoplay=0\" width=\"500\" height=\"281\" ><\/iframe>                <\/div>\n            <\/div>\n        \t\t<div class=\"grid-content\">\n            <h3><a href=\"https:\/\/metoda-tippinga.pl\/web\/?sermon=rw-102-jestem-zdrowa-mam-raka-gosc-pola-guzlinska-odcinek-specjalny\">RW 102: Jestem zdrowa. Mam raka. Go\u015b\u0107 Pola Gu\u017ali\u0144ska. Odcinek specjalny.<\/a><\/h3>\n\t\t\t       \t<\/div>\n\t\t<div class=\"grid-footer clearfix\">\n                    <\/div>\n\t<\/div>\n<\/li>\n<li class=\"grid-item col-md-4 col-sm-6 sermon-item format-standard\">\n\t<div class=\"grid-item-inner\">\n\t\t\t            <div class=\"post-media\">\n            \t<div class=\"latest-sermon-video fw-video post-media\">\n                <iframe loading=\"lazy\" itemprop=\"video\" src=\"\/\/www.youtube.com\/embed\/fWuqqoBuPG0?wmode=transparent&autoplay=0\" width=\"500\" height=\"281\" ><\/iframe>                <\/div>\n            <\/div>\n        \t\t<div class=\"grid-content\">\n            <h3><a href=\"https:\/\/metoda-tippinga.pl\/web\/?sermon=rw-101-milosc-czy-pieniadze\">RW 101: Mi\u0142o\u015b\u0107 czy pieni\u0105dze?<\/a><\/h3>\n\t\t\t       \t<\/div>\n\t\t<div class=\"grid-footer clearfix\">\n                    <\/div>\n\t<\/div>\n<\/li>\n<li class=\"grid-item col-md-4 col-sm-6 sermon-item format-standard\">\n\t<div class=\"grid-item-inner\">\n\t\t\t            <div class=\"post-media\">\n            \t<div class=\"latest-sermon-video fw-video post-media\">\n                <iframe loading=\"lazy\" itemprop=\"video\" src=\"\/\/www.youtube.com\/embed\/g0UJNJlcc8o?wmode=transparent&autoplay=0\" width=\"500\" height=\"281\" ><\/iframe>                <\/div>\n            <\/div>\n        \t\t<div class=\"grid-content\">\n            <h3><a href=\"https:\/\/metoda-tippinga.pl\/web\/?sermon=rw-99-odcinek-specjalny-50-twarzy-zwiazkow-gosc-jacek-walkiewicz\">RW 99: Odcinek specjalny: 50 twarzy zwi\u0105zk\u00f3w. Go\u015b\u0107: Jacek Walkiewicz<\/a><\/h3>\n\t\t\t       \t<\/div>\n\t\t<div class=\"grid-footer clearfix\">\n                    <\/div>\n\t<\/div>\n<\/li>\n<li class=\"grid-item col-md-4 col-sm-6 sermon-item format-standard\">\n\t<div class=\"grid-item-inner\">\n\t\t\t            <div class=\"post-media\">\n            \t<div class=\"latest-sermon-video fw-video post-media\">\n                <iframe loading=\"lazy\" itemprop=\"video\" src=\"\/\/www.youtube.com\/embed\/cygk8qVd8zA?wmode=transparent&autoplay=0\" width=\"500\" height=\"281\" ><\/iframe>                <\/div>\n            <\/div>\n        \t\t<div class=\"grid-content\">\n            <h3><a href=\"https:\/\/metoda-tippinga.pl\/web\/?sermon=rw-98-odcinek-specjalny-jak-zagadac-do-kobiety-o-mezczyznach-randkowaniu-i-samotnosci-gosc-marcin-wasik\">RW 98: Odcinek specjalny: Jak zagada\u0107 do kobiety? O m\u0119\u017cczyznach, randkowaniu i samotno\u015bci. Go\u015b\u0107: Marcin W\u0105sik.<\/a><\/h3>\n\t\t\t       \t<\/div>\n\t\t<div class=\"grid-footer clearfix\">\n                    <\/div>\n\t<\/div>\n<\/li>\n<li class=\"grid-item col-md-4 col-sm-6 sermon-item format-standard\">\n\t<div class=\"grid-item-inner\">\n\t\t\t            <div class=\"post-media\">\n            \t<div class=\"latest-sermon-video fw-video post-media\">\n                <iframe loading=\"lazy\" itemprop=\"video\" src=\"\/\/www.youtube.com\/embed\/1O90wspiQkg?wmode=transparent&autoplay=0\" width=\"500\" height=\"281\" ><\/iframe>                <\/div>\n            <\/div>\n        \t\t<div class=\"grid-content\">\n            <h3><a href=\"https:\/\/metoda-tippinga.pl\/web\/?sermon=rw-94-milosc-moja-najwieksza-lekcja-gosc-marcelina-zawadzka-odcinek-specjalny-cz-2\">RW 94: Mi\u0142o\u015b\u0107. Moja najwi\u0119ksza lekcja. Go\u015b\u0107: Marcelina Zawadzka. Odcinek specjalny cz.2<\/a><\/h3>\n\t\t\t       \t<\/div>\n\t\t<div class=\"grid-footer clearfix\">\n                    <\/div>\n\t<\/div>\n<\/li>\n<li class=\"grid-item col-md-4 col-sm-6 sermon-item format-standard\">\n\t<div class=\"grid-item-inner\">\n\t\t\t            <div class=\"post-media\">\n            \t<div class=\"latest-sermon-video fw-video post-media\">\n                <iframe loading=\"lazy\" itemprop=\"video\" src=\"\/\/www.youtube.com\/embed\/6cbtEbCxEl8?wmode=transparent&autoplay=0\" width=\"500\" height=\"281\" ><\/iframe>                <\/div>\n            <\/div>\n        \t\t<div class=\"grid-content\">\n            <h3><a href=\"https:\/\/metoda-tippinga.pl\/web\/?sermon=rw-93-niewystarczajaca-juz-nie-gosc-marcelina-zawadzka-odcinek-specjalny\">RW 93: Niewystarczaj\u0105ca? Ju\u017c nie! Go\u015b\u0107: Marcelina Zawadzka. Odcinek specjalny.<\/a><\/h3>\n\t\t\t       \t<\/div>\n\t\t<div class=\"grid-footer clearfix\">\n                    <\/div>\n\t<\/div>\n<\/li>\n<li class=\"grid-item col-md-4 col-sm-6 sermon-item format-standard\">\n\t<div class=\"grid-item-inner\">\n\t\t\t            <div class=\"post-media\">\n            \t<div class=\"latest-sermon-video fw-video post-media\">\n                <iframe loading=\"lazy\" itemprop=\"video\" src=\"\/\/www.youtube.com\/embed\/JmpSHDSnlDI?wmode=transparent&autoplay=0\" width=\"500\" height=\"281\" ><\/iframe>                <\/div>\n            <\/div>\n        \t\t<div class=\"grid-content\">\n            <h3><a href=\"https:\/\/metoda-tippinga.pl\/web\/?sermon=rw-87-ucieczka-od-ojca-jako-styl-zycia-szczera-rozmowa-z-tomaszem-karolakiem\">RW 87: Ucieczka od ojca jako styl \u017cycia. Szczera rozmowa z Tomaszem Karolakiem<\/a><\/h3>\n\t\t\t       \t<\/div>\n\t\t<div class=\"grid-footer clearfix\">\n                    <\/div>\n\t<\/div>\n<\/li>\n<li class=\"grid-item col-md-4 col-sm-6 sermon-item format-standard\">\n\t<div class=\"grid-item-inner\">\n\t\t\t            <div class=\"post-media\">\n            \t<div class=\"latest-sermon-video fw-video post-media\">\n                <iframe loading=\"lazy\" itemprop=\"video\" src=\"\/\/www.youtube.com\/embed\/qTq9IuHg_jY?wmode=transparent&autoplay=0\" width=\"500\" height=\"281\" ><\/iframe>                <\/div>\n            <\/div>\n        \t\t<div class=\"grid-content\">\n            <h3><a href=\"https:\/\/metoda-tippinga.pl\/web\/?sermon=rw-80-o-zyciu-o-wybaczaniu-i-o-ceremonii\">RW 80: O \u017cyciu, o wybaczaniu i o ceremonii.<\/a><\/h3>\n\t\t\t       \t<\/div>\n\t\t<div class=\"grid-footer clearfix\">\n                    <\/div>\n\t<\/div>\n<\/li>\n<li class=\"grid-item col-md-4 col-sm-6 sermon-item format-standard\">\n\t<div class=\"grid-item-inner\">\n\t\t\t            <div class=\"post-media\">\n            \t<div class=\"latest-sermon-video fw-video post-media\">\n                <iframe loading=\"lazy\" itemprop=\"video\" src=\"\/\/www.youtube.com\/embed\/NTp5Jt0pqCo?wmode=transparent&autoplay=0\" width=\"500\" height=\"281\" ><\/iframe>                <\/div>\n            <\/div>\n        \t\t<div class=\"grid-content\">\n            <h3><a href=\"https:\/\/metoda-tippinga.pl\/web\/?sermon=rw-77-zabilam-czy-moge-sobie-wybaczyc-ceremonia-w-kregu-w-wiezieniu\">RW 77: Zabi\u0142am. Czy mog\u0119 sobie wybaczy\u0107? Ceremonia w kr\u0119gu w wi\u0119zieniu.<\/a><\/h3>\n\t\t\t       \t<\/div>\n\t\t<div class=\"grid-footer clearfix\">\n                    <\/div>\n\t<\/div>\n<\/li>\n<li class=\"grid-item col-md-4 col-sm-6 sermon-item format-standard\">\n\t<div class=\"grid-item-inner\">\n\t\t\t            <div class=\"post-media\">\n            \t<div class=\"latest-sermon-video fw-video post-media\">\n                <iframe loading=\"lazy\" itemprop=\"video\" src=\"\/\/www.youtube.com\/embed\/nUw13CjwVbM?wmode=transparent&autoplay=0\" width=\"500\" height=\"281\" ><\/iframe>                <\/div>\n            <\/div>\n        \t\t<div class=\"grid-content\">\n            <h3><a href=\"https:\/\/metoda-tippinga.pl\/web\/?sermon=rw-58-przemoc-kiedy-ofiara-jest-kobieta-cz-2\">RW 58: Przemoc: kiedy ofiar\u0105 jest kobieta cz.2<\/a><\/h3>\n\t\t\t       \t<\/div>\n\t\t<div class=\"grid-footer clearfix\">\n                    <\/div>\n\t<\/div>\n<\/li>\n<li class=\"grid-item col-md-4 col-sm-6 sermon-item format-standard\">\n\t<div class=\"grid-item-inner\">\n\t\t\t            <div class=\"post-media\">\n            \t<div class=\"latest-sermon-video fw-video post-media\">\n                <iframe loading=\"lazy\" itemprop=\"video\" src=\"\/\/www.youtube.com\/embed\/zM0MyCjYas4?wmode=transparent&autoplay=0\" width=\"500\" height=\"281\" ><\/iframe>                <\/div>\n            <\/div>\n        \t\t<div class=\"grid-content\">\n            <h3><a href=\"https:\/\/metoda-tippinga.pl\/web\/?sermon=rw-15-jak-pozegnac-bol-po-stracie\">RW 15: Jak po\u017cegna\u0107 b\u00f3l po stracie?<\/a><\/h3>\n\t\t\t       \t<\/div>\n\t\t<div class=\"grid-footer clearfix\">\n                    <\/div>\n\t<\/div>\n<\/li>\n<\/ul>\n<\/div>\n<\/div><\/div><\/div><\/div><\/div>","protected":false},"excerpt":{"rendered":"[vc_row][vc_column][vc_column_text]Zapraszamy do wys\u0142uchania kolejnego odcinka podcastu. Mo\u017cecie w nim us\u0142ysze\u0107 jakie narz\u0119dzia Metody Tippinga mog\u0105 pom\u00f3c nam w radzeniu sobie z b\u00f3lem po stracie. Ka\u017cdy z nas do\u015bwiadczy\u0142 straty: \u015bmier\u0107 lub odej\u015bcia ukochanej osoby, utraty pupila. Prze\u017cywamy r\u00f3wnie\u017c \u017ca\u0142ob\u0119 po stracie maj\u0105tku, relacji, pracy\u2026 I chocia\u017c ka\u017cdy prze\u017cywa ten b\u00f3l inaczej, to u ka\u017cdego z nas zale\u017cy on przede wszystkim od jednej rzeczy: naszego przywi\u0105zania do utraconej osoby lub rzeczy. Narz\u0119dzia Radykalnego Wybaczania cechuje niezwyk\u0142a prostota i szybko\u015b\u0107 dzia\u0142ania, ale w tym przypadku gdy dotyczy \u017ca\u0142oby - nie przyspieszamy, nie skracamy jej. \u017ba\u0142oba to jedyny stan, kt\u00f3ry WYMAGA CZASU i nie powinno si\u0119 jej skraca\u0107. Dlatego te\u017c jest to ten obszar naszego \u017cycia, w kt\u00f3rym celem Radykalnego Wybaczania jest ZMNIEJSZENIE, a nie pozbycie si\u0119 b\u00f3lu. Bo b\u00f3l ten ma te\u017c swoj\u0105 funkcj\u0119. W tym odcinku us\u0142yszysz o tym: \u2022 dlaczego tak istotne jest \u015bwiadome przej\u015bcie \u017ca\u0142oby\/straty? \u2022 czym r\u00f3\u017cni si\u0119 b\u00f3l od cierpienia? \u2022 dlaczego zar\u00f3wno \u015bwiadoma \u017ca\u0142oba, jak i strata prowadz\u0105 przez takie same etapy? \u2022 oraz jakie pe\u0142ni\u0105 one funkcje w przechodzeniu \u017ca\u0142oby? \u2022 jakie za\u0142o\u017cenia Radykalnego Wybaczania mog\u0105 nam pom\u00f3c? \u2022 jakie narz\u0119dzia Metody Tippinga mamy do dyspozycji? Po wys\u0142uchaniu tego odcinka mo\u017cesz: \u2022 um\u00f3wi\u0107 si\u0119 na sesj\u0119 z Trenerem Radykalnego Wybaczania. (znajdziesz ich na stronie Instytutu) \u2022 podzieli\u0107 si\u0119 tym odcinkiem z minimum jedn\u0105 osob\u0105, kt\u00f3rej to mo\u017ce pom\u00f3c \u2022 obejrze\u0107 nasze filmy na YT Prowadz\u0105ce to: Magdalena Czaja, Dyrektor Instytutu Metody Tippinga w Polsce, coach, autorka metody Lovefiting\u00ae Ewa Turek, trener komunikacji, m\u00f3wca, coach. Wsp\u00f3\u0142pracownik Instytutu. &nbsp; Spotify: https:\/\/tiny.pl\/7n698 Apple Podcast: https:\/\/tiny.pl\/7n693 Google Podcast: https:\/\/tiny.pl\/7n6wh[\/vc_column_text][\/vc_column][\/vc_row][vc_row][vc_column][vc_column_text]Listen to \"RW 15: Jak po\u017cegna\u0107 b\u00f3l po stracie?\" on Spreaker.[\/vc_column_text][vc_column_text el_id=\"transkrypcja\"] Jak po\u017cegna\u0107 b\u00f3l po stracie? Magdalena Czaja: Witaj w Instytucie Metody Tippinga, w kt\u00f3rym dzielimy si\u0119 filozofi\u0105 Radykalnego Wybaczania. Nazywam si\u0119 Magdalena Czaja i prowadz\u0119 jedyny w Polsce o\u015brodek oficjalnie reprezentuj\u0105cy t\u0119 metod\u0119 w Polsce. W tym czasie wraz z nasz\u0105 trenerk\u0105 i wsp\u00f3\u0142pracownic\u0105 Ew\u0105 Turek pomo\u017cemy ci lepiej pozna\u0107 Radykalne Wybaczanie i jego narz\u0119dzia. Narz\u0119dzia, kt\u00f3re od dekad zmieniaj\u0105 \u017cycie tysi\u0119cy os\u00f3b na ca\u0142ym \u015bwiecie, pomagaj\u0105c uwolni\u0107 si\u0119 od b\u00f3lu przesz\u0142o\u015bci i tera\u017aniejszo\u015bci, po to aby \u017cy\u0107 z lekko\u015bci\u0105 i rado\u015bci\u0105. Bo wybaczenie naprawd\u0119 ma moc uzdrawiania. Zapraszam. Dzie\u0144 dobry, dzie\u0144 dobry. Witamy was wszystkich w kolejnym odcinku wok\u00f3\u0142 Radykalnego Wybaczania. Dzisiaj poruszymy temat powa\u017cny, bolesny, ale te\u017c taki, kt\u00f3ry dotyczy wszystkich, albo b\u0119dzie dotyczy\u0142 wszystkich, bo ka\u017cdy z nas w jakim\u015b sensie ju\u017c straty lub \u017ca\u0142oby do\u015bwiadczy\u0142, albo do\u015bwiadczy. Podatki i \u015bmier\u0107 to jedyne rzeczy, kt\u00f3re s\u0105 pewne i w jaki\u015b spos\u00f3b musimy si\u0119 z tym mierzy\u0107. Ewa Turek: Doprecyzujmy jeszcze, \u017ce to has\u0142o \u017ca\u0142oba, strata nie dotyczy tylko i wy\u0142\u0105cznie odchodzenia kogo\u015b, czyli innego cz\u0142owieka, ale traktujemy to jako prze\u017cywanie straty relacji, zwi\u0105zku, czy maj\u0105tku. Czyli du\u017ca strata, kt\u00f3ra bardzo bardzo nas dotyka. Magdalena Czaja: Tak, bo okazuje si\u0119 kochani, \u017ce te etapy, kt\u00f3re prze\u017cywamy przy \u017ca\u0142obie, te uczucia, kt\u00f3re mamy przy \u015bmierci jakiej\u015b osoby s\u0105 bardzo podobne, a nawet takie same jak przy stracie na przyk\u0142ad zdrowia, albo relacji. I tak naprawd\u0119 ten b\u00f3l straty, a b\u0119dziemy m\u00f3wi\u0107 o tym czym si\u0119 r\u00f3\u017cni b\u00f3l od cierpienia, ten b\u00f3l straty tak naprawd\u0119 zale\u017cy od tego jak [...]","protected":false},"author":4,"featured_media":0,"parent":0,"menu_order":0,"comment_status":"closed","ping_status":"closed","template":"","meta":{"footnotes":""},"class_list":["post-9939","page","type-page","status-publish","hentry"],"publishpress_future_action":{"enabled":false,"date":"2026-04-13 14:41:50","action":"change-status","newStatus":"private","terms":[],"taxonomy":"frm_application","extraData":[]},"publishpress_future_workflow_manual_trigger":{"enabledWorkflows":[]},"_links":{"self":[{"href":"https:\/\/metoda-tippinga.pl\/web\/wp-json\/wp\/v2\/pages\/9939","targetHints":{"allow":["GET"]}}],"collection":[{"href":"https:\/\/metoda-tippinga.pl\/web\/wp-json\/wp\/v2\/pages"}],"about":[{"href":"https:\/\/metoda-tippinga.pl\/web\/wp-json\/wp\/v2\/types\/page"}],"author":[{"embeddable":true,"href":"https:\/\/metoda-tippinga.pl\/web\/wp-json\/wp\/v2\/users\/4"}],"replies":[{"embeddable":true,"href":"https:\/\/metoda-tippinga.pl\/web\/wp-json\/wp\/v2\/comments?post=9939"}],"version-history":[{"count":1,"href":"https:\/\/metoda-tippinga.pl\/web\/wp-json\/wp\/v2\/pages\/9939\/revisions"}],"predecessor-version":[{"id":9941,"href":"https:\/\/metoda-tippinga.pl\/web\/wp-json\/wp\/v2\/pages\/9939\/revisions\/9941"}],"wp:attachment":[{"href":"https:\/\/metoda-tippinga.pl\/web\/wp-json\/wp\/v2\/media?parent=9939"}],"curies":[{"name":"wp","href":"https:\/\/api.w.org\/{rel}","templated":true}]}}