
{"id":9942,"date":"2024-07-01T18:25:37","date_gmt":"2024-07-01T16:25:37","guid":{"rendered":"https:\/\/metoda-tippinga.pl\/web\/?page_id=9942"},"modified":"2024-07-01T18:25:37","modified_gmt":"2024-07-01T16:25:37","slug":"podcasty-ksiazki","status":"publish","type":"page","link":"https:\/\/metoda-tippinga.pl\/web\/podcasty-ksiazki\/","title":{"rendered":"Podcasty: Ksi\u0105\u017cki"},"content":{"rendered":"<div id=\"pl-9942\"  class=\"panel-layout\" ><div id=\"pg-9942-0\"  class=\"panel-grid panel-no-style\" ><div id=\"pgc-9942-0-0\"  class=\"panel-grid-cell\" ><div id=\"panel-9942-0-0-0\" class=\"so-panel widget widget_sermons-list-widget panel-first-child panel-last-child\" data-index=\"0\" ><div class=\"so-widget-sermons-list-widget so-widget-sermons-list-widget-base\"><a href=\"https:\/\/metoda-tippinga.pl\/web\/podcasty\/\" class=\"btn btn-default pull-right\">Zobacz wszystkie podcasty<\/a><h3 class=\"panel-title\">\nPodcasty: Ksi\u0105\u017cki<\/h3>\n<div class=\"row\">\n<ul class=\"isotope-grid\">\n<li class=\"grid-item col-md-4 col-sm-6 sermon-item format-standard\">\n\t<div class=\"grid-item-inner\">\n\t\t\t            <div class=\"post-media\">\n            \t<div class=\"latest-sermon-video fw-video post-media\">\n                <iframe loading=\"lazy\" itemprop=\"video\" src=\"\/\/www.youtube.com\/embed\/RLru-k30L3M?wmode=transparent&autoplay=0\" width=\"500\" height=\"281\" ><\/iframe>                <\/div>\n            <\/div>\n        \t\t<div class=\"grid-content\">\n            <h3><a href=\"https:\/\/metoda-tippinga.pl\/web\/?sermon=rw-130-tomasz-kalko-duchowosc-w-biznesie-akceptacja-siebie-i-sztuka-madrego-sporu\">RW 130: Tomasz Kalko: Duchowo\u015b\u0107 w biznesie, akceptacja siebie i sztuka m\u0105drego sporu<\/a><\/h3>\n\t\t\t       \t<\/div>\n\t\t<div class=\"grid-footer clearfix\">\n                    <\/div>\n\t<\/div>\n<\/li>\n<li class=\"grid-item col-md-4 col-sm-6 sermon-item format-standard\">\n\t<div class=\"grid-item-inner\">\n\t\t\t            <div class=\"post-media\">\n            \t<div class=\"latest-sermon-video fw-video post-media\">\n                <iframe loading=\"lazy\" itemprop=\"video\" src=\"\/\/www.youtube.com\/embed\/imHuawHGC8Q?wmode=transparent&autoplay=0\" width=\"500\" height=\"281\" ><\/iframe>                <\/div>\n            <\/div>\n        \t\t<div class=\"grid-content\">\n            <h3><a href=\"https:\/\/metoda-tippinga.pl\/web\/?sermon=rw-118-bitwa-o-majatek-jak-nie-rozbic-rodziny\">RW 118: Bitwa o maj\u0105tek &#8211; jak nie rozbi\u0107 rodziny<\/a><\/h3>\n\t\t\t       \t<\/div>\n\t\t<div class=\"grid-footer clearfix\">\n                    <\/div>\n\t<\/div>\n<\/li>\n<li class=\"grid-item col-md-4 col-sm-6 sermon-item format-standard\">\n\t<div class=\"grid-item-inner\">\n\t\t\t            <div class=\"post-media\">\n            \t<div class=\"latest-sermon-video fw-video post-media\">\n                <iframe loading=\"lazy\" itemprop=\"video\" src=\"\/\/www.youtube.com\/embed\/dFTY2jMPbN0?wmode=transparent&autoplay=0\" width=\"500\" height=\"281\" ><\/iframe>                <\/div>\n            <\/div>\n        \t\t<div class=\"grid-content\">\n            <h3><a href=\"https:\/\/metoda-tippinga.pl\/web\/?sermon=rw-88-dlaczego-tego-chce-swiadoma-intencja-zmienia-wszystko\">RW 88: Dlaczego tego chc\u0119? \u015awiadoma intencja zmienia wszystko!<\/a><\/h3>\n\t\t\t       \t<\/div>\n\t\t<div class=\"grid-footer clearfix\">\n                    <\/div>\n\t<\/div>\n<\/li>\n<li class=\"grid-item col-md-4 col-sm-6 sermon-item format-standard\">\n\t<div class=\"grid-item-inner\">\n\t\t\t            <div class=\"post-media\">\n            \t<div class=\"latest-sermon-video fw-video post-media\">\n                <iframe loading=\"lazy\" itemprop=\"video\" src=\"\/\/www.youtube.com\/embed\/6kgCaFTp9EM?wmode=transparent&autoplay=0\" width=\"500\" height=\"281\" ><\/iframe>                <\/div>\n            <\/div>\n        \t\t<div class=\"grid-content\">\n            <h3><a href=\"https:\/\/metoda-tippinga.pl\/web\/?sermon=rw-81-ksiazki-ktore-zmieniaja-zycie-nieskonczone-zycie-podroz-duszy-po-smierci\">RW 81: Ksi\u0105\u017cki, kt\u00f3re zmieniaj\u0105 \u017cycie. \u201dNiesko\u0144czone \u017cycie. Podr\u00f3\u017c duszy po \u015bmierci\u201d<\/a><\/h3>\n\t\t\t       \t<\/div>\n\t\t<div class=\"grid-footer clearfix\">\n                    <\/div>\n\t<\/div>\n<\/li>\n<li class=\"grid-item col-md-4 col-sm-6 sermon-item format-standard\">\n\t<div class=\"grid-item-inner\">\n\t\t\t            <div class=\"post-media\">\n            \t<div class=\"latest-sermon-video fw-video post-media\">\n                <iframe loading=\"lazy\" itemprop=\"video\" src=\"\/\/www.youtube.com\/embed\/162-JAxWObE?wmode=transparent&autoplay=0\" width=\"500\" height=\"281\" ><\/iframe>                <\/div>\n            <\/div>\n        \t\t<div class=\"grid-content\">\n            <h3><a href=\"https:\/\/metoda-tippinga.pl\/web\/?sermon=rw-70-czy-jestes-w-relacji-z-wampirem-ksiazka-wolna-i-szczesliwa-wywiad-z-autorami\">RW 70: Czy jeste\u015b w relacji z Wampirem? Ksi\u0105\u017cka &#8222;Wolna i szcz\u0119\u015bliwa&#8221; &#8211; wywiad z autorami.<\/a><\/h3>\n\t\t\t       \t<\/div>\n\t\t<div class=\"grid-footer clearfix\">\n                    <\/div>\n\t<\/div>\n<\/li>\n<li class=\"grid-item col-md-4 col-sm-6 sermon-item format-standard\">\n\t<div class=\"grid-item-inner\">\n\t\t\t            <div class=\"post-media\">\n            \t<div class=\"latest-sermon-video fw-video post-media\">\n                <iframe loading=\"lazy\" itemprop=\"video\" src=\"\/\/www.youtube.com\/embed\/2ajvJroedmY?wmode=transparent&autoplay=0\" width=\"500\" height=\"281\" ><\/iframe>                <\/div>\n            <\/div>\n        \t\t<div class=\"grid-content\">\n            <h3><a href=\"https:\/\/metoda-tippinga.pl\/web\/?sermon=rw-68-ksiazki-ktore-zmieniaja-zycie-kolo-zycia-rozwazania-o-zyciu-i-umieraniu\">RW 68: Ksi\u0105\u017cki, kt\u00f3re zmieniaj\u0105 \u017cycie. \u201cKo\u0142o \u017cycia. Rozwa\u017cania o \u017cyciu i umieraniu\u201d<\/a><\/h3>\n\t\t\t       \t<\/div>\n\t\t<div class=\"grid-footer clearfix\">\n                    <\/div>\n\t<\/div>\n<\/li>\n<li class=\"grid-item col-md-4 col-sm-6 sermon-item format-standard\">\n\t<div class=\"grid-item-inner\">\n\t\t\t            <div class=\"post-media\">\n            \t<div class=\"latest-sermon-video fw-video post-media\">\n                <iframe loading=\"lazy\" itemprop=\"video\" src=\"\/\/www.youtube.com\/embed\/MOEnzg_y5Ww?wmode=transparent&autoplay=0\" width=\"500\" height=\"281\" ><\/iframe>                <\/div>\n            <\/div>\n        \t\t<div class=\"grid-content\">\n            <h3><a href=\"https:\/\/metoda-tippinga.pl\/web\/?sermon=rw-67-ksiazki-ktore-zmieniaja-zycie-rozmowy-z-bogiem\">RW 67: Ksi\u0105\u017cki, kt\u00f3re zmieniaj\u0105 \u017cycie. &#8222;Rozmowy z Bogiem&#8221;<\/a><\/h3>\n\t\t\t       \t<\/div>\n\t\t<div class=\"grid-footer clearfix\">\n                    <\/div>\n\t<\/div>\n<\/li>\n<li class=\"grid-item col-md-4 col-sm-6 sermon-item format-standard\">\n\t<div class=\"grid-item-inner\">\n\t\t\t\t\t<div class=\"grid-content\">\n            <h3><a href=\"https:\/\/metoda-tippinga.pl\/web\/?sermon=rw-3-historia-jill-czyli-jak-to-sie-zaczelo\">RW 3: Historia Jill, czyli jak to si\u0119 zacz\u0119\u0142o?<\/a><\/h3>\n\t\t\t       \t<\/div>\n\t\t<div class=\"grid-footer clearfix\">\n                    <\/div>\n\t<\/div>\n<\/li>\n<\/ul>\n<\/div>\n<\/div><\/div><\/div><\/div><\/div>","protected":false},"excerpt":{"rendered":"[vc_row][vc_column][vc_column_text css=\".vc_custom_1595605012393{margin-top: -20px !important;}\"] W tym odcinku dowiesz si\u0119: - co to za historia? - dlaczego jest przyk\u0142adem skuteczno\u015bci Radykalnego Wybaczania? - jakie przynios\u0142a zmiany? - gdzie j\u0105 mo\u017cna przeczyta\u0107? - historie klient\u00f3w RW Link do ca\u0142ej historii Jill mo\u017cesz pobra\u0107 tutuaj:\u00a0https:\/\/tiny.pl\/7tsvx Prowadz\u0105ce to: Magdalena Czaja, Dyrektor Instytutu Metody Tippinga w Polsce, coach, autorka metody Lovefiting\u00ae Ewa Turek, trener komunikacji, m\u00f3wca, coach. Wsp\u00f3\u0142pracownik Instytutu [\/vc_column_text][vc_column_text]Listen to \"RW 3: Historia Jill, czyli jak to si\u0119 zacz\u0119\u0142o?\" on Spreaker.[\/vc_column_text][vc_column_text el_id=\"transkrypcja\"] Historia Jill Magdalena Czaja: Witamy Ciebie w Instytucie Metody Tippinga, w kt\u00f3rej dzielimy si\u0119 filozofi\u0105 Radykalnego Wybaczenia.\u00a0 Nazywam si\u0119 Magdalena Czaja i prowadz\u0119 jedyny w Polsce o\u015brodek oficjalnie reprezentuj\u0105cy t\u0119 metod\u0119 w Polsce. Radykalne Wybaczenie to metoda, kt\u00f3ra zmieni\u0142a \u017cycie tysi\u0119cy os\u00f3b na ca\u0142ym \u015bwiecie. To pot\u0119\u017cne, ale proste i szybkie narz\u0119dzia, kt\u00f3re pomagaj\u0105 zmienia\u0107 perspektyw\u0119 tego co si\u0119 wydarzy\u0142o, wyj\u015b\u0107 ze \u015bwiata ofiar, poczu\u0107 ulg\u0119, poczu\u0107 rado\u015b\u0107.\u00a0 W tym podca\u015bcie pomo\u017cemy ci lepiej pozna\u0107 Radykalne Wybaczenie i jego narz\u0119dzia ale te\u017c b\u0119dziemy inspirowa\u0107 si\u0119 do pracy nad sob\u0105 tak aby \u017cy\u0107 z otwartym sercem, w spe\u0142nieniu i rado\u015bci. Zanim zaczniemy, je\u015bli ci si\u0119 spodoba to nie zapomnij oceni\u0107 podcastu Radykalne Wybaczenie. Niech jak najwi\u0119cej os\u00f3b us\u0142yszy o tej niezwyk\u0142ej metodzie. Dzi\u0119kujemy. No to zapraszamy.\u00a0 Magdalena Czaja:\u00a0Witam serdecznie. Ponownie na stronie podcastu Instytutu Metody Tippinga. Ja nazywam si\u0119 Magdalena Czaja jestem szefow\u0105 Instytutu, a Ewa Turek kt\u00f3ra tutaj ze mn\u0105 siedzi i z kt\u00f3r\u0105 b\u0119dziemy dzisiaj rozmawia\u0107 po raz trzeci to wsp\u00f3\u0142pracownik Instytutu i wieloletnia trenerka metody Tippinga.\u00a0 Ewa Turek: Witam serdecznie. Jaki temat jest dzisiaj? Magdalena Czaja: Dzisiaj jest super temat. Dzisiaj jest super historia, kt\u00f3r\u0105 ci kt\u00f3rzy\u00a0czytali ksi\u0105\u017ck\u0119 Colina Tippinga \u201eRadykalne Wybaczanie\u201d znaj\u0105 z ksi\u0105\u017cki, ale nie s\u0142yszeli jeszcze naszej opowie\u015bci o tej historii. Historia Jill. Jest to niezwyk\u0142a cz\u0119\u015b\u0107 ksi\u0105\u017cki, poniewa\u017c Colin Tipping opisuje swoje do\u015bwiadczenie ze swoj\u0105 siostr\u0105 w ksi\u0105\u017cce w spos\u00f3b pokazuj\u0105cy wszystkie etapy Radykalnego Wybaczenia. Ewa Turek: Czyli jest to co\u015b co si\u0119 wydarzy\u0142o naprawd\u0119 w \u017cyciu Colina. Magdalena Czaja:\u00a0Tak, to wydarzy\u0142o si\u0119 naprawd\u0119. I jest po prostu takim\u2026\u00a0 Takim\u2026 to jest taki wz\u00f3r jak mo\u017ce przebiega\u0107 proces Radykalnego Wybaczenia. U osoby uwaga!, kt\u00f3ra kompletnie nawet nie by\u0142a w jakiej\u015b duchowo\u015bci, w rozwoju. Po prostu mia\u0142a problem, przechodzi\u0142a kryzys i pojawi\u0142 si\u0119 Colin. Ewa Turek: Kto z nas nie ma problemu. Magdalena Czaja: No w\u0142a\u015bnie. Mo\u017ce tutaj warto powiedzie\u0107, bo to nie wszyscy mog\u0105\u00a0wiedzie\u0107: Radykalne Wybaczanie ma pewne etapy, przez kt\u00f3re przechodzi si\u0119 pracuj\u0105c t\u0105 metod\u0105. Ewa Turek: I to s\u0105? Magdalena Czaja:\u00a0I to jest tak: Opowiedzenie historii, Poczucie uczu\u0107, Porzucenie dawnej interpretacji, Przyj\u0119cie nowej perspektywy i Ugruntowane zmian. Dok\u0142adnie o tym b\u0119dziemy rozmawia\u0142y w kolejnych odcinkach. Uwaga je\u015bli po tym odcinku b\u0119dziecie zaciekawieni i b\u0119dziecie sobie chcieli przeczyta\u0107 Histori\u0119 Jill o zapraszamy na\u00a0www.metoda-tippinga.pl. Tam na stronie g\u0142\u00f3wnej wisi historia Jill jako urywek z ksi\u0105\u017cki. Ewa Turek: Czyli kto\u015b, kto nie ma w r\u0119ku ksi\u0105\u017cki albo u siebie w domu w biblioteczce mo\u017ce \u015bmia\u0142o zajrze\u0107 na stron\u0119 i tam jest ca\u0142a historia, kt\u00f3rej fragment tylko dzisiaj kr\u00f3ciutki fragment przeczytamy. Magdalena Czaja: Ewa\u00a0swoim pi\u0119knym g\u0142osem wam przeczyta ten fragment. Ewa Turek: Mam trem\u0119. Magdalena Czaja:\u00a0Tak bo to jest taki fragment zaraz do niego przejdziemy. To jest taki [...]","protected":false},"author":4,"featured_media":0,"parent":0,"menu_order":0,"comment_status":"closed","ping_status":"closed","template":"","meta":{"footnotes":""},"class_list":["post-9942","page","type-page","status-publish","hentry"],"publishpress_future_action":{"enabled":false,"date":"2026-04-13 14:42:11","action":"change-status","newStatus":"private","terms":[],"taxonomy":"frm_application","extraData":[]},"publishpress_future_workflow_manual_trigger":{"enabledWorkflows":[]},"_links":{"self":[{"href":"https:\/\/metoda-tippinga.pl\/web\/wp-json\/wp\/v2\/pages\/9942","targetHints":{"allow":["GET"]}}],"collection":[{"href":"https:\/\/metoda-tippinga.pl\/web\/wp-json\/wp\/v2\/pages"}],"about":[{"href":"https:\/\/metoda-tippinga.pl\/web\/wp-json\/wp\/v2\/types\/page"}],"author":[{"embeddable":true,"href":"https:\/\/metoda-tippinga.pl\/web\/wp-json\/wp\/v2\/users\/4"}],"replies":[{"embeddable":true,"href":"https:\/\/metoda-tippinga.pl\/web\/wp-json\/wp\/v2\/comments?post=9942"}],"version-history":[{"count":1,"href":"https:\/\/metoda-tippinga.pl\/web\/wp-json\/wp\/v2\/pages\/9942\/revisions"}],"predecessor-version":[{"id":9943,"href":"https:\/\/metoda-tippinga.pl\/web\/wp-json\/wp\/v2\/pages\/9942\/revisions\/9943"}],"wp:attachment":[{"href":"https:\/\/metoda-tippinga.pl\/web\/wp-json\/wp\/v2\/media?parent=9942"}],"curies":[{"name":"wp","href":"https:\/\/api.w.org\/{rel}","templated":true}]}}