
{"id":9944,"date":"2024-07-01T18:29:01","date_gmt":"2024-07-01T16:29:01","guid":{"rendered":"https:\/\/metoda-tippinga.pl\/web\/?page_id=9944"},"modified":"2024-07-01T18:29:01","modified_gmt":"2024-07-01T16:29:01","slug":"podcasty-kurs-trenerski","status":"publish","type":"page","link":"https:\/\/metoda-tippinga.pl\/web\/podcasty-kurs-trenerski\/","title":{"rendered":"Podcasty: Kurs trenerski"},"content":{"rendered":"<div id=\"pl-9944\"  class=\"panel-layout\" ><div id=\"pg-9944-0\"  class=\"panel-grid panel-no-style\" ><div id=\"pgc-9944-0-0\"  class=\"panel-grid-cell\" ><div id=\"panel-9944-0-0-0\" class=\"so-panel widget widget_sermons-list-widget panel-first-child panel-last-child\" data-index=\"0\" ><div class=\"so-widget-sermons-list-widget so-widget-sermons-list-widget-base\"><a href=\"https:\/\/metoda-tippinga.pl\/web\/podcasty\/\" class=\"btn btn-default pull-right\">Zobacz wszystkie podcasty<\/a><h3 class=\"panel-title\">\nPodcasty: Kurs trenerski<\/h3>\n<div class=\"row\">\n<ul class=\"isotope-grid\">\n<li class=\"grid-item col-md-4 col-sm-6 sermon-item format-standard\">\n\t<div class=\"grid-item-inner\">\n\t\t\t            <div class=\"post-media\">\n            \t<div class=\"latest-sermon-video fw-video post-media\">\n                <iframe loading=\"lazy\" itemprop=\"video\" src=\"\/\/www.youtube.com\/embed\/gy-6yamwDnA?wmode=transparent&autoplay=0\" width=\"500\" height=\"281\" ><\/iframe>                <\/div>\n            <\/div>\n        \t\t<div class=\"grid-content\">\n            <h3><a href=\"https:\/\/metoda-tippinga.pl\/web\/?sermon=zycie-zaczyna-sie-od-radykalnego-wybaczania-prawdziwe-historie-trenerow\">\u017bycie zaczyna si\u0119 od Radykalnego Wybaczania &#8211; prawdziwe historie trener\u00f3w.<\/a><\/h3>\n\t\t\t       \t<\/div>\n\t\t<div class=\"grid-footer clearfix\">\n                    <\/div>\n\t<\/div>\n<\/li>\n<li class=\"grid-item col-md-4 col-sm-6 sermon-item format-standard\">\n\t<div class=\"grid-item-inner\">\n\t\t\t            <div class=\"post-media\">\n            \t<div class=\"latest-sermon-video fw-video post-media\">\n                <iframe loading=\"lazy\" itemprop=\"video\" src=\"\/\/www.youtube.com\/embed\/mD0UvcbaoSY?wmode=transparent&autoplay=0\" width=\"500\" height=\"281\" ><\/iframe>                <\/div>\n            <\/div>\n        \t\t<div class=\"grid-content\">\n            <h3><a href=\"https:\/\/metoda-tippinga.pl\/web\/?sermon=rw-122-przebudzenie-po-wypaleniu-metoda-tippinga-w-korposwiecie\">RW 122: Przebudzenie po wypaleniu. Metoda Tippinga w korpo\u015bwiecie.<\/a><\/h3>\n\t\t\t       \t<\/div>\n\t\t<div class=\"grid-footer clearfix\">\n                    <\/div>\n\t<\/div>\n<\/li>\n<li class=\"grid-item col-md-4 col-sm-6 sermon-item format-standard\">\n\t<div class=\"grid-item-inner\">\n\t\t\t            <div class=\"post-media\">\n            \t<div class=\"latest-sermon-video fw-video post-media\">\n                <iframe loading=\"lazy\" itemprop=\"video\" src=\"\/\/www.youtube.com\/embed\/RTnE8RCR49A?wmode=transparent&autoplay=0\" width=\"500\" height=\"281\" ><\/iframe>                <\/div>\n            <\/div>\n        \t\t<div class=\"grid-content\">\n            <h3><a href=\"https:\/\/metoda-tippinga.pl\/web\/?sermon=rw-120-mam-prawo-czuc-to-co-czuje-o-sile-radykalnego-wybaczania\">RW 121: Mam prawo czu\u0107 to co czuj\u0119. O sile Radykalnego Wybaczania<\/a><\/h3>\n\t\t\t       \t<\/div>\n\t\t<div class=\"grid-footer clearfix\">\n                    <\/div>\n\t<\/div>\n<\/li>\n<li class=\"grid-item col-md-4 col-sm-6 sermon-item format-standard\">\n\t<div class=\"grid-item-inner\">\n\t\t\t            <div class=\"post-media\">\n            \t<div class=\"latest-sermon-video fw-video post-media\">\n                <iframe loading=\"lazy\" itemprop=\"video\" src=\"\/\/www.youtube.com\/embed\/Ar6ALQ8Yv0U?wmode=transparent&autoplay=0\" width=\"500\" height=\"281\" ><\/iframe>                <\/div>\n            <\/div>\n        \t\t<div class=\"grid-content\">\n            <h3><a href=\"https:\/\/metoda-tippinga.pl\/web\/?sermon=rw-16-jak-wyglada-kurs-certyfikacyjny-na-trenera-radykalnego-wybaczania\">RW 16: Jak wygl\u0105da kurs certyfikacyjny na Trenera Radykalnego Wybaczania?<\/a><\/h3>\n\t\t\t       \t<\/div>\n\t\t<div class=\"grid-footer clearfix\">\n                    <\/div>\n\t<\/div>\n<\/li>\n<\/ul>\n<\/div>\n<\/div><\/div><\/div><\/div><\/div>","protected":false},"excerpt":{"rendered":"[vc_row][vc_column][vc_column_text]Je\u015bli kiedykolwiek przesz\u0142a Ci przez g\u0142ow\u0119 my\u015bl, \u017ce mo\u017ce Kurs Certyfikowanego Trenera Radykalnego Wybaczania by\u0142by czym\u015b dla Ciebie, ale nie wiesz, jak ten Kurs wygl\u0105da i czego wymaga - to podpowiemy Ci, dlaczego Twoja intuicja si\u0119 nie myli! Je\u015bli: 1. Szukasz narz\u0119dzi i miejsca, gdzie przepracujesz swoje problemy i wyjdziesz wzbogacony o now\u0105 wiedz\u0119 i umiej\u0119tno\u015bci, 2. Chcesz wyzwoli\u0107 si\u0119 raz na zawsze z poczucia bycia ofiar\u0105 tego co Ci\u0119 spotka\u0142o lub spotyka, pod okiem najbardziej do\u015bwiadczonych specjalist\u00f3w Radykalnego Wybaczania w Polsce, 3. Marzysz o nowym zawodzie i pracy z innymi, lub chcesz wzbogaci\u0107 sw\u00f3j warsztat o jedne z najskuteczniejszych narz\u0119dzi, by nie\u015b\u0107 innym ulg\u0119 i spok\u00f3j, to wszystko to znajdziesz na tym Kursie\u00a0\ud83d\ude42 Z tego odcinka dowiesz si\u0119: \u2022 kto mo\u017ce zosta\u0107 trenerem \u2022 jakie warunki trzeba spe\u0142ni\u0107, by otrzyma\u0107 certyfikat trenera \u2022 do czego uprawniony jest trener \u2022 czego nie robi trener \u2022 dlaczego przej\u015bcie Kursu jest wielk\u0105 transformacj\u0105 uczestnik\u00f3w \u2022 jakich narz\u0119dzi uczy Kurs i dlaczego niekt\u00f3re z nich s\u0105 dost\u0119pne tylko dla trener\u00f3w \u2022 kto nadaje certyfikat w Polsce \u2022\u00a0 dlaczego m\u00f3wimy, \u017ce to nowy zaw\u00f3d \u2022 dlaczego warto przygotowa\u0107 si\u0119 na cuda\u00a0\ud83d\ude42 Po wys\u0142uchaniu tego odcinka mo\u017cesz: \u2022 sprawdzi\u0107 terminy najbli\u017cszych kurs\u00f3w na stronie Instytutu \u2022 um\u00f3wi\u0107 si\u0119 na kr\u00f3tk\u0105 rozmow\u0119 i zada\u0107 swoje pytania \u2022 porozmawia\u0107 z trenerem - lista na stronie Instytutu \u2022 podzieli\u0107 si\u0119 tym odcinkiem z minimum jedn\u0105 osob\u0105, kt\u00f3r\u0105 to mo\u017ce interesowa\u0107 \u2022 obejrze\u0107 nasze filmy na YT Prowadz\u0105ce to: Magdalena Czaja, Dyrektor Instytutu Metody Tippinga w Polsce, coach, autorka metody Lovefiting\u00ae Ewa Turek, trener komunikacji, m\u00f3wca, coach. Wsp\u00f3\u0142pracownik Instytutu. &nbsp; Spotify: https:\/\/tiny.pl\/72c5x Apple Podcast: https:\/\/tiny.pl\/72c5d Google Podcast: https:\/\/tiny.pl\/72c5s[\/vc_column_text][\/vc_column][\/vc_row][vc_row][vc_column][vc_column_text]Listen to \"RW 16: Jak wygl\u0105da kurs certyfikacyjny na Trenera Radykalnego Wybaczania?\" on Spreaker.[\/vc_column_text][vc_column_text el_id=\"transkrypcja\"] Kurs Certyfikowanego Trenera Radykalnego Wybaczania Magdalena Czaja: Witaj w Instytucie Metody Tippinga, w kt\u00f3rym dzielimy si\u0119 filozofi\u0105 Radykalnego Wybaczania. Nazywam si\u0119 Magdalena Czaja i prowadz\u0119 jedyny w Polsce o\u015brodek oficjalnie reprezentuj\u0105cy t\u0119 metod\u0119 w Polsce. W tym czasie wraz z nasz\u0105 trenerk\u0105 i wsp\u00f3\u0142pracownic\u0105 Ew\u0105 Turek pomo\u017cemy ci lepiej pozna\u0107 Radykalne Wybaczanie i jego narz\u0119dzia. Narz\u0119dzia, kt\u00f3re od dekad zmieniaj\u0105 \u017cycie tysi\u0119cy os\u00f3b na ca\u0142ym \u015bwiecie, pomagaj\u0105c uwolni\u0107 si\u0119 od b\u00f3lu przesz\u0142o\u015bci i tera\u017aniejszo\u015bci, po to aby \u017cy\u0107 z lekko\u015bci\u0105 i rado\u015bci\u0105. Bo wybaczenie naprawd\u0119 ma moc uzdrawiania. Zapraszam. Dzie\u0144 dobry, dzie\u0144 dobry, witamy wszystkich serdecznie.\u00a0 Ewa Turek: Witamy w kolejnym odcinku. I dzisiaj bardzo przyjemny temat. Magdalena Czaja: Przyjemny, m\u00f3j ulubiony, poniewa\u017c kurs certyfikowanego Trenera Radykalnego Wybaczenia jest moim oczkiem w g\u0142owie. Ewa Turek: Tak, i Magda bardzo efektywnie prowadzi te kursy, o czym b\u0119dziemy m\u00f3wi\u0107 p\u00f3\u017aniej. Ja zapyta\u0142am od kiedy takie kursy trenerskie odbywaj\u0105 si\u0119 w Polsce? Magdalena Czaja: One si\u0119 odbywa\u0142y od pocz\u0105tku istnienia Instytutu, czyli na\u015bcie lat temu. Potem by\u0142a przerwa dosy\u0107 d\u0142uga, poniewa\u017c za\u0142o\u017cyciel Instytutu w Polsce, Irek Rudnicki wyjecha\u0142 za granic\u0119. Ja w tym czasie by\u0142am wice dyrektork\u0105 tego Instytutu, ale prowadzi\u0142am swoje przedsi\u0119biorstwo, swoj\u0105 firm\u0119 i nie zajmowa\u0142am si\u0119 tym, ale w pewnym momencie, jak ju\u017c o tym opowiada\u0142am, zrobi\u0142am zwrot i postanowi\u0142am ca\u0142e swoje \u017cycie po\u015bwi\u0119ci\u0107 pracy z innymi. I wtedy te\u017c Colin Tipping odda\u0142 w moje r\u0119ce prowadzenie jedynego Instytutu w Polsce. I od tego momentu te\u017c prowadz\u0119 [...]","protected":false},"author":4,"featured_media":0,"parent":0,"menu_order":0,"comment_status":"closed","ping_status":"closed","template":"","meta":{"footnotes":""},"class_list":["post-9944","page","type-page","status-publish","hentry"],"publishpress_future_action":{"enabled":false,"date":"2026-04-13 16:02:44","action":"change-status","newStatus":"private","terms":[],"taxonomy":"frm_application","extraData":[]},"publishpress_future_workflow_manual_trigger":{"enabledWorkflows":[]},"_links":{"self":[{"href":"https:\/\/metoda-tippinga.pl\/web\/wp-json\/wp\/v2\/pages\/9944","targetHints":{"allow":["GET"]}}],"collection":[{"href":"https:\/\/metoda-tippinga.pl\/web\/wp-json\/wp\/v2\/pages"}],"about":[{"href":"https:\/\/metoda-tippinga.pl\/web\/wp-json\/wp\/v2\/types\/page"}],"author":[{"embeddable":true,"href":"https:\/\/metoda-tippinga.pl\/web\/wp-json\/wp\/v2\/users\/4"}],"replies":[{"embeddable":true,"href":"https:\/\/metoda-tippinga.pl\/web\/wp-json\/wp\/v2\/comments?post=9944"}],"version-history":[{"count":1,"href":"https:\/\/metoda-tippinga.pl\/web\/wp-json\/wp\/v2\/pages\/9944\/revisions"}],"predecessor-version":[{"id":9945,"href":"https:\/\/metoda-tippinga.pl\/web\/wp-json\/wp\/v2\/pages\/9944\/revisions\/9945"}],"wp:attachment":[{"href":"https:\/\/metoda-tippinga.pl\/web\/wp-json\/wp\/v2\/media?parent=9944"}],"curies":[{"name":"wp","href":"https:\/\/api.w.org\/{rel}","templated":true}]}}