
{"id":9946,"date":"2024-07-01T18:31:18","date_gmt":"2024-07-01T16:31:18","guid":{"rendered":"https:\/\/metoda-tippinga.pl\/web\/?page_id=9946"},"modified":"2024-07-01T18:31:18","modified_gmt":"2024-07-01T16:31:18","slug":"podcasty-mezczyzna","status":"publish","type":"page","link":"https:\/\/metoda-tippinga.pl\/web\/podcasty-mezczyzna\/","title":{"rendered":"Podcasty: M\u0119\u017cczyzna"},"content":{"rendered":"<div id=\"pl-9946\"  class=\"panel-layout\" ><div id=\"pg-9946-0\"  class=\"panel-grid panel-no-style\" ><div id=\"pgc-9946-0-0\"  class=\"panel-grid-cell\" ><div id=\"panel-9946-0-0-0\" class=\"so-panel widget widget_sermons-list-widget panel-first-child panel-last-child\" data-index=\"0\" ><div class=\"so-widget-sermons-list-widget so-widget-sermons-list-widget-base\"><a href=\"https:\/\/metoda-tippinga.pl\/web\/podcasty\/\" class=\"btn btn-default pull-right\">Zobacz wszystkie podcasty<\/a><h3 class=\"panel-title\">\nPodcasty: M\u0119\u017cczyzna<\/h3>\n<div class=\"row\">\n<ul class=\"isotope-grid\">\n<li class=\"grid-item col-md-4 col-sm-6 sermon-item format-standard\">\n\t<div class=\"grid-item-inner\">\n\t\t\t            <div class=\"post-media\">\n            \t<div class=\"latest-sermon-video fw-video post-media\">\n                <iframe loading=\"lazy\" itemprop=\"video\" src=\"\/\/www.youtube.com\/embed\/RLru-k30L3M?wmode=transparent&autoplay=0\" width=\"500\" height=\"281\" ><\/iframe>                <\/div>\n            <\/div>\n        \t\t<div class=\"grid-content\">\n            <h3><a href=\"https:\/\/metoda-tippinga.pl\/web\/?sermon=rw-130-tomasz-kalko-duchowosc-w-biznesie-akceptacja-siebie-i-sztuka-madrego-sporu\">RW 130: Tomasz Kalko: Duchowo\u015b\u0107 w biznesie, akceptacja siebie i sztuka m\u0105drego sporu<\/a><\/h3>\n\t\t\t       \t<\/div>\n\t\t<div class=\"grid-footer clearfix\">\n                    <\/div>\n\t<\/div>\n<\/li>\n<li class=\"grid-item col-md-4 col-sm-6 sermon-item format-standard\">\n\t<div class=\"grid-item-inner\">\n\t\t\t            <div class=\"post-media\">\n            \t<div class=\"latest-sermon-video fw-video post-media\">\n                <iframe loading=\"lazy\" itemprop=\"video\" src=\"\/\/www.youtube.com\/embed\/JJPpj0WdX4A?wmode=transparent&autoplay=0\" width=\"500\" height=\"281\" ><\/iframe>                <\/div>\n            <\/div>\n        \t\t<div class=\"grid-content\">\n            <h3><a href=\"https:\/\/metoda-tippinga.pl\/web\/?sermon=rw-125-czego-moze-nauczyc-cie-trudna-relacja-z-tesciowa\">RW 125: Czego mo\u017ce nauczy\u0107 Ci\u0119 trudna relacja z te\u015bciow\u0105?<\/a><\/h3>\n\t\t\t       \t<\/div>\n\t\t<div class=\"grid-footer clearfix\">\n                    <\/div>\n\t<\/div>\n<\/li>\n<li class=\"grid-item col-md-4 col-sm-6 sermon-item format-standard\">\n\t<div class=\"grid-item-inner\">\n\t\t\t            <div class=\"post-media\">\n            \t<div class=\"latest-sermon-video fw-video post-media\">\n                <iframe loading=\"lazy\" itemprop=\"video\" src=\"\/\/www.youtube.com\/embed\/Bke1lNapmDU?wmode=transparent&autoplay=0\" width=\"500\" height=\"281\" ><\/iframe>                <\/div>\n            <\/div>\n        \t\t<div class=\"grid-content\">\n            <h3><a href=\"https:\/\/metoda-tippinga.pl\/web\/?sermon=rw-124-nie-daj-sie-wojennej-panice-o-budowaniu-odpornosci-w-trudnych-czasach\">RW 124: Nie daj si\u0119 wojennej panice. O budowaniu odporno\u015bci w trudnych czasach.<\/a><\/h3>\n\t\t\t       \t<\/div>\n\t\t<div class=\"grid-footer clearfix\">\n                    <\/div>\n\t<\/div>\n<\/li>\n<li class=\"grid-item col-md-4 col-sm-6 sermon-item format-standard\">\n\t<div class=\"grid-item-inner\">\n\t\t\t            <div class=\"post-media\">\n            \t<div class=\"latest-sermon-video fw-video post-media\">\n                <iframe loading=\"lazy\" itemprop=\"video\" src=\"\/\/www.youtube.com\/embed\/pK9ee8QIWjM?wmode=transparent&autoplay=0\" width=\"500\" height=\"281\" ><\/iframe>                <\/div>\n            <\/div>\n        \t\t<div class=\"grid-content\">\n            <h3><a href=\"https:\/\/metoda-tippinga.pl\/web\/?sermon=rw-108-o-autentycznosci-empatii-i-czulosci-w-relacjach\">RW 108: O Autentyczno\u015bci, Empatii i Czu\u0142o\u015bci w Relacjach<\/a><\/h3>\n\t\t\t       \t<\/div>\n\t\t<div class=\"grid-footer clearfix\">\n                    <\/div>\n\t<\/div>\n<\/li>\n<li class=\"grid-item col-md-4 col-sm-6 sermon-item format-standard\">\n\t<div class=\"grid-item-inner\">\n\t\t\t            <div class=\"post-media\">\n            \t<div class=\"latest-sermon-video fw-video post-media\">\n                <iframe loading=\"lazy\" itemprop=\"video\" src=\"\/\/www.youtube.com\/embed\/fZNRqmPMixA?wmode=transparent&autoplay=0\" width=\"500\" height=\"281\" ><\/iframe>                <\/div>\n            <\/div>\n        \t\t<div class=\"grid-content\">\n            <h3><a href=\"https:\/\/metoda-tippinga.pl\/web\/?sermon=rw-105-chlopaki-to-nie-wasza-wina-nikt-wam-tego-wczesniej-nie-powiedzial-marcin-wasik\">RW 105: \u201cCh\u0142opaki, to nie Wasza wina, nikt Wam tego wcze\u015bniej nie powiedzia\u0142\u201d Marcin W\u0105sik<\/a><\/h3>\n\t\t\t       \t<\/div>\n\t\t<div class=\"grid-footer clearfix\">\n                    <\/div>\n\t<\/div>\n<\/li>\n<li class=\"grid-item col-md-4 col-sm-6 sermon-item format-standard\">\n\t<div class=\"grid-item-inner\">\n\t\t\t            <div class=\"post-media\">\n            \t<div class=\"latest-sermon-video fw-video post-media\">\n                <iframe loading=\"lazy\" itemprop=\"video\" src=\"\/\/www.youtube.com\/embed\/fWuqqoBuPG0?wmode=transparent&autoplay=0\" width=\"500\" height=\"281\" ><\/iframe>                <\/div>\n            <\/div>\n        \t\t<div class=\"grid-content\">\n            <h3><a href=\"https:\/\/metoda-tippinga.pl\/web\/?sermon=rw-101-milosc-czy-pieniadze\">RW 101: Mi\u0142o\u015b\u0107 czy pieni\u0105dze?<\/a><\/h3>\n\t\t\t       \t<\/div>\n\t\t<div class=\"grid-footer clearfix\">\n                    <\/div>\n\t<\/div>\n<\/li>\n<li class=\"grid-item col-md-4 col-sm-6 sermon-item format-standard\">\n\t<div class=\"grid-item-inner\">\n\t\t\t            <div class=\"post-media\">\n            \t<div class=\"latest-sermon-video fw-video post-media\">\n                <iframe loading=\"lazy\" itemprop=\"video\" src=\"\/\/www.youtube.com\/embed\/g0UJNJlcc8o?wmode=transparent&autoplay=0\" width=\"500\" height=\"281\" ><\/iframe>                <\/div>\n            <\/div>\n        \t\t<div class=\"grid-content\">\n            <h3><a href=\"https:\/\/metoda-tippinga.pl\/web\/?sermon=rw-99-odcinek-specjalny-50-twarzy-zwiazkow-gosc-jacek-walkiewicz\">RW 99: Odcinek specjalny: 50 twarzy zwi\u0105zk\u00f3w. Go\u015b\u0107: Jacek Walkiewicz<\/a><\/h3>\n\t\t\t       \t<\/div>\n\t\t<div class=\"grid-footer clearfix\">\n                    <\/div>\n\t<\/div>\n<\/li>\n<li class=\"grid-item col-md-4 col-sm-6 sermon-item format-standard\">\n\t<div class=\"grid-item-inner\">\n\t\t\t            <div class=\"post-media\">\n            \t<div class=\"latest-sermon-video fw-video post-media\">\n                <iframe loading=\"lazy\" itemprop=\"video\" src=\"\/\/www.youtube.com\/embed\/cygk8qVd8zA?wmode=transparent&autoplay=0\" width=\"500\" height=\"281\" ><\/iframe>                <\/div>\n            <\/div>\n        \t\t<div class=\"grid-content\">\n            <h3><a href=\"https:\/\/metoda-tippinga.pl\/web\/?sermon=rw-98-odcinek-specjalny-jak-zagadac-do-kobiety-o-mezczyznach-randkowaniu-i-samotnosci-gosc-marcin-wasik\">RW 98: Odcinek specjalny: Jak zagada\u0107 do kobiety? O m\u0119\u017cczyznach, randkowaniu i samotno\u015bci. Go\u015b\u0107: Marcin W\u0105sik.<\/a><\/h3>\n\t\t\t       \t<\/div>\n\t\t<div class=\"grid-footer clearfix\">\n                    <\/div>\n\t<\/div>\n<\/li>\n<li class=\"grid-item col-md-4 col-sm-6 sermon-item format-standard\">\n\t<div class=\"grid-item-inner\">\n\t\t\t            <div class=\"post-media\">\n            \t<div class=\"latest-sermon-video fw-video post-media\">\n                <iframe loading=\"lazy\" itemprop=\"video\" src=\"\/\/www.youtube.com\/embed\/JmpSHDSnlDI?wmode=transparent&autoplay=0\" width=\"500\" height=\"281\" ><\/iframe>                <\/div>\n            <\/div>\n        \t\t<div class=\"grid-content\">\n            <h3><a href=\"https:\/\/metoda-tippinga.pl\/web\/?sermon=rw-87-ucieczka-od-ojca-jako-styl-zycia-szczera-rozmowa-z-tomaszem-karolakiem\">RW 87: Ucieczka od ojca jako styl \u017cycia. Szczera rozmowa z Tomaszem Karolakiem<\/a><\/h3>\n\t\t\t       \t<\/div>\n\t\t<div class=\"grid-footer clearfix\">\n                    <\/div>\n\t<\/div>\n<\/li>\n<li class=\"grid-item col-md-4 col-sm-6 sermon-item format-standard\">\n\t<div class=\"grid-item-inner\">\n\t\t\t            <div class=\"post-media\">\n            \t<div class=\"latest-sermon-video fw-video post-media\">\n                <iframe loading=\"lazy\" itemprop=\"video\" src=\"\/\/www.youtube.com\/embed\/MEtEQca3mhw?wmode=transparent&autoplay=0\" width=\"500\" height=\"281\" ><\/iframe>                <\/div>\n            <\/div>\n        \t\t<div class=\"grid-content\">\n            <h3><a href=\"https:\/\/metoda-tippinga.pl\/web\/?sermon=rw-85-kryzys-meskosci-ktorego-nie-ma\">RW 85: Kryzys m\u0119sko\u015bci, kt\u00f3rego nie ma?<\/a><\/h3>\n\t\t\t       \t<\/div>\n\t\t<div class=\"grid-footer clearfix\">\n                    <\/div>\n\t<\/div>\n<\/li>\n<li class=\"grid-item col-md-4 col-sm-6 sermon-item format-standard\">\n\t<div class=\"grid-item-inner\">\n\t\t\t            <div class=\"post-media\">\n            \t<div class=\"latest-sermon-video fw-video post-media\">\n                <iframe loading=\"lazy\" itemprop=\"video\" src=\"\/\/www.youtube.com\/embed\/3UIC4sMEUE4?wmode=transparent&autoplay=0\" width=\"500\" height=\"281\" ><\/iframe>                <\/div>\n            <\/div>\n        \t\t<div class=\"grid-content\">\n            <h3><a href=\"https:\/\/metoda-tippinga.pl\/web\/?sermon=rw-63-patriarchat-koszty-ofiary-rozwiazania-cz-2\">RW 63: Patriarchat: koszty, ofiary, rozwi\u0105zania cz.2<\/a><\/h3>\n\t\t\t       \t<\/div>\n\t\t<div class=\"grid-footer clearfix\">\n                    <\/div>\n\t<\/div>\n<\/li>\n<li class=\"grid-item col-md-4 col-sm-6 sermon-item format-standard\">\n\t<div class=\"grid-item-inner\">\n\t\t\t            <div class=\"post-media\">\n            \t<div class=\"latest-sermon-video fw-video post-media\">\n                <iframe loading=\"lazy\" itemprop=\"video\" src=\"\/\/www.youtube.com\/embed\/ilSiKTKu7Lw?wmode=transparent&autoplay=0\" width=\"500\" height=\"281\" ><\/iframe>                <\/div>\n            <\/div>\n        \t\t<div class=\"grid-content\">\n            <h3><a href=\"https:\/\/metoda-tippinga.pl\/web\/?sermon=rw-62-patriarchat-koszty-ofiary-rozwiazania-cz-1\">RW 62: Patriarchat: koszty, ofiary, rozwi\u0105zania cz.1<\/a><\/h3>\n\t\t\t       \t<\/div>\n\t\t<div class=\"grid-footer clearfix\">\n                    <\/div>\n\t<\/div>\n<\/li>\n<li class=\"grid-item col-md-4 col-sm-6 sermon-item format-standard\">\n\t<div class=\"grid-item-inner\">\n\t\t\t            <div class=\"post-media\">\n            \t<div class=\"latest-sermon-video fw-video post-media\">\n                <iframe loading=\"lazy\" itemprop=\"video\" src=\"\/\/www.youtube.com\/embed\/lC37zd3LFq4?wmode=transparent&autoplay=0\" width=\"500\" height=\"281\" ><\/iframe>                <\/div>\n            <\/div>\n        \t\t<div class=\"grid-content\">\n            <h3><a href=\"https:\/\/metoda-tippinga.pl\/web\/?sermon=rw-61-kryzys-meskosci-czy-kryzys-relacji-gosc-specjalny-marcin-wasik\">RW 61: Kryzys m\u0119sko\u015bci czy kryzys relacji? Go\u015b\u0107 specjalny Marcin W\u0105sik.<\/a><\/h3>\n\t\t\t       \t<\/div>\n\t\t<div class=\"grid-footer clearfix\">\n                    <\/div>\n\t<\/div>\n<\/li>\n<li class=\"grid-item col-md-4 col-sm-6 sermon-item format-standard\">\n\t<div class=\"grid-item-inner\">\n\t\t\t            <div class=\"post-media\">\n            \t<div class=\"latest-sermon-video fw-video post-media\">\n                <iframe loading=\"lazy\" itemprop=\"video\" src=\"\/\/www.youtube.com\/embed\/f0LGrog1oLk?wmode=transparent&autoplay=0\" width=\"500\" height=\"281\" ><\/iframe>                <\/div>\n            <\/div>\n        \t\t<div class=\"grid-content\">\n            <h3><a href=\"https:\/\/metoda-tippinga.pl\/web\/?sermon=rw-60-ojcowska-rana-nie-bede-taki-jak-ojciec-gosc-marcin-wasik\">RW 60: Ojcowska rana &#8211; Nie b\u0119d\u0119 taki jak ojciec. Go\u015b\u0107: Marcin W\u0105sik<\/a><\/h3>\n\t\t\t       \t<\/div>\n\t\t<div class=\"grid-footer clearfix\">\n                    <\/div>\n\t<\/div>\n<\/li>\n<li class=\"grid-item col-md-4 col-sm-6 sermon-item format-standard\">\n\t<div class=\"grid-item-inner\">\n\t\t\t            <div class=\"post-media\">\n            \t<div class=\"latest-sermon-video fw-video post-media\">\n                <iframe loading=\"lazy\" itemprop=\"video\" src=\"\/\/www.youtube.com\/embed\/on3Tz7C6mV0?wmode=transparent&autoplay=0\" width=\"500\" height=\"281\" ><\/iframe>                <\/div>\n            <\/div>\n        \t\t<div class=\"grid-content\">\n            <h3><a href=\"https:\/\/metoda-tippinga.pl\/web\/?sermon=rw-59-przemoc-kiedy-ofiara-jest-mezczyzna-cz-3\">RW 59: Przemoc: kiedy ofiar\u0105 jest m\u0119\u017cczyzna cz.3<\/a><\/h3>\n\t\t\t       \t<\/div>\n\t\t<div class=\"grid-footer clearfix\">\n                    <\/div>\n\t<\/div>\n<\/li>\n<li class=\"grid-item col-md-4 col-sm-6 sermon-item format-standard\">\n\t<div class=\"grid-item-inner\">\n\t\t\t            <div class=\"post-media\">\n            \t<div class=\"latest-sermon-video fw-video post-media\">\n                <iframe loading=\"lazy\" itemprop=\"video\" src=\"\/\/www.youtube.com\/embed\/G_0t-cBaUeg?wmode=transparent&autoplay=0\" width=\"500\" height=\"281\" ><\/iframe>                <\/div>\n            <\/div>\n        \t\t<div class=\"grid-content\">\n            <h3><a href=\"https:\/\/metoda-tippinga.pl\/web\/?sermon=rw-14-jak-wyglada-sesja-z-certyfikowanym-trenerem-radykalnego-wybaczania\">RW 14: Jak wygl\u0105da sesja z certyfikowanym trenerem Radykalnego Wybaczania?<\/a><\/h3>\n\t\t\t       \t<\/div>\n\t\t<div class=\"grid-footer clearfix\">\n                    <\/div>\n\t<\/div>\n<\/li>\n<\/ul>\n<\/div>\n<\/div><\/div><\/div><\/div><\/div>","protected":false},"excerpt":{"rendered":"[vc_row][vc_column][vc_column_text]Instytut Metody Tippinga w Polsce, jedyny, licencjonowany o\u015brodek metody Radykalnego Wybaczania w Polsce zaprasza do wys\u0142uchania kolejnego odcinka podcastu (audycji). Wiele os\u00f3b ju\u017c wie, czym jest metoda Radykalnego Wybaczania. Pojawia si\u0119 ch\u0119\u0107 skorzystania z sesji z Trenerem Radykalnego Wybaczania. Mog\u0105 si\u0119 w\u00f3wczas pojawia\u0107 \u00a0pytania: gdzie znale\u017a\u0107 dobrego trenera, kt\u00f3ry mi pomo\u017ce, jak mam si\u0119 przygotowa\u0107 do spotkania, czy to mi pomo\u017ce? Na te i inne pytania odpowiadamy w tym odcinku. Poruszamy m.in. takie tematy: \u2022 komu sesje mog\u0105 szczeg\u00f3lnie pom\u00f3c? \u2022 jak si\u0119 do nich przygotowa\u0107, aby wyci\u0105gn\u0105\u0107 maksimum? \u2022 kogo trener powinien odes\u0142a\u0107 do terapeuty? \u2022 jak wyci\u0105gn\u0105\u0107 maximum z sesji \u2022 jakich rezultat\u00f3w mo\u017cesz si\u0119 spodziewa\u0107? \u2022 i co zrobi\u0107 je\u015bli przed sesj\u0105 czujesz l\u0119k ? Po wys\u0142uchaniu tego odcinka mo\u017cesz: \u2022 um\u00f3wi\u0107 si\u0119 na sesj\u0119 z Trenerem Radykalnego Wybaczania. (znajdziesz ich na stronie Instytutu) \u2022 podzieli\u0107 si\u0119 tym odcinkiem z minimum jedn\u0105 osob\u0105, kt\u00f3rej to mo\u017ce pom\u00f3c \u2022 obejrze\u0107 nasze filmy na YT Radykalne Wybaczanie to metoda, kt\u00f3rej autorem jest Colin Tipping. To pot\u0119\u017cne i skuteczne narz\u0119dzie pracy nad sob\u0105, kt\u00f3re przynosi ulg\u0119, spok\u00f3j i poczucie lekko\u015bci \u017cycia. Od 20 lat dzia\u0142a na ca\u0142ym \u015bwiecie z korzy\u015bci\u0105 dla tysi\u0119cy ludzi. Prowadz\u0105ce to: Magdalena Czaja, Dyrektor Instytutu Metody Tippinga w Polsce, coach, autorka metody Lovefiting\u00ae Ewa Turek, trener komunikacji, m\u00f3wca, coach. Wsp\u00f3\u0142pracownik Instytutu. &nbsp; Spotify: https:\/\/tiny.pl\/74jr6 Apple Podcast: https:\/\/tiny.pl\/74j9h Google Podcast: https:\/\/tiny.pl\/74j9m[\/vc_column_text][\/vc_column][\/vc_row][vc_row][vc_column][vc_column_text]Listen to \"RW 14: Jak wygl\u0105da sesja z certyfikowanym trenerem Radykalnego Wybaczania?\" on Spreaker.[\/vc_column_text][vc_column_text el_id=\"transkrypcja\"] Sesja z certyfikowanym trenerem Radykalnego Wybaczania Magdalena Czaja: Witaj w Instytucie Metody Tippinga, w kt\u00f3rym dzielimy si\u0119 filozofi\u0105 Radykalnego Wybaczania. Nazywam si\u0119 Magdalena Czaja i prowadz\u0119 jedyny w Polsce o\u015brodek oficjalnie reprezentuj\u0105cy t\u0119 metod\u0119 w Polsce. W tym czasie wraz z nasz\u0105 trenerk\u0105 i wsp\u00f3\u0142pracownic\u0105 Ew\u0105 Turek pomo\u017cemy ci lepiej pozna\u0107 Radykalne Wybaczanie i jego narz\u0119dzia. Narz\u0119dzia, kt\u00f3re od dekad zmieniaj\u0105 \u017cycie tysi\u0119cy os\u00f3b na ca\u0142ym \u015bwiecie, pomagaj\u0105c uwolni\u0107 si\u0119 od b\u00f3lu przesz\u0142o\u015bci i tera\u017aniejszo\u015bci, po to aby \u017cy\u0107 z lekko\u015bci\u0105 i rado\u015bci\u0105. Bo wybaczenie naprawd\u0119 ma moc uzdrawiania. Zapraszam. Dzie\u0144 dobry, kolejny podcast. Ewa Turek: Witamy serdecznie. Dzisiaj spotykamy si\u0119 z trenerem. Magdalena Czaja: Czyli strach jest. Ewa Turek: Sesja z trenerem - to jest dzisiejszy temat. Magdalena Czaja: Zaczn\u0119 od tego, \u017ce bardzo cz\u0119sto jest tak, \u017ce ludzie dzwoni\u0105 bardzo chc\u0105, ale si\u0119 boj\u0105, albo m\u00f3wi\u0105: \"Bo ja tak my\u015bl\u0119, \u017ce przyjd\u0119. Ale chyba jednak si\u0119 boj\u0119.\", ale najlepsze pytanie jakie mo\u017ce pa\u015b\u0107 brzmi tak: \"No to co pani mo\u017ce dla mnie zrobi\u0107?\". Ewa Turek: I tu jest cisza, bo nie mamy nic do dodania do tej kwestii. Magdalena Czaja: Ja mam. Ja zawsze m\u00f3wi\u0119: \"To nie ja pracuje, tylko pani b\u0119dzie pracowa\u0142a i tyle ile pani w\u0142o\u017cy, ja b\u0119d\u0119 asystowa\u0107, ale to jest pani praca i po pani stronie b\u0119d\u0105 wszelkie rzeczy, kt\u00f3re si\u0119 zadziej\u0105. Moim zadaniem nie jest co\u015b dla pani robi\u0107\". Lubi\u0119 tak\u0105 metafor\u0119, \u017ce to jest tak jakby\u015bmy sia\u0142y ziarno traw, a potem pr\u00f3bowa\u0142y na si\u0142\u0119 wyci\u0105gn\u0105\u0107 \u017ad\u017ab\u0142a z tych ziaren. No tak nie jest. Zadaniem trenera jest sia\u0107, ale to klient musi, jak ta trawa, wykie\u0142kowa\u0107. Ewa Turek: Czyli dzisiaj troch\u0119 odczarujemy proces spotykania si\u0119 z trenerem, co trener mo\u017ce, czego nie mo\u017ce, co mo\u017ce [...]","protected":false},"author":4,"featured_media":0,"parent":0,"menu_order":0,"comment_status":"closed","ping_status":"closed","template":"","meta":{"footnotes":""},"class_list":["post-9946","page","type-page","status-publish","hentry"],"publishpress_future_action":{"enabled":false,"date":"2026-04-13 16:02:55","action":"change-status","newStatus":"private","terms":[],"taxonomy":"frm_application","extraData":[]},"publishpress_future_workflow_manual_trigger":{"enabledWorkflows":[]},"_links":{"self":[{"href":"https:\/\/metoda-tippinga.pl\/web\/wp-json\/wp\/v2\/pages\/9946","targetHints":{"allow":["GET"]}}],"collection":[{"href":"https:\/\/metoda-tippinga.pl\/web\/wp-json\/wp\/v2\/pages"}],"about":[{"href":"https:\/\/metoda-tippinga.pl\/web\/wp-json\/wp\/v2\/types\/page"}],"author":[{"embeddable":true,"href":"https:\/\/metoda-tippinga.pl\/web\/wp-json\/wp\/v2\/users\/4"}],"replies":[{"embeddable":true,"href":"https:\/\/metoda-tippinga.pl\/web\/wp-json\/wp\/v2\/comments?post=9946"}],"version-history":[{"count":1,"href":"https:\/\/metoda-tippinga.pl\/web\/wp-json\/wp\/v2\/pages\/9946\/revisions"}],"predecessor-version":[{"id":9947,"href":"https:\/\/metoda-tippinga.pl\/web\/wp-json\/wp\/v2\/pages\/9946\/revisions\/9947"}],"wp:attachment":[{"href":"https:\/\/metoda-tippinga.pl\/web\/wp-json\/wp\/v2\/media?parent=9946"}],"curies":[{"name":"wp","href":"https:\/\/api.w.org\/{rel}","templated":true}]}}