
{"id":9956,"date":"2024-07-01T18:40:59","date_gmt":"2024-07-01T16:40:59","guid":{"rendered":"https:\/\/metoda-tippinga.pl\/web\/?page_id=9956"},"modified":"2024-07-01T18:40:59","modified_gmt":"2024-07-01T16:40:59","slug":"podcasty-przekonania","status":"publish","type":"page","link":"https:\/\/metoda-tippinga.pl\/web\/podcasty-przekonania\/","title":{"rendered":"Podcasty: Przekonania"},"content":{"rendered":"<div id=\"pl-9956\"  class=\"panel-layout\" ><div id=\"pg-9956-0\"  class=\"panel-grid panel-no-style\" ><div id=\"pgc-9956-0-0\"  class=\"panel-grid-cell\" ><div id=\"panel-9956-0-0-0\" class=\"so-panel widget widget_sermons-list-widget panel-first-child panel-last-child\" data-index=\"0\" ><div class=\"so-widget-sermons-list-widget so-widget-sermons-list-widget-base\"><a href=\"https:\/\/metoda-tippinga.pl\/web\/podcasty\/\" class=\"btn btn-default pull-right\">Zobacz wszystkie podcasty<\/a><h3 class=\"panel-title\">\nPodcasty: Przekonania<\/h3>\n<div class=\"row\">\n<ul class=\"isotope-grid\">\n<li class=\"grid-item col-md-4 col-sm-6 sermon-item format-standard\">\n\t<div class=\"grid-item-inner\">\n\t\t\t            <div class=\"post-media\">\n            \t<div class=\"latest-sermon-video fw-video post-media\">\n                <iframe loading=\"lazy\" itemprop=\"video\" src=\"\/\/www.youtube.com\/embed\/RHNNV0uJ25c?wmode=transparent&autoplay=0\" width=\"500\" height=\"281\" ><\/iframe>                <\/div>\n            <\/div>\n        \t\t<div class=\"grid-content\">\n            <h3><a href=\"https:\/\/metoda-tippinga.pl\/web\/?sermon=rw-123-niepelnosprawnosc-w-rodzinie-ekstremalny-sprawdzian-milosci\">RW 123: Niepe\u0142nosprawno\u015b\u0107 w rodzinie &#8211; ekstremalny sprawdzian mi\u0142o\u015bci.<\/a><\/h3>\n\t\t\t       \t<\/div>\n\t\t<div class=\"grid-footer clearfix\">\n                    <\/div>\n\t<\/div>\n<\/li>\n<li class=\"grid-item col-md-4 col-sm-6 sermon-item format-standard\">\n\t<div class=\"grid-item-inner\">\n\t\t\t            <div class=\"post-media\">\n            \t<div class=\"latest-sermon-video fw-video post-media\">\n                <iframe loading=\"lazy\" itemprop=\"video\" src=\"\/\/www.youtube.com\/embed\/hYjVZMBazJ4?wmode=transparent&autoplay=0\" width=\"500\" height=\"281\" ><\/iframe>                <\/div>\n            <\/div>\n        \t\t<div class=\"grid-content\">\n            <h3><a href=\"https:\/\/metoda-tippinga.pl\/web\/?sermon=rw-111-od-leku-do-mocy-moja-historia-o-byciu-soba-w-biznesie\">RW 111: Od l\u0119ku do mocy. Moja historia o byciu sob\u0105 w biznesie<\/a><\/h3>\n\t\t\t       \t<\/div>\n\t\t<div class=\"grid-footer clearfix\">\n                    <\/div>\n\t<\/div>\n<\/li>\n<li class=\"grid-item col-md-4 col-sm-6 sermon-item format-standard\">\n\t<div class=\"grid-item-inner\">\n\t\t\t            <div class=\"post-media\">\n            \t<div class=\"latest-sermon-video fw-video post-media\">\n                <iframe loading=\"lazy\" itemprop=\"video\" src=\"\/\/www.youtube.com\/embed\/6VOkbj7NXcs?wmode=transparent&autoplay=0\" width=\"500\" height=\"281\" ><\/iframe>                <\/div>\n            <\/div>\n        \t\t<div class=\"grid-content\">\n            <h3><a href=\"https:\/\/metoda-tippinga.pl\/web\/?sermon=rw-110-jak-zycie-sprawdza-twoja-odwage-moja-historia-strachu-i-przebudzenia\">RW 110: Jak \u017cycie sprawdza Twoj\u0105 odwag\u0119? Moja historia strachu i przebudzenia.<\/a><\/h3>\n\t\t\t       \t<\/div>\n\t\t<div class=\"grid-footer clearfix\">\n                    <\/div>\n\t<\/div>\n<\/li>\n<li class=\"grid-item col-md-4 col-sm-6 sermon-item format-standard\">\n\t<div class=\"grid-item-inner\">\n\t\t\t            <div class=\"post-media\">\n            \t<div class=\"latest-sermon-video fw-video post-media\">\n                <iframe loading=\"lazy\" itemprop=\"video\" src=\"\/\/www.youtube.com\/embed\/xWxpiQERU-w?wmode=transparent&autoplay=0\" width=\"500\" height=\"281\" ><\/iframe>                <\/div>\n            <\/div>\n        \t\t<div class=\"grid-content\">\n            <h3><a href=\"https:\/\/metoda-tippinga.pl\/web\/?sermon=rw-103-grzeczne-by-byc-kochane-dzieci-ktore-porzucily-siebie-w-zamian-za-milosc-i-akceptacje\">RW 103: Grzeczne, by by\u0107 kochane. Dzieci, kt\u00f3re porzuci\u0142y siebie w zamian za mi\u0142o\u015b\u0107 i akceptacj\u0119.<\/a><\/h3>\n\t\t\t       \t<\/div>\n\t\t<div class=\"grid-footer clearfix\">\n                    <\/div>\n\t<\/div>\n<\/li>\n<li class=\"grid-item col-md-4 col-sm-6 sermon-item format-standard\">\n\t<div class=\"grid-item-inner\">\n\t\t\t            <div class=\"post-media\">\n            \t<div class=\"latest-sermon-video fw-video post-media\">\n                <iframe loading=\"lazy\" itemprop=\"video\" src=\"\/\/www.youtube.com\/embed\/fWuqqoBuPG0?wmode=transparent&autoplay=0\" width=\"500\" height=\"281\" ><\/iframe>                <\/div>\n            <\/div>\n        \t\t<div class=\"grid-content\">\n            <h3><a href=\"https:\/\/metoda-tippinga.pl\/web\/?sermon=rw-101-milosc-czy-pieniadze\">RW 101: Mi\u0142o\u015b\u0107 czy pieni\u0105dze?<\/a><\/h3>\n\t\t\t       \t<\/div>\n\t\t<div class=\"grid-footer clearfix\">\n                    <\/div>\n\t<\/div>\n<\/li>\n<li class=\"grid-item col-md-4 col-sm-6 sermon-item format-standard\">\n\t<div class=\"grid-item-inner\">\n\t\t\t            <div class=\"post-media\">\n            \t<div class=\"latest-sermon-video fw-video post-media\">\n                <iframe loading=\"lazy\" itemprop=\"video\" src=\"\/\/www.youtube.com\/embed\/Uv6uzyIEAXg?wmode=transparent&autoplay=0\" width=\"500\" height=\"281\" ><\/iframe>                <\/div>\n            <\/div>\n        \t\t<div class=\"grid-content\">\n            <h3><a href=\"https:\/\/metoda-tippinga.pl\/web\/?sermon=rw-96-poznaj-wreszcie-zasade-lustra-i-obroc-ja-na-swoja-korzysc-rozwoj-relacje-duchowosc\">RW 96: Poznaj wreszcie zasad\u0119 lustra i obr\u00f3\u0107 j\u0105 na swoj\u0105 korzy\u015b\u0107.<\/a><\/h3>\n\t\t\t       \t<\/div>\n\t\t<div class=\"grid-footer clearfix\">\n                    <\/div>\n\t<\/div>\n<\/li>\n<li class=\"grid-item col-md-4 col-sm-6 sermon-item format-standard\">\n\t<div class=\"grid-item-inner\">\n\t\t\t            <div class=\"post-media\">\n            \t<div class=\"latest-sermon-video fw-video post-media\">\n                <iframe loading=\"lazy\" itemprop=\"video\" src=\"\/\/www.youtube.com\/embed\/1O90wspiQkg?wmode=transparent&autoplay=0\" width=\"500\" height=\"281\" ><\/iframe>                <\/div>\n            <\/div>\n        \t\t<div class=\"grid-content\">\n            <h3><a href=\"https:\/\/metoda-tippinga.pl\/web\/?sermon=rw-94-milosc-moja-najwieksza-lekcja-gosc-marcelina-zawadzka-odcinek-specjalny-cz-2\">RW 94: Mi\u0142o\u015b\u0107. Moja najwi\u0119ksza lekcja. Go\u015b\u0107: Marcelina Zawadzka. Odcinek specjalny cz.2<\/a><\/h3>\n\t\t\t       \t<\/div>\n\t\t<div class=\"grid-footer clearfix\">\n                    <\/div>\n\t<\/div>\n<\/li>\n<li class=\"grid-item col-md-4 col-sm-6 sermon-item format-standard\">\n\t<div class=\"grid-item-inner\">\n\t\t\t            <div class=\"post-media\">\n            \t<div class=\"latest-sermon-video fw-video post-media\">\n                <iframe loading=\"lazy\" itemprop=\"video\" src=\"\/\/www.youtube.com\/embed\/6cbtEbCxEl8?wmode=transparent&autoplay=0\" width=\"500\" height=\"281\" ><\/iframe>                <\/div>\n            <\/div>\n        \t\t<div class=\"grid-content\">\n            <h3><a href=\"https:\/\/metoda-tippinga.pl\/web\/?sermon=rw-93-niewystarczajaca-juz-nie-gosc-marcelina-zawadzka-odcinek-specjalny\">RW 93: Niewystarczaj\u0105ca? Ju\u017c nie! Go\u015b\u0107: Marcelina Zawadzka. Odcinek specjalny.<\/a><\/h3>\n\t\t\t       \t<\/div>\n\t\t<div class=\"grid-footer clearfix\">\n                    <\/div>\n\t<\/div>\n<\/li>\n<li class=\"grid-item col-md-4 col-sm-6 sermon-item format-standard\">\n\t<div class=\"grid-item-inner\">\n\t\t\t            <div class=\"post-media\">\n            \t<div class=\"latest-sermon-video fw-video post-media\">\n                <iframe loading=\"lazy\" itemprop=\"video\" src=\"\/\/www.youtube.com\/embed\/g57omW_TUVc?wmode=transparent&autoplay=0\" width=\"500\" height=\"281\" ><\/iframe>                <\/div>\n            <\/div>\n        \t\t<div class=\"grid-content\">\n            <h3><a href=\"https:\/\/metoda-tippinga.pl\/web\/?sermon=rw-90-duchowe-wyzwanie-zmien-hejt-w-zloto\">RW 90: Duchowe wyzwanie: zmie\u0144 hejt w z\u0142oto!<\/a><\/h3>\n\t\t\t       \t<\/div>\n\t\t<div class=\"grid-footer clearfix\">\n                    <\/div>\n\t<\/div>\n<\/li>\n<li class=\"grid-item col-md-4 col-sm-6 sermon-item format-standard\">\n\t<div class=\"grid-item-inner\">\n\t\t\t            <div class=\"post-media\">\n            \t<div class=\"latest-sermon-video fw-video post-media\">\n                <iframe loading=\"lazy\" itemprop=\"video\" src=\"\/\/www.youtube.com\/embed\/gK2n-CZF8gE?wmode=transparent&autoplay=0\" width=\"500\" height=\"281\" ><\/iframe>                <\/div>\n            <\/div>\n        \t\t<div class=\"grid-content\">\n            <h3><a href=\"https:\/\/metoda-tippinga.pl\/web\/?sermon=rw-72-sila-podswiadomosci-czyli-lampka-na-siebie\">RW 72: Si\u0142a pod\u015bwiadomo\u015bci, czyli lampka na siebie.<\/a><\/h3>\n\t\t\t       \t<\/div>\n\t\t<div class=\"grid-footer clearfix\">\n                    <\/div>\n\t<\/div>\n<\/li>\n<li class=\"grid-item col-md-4 col-sm-6 sermon-item format-standard\">\n\t<div class=\"grid-item-inner\">\n\t\t\t            <div class=\"post-media\">\n            \t<div class=\"latest-sermon-video fw-video post-media\">\n                <iframe loading=\"lazy\" itemprop=\"video\" src=\"\/\/www.youtube.com\/embed\/hOAc-N_qo7A?wmode=transparent&autoplay=0\" width=\"500\" height=\"281\" ><\/iframe>                <\/div>\n            <\/div>\n        \t\t<div class=\"grid-content\">\n            <h3><a href=\"https:\/\/metoda-tippinga.pl\/web\/?sermon=rw-37-pozbadz-sie-blokujacych-przekonan-radykalne-wybaczanie-i-metoda-byron-katie\">RW 37: Pozb\u0105d\u017a si\u0119 blokuj\u0105cych przekona\u0144. Radykalne Wybaczanie i metoda Byron Katie.<\/a><\/h3>\n\t\t\t       \t<\/div>\n\t\t<div class=\"grid-footer clearfix\">\n                    <\/div>\n\t<\/div>\n<\/li>\n<li class=\"grid-item col-md-4 col-sm-6 sermon-item format-standard\">\n\t<div class=\"grid-item-inner\">\n\t\t\t            <div class=\"post-media\">\n            \t<div class=\"latest-sermon-video fw-video post-media\">\n                <iframe loading=\"lazy\" itemprop=\"video\" src=\"\/\/www.youtube.com\/embed\/uaTGPrYfprY?wmode=transparent&autoplay=0\" width=\"500\" height=\"281\" ><\/iframe>                <\/div>\n            <\/div>\n        \t\t<div class=\"grid-content\">\n            <h3><a href=\"https:\/\/metoda-tippinga.pl\/web\/?sermon=rw-21-ograniczajace-przekonania-jak-je-zmienic\">RW 21: Ograniczaj\u0105ce przekonania. Jak je zmieni\u0107?<\/a><\/h3>\n\t\t\t       \t<\/div>\n\t\t<div class=\"grid-footer clearfix\">\n                    <\/div>\n\t<\/div>\n<\/li>\n<\/ul>\n<\/div>\n<\/div><\/div><\/div><\/div><\/div>","protected":false},"excerpt":{"rendered":"[vc_row][vc_column][vc_column_text]Poka\u017c mi swoje \u017cycie, a powiem ci, jakie masz przekonania. Mo\u017cemy si\u0119 przed tym zdaniem buntowa\u0107, ale ka\u017cdy ma swoje przekonania - te wspieraj\u0105ce i te blokuj\u0105ce. Co to jest przekonanie? To os\u0105d, zdanie oparte na prze\u015bwiadczeniu o prawdziwo\u015bci, s\u0142uszno\u015bci czego\u015b. Nie musi to by\u0107 prawda, ale dla cz\u0142owieka, kt\u00f3ry w nie wierzy, jest prawdziwsze ni\u017c rzeczywisto\u015b\u0107. Mog\u0105 pojawia\u0107 si\u0119 takie przekonania: \u2022 nigdy nie b\u0119d\u0119 wystarczaj\u0105co dobry \u2022 nie zas\u0142uguj\u0119 na to \u2022 nikt mnie nie pokocha \u2022 powinnam by\u0107 ch\u0142opcem i wiele innych Ich list\u0119 mo\u017cna pisa\u0107 w niesko\u0144czono\u015b\u0107. To nasz wewn\u0119trzny dialog, cz\u0119sto nieu\u015bwiadomiony. Naukowcy zbadali, \u017ce cz\u0142owiek w ci\u0105gu doby ma ok. 70 tys. my\u015bli, z czego zdecydowana wi\u0119kszo\u015b\u0107 to negatywne my\u015bli (na sw\u00f3j temat, na temat \u015bwiata lub innych ludzi). Z tego odcinka dowiesz si\u0119: \u2022 jak powstaj\u0105 przekonania \u2022 jak rozpozna\u0107 swoje przekonania \u2022 jak pracowa\u0107 z negatywnymi przekonaniami \u2022 jak Radykalne Wybaczanie mo\u017ce pom\u00f3c w tym procesie W rozmowie wspominamy o odcinku podkastu na temat obfito\u015bci. Mo\u017cesz go pos\u0142ucha\u0107 w 12 odcinku Przyci\u0105gnij obfito\u015b\u0107 z Radykalnym Wybaczaniem.: Po wys\u0142uchaniu tego odcinka mo\u017cesz: \u2022 przeczyta\u0107 ksi\u0105\u017ck\u0119 Colina Tippinga \u201cRadykalna Wybaczanie\u201d \u2022 um\u00f3wi\u0107 si\u0119 na sesj\u0119 z Trenerem Radykalnego Wybaczania. (znajdziesz ich na stronie Instytutu) \u2022 podzieli\u0107 si\u0119 tym odcinkiem z minimum jedn\u0105 osob\u0105, kt\u00f3rej to mo\u017ce pom\u00f3c \u2022 obejrze\u0107 nasze filmy na YT Radykalne Wybaczanie to metoda, kt\u00f3rej autorem jest Colin Tipping. To pot\u0119\u017cne i skuteczne narz\u0119dzie pracy nad sob\u0105, kt\u00f3re przynosi ulg\u0119, spok\u00f3j i poczucie lekko\u015bci \u017cycia. Od 20 lat dzia\u0142a na ca\u0142ym \u015bwiecie z korzy\u015bci\u0105 dla tysi\u0119cy ludzi. Instytut Metody Tippinga w Polsce, jedyny, licencjonowany o\u015brodek Radykalnego Wybaczania w Polsce. Prowadz\u0105ce to: Magdalena Czaja, Dyrektor Instytutu Metody Tippinga w Polsce, coach, autorka metody Lovefiting\u00ae Ewa Turek, trener komunikacji, m\u00f3wca, coach. Wsp\u00f3\u0142pracownik Instytutu.[\/vc_column_text][\/vc_column][\/vc_row][vc_row][vc_column][vc_column_text]Listen to \"RW 21: Ograniczaj\u0105ce przekonania. Jak je zmieni\u0107?\" on Spreaker.[\/vc_column_text][vc_column_text el_id=\"transkrypcja\"]Witaj w Instytucie Metody Tippinga, w kt\u00f3rym dzielimy si\u0119 filozofi\u0105 Radykalnego Wybaczenia. Nazywam si\u0119 Magdalena Czaja i prowadz\u0119 jedyny w Polsce, o\u015brodek oficjalnie reprezentuj\u0105cy t\u0119 metod\u0119 w Polsce. W tym podca\u015bcie, wraz z nasz\u0105 trenerk\u0105 i wsp\u00f3\u0142pracownic\u0105 Ew\u0105 Turek, pomo\u017cemy ci lepiej pozna\u0107 Radykalne Wybaczenie i jego narz\u0119dzia. Narz\u0119dzia, kt\u00f3re od dekad zmieniaj\u0105 \u017cycie tysi\u0119cy os\u00f3b na ca\u0142ym \u015bwiecie, pomagaj\u0105c uwolni\u0107 si\u0119 od b\u00f3lu przesz\u0142o\u015bci i tera\u017aniejszo\u015bci po to, aby \u017cy\u0107 z lekko\u015bci\u0105 i rado\u015bci\u0105. Bo wybaczenie naprawd\u0119 ma moc uzdrawiania. Zapraszam. Magdalena: Halo, halo, dzie\u0144 dobry, Ewa: Witamy serdecznie. Magdalena: Dzisiaj temat, na kt\u00f3ry wiele os\u00f3b czeka\u0142o. Dostawali\u015bmy takie informacje, i na naszym fanpage'u na Facebooku i na nasz\u0105 skrzynk\u0119 mailow\u0105 - Przekonania. Ewa: Przekonania, jak z tym \u017cy\u0107? Magdalena: I co z tym zrobi\u0107? Ewa: Oczywi\u015bcie mamy pozytywne przekonania, ale tematem dzisiejszego odcinka b\u0119d\u0105 te negatywne, kt\u00f3re nam przeszkadzaj\u0105. Magdalena: Ograniczaj\u0105ce, tak zwane. Ewa: Tak, ograniczaj\u0105ce przekonania. Magdalena: Prawd\u0119 o przekonaniach pi\u0119knie podsumowuje to zdanie: \u201ePoka\u017c mi swoje \u017cycie, a powiem ci, jakie masz przekonania\u201d. Jest ono bardzo m\u0105dre, bo wielokrotnie my m\u00f3wimy, w tym naszym \u015bwiadomym umy\u015ble, m\u00f3wimy i mamy pewne twierdzenia, kt\u00f3re daj\u0105 sygna\u0142, na przyk\u0142ad: nie, ja si\u0119 nie boj\u0119 czego\u015b tam, ale patrzysz na swoje \u017cycie i okazuje si\u0119, \u017ce za ka\u017cdym razem kiedy ta sytuacja si\u0119 pojawia, to si\u0119 wycofujesz. Albo o to. [...]","protected":false},"author":4,"featured_media":0,"parent":0,"menu_order":0,"comment_status":"closed","ping_status":"closed","template":"","meta":{"footnotes":""},"class_list":["post-9956","page","type-page","status-publish","hentry"],"publishpress_future_action":{"enabled":false,"date":"2026-04-13 14:41:49","action":"change-status","newStatus":"private","terms":[],"taxonomy":"frm_application","extraData":[]},"publishpress_future_workflow_manual_trigger":{"enabledWorkflows":[]},"_links":{"self":[{"href":"https:\/\/metoda-tippinga.pl\/web\/wp-json\/wp\/v2\/pages\/9956","targetHints":{"allow":["GET"]}}],"collection":[{"href":"https:\/\/metoda-tippinga.pl\/web\/wp-json\/wp\/v2\/pages"}],"about":[{"href":"https:\/\/metoda-tippinga.pl\/web\/wp-json\/wp\/v2\/types\/page"}],"author":[{"embeddable":true,"href":"https:\/\/metoda-tippinga.pl\/web\/wp-json\/wp\/v2\/users\/4"}],"replies":[{"embeddable":true,"href":"https:\/\/metoda-tippinga.pl\/web\/wp-json\/wp\/v2\/comments?post=9956"}],"version-history":[{"count":1,"href":"https:\/\/metoda-tippinga.pl\/web\/wp-json\/wp\/v2\/pages\/9956\/revisions"}],"predecessor-version":[{"id":9957,"href":"https:\/\/metoda-tippinga.pl\/web\/wp-json\/wp\/v2\/pages\/9956\/revisions\/9957"}],"wp:attachment":[{"href":"https:\/\/metoda-tippinga.pl\/web\/wp-json\/wp\/v2\/media?parent=9956"}],"curies":[{"name":"wp","href":"https:\/\/api.w.org\/{rel}","templated":true}]}}