
{"id":9958,"date":"2024-07-01T18:47:12","date_gmt":"2024-07-01T16:47:12","guid":{"rendered":"https:\/\/metoda-tippinga.pl\/web\/?page_id=9958"},"modified":"2024-07-01T18:47:12","modified_gmt":"2024-07-01T16:47:12","slug":"podcasty-relacje","status":"publish","type":"page","link":"https:\/\/metoda-tippinga.pl\/web\/podcasty-relacje\/","title":{"rendered":"Podcasty: Relacje"},"content":{"rendered":"<div id=\"pl-9958\"  class=\"panel-layout\" ><div id=\"pg-9958-0\"  class=\"panel-grid panel-no-style\" ><div id=\"pgc-9958-0-0\"  class=\"panel-grid-cell\" ><div id=\"panel-9958-0-0-0\" class=\"so-panel widget widget_sermons-list-widget panel-first-child panel-last-child\" data-index=\"0\" ><div class=\"so-widget-sermons-list-widget so-widget-sermons-list-widget-base\"><a href=\"https:\/\/metoda-tippinga.pl\/web\/podcasty\/\" class=\"btn btn-default pull-right\">Zobacz wszystkie podcasty<\/a><h3 class=\"panel-title\">\nPodcasty: Relacje<\/h3>\n<div class=\"row\">\n<ul class=\"isotope-grid\">\n<li class=\"grid-item col-md-4 col-sm-6 sermon-item format-standard\">\n\t<div class=\"grid-item-inner\">\n\t\t\t            <div class=\"post-media\">\n            \t<div class=\"latest-sermon-video fw-video post-media\">\n                <iframe loading=\"lazy\" itemprop=\"video\" src=\"\/\/www.youtube.com\/embed\/D7QR-JKnkAM?wmode=transparent&autoplay=0\" width=\"500\" height=\"281\" ><\/iframe>                <\/div>\n            <\/div>\n        \t\t<div class=\"grid-content\">\n            <h3><a href=\"https:\/\/metoda-tippinga.pl\/web\/?sermon=rw-132-jak-spojrzec-inaczej-na-trudne-relacje-zasada-lustra-i-praca-z-cieniem\">RW 132: Jak spojrze\u0107 inaczej na trudne relacje? Zasada lustra i praca z cieniem<\/a><\/h3>\n\t\t\t       \t<\/div>\n\t\t<div class=\"grid-footer clearfix\">\n                    <\/div>\n\t<\/div>\n<\/li>\n<li class=\"grid-item col-md-4 col-sm-6 sermon-item format-standard\">\n\t<div class=\"grid-item-inner\">\n\t\t\t            <div class=\"post-media\">\n            \t<div class=\"latest-sermon-video fw-video post-media\">\n                <iframe loading=\"lazy\" itemprop=\"video\" src=\"\/\/www.youtube.com\/embed\/8vDkSm8-W6I?wmode=transparent&autoplay=0\" width=\"500\" height=\"281\" ><\/iframe>                <\/div>\n            <\/div>\n        \t\t<div class=\"grid-content\">\n            <h3><a href=\"https:\/\/metoda-tippinga.pl\/web\/?sermon=rw-129-relacja-z-dzieckiem-co-mowi-o-tobie-totalna-biologia-agnieszka-madej-uhl-radykalne-wybaczanie\">RW 129: Relacja z dzieckiem &#8211; co m\u00f3wi o Tobie? Totalna biologia &#8211; Agnieszka Madej-Uhl | Radykalne Wybaczanie<\/a><\/h3>\n\t\t\t       \t<\/div>\n\t\t<div class=\"grid-footer clearfix\">\n                    <\/div>\n\t<\/div>\n<\/li>\n<li class=\"grid-item col-md-4 col-sm-6 sermon-item format-standard\">\n\t<div class=\"grid-item-inner\">\n\t\t\t            <div class=\"post-media\">\n            \t<div class=\"latest-sermon-video fw-video post-media\">\n                <iframe loading=\"lazy\" itemprop=\"video\" src=\"\/\/www.youtube.com\/embed\/JJPpj0WdX4A?wmode=transparent&autoplay=0\" width=\"500\" height=\"281\" ><\/iframe>                <\/div>\n            <\/div>\n        \t\t<div class=\"grid-content\">\n            <h3><a href=\"https:\/\/metoda-tippinga.pl\/web\/?sermon=rw-125-czego-moze-nauczyc-cie-trudna-relacja-z-tesciowa\">RW 125: Czego mo\u017ce nauczy\u0107 Ci\u0119 trudna relacja z te\u015bciow\u0105?<\/a><\/h3>\n\t\t\t       \t<\/div>\n\t\t<div class=\"grid-footer clearfix\">\n                    <\/div>\n\t<\/div>\n<\/li>\n<li class=\"grid-item col-md-4 col-sm-6 sermon-item format-standard\">\n\t<div class=\"grid-item-inner\">\n\t\t\t            <div class=\"post-media\">\n            \t<div class=\"latest-sermon-video fw-video post-media\">\n                <iframe loading=\"lazy\" itemprop=\"video\" src=\"\/\/www.youtube.com\/embed\/RHNNV0uJ25c?wmode=transparent&autoplay=0\" width=\"500\" height=\"281\" ><\/iframe>                <\/div>\n            <\/div>\n        \t\t<div class=\"grid-content\">\n            <h3><a href=\"https:\/\/metoda-tippinga.pl\/web\/?sermon=rw-123-niepelnosprawnosc-w-rodzinie-ekstremalny-sprawdzian-milosci\">RW 123: Niepe\u0142nosprawno\u015b\u0107 w rodzinie &#8211; ekstremalny sprawdzian mi\u0142o\u015bci.<\/a><\/h3>\n\t\t\t       \t<\/div>\n\t\t<div class=\"grid-footer clearfix\">\n                    <\/div>\n\t<\/div>\n<\/li>\n<li class=\"grid-item col-md-4 col-sm-6 sermon-item format-standard\">\n\t<div class=\"grid-item-inner\">\n\t\t\t            <div class=\"post-media\">\n            \t<div class=\"latest-sermon-video fw-video post-media\">\n                <iframe loading=\"lazy\" itemprop=\"video\" src=\"\/\/www.youtube.com\/embed\/imHuawHGC8Q?wmode=transparent&autoplay=0\" width=\"500\" height=\"281\" ><\/iframe>                <\/div>\n            <\/div>\n        \t\t<div class=\"grid-content\">\n            <h3><a href=\"https:\/\/metoda-tippinga.pl\/web\/?sermon=rw-118-bitwa-o-majatek-jak-nie-rozbic-rodziny\">RW 118: Bitwa o maj\u0105tek &#8211; jak nie rozbi\u0107 rodziny<\/a><\/h3>\n\t\t\t       \t<\/div>\n\t\t<div class=\"grid-footer clearfix\">\n                    <\/div>\n\t<\/div>\n<\/li>\n<li class=\"grid-item col-md-4 col-sm-6 sermon-item format-standard\">\n\t<div class=\"grid-item-inner\">\n\t\t\t            <div class=\"post-media\">\n            \t<div class=\"latest-sermon-video fw-video post-media\">\n                <iframe loading=\"lazy\" itemprop=\"video\" src=\"\/\/www.youtube.com\/embed\/xGIOsJHilDo?wmode=transparent&autoplay=0\" width=\"500\" height=\"281\" ><\/iframe>                <\/div>\n            <\/div>\n        \t\t<div class=\"grid-content\">\n            <h3><a href=\"https:\/\/metoda-tippinga.pl\/web\/?sermon=rw-117-7-mitow-ktore-niszcza-zwiazki-sprawdz-w-ktore-wierzysz\">RW 117: 7 mit\u00f3w, kt\u00f3re niszcz\u0105 zwi\u0105zki. Sprawd\u017a, w kt\u00f3re wierzysz!<\/a><\/h3>\n\t\t\t       \t<\/div>\n\t\t<div class=\"grid-footer clearfix\">\n                    <\/div>\n\t<\/div>\n<\/li>\n<li class=\"grid-item col-md-4 col-sm-6 sermon-item format-standard\">\n\t<div class=\"grid-item-inner\">\n\t\t\t            <div class=\"post-media\">\n            \t<div class=\"latest-sermon-video fw-video post-media\">\n                <iframe loading=\"lazy\" itemprop=\"video\" src=\"\/\/www.youtube.com\/embed\/oYia4mQwoo0?wmode=transparent&autoplay=0\" width=\"500\" height=\"281\" ><\/iframe>                <\/div>\n            <\/div>\n        \t\t<div class=\"grid-content\">\n            <h3><a href=\"https:\/\/metoda-tippinga.pl\/web\/?sermon=rw-116-nie-moge-byc-silna-bo-matka-przestanie-mnie-kochac-o-toksycznym-uwiklaniu-corek\">RW 116: Nie mog\u0119 by\u0107 silna, bo matka przestanie mnie kocha\u0107. O toksycznym uwik\u0142aniu c\u00f3rek.<\/a><\/h3>\n\t\t\t       \t<\/div>\n\t\t<div class=\"grid-footer clearfix\">\n                    <\/div>\n\t<\/div>\n<\/li>\n<li class=\"grid-item col-md-4 col-sm-6 sermon-item format-standard\">\n\t<div class=\"grid-item-inner\">\n\t\t\t            <div class=\"post-media\">\n            \t<div class=\"latest-sermon-video fw-video post-media\">\n                <iframe loading=\"lazy\" itemprop=\"video\" src=\"\/\/www.youtube.com\/embed\/7xMm-tgGnQA?wmode=transparent&autoplay=0\" width=\"500\" height=\"281\" ><\/iframe>                <\/div>\n            <\/div>\n        \t\t<div class=\"grid-content\">\n            <h3><a href=\"https:\/\/metoda-tippinga.pl\/web\/?sermon=rw-115-bylem-mistrzem-manipulacjidopoki-alkohol-nie-odebral-mi-wszystkiego\">RW 115: By\u0142em mistrzem manipulacji\u2026dop\u00f3ki alkohol nie odebra\u0142 mi wszystkiego.<\/a><\/h3>\n\t\t\t       \t<\/div>\n\t\t<div class=\"grid-footer clearfix\">\n                    <\/div>\n\t<\/div>\n<\/li>\n<li class=\"grid-item col-md-4 col-sm-6 sermon-item format-standard\">\n\t<div class=\"grid-item-inner\">\n\t\t\t            <div class=\"post-media\">\n            \t<div class=\"latest-sermon-video fw-video post-media\">\n                <iframe loading=\"lazy\" itemprop=\"video\" src=\"\/\/www.youtube.com\/embed\/gjYqP_PgbLo?wmode=transparent&autoplay=0\" width=\"500\" height=\"281\" ><\/iframe>                <\/div>\n            <\/div>\n        \t\t<div class=\"grid-content\">\n            <h3><a href=\"https:\/\/metoda-tippinga.pl\/web\/?sermon=rw-114-kocham-cie-ale-sie-ciebie-boje-styl-przywiazania-zdezorganizowany\">RW 114: Kocham Ci\u0119, ale si\u0119 Ciebie boj\u0119. Styl Przywi\u0105zania Zdezorganizowany.<\/a><\/h3>\n\t\t\t       \t<\/div>\n\t\t<div class=\"grid-footer clearfix\">\n                    <\/div>\n\t<\/div>\n<\/li>\n<li class=\"grid-item col-md-4 col-sm-6 sermon-item format-standard\">\n\t<div class=\"grid-item-inner\">\n\t\t\t            <div class=\"post-media\">\n            \t<div class=\"latest-sermon-video fw-video post-media\">\n                <iframe loading=\"lazy\" itemprop=\"video\" src=\"\/\/www.youtube.com\/embed\/vAwvyc9mBaA?wmode=transparent&autoplay=0\" width=\"500\" height=\"281\" ><\/iframe>                <\/div>\n            <\/div>\n        \t\t<div class=\"grid-content\">\n            <h3><a href=\"https:\/\/metoda-tippinga.pl\/web\/?sermon=rw-113-pokochaj-siebie-i-zwiaz-sie-z-kim-chcesz\">RW 113: Pokochaj siebie i zwi\u0105\u017c si\u0119 z kim chcesz!<\/a><\/h3>\n\t\t\t       \t<\/div>\n\t\t<div class=\"grid-footer clearfix\">\n                    <\/div>\n\t<\/div>\n<\/li>\n<li class=\"grid-item col-md-4 col-sm-6 sermon-item format-standard\">\n\t<div class=\"grid-item-inner\">\n\t\t\t            <div class=\"post-media\">\n            \t<div class=\"latest-sermon-video fw-video post-media\">\n                <iframe loading=\"lazy\" itemprop=\"video\" src=\"\/\/www.youtube.com\/embed\/PVGMJcoyraI?wmode=transparent&autoplay=0\" width=\"500\" height=\"281\" ><\/iframe>                <\/div>\n            <\/div>\n        \t\t<div class=\"grid-content\">\n            <h3><a href=\"https:\/\/metoda-tippinga.pl\/web\/?sermon=rw-112-dzieki-decyzji-o-rozwodzie-znalazlam-milosc-gosc-specjalny-mariola-bojarska-ferenc\">RW 112: Dzi\u0119ki decyzji o rozwodzie znalaz\u0142am mi\u0142o\u015b\u0107. Go\u015b\u0107 specjalny: Mariola Bojarska-Ferenc.<\/a><\/h3>\n\t\t\t       \t<\/div>\n\t\t<div class=\"grid-footer clearfix\">\n                    <\/div>\n\t<\/div>\n<\/li>\n<li class=\"grid-item col-md-4 col-sm-6 sermon-item format-standard\">\n\t<div class=\"grid-item-inner\">\n\t\t\t            <div class=\"post-media\">\n            \t<div class=\"latest-sermon-video fw-video post-media\">\n                <iframe loading=\"lazy\" itemprop=\"video\" src=\"\/\/www.youtube.com\/embed\/6VOkbj7NXcs?wmode=transparent&autoplay=0\" width=\"500\" height=\"281\" ><\/iframe>                <\/div>\n            <\/div>\n        \t\t<div class=\"grid-content\">\n            <h3><a href=\"https:\/\/metoda-tippinga.pl\/web\/?sermon=rw-110-jak-zycie-sprawdza-twoja-odwage-moja-historia-strachu-i-przebudzenia\">RW 110: Jak \u017cycie sprawdza Twoj\u0105 odwag\u0119? Moja historia strachu i przebudzenia.<\/a><\/h3>\n\t\t\t       \t<\/div>\n\t\t<div class=\"grid-footer clearfix\">\n                    <\/div>\n\t<\/div>\n<\/li>\n<li class=\"grid-item col-md-4 col-sm-6 sermon-item format-standard\">\n\t<div class=\"grid-item-inner\">\n\t\t\t            <div class=\"post-media\">\n            \t<div class=\"latest-sermon-video fw-video post-media\">\n                <iframe loading=\"lazy\" itemprop=\"video\" src=\"\/\/www.youtube.com\/embed\/Cy2QlqJvOUw?wmode=transparent&autoplay=0\" width=\"500\" height=\"281\" ><\/iframe>                <\/div>\n            <\/div>\n        \t\t<div class=\"grid-content\">\n            <h3><a href=\"https:\/\/metoda-tippinga.pl\/web\/?sermon=rw-109-o-sztuce-proszenia-o-pomoc-o-redefiniowaniu-siebie-i-sile-ktora-znajdziesz-w-kryzysie\">RW 109: O sztuce proszenia o pomoc, o redefiniowaniu siebie i sile, kt\u00f3r\u0105 znajdziesz w kryzysie<\/a><\/h3>\n\t\t\t       \t<\/div>\n\t\t<div class=\"grid-footer clearfix\">\n                    <\/div>\n\t<\/div>\n<\/li>\n<li class=\"grid-item col-md-4 col-sm-6 sermon-item format-standard\">\n\t<div class=\"grid-item-inner\">\n\t\t\t            <div class=\"post-media\">\n            \t<div class=\"latest-sermon-video fw-video post-media\">\n                <iframe loading=\"lazy\" itemprop=\"video\" src=\"\/\/www.youtube.com\/embed\/pK9ee8QIWjM?wmode=transparent&autoplay=0\" width=\"500\" height=\"281\" ><\/iframe>                <\/div>\n            <\/div>\n        \t\t<div class=\"grid-content\">\n            <h3><a href=\"https:\/\/metoda-tippinga.pl\/web\/?sermon=rw-108-o-autentycznosci-empatii-i-czulosci-w-relacjach\">RW 108: O Autentyczno\u015bci, Empatii i Czu\u0142o\u015bci w Relacjach<\/a><\/h3>\n\t\t\t       \t<\/div>\n\t\t<div class=\"grid-footer clearfix\">\n                    <\/div>\n\t<\/div>\n<\/li>\n<li class=\"grid-item col-md-4 col-sm-6 sermon-item format-standard\">\n\t<div class=\"grid-item-inner\">\n\t\t\t            <div class=\"post-media\">\n            \t<div class=\"latest-sermon-video fw-video post-media\">\n                <iframe loading=\"lazy\" itemprop=\"video\" src=\"\/\/www.youtube.com\/embed\/fZNRqmPMixA?wmode=transparent&autoplay=0\" width=\"500\" height=\"281\" ><\/iframe>                <\/div>\n            <\/div>\n        \t\t<div class=\"grid-content\">\n            <h3><a href=\"https:\/\/metoda-tippinga.pl\/web\/?sermon=rw-105-chlopaki-to-nie-wasza-wina-nikt-wam-tego-wczesniej-nie-powiedzial-marcin-wasik\">RW 105: \u201cCh\u0142opaki, to nie Wasza wina, nikt Wam tego wcze\u015bniej nie powiedzia\u0142\u201d Marcin W\u0105sik<\/a><\/h3>\n\t\t\t       \t<\/div>\n\t\t<div class=\"grid-footer clearfix\">\n                    <\/div>\n\t<\/div>\n<\/li>\n<li class=\"grid-item col-md-4 col-sm-6 sermon-item format-standard\">\n\t<div class=\"grid-item-inner\">\n\t\t\t            <div class=\"post-media\">\n            \t<div class=\"latest-sermon-video fw-video post-media\">\n                <iframe loading=\"lazy\" itemprop=\"video\" src=\"\/\/www.youtube.com\/embed\/xWxpiQERU-w?wmode=transparent&autoplay=0\" width=\"500\" height=\"281\" ><\/iframe>                <\/div>\n            <\/div>\n        \t\t<div class=\"grid-content\">\n            <h3><a href=\"https:\/\/metoda-tippinga.pl\/web\/?sermon=rw-103-grzeczne-by-byc-kochane-dzieci-ktore-porzucily-siebie-w-zamian-za-milosc-i-akceptacje\">RW 103: Grzeczne, by by\u0107 kochane. Dzieci, kt\u00f3re porzuci\u0142y siebie w zamian za mi\u0142o\u015b\u0107 i akceptacj\u0119.<\/a><\/h3>\n\t\t\t       \t<\/div>\n\t\t<div class=\"grid-footer clearfix\">\n                    <\/div>\n\t<\/div>\n<\/li>\n<li class=\"grid-item col-md-4 col-sm-6 sermon-item format-standard\">\n\t<div class=\"grid-item-inner\">\n\t\t\t            <div class=\"post-media\">\n            \t<div class=\"latest-sermon-video fw-video post-media\">\n                <iframe loading=\"lazy\" itemprop=\"video\" src=\"\/\/www.youtube.com\/embed\/fWuqqoBuPG0?wmode=transparent&autoplay=0\" width=\"500\" height=\"281\" ><\/iframe>                <\/div>\n            <\/div>\n        \t\t<div class=\"grid-content\">\n            <h3><a href=\"https:\/\/metoda-tippinga.pl\/web\/?sermon=rw-101-milosc-czy-pieniadze\">RW 101: Mi\u0142o\u015b\u0107 czy pieni\u0105dze?<\/a><\/h3>\n\t\t\t       \t<\/div>\n\t\t<div class=\"grid-footer clearfix\">\n                    <\/div>\n\t<\/div>\n<\/li>\n<li class=\"grid-item col-md-4 col-sm-6 sermon-item format-standard\">\n\t<div class=\"grid-item-inner\">\n\t\t\t            <div class=\"post-media\">\n            \t<div class=\"latest-sermon-video fw-video post-media\">\n                <iframe loading=\"lazy\" itemprop=\"video\" src=\"\/\/www.youtube.com\/embed\/g0UJNJlcc8o?wmode=transparent&autoplay=0\" width=\"500\" height=\"281\" ><\/iframe>                <\/div>\n            <\/div>\n        \t\t<div class=\"grid-content\">\n            <h3><a href=\"https:\/\/metoda-tippinga.pl\/web\/?sermon=rw-99-odcinek-specjalny-50-twarzy-zwiazkow-gosc-jacek-walkiewicz\">RW 99: Odcinek specjalny: 50 twarzy zwi\u0105zk\u00f3w. Go\u015b\u0107: Jacek Walkiewicz<\/a><\/h3>\n\t\t\t       \t<\/div>\n\t\t<div class=\"grid-footer clearfix\">\n                    <\/div>\n\t<\/div>\n<\/li>\n<li class=\"grid-item col-md-4 col-sm-6 sermon-item format-standard\">\n\t<div class=\"grid-item-inner\">\n\t\t\t            <div class=\"post-media\">\n            \t<div class=\"latest-sermon-video fw-video post-media\">\n                <iframe loading=\"lazy\" itemprop=\"video\" src=\"\/\/www.youtube.com\/embed\/cygk8qVd8zA?wmode=transparent&autoplay=0\" width=\"500\" height=\"281\" ><\/iframe>                <\/div>\n            <\/div>\n        \t\t<div class=\"grid-content\">\n            <h3><a href=\"https:\/\/metoda-tippinga.pl\/web\/?sermon=rw-98-odcinek-specjalny-jak-zagadac-do-kobiety-o-mezczyznach-randkowaniu-i-samotnosci-gosc-marcin-wasik\">RW 98: Odcinek specjalny: Jak zagada\u0107 do kobiety? O m\u0119\u017cczyznach, randkowaniu i samotno\u015bci. Go\u015b\u0107: Marcin W\u0105sik.<\/a><\/h3>\n\t\t\t       \t<\/div>\n\t\t<div class=\"grid-footer clearfix\">\n                    <\/div>\n\t<\/div>\n<\/li>\n<li class=\"grid-item col-md-4 col-sm-6 sermon-item format-standard\">\n\t<div class=\"grid-item-inner\">\n\t\t\t            <div class=\"post-media\">\n            \t<div class=\"latest-sermon-video fw-video post-media\">\n                <iframe loading=\"lazy\" itemprop=\"video\" src=\"\/\/www.youtube.com\/embed\/UCNBbim2F_c?wmode=transparent&autoplay=0\" width=\"500\" height=\"281\" ><\/iframe>                <\/div>\n            <\/div>\n        \t\t<div class=\"grid-content\">\n            <h3><a href=\"https:\/\/metoda-tippinga.pl\/web\/?sermon=rw97-zerwane-wiezi-w-dziecinstwie-moga-niszczyc-zycie-sprawdz-jak-to-naprawic\">RW 97: Zerwane wi\u0119zi w dzieci\u0144stwie mog\u0105 niszczy\u0107 \u017cycie. Sprawd\u017a jak to naprawi\u0107.<\/a><\/h3>\n\t\t\t       \t<\/div>\n\t\t<div class=\"grid-footer clearfix\">\n                    <\/div>\n\t<\/div>\n<\/li>\n<li class=\"grid-item col-md-4 col-sm-6 sermon-item format-standard\">\n\t<div class=\"grid-item-inner\">\n\t\t\t            <div class=\"post-media\">\n            \t<div class=\"latest-sermon-video fw-video post-media\">\n                <iframe loading=\"lazy\" itemprop=\"video\" src=\"\/\/www.youtube.com\/embed\/Uv6uzyIEAXg?wmode=transparent&autoplay=0\" width=\"500\" height=\"281\" ><\/iframe>                <\/div>\n            <\/div>\n        \t\t<div class=\"grid-content\">\n            <h3><a href=\"https:\/\/metoda-tippinga.pl\/web\/?sermon=rw-96-poznaj-wreszcie-zasade-lustra-i-obroc-ja-na-swoja-korzysc-rozwoj-relacje-duchowosc\">RW 96: Poznaj wreszcie zasad\u0119 lustra i obr\u00f3\u0107 j\u0105 na swoj\u0105 korzy\u015b\u0107.<\/a><\/h3>\n\t\t\t       \t<\/div>\n\t\t<div class=\"grid-footer clearfix\">\n                    <\/div>\n\t<\/div>\n<\/li>\n<li class=\"grid-item col-md-4 col-sm-6 sermon-item format-standard\">\n\t<div class=\"grid-item-inner\">\n\t\t\t            <div class=\"post-media\">\n            \t<div class=\"latest-sermon-video fw-video post-media\">\n                <iframe loading=\"lazy\" itemprop=\"video\" src=\"\/\/www.youtube.com\/embed\/1O90wspiQkg?wmode=transparent&autoplay=0\" width=\"500\" height=\"281\" ><\/iframe>                <\/div>\n            <\/div>\n        \t\t<div class=\"grid-content\">\n            <h3><a href=\"https:\/\/metoda-tippinga.pl\/web\/?sermon=rw-94-milosc-moja-najwieksza-lekcja-gosc-marcelina-zawadzka-odcinek-specjalny-cz-2\">RW 94: Mi\u0142o\u015b\u0107. Moja najwi\u0119ksza lekcja. Go\u015b\u0107: Marcelina Zawadzka. Odcinek specjalny cz.2<\/a><\/h3>\n\t\t\t       \t<\/div>\n\t\t<div class=\"grid-footer clearfix\">\n                    <\/div>\n\t<\/div>\n<\/li>\n<li class=\"grid-item col-md-4 col-sm-6 sermon-item format-standard\">\n\t<div class=\"grid-item-inner\">\n\t\t\t            <div class=\"post-media\">\n            \t<div class=\"latest-sermon-video fw-video post-media\">\n                <iframe loading=\"lazy\" itemprop=\"video\" src=\"\/\/www.youtube.com\/embed\/6cbtEbCxEl8?wmode=transparent&autoplay=0\" width=\"500\" height=\"281\" ><\/iframe>                <\/div>\n            <\/div>\n        \t\t<div class=\"grid-content\">\n            <h3><a href=\"https:\/\/metoda-tippinga.pl\/web\/?sermon=rw-93-niewystarczajaca-juz-nie-gosc-marcelina-zawadzka-odcinek-specjalny\">RW 93: Niewystarczaj\u0105ca? Ju\u017c nie! Go\u015b\u0107: Marcelina Zawadzka. Odcinek specjalny.<\/a><\/h3>\n\t\t\t       \t<\/div>\n\t\t<div class=\"grid-footer clearfix\">\n                    <\/div>\n\t<\/div>\n<\/li>\n<li class=\"grid-item col-md-4 col-sm-6 sermon-item format-standard\">\n\t<div class=\"grid-item-inner\">\n\t\t\t            <div class=\"post-media\">\n            \t<div class=\"latest-sermon-video fw-video post-media\">\n                <iframe loading=\"lazy\" itemprop=\"video\" src=\"\/\/www.youtube.com\/embed\/bFQTZk83ujk?wmode=transparent&autoplay=0\" width=\"500\" height=\"281\" ><\/iframe>                <\/div>\n            <\/div>\n        \t\t<div class=\"grid-content\">\n            <h3><a href=\"https:\/\/metoda-tippinga.pl\/web\/?sermon=rw-91-przestan-szukac-milosci-i-akceptacji-zobacz-co-sie-stanie\">RW 91: Przesta\u0144 szuka\u0107 mi\u0142o\u015bci i akceptacji. Zobacz, co si\u0119 stanie<\/a><\/h3>\n\t\t\t       \t<\/div>\n\t\t<div class=\"grid-footer clearfix\">\n                    <\/div>\n\t<\/div>\n<\/li>\n<\/ul>\n<\/div>\n<\/div><\/div><\/div><\/div><\/div>","protected":false},"excerpt":{"rendered":"[vc_row][vc_column][vc_column_text]\u201cJe\u015bli chcesz zadowoli\u0107 wszystkich, to ju\u017c ponios\u0142e\u015b pora\u017ck\u0119\u201d - to cytat z ksi\u0105\u017cki \u201cOdwaga bycia nielubianym\u201d Ichir\u014d Kishimi, kt\u00f3ra sta\u0142a si\u0119 \u015bwiatowym bestselerem. Ta publikacja sta\u0142a si\u0119 okazj\u0105 do rozmowy o tym jak wyj\u015b\u0107 z pu\u0142apki l\u0119ku przed ocen\u0105. Miej odwag\u0119 by\u0107 nielubianym, je\u015bli chcesz absolutnej wolno\u015bci od os\u0105d\u00f3w innych ludzi. Wybra\u0142y\u015bmy kilka zagadnie\u0144 i doda\u0142y\u015bmy co\u015b od siebie, ze \u015bwiata Radykalnego Wybaczania, duchowo\u015bci, historii naszych klient\u00f3w. Czego dowiesz si\u0119 z tego odcinka: Lekcja 1. odwaga do zmiany Lekcja 2. emocje - to ty decydujesz Lekcja 3. pochwa\u0142y i kary s\u0105 z\u0142e Lekcja 4. poczucie warto\u015bci a wsp\u00f3lnota W rozmowie wspominamy i zapraszamy do innych naszych odcink\u00f3w: RW 88. Dlaczego tego chc\u0119? \u015awiadoma intencja zmienia wszystko! https:\/\/tiny.pl\/dxjct Po wys\u0142uchaniu tego odcinka mo\u017cesz: um\u00f3wi\u0107 si\u0119 na sesj\u0119 z Magdalen\u0105 lub Ew\u0105 (info@metoda-tippinga.pl) przeczyta\u0107 ksi\u0105\u017ck\u0119 Colina Tippinga \u201cRadykalne Wybaczanie\u201d sprawdzi\u0107 nasze warsztaty na: www.metodatippinga.pl\/web\/sklep zasubskrybowa\u0107 nasze filmy na kanale YT https:\/\/tiny.pl\/7g9gm podzieli\u0107 si\u0119 tym odcinkiem z minimum jedn\u0105 osob\u0105, kt\u00f3rej to mo\u017ce pom\u00f3c A tak\u017ce: oceni\u0107 nasz podcast gwiazdkami, je\u015bli uwa\u017casz, \u017ce jest warto\u015bciowy :-) Radykalne Wybaczanie autorstwa Colina Tippinga to pot\u0119\u017cne i skuteczne narz\u0119dzia do pracy nad sob\u0105, kt\u00f3re od 20 lat przynosz\u0105 ulg\u0119, spok\u00f3j i poczucie lekko\u015bci \u017cycia milionom ludzi na \u015bwiecie. Instytut Metody Tippinga to jedyny, licencjonowany o\u015brodek Radykalnego Wybaczania w Polsce. Prowadz\u0105ce to: Magdalena Czaja, Dyrektor Instytutu Metody Tippinga w Polsce, terapeutka, przedsi\u0119biorczyni, Ewa Turek, trener komunikacji, m\u00f3wca, coach, wsp\u00f3\u0142pracownik Instytutu. Przydatne linki: Strona Instytutu: https:\/\/metoda-tippinga.pl\/web\/ Strona Magdaleny Czaja: https:\/\/magdalenaczaja.com\/ Strona Ewy Turek: http:\/\/ewaturek.com\/ [\/vc_column_text][\/vc_column][\/vc_row][vc_row][vc_column][vc_column_text]Listen to \"RW 91: Przesta\u0144 szuka\u0107 mi\u0142o\u015bci i akceptacji. Zobacz, co si\u0119 stanie.\" on Spreaker.[\/vc_column_text][vc_column_text el_id=\"transkrypcja\"] Magdalena Czaja Kiedy zaczyna si\u0119 b\u00f3l, kiedy w g\u0142owie pojawia si\u0119 my\u015bl, \u017ce powinnam by\u0107 lubiana najlepiej przez wszystkich. A jak powiedzia\u0142a Byron Katie, jej ulubion\u0105 modlitw\u0105 jest taka modlitwa ,,Bo\u017ce, uchro\u0144 mnie od potrzeby bycia kochan\u0105, lubian\u0105, akceptowan\u0105 i docenian\u0105.\" Kiedy ja zrozumia\u0142am, o czym ona m\u00f3wi, to zmieni\u0142o moje \u017cycie. U\u015bwiadomi\u0142am sobie, jak wiele razy w swoim \u017cyciu nie by\u0142am sob\u0105, bo chcia\u0142am by\u0107 taka, jak my\u015bla\u0142am, \u017ce ta osoba oczekuje. Kiedy zrozumia\u0142am, \u017ce to jest wi\u0119zienie i pu\u0142apka i tak naprawd\u0119 porzucam siebie, bo jedyn\u0105 osob\u0105, kt\u00f3ra ma mnie lubi\u0107, to jestem ja. To moje \u017cycie wesz\u0142o na nowe tory i o tym b\u0119dziemy m\u00f3wi\u0107 dzisiaj w tym odcinku. O tym, jak to zrobi\u0107 i dlaczego warto to zrobi\u0107. Dlaczego warto odwi\u0105za\u0107 si\u0119 od potrzeby bycia lubian\u0105. Zapraszam, bardzo wa\u017cny odcinek, zreszt\u0105 jak zawsze. &nbsp; Magdalena Czaja Dzie\u0144 dobry, ja si\u0119 nazywam Magdalena Czaja i prowadz\u0119 jedyny w Polsce instytut Metody Tippinga. Instytut, kt\u00f3rego misj\u0105 jest szerzenie idei pi\u0119knego Radykalnego Wybaczania. Radykalne Wybaczanie to bardzo szybko dzia\u0142aj\u0105ce i bardzo proste narz\u0119dzia, kt\u00f3re pomagaj\u0105 nam wyj\u015b\u0107, jak my to m\u00f3wimy, ze \u015bwiata ofiar po to, \u017ceby \u017cy\u0107 l\u017cej, pi\u0119kniej, rado\u015bniej, takim \u017cyciem, jak w\u0142a\u015bciwie wszyscy zas\u0142ugujemy. Ze mn\u0105 w naszej przestrzeni jest jak zwykle Ewa Turek. Ewa jest jedn\u0105 z najd\u0142u\u017cej praktykuj\u0105cych trenerek metody Radykalnego Wybaczania, ale te\u017c pomaga ludziom b\u0142yszcze\u0107 na scenie, czyli po prostu przygotowuje do przem\u00f3wie\u0144 oraz prowadzi w Polsce TEDx Warsaw Women. &nbsp; Ewa Turek Witamy wszystkich naszych s\u0142uchaczy i widz\u00f3w. W pierwszej kolejno\u015bci chyba chcemy podzi\u0119kowa\u0107 za przepi\u0119kn\u0105 reakcj\u0119 za ostatnie [...]","protected":false},"author":4,"featured_media":0,"parent":0,"menu_order":0,"comment_status":"closed","ping_status":"closed","template":"","meta":{"footnotes":""},"class_list":["post-9958","page","type-page","status-publish","hentry"],"publishpress_future_action":{"enabled":false,"date":"2026-04-13 14:41:46","action":"change-status","newStatus":"private","terms":[],"taxonomy":"frm_application","extraData":[]},"publishpress_future_workflow_manual_trigger":{"enabledWorkflows":[]},"_links":{"self":[{"href":"https:\/\/metoda-tippinga.pl\/web\/wp-json\/wp\/v2\/pages\/9958","targetHints":{"allow":["GET"]}}],"collection":[{"href":"https:\/\/metoda-tippinga.pl\/web\/wp-json\/wp\/v2\/pages"}],"about":[{"href":"https:\/\/metoda-tippinga.pl\/web\/wp-json\/wp\/v2\/types\/page"}],"author":[{"embeddable":true,"href":"https:\/\/metoda-tippinga.pl\/web\/wp-json\/wp\/v2\/users\/4"}],"replies":[{"embeddable":true,"href":"https:\/\/metoda-tippinga.pl\/web\/wp-json\/wp\/v2\/comments?post=9958"}],"version-history":[{"count":1,"href":"https:\/\/metoda-tippinga.pl\/web\/wp-json\/wp\/v2\/pages\/9958\/revisions"}],"predecessor-version":[{"id":9959,"href":"https:\/\/metoda-tippinga.pl\/web\/wp-json\/wp\/v2\/pages\/9958\/revisions\/9959"}],"wp:attachment":[{"href":"https:\/\/metoda-tippinga.pl\/web\/wp-json\/wp\/v2\/media?parent=9958"}],"curies":[{"name":"wp","href":"https:\/\/api.w.org\/{rel}","templated":true}]}}