
{"id":9960,"date":"2024-07-01T18:52:04","date_gmt":"2024-07-01T16:52:04","guid":{"rendered":"https:\/\/metoda-tippinga.pl\/web\/?page_id=9960"},"modified":"2024-07-01T18:52:04","modified_gmt":"2024-07-01T16:52:04","slug":"podcasty-sesje","status":"publish","type":"page","link":"https:\/\/metoda-tippinga.pl\/web\/podcasty-sesje\/","title":{"rendered":"Podcasty: Sesje"},"content":{"rendered":"<div id=\"pl-9960\"  class=\"panel-layout\" ><div id=\"pg-9960-0\"  class=\"panel-grid panel-no-style\" ><div id=\"pgc-9960-0-0\"  class=\"panel-grid-cell\" ><div id=\"panel-9960-0-0-0\" class=\"so-panel widget widget_sermons-list-widget panel-first-child panel-last-child\" data-index=\"0\" ><div class=\"so-widget-sermons-list-widget so-widget-sermons-list-widget-base\"><a href=\"https:\/\/metoda-tippinga.pl\/web\/podcasty\/\" class=\"btn btn-default pull-right\">Zobacz wszystkie podcasty<\/a><h3 class=\"panel-title\">\nPodcasty: Sesje<\/h3>\n<div class=\"row\">\n<ul class=\"isotope-grid\">\n<li class=\"grid-item col-md-4 col-sm-6 sermon-item format-standard\">\n\t<div class=\"grid-item-inner\">\n\t\t\t            <div class=\"post-media\">\n            \t<div class=\"latest-sermon-video fw-video post-media\">\n                <iframe loading=\"lazy\" itemprop=\"video\" src=\"\/\/www.youtube.com\/embed\/7T0KMBYqxIc?wmode=transparent&autoplay=0\" width=\"500\" height=\"281\" ><\/iframe>                <\/div>\n            <\/div>\n        \t\t<div class=\"grid-content\">\n            <h3><a href=\"https:\/\/metoda-tippinga.pl\/web\/?sermon=rw-22-pytania-i-odpowiedzi-cz-2\">RW 22: Pytania i odpowiedzi cz.2<\/a><\/h3>\n\t\t\t       \t<\/div>\n\t\t<div class=\"grid-footer clearfix\">\n                    <\/div>\n\t<\/div>\n<\/li>\n<li class=\"grid-item col-md-4 col-sm-6 sermon-item format-standard\">\n\t<div class=\"grid-item-inner\">\n\t\t\t            <div class=\"post-media\">\n            \t<div class=\"latest-sermon-video fw-video post-media\">\n                <iframe loading=\"lazy\" itemprop=\"video\" src=\"\/\/www.youtube.com\/embed\/BB30m0aqZ7E?wmode=transparent&autoplay=0\" width=\"500\" height=\"281\" ><\/iframe>                <\/div>\n            <\/div>\n        \t\t<div class=\"grid-content\">\n            <h3><a href=\"https:\/\/metoda-tippinga.pl\/web\/?sermon=rw-20-pytania-i-odpowiedzi-cz-1\">RW 20: Pytania i odpowiedzi cz.1<\/a><\/h3>\n\t\t\t       \t<\/div>\n\t\t<div class=\"grid-footer clearfix\">\n                    <\/div>\n\t<\/div>\n<\/li>\n<li class=\"grid-item col-md-4 col-sm-6 sermon-item format-standard\">\n\t<div class=\"grid-item-inner\">\n\t\t\t            <div class=\"post-media\">\n            \t<div class=\"latest-sermon-video fw-video post-media\">\n                <iframe loading=\"lazy\" itemprop=\"video\" src=\"\/\/www.youtube.com\/embed\/Ar6ALQ8Yv0U?wmode=transparent&autoplay=0\" width=\"500\" height=\"281\" ><\/iframe>                <\/div>\n            <\/div>\n        \t\t<div class=\"grid-content\">\n            <h3><a href=\"https:\/\/metoda-tippinga.pl\/web\/?sermon=rw-16-jak-wyglada-kurs-certyfikacyjny-na-trenera-radykalnego-wybaczania\">RW 16: Jak wygl\u0105da kurs certyfikacyjny na Trenera Radykalnego Wybaczania?<\/a><\/h3>\n\t\t\t       \t<\/div>\n\t\t<div class=\"grid-footer clearfix\">\n                    <\/div>\n\t<\/div>\n<\/li>\n<li class=\"grid-item col-md-4 col-sm-6 sermon-item format-standard\">\n\t<div class=\"grid-item-inner\">\n\t\t\t            <div class=\"post-media\">\n            \t<div class=\"latest-sermon-video fw-video post-media\">\n                <iframe loading=\"lazy\" itemprop=\"video\" src=\"\/\/www.youtube.com\/embed\/G_0t-cBaUeg?wmode=transparent&autoplay=0\" width=\"500\" height=\"281\" ><\/iframe>                <\/div>\n            <\/div>\n        \t\t<div class=\"grid-content\">\n            <h3><a href=\"https:\/\/metoda-tippinga.pl\/web\/?sermon=rw-14-jak-wyglada-sesja-z-certyfikowanym-trenerem-radykalnego-wybaczania\">RW 14: Jak wygl\u0105da sesja z certyfikowanym trenerem Radykalnego Wybaczania?<\/a><\/h3>\n\t\t\t       \t<\/div>\n\t\t<div class=\"grid-footer clearfix\">\n                    <\/div>\n\t<\/div>\n<\/li>\n<li class=\"grid-item col-md-4 col-sm-6 sermon-item format-standard\">\n\t<div class=\"grid-item-inner\">\n\t\t\t            <div class=\"post-media\">\n            \t<div class=\"latest-sermon-video fw-video post-media\">\n                <iframe loading=\"lazy\" itemprop=\"video\" src=\"\/\/www.youtube.com\/embed\/buwOjXkX9QA?wmode=transparent&autoplay=0\" width=\"500\" height=\"281\" ><\/iframe>                <\/div>\n            <\/div>\n        \t\t<div class=\"grid-content\">\n            <h3><a href=\"https:\/\/metoda-tippinga.pl\/web\/?sermon=rw-13-trzy-listy-narzedzie-radykalnego-wybaczania\">RW 13: Trzy listy &#8211; narz\u0119dzie Radykalnego Wybaczania<\/a><\/h3>\n\t\t\t       \t<\/div>\n\t\t<div class=\"grid-footer clearfix\">\n                    <\/div>\n\t<\/div>\n<\/li>\n<li class=\"grid-item col-md-4 col-sm-6 sermon-item format-standard\">\n\t<div class=\"grid-item-inner\">\n\t\t\t            <div class=\"post-media\">\n            \t<div class=\"latest-sermon-video fw-video post-media\">\n                <iframe loading=\"lazy\" itemprop=\"video\" src=\"\/\/www.youtube.com\/embed\/tBEHPVbUhcM?wmode=transparent&autoplay=0\" width=\"500\" height=\"281\" ><\/iframe>                <\/div>\n            <\/div>\n        \t\t<div class=\"grid-content\">\n            <h3><a href=\"https:\/\/metoda-tippinga.pl\/web\/?sermon=rw-6-arkusz-radykalnego-wybaczania\">RW 6: Arkusz Radykalnego Wybaczania<\/a><\/h3>\n\t\t\t       \t<\/div>\n\t\t<div class=\"grid-footer clearfix\">\n                    <\/div>\n\t<\/div>\n<\/li>\n<\/ul>\n<\/div>\n<\/div><\/div><\/div><\/div><\/div>","protected":false},"excerpt":{"rendered":"[vc_row][vc_column][vc_column_text css=\".vc_custom_1595605164295{margin-top: -20px !important;}\"] W tym odcinku poznasz bli\u017cej: - \u00a0czym jest Arkusz Radykalnego Wybaczania - dlaczego jest tak wa\u017cny - jak si\u0119 z nim pracuje - dlaczego dzia\u0142a i jakie powoduje zmiany Arkusz mo\u017cesz pobra\u0107 ze strony Instytutu, jest tutaj: https:\/\/metoda-tippinga.pl\/web\/arkusz-radykalnego-wybaczania\/ Prowadz\u0105ce to: Magdalena Czaja, Dyrektor Instytutu Metody Tippinga w Polsce, coach, autorka metody Lovefiting\u00ae Ewa Turek, trener komunikacji, m\u00f3wca, coach. Wsp\u00f3\u0142pracownik Instytutu [\/vc_column_text][vc_column_text]Listen to \"RW 6: Arkusz Radykalnego Wybaczania\" on Spreaker.[\/vc_column_text][vc_column_text el_id=\"transkrypcja\"] Czy warto robi\u0107 Arkusz z trenerem? Magdalena Czaja: Witaj w Instytucie Metody Tippinga, w kt\u00f3rym dzielimy si\u0119 filozofi\u0105 Radykalnego Wybaczania. Nazywam si\u0119 Magdalena Czaja i prowadz\u0119 jedyny w Polsce o\u015brodek oficjalnie reprezentuj\u0105cy t\u0119 metod\u0119 w Polsce. W tym podca\u015bcie wraz z nasz\u0105 trenerk\u0105 i wsp\u00f3\u0142pracownic\u0105 Ew\u0105 Turek pomo\u017cemy Ci lepiej pozna\u0107 Radykalne Wybaczanie i jego narz\u0119dzia. Narz\u0119dzia, kt\u00f3re od dekad zmieniaj\u0105 \u017cycie tysi\u0119cy os\u00f3b na ca\u0142ym \u015bwiecie, pomagaj\u0105c uwolni\u0107 si\u0119 od b\u00f3lu przesz\u0142o\u015bci i tera\u017aniejszo\u015bci po to, aby \u017cy\u0107 z lekko\u015bci\u0105 i rado\u015bci\u0105. Bo wybaczanie naprawd\u0119 ma moc uzdrawiania. Zapraszam. Dzie\u0144 dobry, dzie\u0144 dobry. Ewa Turek: Witamy serdecznie w pi\u0119kny s\u0142oneczny dzie\u0144. Magdalena Czaja: Bardzo po deszczowy. Ewa Turek: Ale pi\u0119kny. Ewa Turek: Mamy dzisiaj fantastyczny temat. Magdalena Czaja: Tak, i taki bardzo, bardzo wa\u017cny, poniewa\u017c b\u0119dziemy rozmawia\u0107 o g\u0142\u00f3wnym narz\u0119dziu Radykalnego Wybaczania, kt\u00f3rym jest Arkusz Radykalnego Wybaczania. U mnie w og\u00f3le przygoda z Radykalnym, zacz\u0119\u0142a si\u0119 od tego, \u017ce przeczyta\u0142am ksi\u0105\u017ck\u0119 w chwili wielkiego kryzysu. A potem zrobi\u0142am sobie (pami\u0119tam, \u017ce siedzia\u0142am na balkonie, by\u0142 pi\u0119kny letni dzie\u0144), Arkusz i dla mnie to by\u0142o o\u015bwiecenie, przebudzenie, ja po prostu... Ewa Turek: Prze\u0142om. Magdalena Czaja: ...wszystko inaczej zrozumia\u0142am. Naprawd\u0119. I to o czym m\u00f3wimy ca\u0142y czas, \u017ce Radykalne Wybaczanie pomaga zmieni\u0107 perspektyw\u0119, tak si\u0119 w\u0142a\u015bnie wtedy sta\u0142o. Ale, tu trzeba zaznaczy\u0107, i to te\u017c zawsze powtarzamy, \u017ce nie zawsze tak jest. Czasami trzeba zrobi\u0107 wiele Arkuszy, i jak zobaczysz na naszej stronie, jak sobie \u015bci\u0105gniesz Arkusz Radykalnego Wybaczania, to zobaczysz tam, \u017ce Arkusz ma numer. To oznacza, \u017ce na jedn\u0105 spraw\u0119, na jedn\u0105 osob\u0119 mo\u017cna wykona\u0107 tych Arkuszy wiele. Ewa Turek: Dobrze Magdo, ale zacznijmy od pocz\u0105tku, \u017ceby Ci kt\u00f3rzy nas s\u0142ysz\u0105 mo\u017ce pierwszy raz wiedzieli o czym m\u00f3wimy. Najpierw powiedzmy, gdzie ten Arkusz, ten pierwotny si\u0119 znajduj\u0119. Magdalena Czaja: Pierwotny Arkusz to w og\u00f3le jest w ksi\u0105\u017cce. Ewa Turek: O tym w\u0142a\u015bnie my\u015bl\u0119. Magdalena Czaja: Tak. Ewa Turek: \u017beby przeczyta\u0107 ksi\u0105\u017ck\u0119 Colina Tippinga \u2013 Radykalne Wybaczanie, do czego zawsze namawiamy, bo w ksi\u0105\u017cce jest um\u00f3wiony w\u0142a\u015bnie Arkusz. Natomiast ten najnowszy, naj\u015bwie\u017cszy, wsp\u00f3\u0142czesny, udoskonalony Arkusz znajduje si\u0119... Magdalena Czaja: Na stronie metoda-tippinga.pl i mo\u017cna sobie ten Arkusz \u015bci\u0105gn\u0105\u0107. Chyba warto powiedzie\u0107 Ewa czemu my m\u00f3wimy, \u017ce jest nowy Arkusz. Mianowicie, par\u0119 lat przed \u015bmierci\u0105 Colin Tipping, czyli tw\u00f3rca metody Radykalne Wybaczanie, udoskonali\u0142 Arkusz dodaj\u0105c par\u0119 punkt\u00f3w, o tym na pewno dzisiaj b\u0119dziemy m\u00f3wi\u0107. Z mojego punktu widzenia - osoby, kt\u00f3ra by\u0142a w og\u00f3le jedn\u0105 z pierwszych w Polsce, stosuj\u0105cych t\u0119 metod\u0119, interesuj\u0105cych si\u0119 t\u0105 metod\u0105, te par\u0119 punkt\u00f3w, ten nowy arkusz, uczyni\u0142 j\u0105 jeszcze bardziej skuteczn\u0105 i niesamowicie zmieniaj\u0105c\u0105 perspektyw\u0119. Tak\u017ce je\u015bli szukacie Arkusza, o kt\u00f3rym zaraz opowiemy wi\u0119cej, to w ksi\u0105\u017cce jest stary arkusz, a nowy arkusz, najnowszy jest na stronie metoda-tippinga.pl. Ewa Turek: No [...]","protected":false},"author":4,"featured_media":0,"parent":0,"menu_order":0,"comment_status":"closed","ping_status":"closed","template":"","meta":{"footnotes":""},"class_list":["post-9960","page","type-page","status-publish","hentry"],"publishpress_future_action":{"enabled":false,"date":"2026-04-13 16:03:01","action":"change-status","newStatus":"private","terms":[],"taxonomy":"frm_application","extraData":[]},"publishpress_future_workflow_manual_trigger":{"enabledWorkflows":[]},"_links":{"self":[{"href":"https:\/\/metoda-tippinga.pl\/web\/wp-json\/wp\/v2\/pages\/9960","targetHints":{"allow":["GET"]}}],"collection":[{"href":"https:\/\/metoda-tippinga.pl\/web\/wp-json\/wp\/v2\/pages"}],"about":[{"href":"https:\/\/metoda-tippinga.pl\/web\/wp-json\/wp\/v2\/types\/page"}],"author":[{"embeddable":true,"href":"https:\/\/metoda-tippinga.pl\/web\/wp-json\/wp\/v2\/users\/4"}],"replies":[{"embeddable":true,"href":"https:\/\/metoda-tippinga.pl\/web\/wp-json\/wp\/v2\/comments?post=9960"}],"version-history":[{"count":1,"href":"https:\/\/metoda-tippinga.pl\/web\/wp-json\/wp\/v2\/pages\/9960\/revisions"}],"predecessor-version":[{"id":9961,"href":"https:\/\/metoda-tippinga.pl\/web\/wp-json\/wp\/v2\/pages\/9960\/revisions\/9961"}],"wp:attachment":[{"href":"https:\/\/metoda-tippinga.pl\/web\/wp-json\/wp\/v2\/media?parent=9960"}],"curies":[{"name":"wp","href":"https:\/\/api.w.org\/{rel}","templated":true}]}}