
{"id":9966,"date":"2024-07-01T19:01:06","date_gmt":"2024-07-01T17:01:06","guid":{"rendered":"https:\/\/metoda-tippinga.pl\/web\/?page_id=9966"},"modified":"2024-07-01T19:01:06","modified_gmt":"2024-07-01T17:01:06","slug":"podcasty-trudne-tematy","status":"publish","type":"page","link":"https:\/\/metoda-tippinga.pl\/web\/podcasty-trudne-tematy\/","title":{"rendered":"Podcasty: Trudne tematy"},"content":{"rendered":"<div id=\"pl-9966\"  class=\"panel-layout\" ><div id=\"pg-9966-0\"  class=\"panel-grid panel-no-style\" ><div id=\"pgc-9966-0-0\"  class=\"panel-grid-cell\" ><div id=\"panel-9966-0-0-0\" class=\"so-panel widget widget_sermons-list-widget panel-first-child panel-last-child\" data-index=\"0\" ><div class=\"so-widget-sermons-list-widget so-widget-sermons-list-widget-base\"><a href=\"https:\/\/metoda-tippinga.pl\/web\/podcasty\/\" class=\"btn btn-default pull-right\">Zobacz wszystkie podcasty<\/a><h3 class=\"panel-title\">\nPodcasty: Trudne tematy<\/h3>\n<div class=\"row\">\n<ul class=\"isotope-grid\">\n<li class=\"grid-item col-md-4 col-sm-6 sermon-item format-standard\">\n\t<div class=\"grid-item-inner\">\n\t\t\t            <div class=\"post-media\">\n            \t<div class=\"latest-sermon-video fw-video post-media\">\n                <iframe loading=\"lazy\" itemprop=\"video\" src=\"\/\/www.youtube.com\/embed\/8vDkSm8-W6I?wmode=transparent&autoplay=0\" width=\"500\" height=\"281\" ><\/iframe>                <\/div>\n            <\/div>\n        \t\t<div class=\"grid-content\">\n            <h3><a href=\"https:\/\/metoda-tippinga.pl\/web\/?sermon=rw-129-relacja-z-dzieckiem-co-mowi-o-tobie-totalna-biologia-agnieszka-madej-uhl-radykalne-wybaczanie\">RW 129: Relacja z dzieckiem &#8211; co m\u00f3wi o Tobie? Totalna biologia &#8211; Agnieszka Madej-Uhl | Radykalne Wybaczanie<\/a><\/h3>\n\t\t\t       \t<\/div>\n\t\t<div class=\"grid-footer clearfix\">\n                    <\/div>\n\t<\/div>\n<\/li>\n<li class=\"grid-item col-md-4 col-sm-6 sermon-item format-standard\">\n\t<div class=\"grid-item-inner\">\n\t\t\t            <div class=\"post-media\">\n            \t<div class=\"latest-sermon-video fw-video post-media\">\n                <iframe loading=\"lazy\" itemprop=\"video\" src=\"\/\/www.youtube.com\/embed\/JJPpj0WdX4A?wmode=transparent&autoplay=0\" width=\"500\" height=\"281\" ><\/iframe>                <\/div>\n            <\/div>\n        \t\t<div class=\"grid-content\">\n            <h3><a href=\"https:\/\/metoda-tippinga.pl\/web\/?sermon=rw-125-czego-moze-nauczyc-cie-trudna-relacja-z-tesciowa\">RW 125: Czego mo\u017ce nauczy\u0107 Ci\u0119 trudna relacja z te\u015bciow\u0105?<\/a><\/h3>\n\t\t\t       \t<\/div>\n\t\t<div class=\"grid-footer clearfix\">\n                    <\/div>\n\t<\/div>\n<\/li>\n<li class=\"grid-item col-md-4 col-sm-6 sermon-item format-standard\">\n\t<div class=\"grid-item-inner\">\n\t\t\t            <div class=\"post-media\">\n            \t<div class=\"latest-sermon-video fw-video post-media\">\n                <iframe loading=\"lazy\" itemprop=\"video\" src=\"\/\/www.youtube.com\/embed\/Bke1lNapmDU?wmode=transparent&autoplay=0\" width=\"500\" height=\"281\" ><\/iframe>                <\/div>\n            <\/div>\n        \t\t<div class=\"grid-content\">\n            <h3><a href=\"https:\/\/metoda-tippinga.pl\/web\/?sermon=rw-124-nie-daj-sie-wojennej-panice-o-budowaniu-odpornosci-w-trudnych-czasach\">RW 124: Nie daj si\u0119 wojennej panice. O budowaniu odporno\u015bci w trudnych czasach.<\/a><\/h3>\n\t\t\t       \t<\/div>\n\t\t<div class=\"grid-footer clearfix\">\n                    <\/div>\n\t<\/div>\n<\/li>\n<li class=\"grid-item col-md-4 col-sm-6 sermon-item format-standard\">\n\t<div class=\"grid-item-inner\">\n\t\t\t            <div class=\"post-media\">\n            \t<div class=\"latest-sermon-video fw-video post-media\">\n                <iframe loading=\"lazy\" itemprop=\"video\" src=\"\/\/www.youtube.com\/embed\/RHNNV0uJ25c?wmode=transparent&autoplay=0\" width=\"500\" height=\"281\" ><\/iframe>                <\/div>\n            <\/div>\n        \t\t<div class=\"grid-content\">\n            <h3><a href=\"https:\/\/metoda-tippinga.pl\/web\/?sermon=rw-123-niepelnosprawnosc-w-rodzinie-ekstremalny-sprawdzian-milosci\">RW 123: Niepe\u0142nosprawno\u015b\u0107 w rodzinie &#8211; ekstremalny sprawdzian mi\u0142o\u015bci.<\/a><\/h3>\n\t\t\t       \t<\/div>\n\t\t<div class=\"grid-footer clearfix\">\n                    <\/div>\n\t<\/div>\n<\/li>\n<li class=\"grid-item col-md-4 col-sm-6 sermon-item format-standard\">\n\t<div class=\"grid-item-inner\">\n\t\t\t            <div class=\"post-media\">\n            \t<div class=\"latest-sermon-video fw-video post-media\">\n                <iframe loading=\"lazy\" itemprop=\"video\" src=\"\/\/www.youtube.com\/embed\/imHuawHGC8Q?wmode=transparent&autoplay=0\" width=\"500\" height=\"281\" ><\/iframe>                <\/div>\n            <\/div>\n        \t\t<div class=\"grid-content\">\n            <h3><a href=\"https:\/\/metoda-tippinga.pl\/web\/?sermon=rw-118-bitwa-o-majatek-jak-nie-rozbic-rodziny\">RW 118: Bitwa o maj\u0105tek &#8211; jak nie rozbi\u0107 rodziny<\/a><\/h3>\n\t\t\t       \t<\/div>\n\t\t<div class=\"grid-footer clearfix\">\n                    <\/div>\n\t<\/div>\n<\/li>\n<li class=\"grid-item col-md-4 col-sm-6 sermon-item format-standard\">\n\t<div class=\"grid-item-inner\">\n\t\t\t            <div class=\"post-media\">\n            \t<div class=\"latest-sermon-video fw-video post-media\">\n                <iframe loading=\"lazy\" itemprop=\"video\" src=\"\/\/www.youtube.com\/embed\/fecCJ4tUVpc?wmode=transparent&autoplay=0\" width=\"500\" height=\"281\" ><\/iframe>                <\/div>\n            <\/div>\n        \t\t<div class=\"grid-content\">\n            <h3><a href=\"https:\/\/metoda-tippinga.pl\/web\/?sermon=rw-107-bezdomnosc-zaczyna-sie-w-domu-moze-spotkac-i-ciebie\">RW 107: Bezdomno\u015b\u0107 zaczyna si\u0119 w domu, mo\u017ce spotka\u0107 i Ciebie&#8230;<\/a><\/h3>\n\t\t\t       \t<\/div>\n\t\t<div class=\"grid-footer clearfix\">\n                    <\/div>\n\t<\/div>\n<\/li>\n<li class=\"grid-item col-md-4 col-sm-6 sermon-item format-standard\">\n\t<div class=\"grid-item-inner\">\n\t\t\t            <div class=\"post-media\">\n            \t<div class=\"latest-sermon-video fw-video post-media\">\n                <iframe loading=\"lazy\" itemprop=\"video\" src=\"\/\/www.youtube.com\/embed\/fZNRqmPMixA?wmode=transparent&autoplay=0\" width=\"500\" height=\"281\" ><\/iframe>                <\/div>\n            <\/div>\n        \t\t<div class=\"grid-content\">\n            <h3><a href=\"https:\/\/metoda-tippinga.pl\/web\/?sermon=rw-105-chlopaki-to-nie-wasza-wina-nikt-wam-tego-wczesniej-nie-powiedzial-marcin-wasik\">RW 105: \u201cCh\u0142opaki, to nie Wasza wina, nikt Wam tego wcze\u015bniej nie powiedzia\u0142\u201d Marcin W\u0105sik<\/a><\/h3>\n\t\t\t       \t<\/div>\n\t\t<div class=\"grid-footer clearfix\">\n                    <\/div>\n\t<\/div>\n<\/li>\n<li class=\"grid-item col-md-4 col-sm-6 sermon-item format-standard\">\n\t<div class=\"grid-item-inner\">\n\t\t\t            <div class=\"post-media\">\n            \t<div class=\"latest-sermon-video fw-video post-media\">\n                <iframe loading=\"lazy\" itemprop=\"video\" src=\"\/\/www.youtube.com\/embed\/vybkvI-THz0?wmode=transparent&autoplay=0\" width=\"500\" height=\"281\" ><\/iframe>                <\/div>\n            <\/div>\n        \t\t<div class=\"grid-content\">\n            <h3><a href=\"https:\/\/metoda-tippinga.pl\/web\/?sermon=rw-104-czy-da-sie-oswoic-lek-przed-smiercia-gosc-anja-franczak\">RW 104: Czy da si\u0119 oswoi\u0107 l\u0119k przed \u015bmierci\u0105? Go\u015b\u0107 Anja Franczak<\/a><\/h3>\n\t\t\t       \t<\/div>\n\t\t<div class=\"grid-footer clearfix\">\n                    <\/div>\n\t<\/div>\n<\/li>\n<li class=\"grid-item col-md-4 col-sm-6 sermon-item format-standard\">\n\t<div class=\"grid-item-inner\">\n\t\t\t            <div class=\"post-media\">\n            \t<div class=\"latest-sermon-video fw-video post-media\">\n                <iframe loading=\"lazy\" itemprop=\"video\" src=\"\/\/www.youtube.com\/embed\/xWxpiQERU-w?wmode=transparent&autoplay=0\" width=\"500\" height=\"281\" ><\/iframe>                <\/div>\n            <\/div>\n        \t\t<div class=\"grid-content\">\n            <h3><a href=\"https:\/\/metoda-tippinga.pl\/web\/?sermon=rw-103-grzeczne-by-byc-kochane-dzieci-ktore-porzucily-siebie-w-zamian-za-milosc-i-akceptacje\">RW 103: Grzeczne, by by\u0107 kochane. Dzieci, kt\u00f3re porzuci\u0142y siebie w zamian za mi\u0142o\u015b\u0107 i akceptacj\u0119.<\/a><\/h3>\n\t\t\t       \t<\/div>\n\t\t<div class=\"grid-footer clearfix\">\n                    <\/div>\n\t<\/div>\n<\/li>\n<li class=\"grid-item col-md-4 col-sm-6 sermon-item format-standard\">\n\t<div class=\"grid-item-inner\">\n\t\t\t            <div class=\"post-media\">\n            \t<div class=\"latest-sermon-video fw-video post-media\">\n                <iframe loading=\"lazy\" itemprop=\"video\" src=\"\/\/www.youtube.com\/embed\/An8v6iItQWA?wmode=transparent&autoplay=0\" width=\"500\" height=\"281\" ><\/iframe>                <\/div>\n            <\/div>\n        \t\t<div class=\"grid-content\">\n            <h3><a href=\"https:\/\/metoda-tippinga.pl\/web\/?sermon=rw-102-jestem-zdrowa-mam-raka-gosc-pola-guzlinska-odcinek-specjalny\">RW 102: Jestem zdrowa. Mam raka. Go\u015b\u0107 Pola Gu\u017ali\u0144ska. Odcinek specjalny.<\/a><\/h3>\n\t\t\t       \t<\/div>\n\t\t<div class=\"grid-footer clearfix\">\n                    <\/div>\n\t<\/div>\n<\/li>\n<li class=\"grid-item col-md-4 col-sm-6 sermon-item format-standard\">\n\t<div class=\"grid-item-inner\">\n\t\t\t            <div class=\"post-media\">\n            \t<div class=\"latest-sermon-video fw-video post-media\">\n                <iframe loading=\"lazy\" itemprop=\"video\" src=\"\/\/www.youtube.com\/embed\/fWuqqoBuPG0?wmode=transparent&autoplay=0\" width=\"500\" height=\"281\" ><\/iframe>                <\/div>\n            <\/div>\n        \t\t<div class=\"grid-content\">\n            <h3><a href=\"https:\/\/metoda-tippinga.pl\/web\/?sermon=rw-101-milosc-czy-pieniadze\">RW 101: Mi\u0142o\u015b\u0107 czy pieni\u0105dze?<\/a><\/h3>\n\t\t\t       \t<\/div>\n\t\t<div class=\"grid-footer clearfix\">\n                    <\/div>\n\t<\/div>\n<\/li>\n<li class=\"grid-item col-md-4 col-sm-6 sermon-item format-standard\">\n\t<div class=\"grid-item-inner\">\n\t\t\t            <div class=\"post-media\">\n            \t<div class=\"latest-sermon-video fw-video post-media\">\n                <iframe loading=\"lazy\" itemprop=\"video\" src=\"\/\/www.youtube.com\/embed\/cygk8qVd8zA?wmode=transparent&autoplay=0\" width=\"500\" height=\"281\" ><\/iframe>                <\/div>\n            <\/div>\n        \t\t<div class=\"grid-content\">\n            <h3><a href=\"https:\/\/metoda-tippinga.pl\/web\/?sermon=rw-98-odcinek-specjalny-jak-zagadac-do-kobiety-o-mezczyznach-randkowaniu-i-samotnosci-gosc-marcin-wasik\">RW 98: Odcinek specjalny: Jak zagada\u0107 do kobiety? O m\u0119\u017cczyznach, randkowaniu i samotno\u015bci. Go\u015b\u0107: Marcin W\u0105sik.<\/a><\/h3>\n\t\t\t       \t<\/div>\n\t\t<div class=\"grid-footer clearfix\">\n                    <\/div>\n\t<\/div>\n<\/li>\n<li class=\"grid-item col-md-4 col-sm-6 sermon-item format-standard\">\n\t<div class=\"grid-item-inner\">\n\t\t\t            <div class=\"post-media\">\n            \t<div class=\"latest-sermon-video fw-video post-media\">\n                <iframe loading=\"lazy\" itemprop=\"video\" src=\"\/\/www.youtube.com\/embed\/LSQWeWf_r8U?wmode=transparent&autoplay=0\" width=\"500\" height=\"281\" ><\/iframe>                <\/div>\n            <\/div>\n        \t\t<div class=\"grid-content\">\n            <h3><a href=\"https:\/\/metoda-tippinga.pl\/web\/?sermon=myslisz-ze-jestes-dorosly-sprawdz-co-na-to-twoje-wewnetrzne-dziecko-cz-2\">RW 95: My\u015blisz, \u017ce jeste\u015b doros\u0142y? Sprawd\u017a co na to Twoje wewn\u0119trzne dziecko! Cz.2<\/a><\/h3>\n\t\t\t       \t<\/div>\n\t\t<div class=\"grid-footer clearfix\">\n                    <\/div>\n\t<\/div>\n<\/li>\n<li class=\"grid-item col-md-4 col-sm-6 sermon-item format-standard\">\n\t<div class=\"grid-item-inner\">\n\t\t\t            <div class=\"post-media\">\n            \t<div class=\"latest-sermon-video fw-video post-media\">\n                <iframe loading=\"lazy\" itemprop=\"video\" src=\"\/\/www.youtube.com\/embed\/1O90wspiQkg?wmode=transparent&autoplay=0\" width=\"500\" height=\"281\" ><\/iframe>                <\/div>\n            <\/div>\n        \t\t<div class=\"grid-content\">\n            <h3><a href=\"https:\/\/metoda-tippinga.pl\/web\/?sermon=rw-94-milosc-moja-najwieksza-lekcja-gosc-marcelina-zawadzka-odcinek-specjalny-cz-2\">RW 94: Mi\u0142o\u015b\u0107. Moja najwi\u0119ksza lekcja. Go\u015b\u0107: Marcelina Zawadzka. Odcinek specjalny cz.2<\/a><\/h3>\n\t\t\t       \t<\/div>\n\t\t<div class=\"grid-footer clearfix\">\n                    <\/div>\n\t<\/div>\n<\/li>\n<li class=\"grid-item col-md-4 col-sm-6 sermon-item format-standard\">\n\t<div class=\"grid-item-inner\">\n\t\t\t            <div class=\"post-media\">\n            \t<div class=\"latest-sermon-video fw-video post-media\">\n                <iframe loading=\"lazy\" itemprop=\"video\" src=\"\/\/www.youtube.com\/embed\/6cbtEbCxEl8?wmode=transparent&autoplay=0\" width=\"500\" height=\"281\" ><\/iframe>                <\/div>\n            <\/div>\n        \t\t<div class=\"grid-content\">\n            <h3><a href=\"https:\/\/metoda-tippinga.pl\/web\/?sermon=rw-93-niewystarczajaca-juz-nie-gosc-marcelina-zawadzka-odcinek-specjalny\">RW 93: Niewystarczaj\u0105ca? Ju\u017c nie! Go\u015b\u0107: Marcelina Zawadzka. Odcinek specjalny.<\/a><\/h3>\n\t\t\t       \t<\/div>\n\t\t<div class=\"grid-footer clearfix\">\n                    <\/div>\n\t<\/div>\n<\/li>\n<li class=\"grid-item col-md-4 col-sm-6 sermon-item format-standard\">\n\t<div class=\"grid-item-inner\">\n\t\t\t            <div class=\"post-media\">\n            \t<div class=\"latest-sermon-video fw-video post-media\">\n                <iframe loading=\"lazy\" itemprop=\"video\" src=\"\/\/www.youtube.com\/embed\/sVvVb6QsIOs?wmode=transparent&autoplay=0\" width=\"500\" height=\"281\" ><\/iframe>                <\/div>\n            <\/div>\n        \t\t<div class=\"grid-content\">\n            <h3><a href=\"https:\/\/metoda-tippinga.pl\/web\/?sermon=rw-92-myslisz-ze-jestes-dorosly-sprawdz-co-na-to-twoje-wewnetrzne-dziecko\">RW 92: My\u015blisz, \u017ce jeste\u015b doros\u0142y? Sprawd\u017a, co na to Twoje wewn\u0119trzne dziecko!<\/a><\/h3>\n\t\t\t       \t<\/div>\n\t\t<div class=\"grid-footer clearfix\">\n                    <\/div>\n\t<\/div>\n<\/li>\n<li class=\"grid-item col-md-4 col-sm-6 sermon-item format-standard\">\n\t<div class=\"grid-item-inner\">\n\t\t\t            <div class=\"post-media\">\n            \t<div class=\"latest-sermon-video fw-video post-media\">\n                <iframe loading=\"lazy\" itemprop=\"video\" src=\"\/\/www.youtube.com\/embed\/bFQTZk83ujk?wmode=transparent&autoplay=0\" width=\"500\" height=\"281\" ><\/iframe>                <\/div>\n            <\/div>\n        \t\t<div class=\"grid-content\">\n            <h3><a href=\"https:\/\/metoda-tippinga.pl\/web\/?sermon=rw-91-przestan-szukac-milosci-i-akceptacji-zobacz-co-sie-stanie\">RW 91: Przesta\u0144 szuka\u0107 mi\u0142o\u015bci i akceptacji. Zobacz, co si\u0119 stanie<\/a><\/h3>\n\t\t\t       \t<\/div>\n\t\t<div class=\"grid-footer clearfix\">\n                    <\/div>\n\t<\/div>\n<\/li>\n<li class=\"grid-item col-md-4 col-sm-6 sermon-item format-standard\">\n\t<div class=\"grid-item-inner\">\n\t\t\t            <div class=\"post-media\">\n            \t<div class=\"latest-sermon-video fw-video post-media\">\n                <iframe loading=\"lazy\" itemprop=\"video\" src=\"\/\/www.youtube.com\/embed\/g57omW_TUVc?wmode=transparent&autoplay=0\" width=\"500\" height=\"281\" ><\/iframe>                <\/div>\n            <\/div>\n        \t\t<div class=\"grid-content\">\n            <h3><a href=\"https:\/\/metoda-tippinga.pl\/web\/?sermon=rw-90-duchowe-wyzwanie-zmien-hejt-w-zloto\">RW 90: Duchowe wyzwanie: zmie\u0144 hejt w z\u0142oto!<\/a><\/h3>\n\t\t\t       \t<\/div>\n\t\t<div class=\"grid-footer clearfix\">\n                    <\/div>\n\t<\/div>\n<\/li>\n<li class=\"grid-item col-md-4 col-sm-6 sermon-item format-standard\">\n\t<div class=\"grid-item-inner\">\n\t\t\t            <div class=\"post-media\">\n            \t<div class=\"latest-sermon-video fw-video post-media\">\n                <iframe loading=\"lazy\" itemprop=\"video\" src=\"\/\/www.youtube.com\/embed\/JmpSHDSnlDI?wmode=transparent&autoplay=0\" width=\"500\" height=\"281\" ><\/iframe>                <\/div>\n            <\/div>\n        \t\t<div class=\"grid-content\">\n            <h3><a href=\"https:\/\/metoda-tippinga.pl\/web\/?sermon=rw-87-ucieczka-od-ojca-jako-styl-zycia-szczera-rozmowa-z-tomaszem-karolakiem\">RW 87: Ucieczka od ojca jako styl \u017cycia. Szczera rozmowa z Tomaszem Karolakiem<\/a><\/h3>\n\t\t\t       \t<\/div>\n\t\t<div class=\"grid-footer clearfix\">\n                    <\/div>\n\t<\/div>\n<\/li>\n<li class=\"grid-item col-md-4 col-sm-6 sermon-item format-standard\">\n\t<div class=\"grid-item-inner\">\n\t\t\t            <div class=\"post-media\">\n            \t<div class=\"latest-sermon-video fw-video post-media\">\n                <iframe loading=\"lazy\" itemprop=\"video\" src=\"\/\/www.youtube.com\/embed\/MEtEQca3mhw?wmode=transparent&autoplay=0\" width=\"500\" height=\"281\" ><\/iframe>                <\/div>\n            <\/div>\n        \t\t<div class=\"grid-content\">\n            <h3><a href=\"https:\/\/metoda-tippinga.pl\/web\/?sermon=rw-85-kryzys-meskosci-ktorego-nie-ma\">RW 85: Kryzys m\u0119sko\u015bci, kt\u00f3rego nie ma?<\/a><\/h3>\n\t\t\t       \t<\/div>\n\t\t<div class=\"grid-footer clearfix\">\n                    <\/div>\n\t<\/div>\n<\/li>\n<li class=\"grid-item col-md-4 col-sm-6 sermon-item format-standard\">\n\t<div class=\"grid-item-inner\">\n\t\t\t            <div class=\"post-media\">\n            \t<div class=\"latest-sermon-video fw-video post-media\">\n                <iframe loading=\"lazy\" itemprop=\"video\" src=\"\/\/www.youtube.com\/embed\/HpYdzZYqnAA?wmode=transparent&autoplay=0\" width=\"500\" height=\"281\" ><\/iframe>                <\/div>\n            <\/div>\n        \t\t<div class=\"grid-content\">\n            <h3><a href=\"https:\/\/metoda-tippinga.pl\/web\/?sermon=rw-84-czy-jestes-dzieckiem-niedojrzalego-emocjonalnie-rodzica-cz-2\">RW 84: Czy jeste\u015b dzieckiem niedojrza\u0142ego emocjonalnie rodzica? Cz.2<\/a><\/h3>\n\t\t\t       \t<\/div>\n\t\t<div class=\"grid-footer clearfix\">\n                    <\/div>\n\t<\/div>\n<\/li>\n<li class=\"grid-item col-md-4 col-sm-6 sermon-item format-standard\">\n\t<div class=\"grid-item-inner\">\n\t\t\t            <div class=\"post-media\">\n            \t<div class=\"latest-sermon-video fw-video post-media\">\n                <iframe loading=\"lazy\" itemprop=\"video\" src=\"\/\/www.youtube.com\/embed\/7gGIhgrIps4?wmode=transparent&autoplay=0\" width=\"500\" height=\"281\" ><\/iframe>                <\/div>\n            <\/div>\n        \t\t<div class=\"grid-content\">\n            <h3><a href=\"https:\/\/metoda-tippinga.pl\/web\/?sermon=rw-83-czy-jestes-dzieckiem-niedojrzalego-emocjonalnie-rodzica-cz-1\">RW 83: Czy jeste\u015b dzieckiem niedojrza\u0142ego emocjonalnie rodzica? Cz.1<\/a><\/h3>\n\t\t\t       \t<\/div>\n\t\t<div class=\"grid-footer clearfix\">\n                    <\/div>\n\t<\/div>\n<\/li>\n<li class=\"grid-item col-md-4 col-sm-6 sermon-item format-standard\">\n\t<div class=\"grid-item-inner\">\n\t\t\t            <div class=\"post-media\">\n            \t<div class=\"latest-sermon-video fw-video post-media\">\n                <iframe loading=\"lazy\" itemprop=\"video\" src=\"\/\/www.youtube.com\/embed\/lBW4eIQ1jSw?wmode=transparent&autoplay=0\" width=\"500\" height=\"281\" ><\/iframe>                <\/div>\n            <\/div>\n        \t\t<div class=\"grid-content\">\n            <h3><a href=\"https:\/\/metoda-tippinga.pl\/web\/?sermon=rw-82-o-sesjach-i-kontrowersjach-na-temat-radykalnego-wybaczania\">RW 82: O sesjach i kontrowersjach na temat Radykalnego Wybaczania<\/a><\/h3>\n\t\t\t       \t<\/div>\n\t\t<div class=\"grid-footer clearfix\">\n                    <\/div>\n\t<\/div>\n<\/li>\n<li class=\"grid-item col-md-4 col-sm-6 sermon-item format-standard\">\n\t<div class=\"grid-item-inner\">\n\t\t\t            <div class=\"post-media\">\n            \t<div class=\"latest-sermon-video fw-video post-media\">\n                <iframe loading=\"lazy\" itemprop=\"video\" src=\"\/\/www.youtube.com\/embed\/NTp5Jt0pqCo?wmode=transparent&autoplay=0\" width=\"500\" height=\"281\" ><\/iframe>                <\/div>\n            <\/div>\n        \t\t<div class=\"grid-content\">\n            <h3><a href=\"https:\/\/metoda-tippinga.pl\/web\/?sermon=rw-77-zabilam-czy-moge-sobie-wybaczyc-ceremonia-w-kregu-w-wiezieniu\">RW 77: Zabi\u0142am. Czy mog\u0119 sobie wybaczy\u0107? Ceremonia w kr\u0119gu w wi\u0119zieniu.<\/a><\/h3>\n\t\t\t       \t<\/div>\n\t\t<div class=\"grid-footer clearfix\">\n                    <\/div>\n\t<\/div>\n<\/li>\n<\/ul>\n<\/div>\n<\/div><\/div><\/div><\/div><\/div>","protected":false},"excerpt":{"rendered":"[vc_row][vc_column][vc_column_text]Czy mo\u017cna wybaczy\u0107 niewybaczalne? Czy mo\u017cna, b\u0119d\u0105c w wi\u0119zieniu, zmieni\u0107 spojrzenie na swoje \u017cycie i zobaczy\u0107 w tym dar? Co si\u0119 dzieje kiedy w procesie wybaczania spotka si\u0119 kat i ofiara i oboje poczuj\u0105 wsp\u00f3\u0142czucie? W tym odcinku opowiadamy o Ceremonii w kr\u0119gu Radykalnego Wybaczania, kt\u00f3r\u0105 przeprowadzi\u0142y\u015bmy w zamkni\u0119tym wi\u0119zieniu dla kobiet. Dzi\u0119ki uprzejmo\u015bci i pomocy Fundacji \u201cDom Kultury\u201d https:\/\/fundacjadomkultury.pl\/ mog\u0142y\u015bmy do\u015bwiadczy\u0107 i by\u0107 \u015bwiadkami pot\u0119gi tego niezwyk\u0142ego procesu. Naszym go\u015bciem w tym odcinku jest Beata Matusiak-Bulak, kt\u00f3ra reprezentuje Fundacj\u0119 i wprowadzi\u0142a nas za te mury. Przygotujcie si\u0119 na silne emocje! O czym us\u0142yszysz w tym odcinku: \u2022 jak wygl\u0105da\u0142a nasza droga za mury wi\u0119zienia \u2022 jaka by\u0142a reakcja kobiet na ten proces \u2022 mocne momenty w tym procesie \u2022 jak Radykalne Wybaczanie dzia\u0142a nawet w takich, nadzwyczajnych warunkach Najbli\u017csze spotkanie Ceremonia Wybaczania w kr\u0119gu odb\u0119dzie si\u0119 w Warszawie 12 listopada. Szczeg\u00f3\u0142y\u201d: https:\/\/tiny.pl\/c71ch Po wys\u0142uchaniu tego odcinka mo\u017cesz: \u2022 um\u00f3wi\u0107 si\u0119 na sesj\u0119 z Magdalen\u0105 lub Ew\u0105 (info@metoda-tippinga.pl) \u2022 przeczyta\u0107 ksi\u0105\u017ck\u0119 Colina Tippinga \u201cRadykalne Wybaczanie\u201d \u2022 sprawdzi\u0107 nasze warsztaty na: www.metodatippinga.pl\/web\/sklep \u2022 wype\u0142ni\u0107 arkusz RW \u2022 podzieli\u0107 si\u0119 tym odcinkiem z minimum jedn\u0105 osob\u0105, kt\u00f3rej to mo\u017ce pom\u00f3c \u2022 zasubskrybowa\u0107 nasze filmy na kanale YT https:\/\/tiny.pl\/7g9gm A tak\u017ce: \u2022 oceni\u0107 nasz podkast gwiazdkami, je\u015bli uwa\u017casz, \u017ce jest warto\u015bciowy :-) &lt;3 Radykalne Wybaczanie to metoda, kt\u00f3rej autorem jest Colin Tipping. To pot\u0119\u017cne i skuteczne narz\u0119dzie pracy nad sob\u0105, kt\u00f3re przynosi ulg\u0119, spok\u00f3j i poczucie lekko\u015bci \u017cycia. Od 20 lat dzia\u0142a na ca\u0142ym \u015bwiecie z korzy\u015bci\u0105 dla tysi\u0119cy ludzi. Instytut Metody Tippinga w Polsce, jedyny, licencjonowany o\u015brodek Radykalnego Wybaczania w Polsce. Prowadz\u0105ce to: Magdalena Czaja, Dyrektor Instytutu Metody Tippinga w Polsce, coach, autorka metody Lovefiting\u00ae Ewa Turek, trener komunikacji, m\u00f3wca, coach. Wsp\u00f3\u0142pracownik Instytutu.[\/vc_column_text][\/vc_column][\/vc_row][vc_row][vc_column][vc_column_text]Listen to \"RW 77: Zabi\u0142am. Czy mog\u0119 sobie wybaczy\u0107? Ceremonia w kr\u0119gu w wi\u0119zieniu.\" on Spreaker.[\/vc_column_text][vc_column_text el_id=\"transkrypcja\"]Magdalena Czaja: Kiedy rano przygotowywa\u0142am si\u0119 do tej ceremonii, by\u0142am troch\u0119 zestresowana, to pomy\u015bla\u0142am sobie, je\u015bli to b\u0119dzie mia\u0142o sens chocia\u017c dla jednej osoby, to warto. I to by\u0142o niesamowite, bo po ceremonii wybaczania w kr\u0119gu jedna z kobiet powiedzia\u0142a do mnie ,,S\u0142uchaj, je\u015bli zrobi\u0142a\u015b to chocia\u017c dla jednej osoby tutaj, to jestem to ja.\" Mia\u0142am ciarki. Dzie\u0144 dobry, witamy ponownie na naszym podca\u015bcie w specjalnym odcinku, bo b\u0119dziemy mie\u0107 dzisiaj w studiu naszym Go\u015bcia Specjalnego, ale te\u017c temat jest totalnie niezwyk\u0142y. Ja si\u0119 nazywam Magdalena Czajka, jestem szefow\u0105 Instytutu Metody Tippinga w Polsce. Metody, kt\u00f3ra pomaga milionom ludzi na ca\u0142ym \u015bwiecie wybaczy\u0107, \u017ceby poczu\u0107 si\u0119 lepiej, \u017ceby poczu\u0107 ulg\u0119, rado\u015b\u0107, mi\u0142o\u015b\u0107 i \u017cy\u0107 pe\u0142n\u0105 piersi\u0105 pe\u0142ni\u0105 \u017cycia. Ze mn\u0105 studio jest jak zwykle Ewa Turek. Ewa jest jedn\u0105 z najd\u0142u\u017cej praktykuj\u0105cych trenerek metody Radykalnego Wybaczania, ale jest tak\u017ce wsp\u00f3\u0142 organizatork\u0105 TEDx Women Warsaw oraz pomaga ludziom b\u0142yszcze\u0107 na scenie, jak sama o sobie m\u00f3wi. Ewa Turek: Witamy serdecznie naszych sta\u0142ych widz\u00f3w i tych, kt\u00f3rzy s\u0105 z nami pierwszy raz. A ja mam ogromn\u0105 przyjemno\u015b\u0107 przedstawi\u0107 naszego go\u015bcia. Beata Matusiak-Bulak, kt\u00f3r\u0105 znam od kilku lat ze \u015brodowiska Toast Masters i jak z ciekawo\u015bci\u0105 dowiedzia\u0142am si\u0119, Beata dzia\u0142a r\u00f3wnie\u017c w Fundacji Dom Kultury. Ciekawo\u015b\u0107 moja wzros\u0142a, poniewa\u017c opowiada\u0142a o swoich do\u015bwiadczeniach, \u017ce wprowadzaj\u0105 t\u0105 kultur\u0119 w bardzo trudne \u015brodowiska. Te \u015brodowiska, kt\u00f3re si\u0142\u0105 rzeczy nie [...]","protected":false},"author":4,"featured_media":0,"parent":0,"menu_order":0,"comment_status":"closed","ping_status":"closed","template":"","meta":{"footnotes":""},"class_list":["post-9966","page","type-page","status-publish","hentry"],"publishpress_future_action":{"enabled":false,"date":"2026-04-13 16:04:05","action":"change-status","newStatus":"private","terms":[],"taxonomy":"frm_application","extraData":[]},"publishpress_future_workflow_manual_trigger":{"enabledWorkflows":[]},"_links":{"self":[{"href":"https:\/\/metoda-tippinga.pl\/web\/wp-json\/wp\/v2\/pages\/9966","targetHints":{"allow":["GET"]}}],"collection":[{"href":"https:\/\/metoda-tippinga.pl\/web\/wp-json\/wp\/v2\/pages"}],"about":[{"href":"https:\/\/metoda-tippinga.pl\/web\/wp-json\/wp\/v2\/types\/page"}],"author":[{"embeddable":true,"href":"https:\/\/metoda-tippinga.pl\/web\/wp-json\/wp\/v2\/users\/4"}],"replies":[{"embeddable":true,"href":"https:\/\/metoda-tippinga.pl\/web\/wp-json\/wp\/v2\/comments?post=9966"}],"version-history":[{"count":1,"href":"https:\/\/metoda-tippinga.pl\/web\/wp-json\/wp\/v2\/pages\/9966\/revisions"}],"predecessor-version":[{"id":9968,"href":"https:\/\/metoda-tippinga.pl\/web\/wp-json\/wp\/v2\/pages\/9966\/revisions\/9968"}],"wp:attachment":[{"href":"https:\/\/metoda-tippinga.pl\/web\/wp-json\/wp\/v2\/media?parent=9966"}],"curies":[{"name":"wp","href":"https:\/\/api.w.org\/{rel}","templated":true}]}}