
{"id":12848,"date":"2025-07-24T18:30:11","date_gmt":"2025-07-24T16:30:11","guid":{"rendered":"https:\/\/metoda-tippinga.pl\/web\/?post_type=product&#038;p=12848"},"modified":"2026-04-09T16:47:35","modified_gmt":"2026-04-09T14:47:35","slug":"certyfikacja-ceremonii-w-kregu-spotkanie-wyjazdowe-12-14-czerwca-2026","status":"publish","type":"product","link":"https:\/\/metoda-tippinga.pl\/web\/produkt\/certyfikacja-ceremonii-w-kregu-spotkanie-wyjazdowe-12-14-czerwca-2026\/","title":{"rendered":"Certyfikacja Ceremonii w kr\u0119gu \u2013 spotkanie wyjazdowe! 12-14 czerwca 2026"},"content":{"rendered":"<div class=\"wpb-content-wrapper\"><p>[vc_row][vc_column][vc_column_text]<\/p>\n<p class=\"Standard\"><strong>Termin:<\/strong> 12-14 czerwca 2026, Highland Conference Hotel w Skarboszewie<\/p>\n<p class=\"Standard\"><strong>Cena regularna: <\/strong>7580 z\u0142<\/p>\n<p><strong>Cena promocyjna<\/strong>: 5780 z\u0142 &#8211; oszcz\u0119dzasz a\u017c 1800 z\u0142![\/vc_column_text][vc_column_text css=&#8221;.vc_custom_1775746027196{margin-top: 3rem !important;}&#8221;]<\/p>\n<h3 class=\"Standard\"><strong><b>Dwa bonusy za wp\u0142at\u0119 ca\u0142ej kwoty!<\/b><\/strong><\/h3>\n<div>\n<p>Bonus nr 1 \u2013 udzia\u0142 w otwartej Ceremonii w kr\u0119gu, 26 kwietnia 2026 roku w Warszawie (lub kolejny termin)<strong> o warto\u015bci 1340 z\u0142<\/strong><\/p>\n<p>Bonus nr\u00a0 2 \u2013\u00a0Kurs Fundamenty Metody Tippinga \u201eOd Zrozumienia do Uwolnienia \u2013 3 filary pracy nad sob\u0105\u201d (nagranie) <strong>o warto\u015bci 1970 z\u0142<\/strong><\/p>\n<p>Istnieje mo\u017cliwo\u015b\u0107 udzia\u0142u w Ceremonii w innym terminie (prosimy o wpisanie takiej potrzeby w uwagach w zam\u00f3wieniu).<\/p>\n<div style=\"color: red; font-size: 1.2rem;\"><b>Razem warto\u015b\u0107 promocji i bonus\u00f3w:<\/b><strong> 3310 z\u0142!<\/strong><\/div>\n<\/div>\n<p>[\/vc_column_text][vc_btn title=&#8221;KUP TERAZ WRAZ Z BONUSAMI ZA JEDNORAZOW\u0104 WP\u0141AT\u0118&#8221; color=&#8221;purple&#8221; size=&#8221;lg&#8221; align=&#8221;left&#8221; link=&#8221;url:https%3A%2F%2Fmetoda-tippinga.pl%2Fweb%2Fcart%2F%3Fadd-to-cart%3D12848%26quantity%3D1&#8243;][vc_single_image image=&#8221;9075&#8243; img_size=&#8221;full&#8221; onclick=&#8221;custom_link&#8221; link=&#8221;https:\/\/metoda-tippinga.pl\/web\/cart\/?add-to-cart=12848&amp;quantity=1&#8243;][vc_column_text css=&#8221;.vc_custom_1775745579236{margin-top: 3rem !important;}&#8221;]<\/p>\n<h3 class=\"Standard\"><strong><b>Bonus za wp\u0142at\u0119 zaliczki 900 z\u0142!<\/b><\/strong><\/h3>\n<p>Udzia\u0142 w Ceremonii Wybaczania w Kr\u0119gu 24 kwietnia 2026 <b>o warto\u015bci 1340 z\u0142!<\/b><\/p>\n<p>Pozosta\u0142a nale\u017cno\u015b\u0107 w kwocie 4880 z\u0142 p\u0142atna b\u0119dzie do dnia 10 maja 2026 roku.[\/vc_column_text][vc_btn title=&#8221;KUP TERAZ W RAMACH P\u0141ATNO\u015aCI ZALICZKI&#8221; color=&#8221;purple&#8221; size=&#8221;lg&#8221; align=&#8221;left&#8221; link=&#8221;url:https%3A%2F%2Fmetoda-tippinga.pl%2Fweb%2Fcart%2F%3Fadd-to-cart%3D12849%26quantity%3D1&#8243;][vc_column_text css=&#8221;.vc_custom_1775746051082{margin-top: 70px !important;}&#8221;]<strong>Oferta wa\u017cna do 15 kwietnia 2026, do godziny 23:59.<\/strong><\/p>\n<p>Bonusy nie podlegaj\u0105 zwrotom i wymianie. W przypadku rezygnacji uczestnik zobowi\u0105zuje si\u0119 do op\u0142acenia warto\u015bci bonus\u00f3w.<\/p>\n<p>W cenie zawarta jest:<\/p>\n<ul>\n<li>kolacja pierwszego dnia<\/li>\n<li>lunch drugiego dnia<\/li>\n<li>uroczysty grill wieczorem drugiego dnia<\/li>\n<li>przerwy kawowe<\/li>\n<\/ul>\n<p>Uczestnicy p\u0142ac\u0105 tylko 340 z\u0142 za 2 noclegi ze \u015bniadaniem.<\/p>\n<p>Po certyfikacji otrzymasz za\u015bwiadczenie o uczestnictwie, wydawane przez nas ju\u017c jako Plac\u00f3wk\u0119 Kszta\u0142cenia Ustawicznego \u2013 podlegamy pod system prawa o\u015bwiatowego.[\/vc_column_text][vc_column_text]<strong>Zasady certyfikacji Ceremonii wybaczania w kr\u0119gu:<\/strong><\/p>\n<p>Warunkiem wa\u017cno\u015bci certyfikatu jest dwukrotny udzia\u0142 w ceremonii otwartej &#8211; <strong>raz jako uczestnik, raz jako wolontariusz.<\/strong><\/p>\n<p>Wolontariat jest bezp\u0142atny, za\u015b uczestnictwo jest przewa\u017cnie do zdobycia w gratisie. Je\u015bli nie otrzyma si\u0119 udzia\u0142u gratisowego, nale\u017cy go po prostu wykupi\u0107.<\/p>\n<p>Wolontariuszem mo\u017cna by\u0107 na ceremoniach organizowanych przez Instytut, ale te\u017c w tych dodatkowych, odbywaj\u0105cych si\u0119 z udzia\u0142em Magdaleny (np. w innych miastach ni\u017c Warszawa, organizowanych na pro\u015bb\u0119 danej grupy spo\u0142ecznej typu AA) lub prowadzonych przez innego, wyznaczonego przez Magdalen\u0119 trenera.<\/p>\n<p><strong>WA\u017bNE: wolontariuszem mo\u017cna by\u0107 dopiero po w\u0142asnej certyfikacji! Uczestnikiem ceremonii mo\u017cna by\u0107 przed certyfikacj\u0105 lub po niej.<\/strong>[\/vc_column_text][vc_column_text][\/vc_column_text][\/vc_column][\/vc_row]<\/p>\n<\/div>","protected":false},"excerpt":{"rendered":"<p>[vc_row][vc_column][vc_column_text] Termin: 12-14 czerwca 2026, Highland Conference Hotel w Skarboszewie Cena regularna: 7580 z\u0142 Cena promocyjna: 5780 z\u0142 &#8211; oszcz\u0119dzasz a\u017c 1800 z\u0142![\/vc_column_text][vc_column_text css=&#8221;.vc_custom_1775746027196{margin-top: 3rem !important;}&#8221;] Dwa bonusy za wp\u0142at\u0119 ca\u0142ej kwoty! Bonus nr 1 \u2013 udzia\u0142 w otwartej Ceremonii w kr\u0119gu, 26 kwietnia 2026 roku w Warszawie (lub kolejny termin) o warto\u015bci 1340 z\u0142 Bonus nr\u00a0 2 \u2013\u00a0Kurs Fundamenty Metody Tippinga \u201eOd Zrozumienia do Uwolnienia \u2013 3 filary pracy nad sob\u0105\u201d (nagranie) o warto\u015bci 1970 z\u0142 Istnieje mo\u017cliwo\u015b\u0107 udzia\u0142u w Ceremonii w innym terminie (prosimy o wpisanie takiej potrzeby w uwagach w zam\u00f3wieniu). Razem warto\u015b\u0107 promocji i bonus\u00f3w: 3310 z\u0142! [\/vc_column_text][vc_btn title=&#8221;KUP TERAZ WRAZ Z BONUSAMI ZA JEDNORAZOW\u0104 WP\u0141AT\u0118&#8221; color=&#8221;purple&#8221; size=&#8221;lg&#8221; align=&#8221;left&#8221; link=&#8221;url:https%3A%2F%2Fmetoda-tippinga.pl%2Fweb%2Fcart%2F%3Fadd-to-cart%3D12848%26quantity%3D1&#8243;][vc_single_image image=&#8221;9075&#8243; img_size=&#8221;full&#8221; onclick=&#8221;custom_link&#8221; link=&#8221;https:\/\/metoda-tippinga.pl\/web\/cart\/?add-to-cart=12848&amp;quantity=1&#8243;][vc_column_text css=&#8221;.vc_custom_1775745579236{margin-top: 3rem !important;}&#8221;] Bonus za wp\u0142at\u0119 zaliczki 900 z\u0142! Udzia\u0142 w Ceremonii Wybaczania w Kr\u0119gu 24 kwietnia 2026 o warto\u015bci 1340 z\u0142! Pozosta\u0142a nale\u017cno\u015b\u0107 w kwocie 4880 z\u0142 p\u0142atna b\u0119dzie do dnia 10 maja 2026 roku.[\/vc_column_text][vc_btn title=&#8221;KUP TERAZ W RAMACH P\u0141ATNO\u015aCI ZALICZKI&#8221; color=&#8221;purple&#8221; size=&#8221;lg&#8221; align=&#8221;left&#8221; link=&#8221;url:https%3A%2F%2Fmetoda-tippinga.pl%2Fweb%2Fcart%2F%3Fadd-to-cart%3D12849%26quantity%3D1&#8243;][vc_column_text css=&#8221;.vc_custom_1775746051082{margin-top: 70px !important;}&#8221;]Oferta wa\u017cna do 15 kwietnia 2026, do godziny 23:59. Bonusy nie podlegaj\u0105 zwrotom i wymianie. W przypadku rezygnacji uczestnik zobowi\u0105zuje si\u0119 do op\u0142acenia warto\u015bci bonus\u00f3w. W cenie zawarta jest: kolacja pierwszego dnia lunch drugiego dnia uroczysty grill wieczorem drugiego dnia przerwy kawowe Uczestnicy p\u0142ac\u0105 tylko 340 z\u0142 za 2 noclegi ze \u015bniadaniem. Po certyfikacji otrzymasz za\u015bwiadczenie o uczestnictwie, wydawane przez nas ju\u017c jako Plac\u00f3wk\u0119 Kszta\u0142cenia Ustawicznego \u2013 podlegamy pod system prawa o\u015bwiatowego.[\/vc_column_text][vc_column_text]Zasady certyfikacji Ceremonii wybaczania w kr\u0119gu: Warunkiem wa\u017cno\u015bci certyfikatu jest dwukrotny udzia\u0142 w ceremonii otwartej &#8211; raz jako uczestnik, raz jako wolontariusz. Wolontariat jest bezp\u0142atny, za\u015b uczestnictwo jest przewa\u017cnie do zdobycia w gratisie. Je\u015bli nie otrzyma si\u0119 udzia\u0142u gratisowego, nale\u017cy go po prostu wykupi\u0107. Wolontariuszem mo\u017cna by\u0107 na ceremoniach organizowanych przez Instytut, ale te\u017c w tych dodatkowych, odbywaj\u0105cych si\u0119 z udzia\u0142em Magdaleny (np. w innych miastach ni\u017c Warszawa, organizowanych na pro\u015bb\u0119 danej grupy spo\u0142ecznej typu AA) lub prowadzonych przez innego, wyznaczonego przez Magdalen\u0119 trenera. WA\u017bNE: wolontariuszem mo\u017cna by\u0107 dopiero po w\u0142asnej certyfikacji! Uczestnikiem ceremonii mo\u017cna by\u0107 przed certyfikacj\u0105 lub po niej.[\/vc_column_text][vc_column_text][\/vc_column_text][\/vc_column][\/vc_row]<\/p>\n","protected":false},"featured_media":8410,"template":"","meta":[],"product_brand":[],"product_cat":[164],"product_tag":[],"class_list":{"0":"post-12848","1":"product","2":"type-product","3":"status-publish","4":"has-post-thumbnail","6":"product_cat-opcja-raty","8":"first","9":"instock","10":"sale","11":"virtual","12":"taxable","13":"purchasable","14":"product-type-simple"},"publishpress_future_action":{"enabled":true,"date":"2026-04-15 23:59:00","action":"change-status","newStatus":"draft","terms":[0],"taxonomy":"product_brand","extraData":[]},"publishpress_future_workflow_manual_trigger":{"enabledWorkflows":[]},"_links":{"self":[{"href":"https:\/\/metoda-tippinga.pl\/web\/wp-json\/wp\/v2\/product\/12848","targetHints":{"allow":["GET"]}}],"collection":[{"href":"https:\/\/metoda-tippinga.pl\/web\/wp-json\/wp\/v2\/product"}],"about":[{"href":"https:\/\/metoda-tippinga.pl\/web\/wp-json\/wp\/v2\/types\/product"}],"wp:featuredmedia":[{"embeddable":true,"href":"https:\/\/metoda-tippinga.pl\/web\/wp-json\/wp\/v2\/media\/8410"}],"wp:attachment":[{"href":"https:\/\/metoda-tippinga.pl\/web\/wp-json\/wp\/v2\/media?parent=12848"}],"wp:term":[{"taxonomy":"product_brand","embeddable":true,"href":"https:\/\/metoda-tippinga.pl\/web\/wp-json\/wp\/v2\/product_brand?post=12848"},{"taxonomy":"product_cat","embeddable":true,"href":"https:\/\/metoda-tippinga.pl\/web\/wp-json\/wp\/v2\/product_cat?post=12848"},{"taxonomy":"product_tag","embeddable":true,"href":"https:\/\/metoda-tippinga.pl\/web\/wp-json\/wp\/v2\/product_tag?post=12848"}],"curies":[{"name":"wp","href":"https:\/\/api.w.org\/{rel}","templated":true}]}}