
{"id":13734,"date":"2025-09-29T19:06:05","date_gmt":"2025-09-29T17:06:05","guid":{"rendered":"https:\/\/metoda-tippinga.pl\/web\/?post_type=product&#038;p=13734"},"modified":"2025-10-03T14:32:34","modified_gmt":"2025-10-03T12:32:34","slug":"satori-na-zywo-warszawa-10-pazdziernika-2025-2","status":"publish","type":"product","link":"https:\/\/metoda-tippinga.pl\/web\/produkt\/satori-na-zywo-warszawa-10-pazdziernika-2025-2\/","title":{"rendered":"Satori na \u017cywo Warszawa 10 pa\u017adziernika 2025"},"content":{"rendered":"<div class=\"wpb-content-wrapper\"><p>[vc_row css_animation=&#8221;fadeInUp&#8221;][vc_column][vc_column_text css_animation=&#8221;none&#8221;]<strong>Termin: <\/strong>10 pa\u017adziernika 2025 &#8211; <strong>pozosta\u0142y 3 miejsca!<\/strong><\/p>\n<p><strong>Cena regularna<\/strong>: 1370 z\u0142<\/p>\n<p><strong style=\"color: red;\">Dla uczestnik\u00f3w kursu ZNI\u017bKA 200 z\u0142 \u2013 1170 z\u0142<\/strong><\/p>\n<p><strong>Miejsce:<\/strong> Warszawa, godzina 10:00 do ok. 18:00<\/p>\n<p><strong>Liczba miejsc:<\/strong> 3<\/p>\n<p>Je\u015bli interesuje Ci\u0119 Certyfikacja Instruktora Gry Satori \u2013 zadzwo\u0144 do Agnieszki \ud83d\ude0a<\/p>\n<p>&nbsp;<\/p>\n<p>Ta oferta jest wa\u017cna do 1 pa\u017adziernika, do godz. 23:59[\/vc_column_text][\/vc_column][\/vc_row]<\/p>\n<\/div>","protected":false},"excerpt":{"rendered":"<p>[vc_row css_animation=&#8221;fadeInUp&#8221;][vc_column][vc_column_text css_animation=&#8221;none&#8221;]Termin: 10 pa\u017adziernika 2025 &#8211; pozosta\u0142y 3 miejsca! Cena regularna: 1370 z\u0142 Dla uczestnik\u00f3w kursu ZNI\u017bKA 200 z\u0142 \u2013 1170 z\u0142 Miejsce: Warszawa, godzina 10:00 do ok. 18:00 Liczba miejsc: 3 Je\u015bli interesuje Ci\u0119 Certyfikacja Instruktora Gry Satori \u2013 zadzwo\u0144 do Agnieszki \ud83d\ude0a &nbsp; Ta oferta jest wa\u017cna do 1 pa\u017adziernika, do godz. 23:59[\/vc_column_text][\/vc_column][\/vc_row]<\/p>\n","protected":false},"featured_media":7460,"template":"","meta":[],"product_brand":[],"product_cat":[312],"product_tag":[],"class_list":{"0":"post-13734","1":"product","2":"type-product","3":"status-publish","4":"has-post-thumbnail","6":"product_cat-oferta-20-lecie","8":"first","9":"outofstock","10":"virtual","11":"taxable","12":"purchasable","13":"product-type-simple"},"publishpress_future_action":{"enabled":false,"date":"2026-04-22 00:43:50","action":"change-status","newStatus":"draft","terms":[],"taxonomy":"product_brand","extraData":[]},"publishpress_future_workflow_manual_trigger":{"enabledWorkflows":[]},"_links":{"self":[{"href":"https:\/\/metoda-tippinga.pl\/web\/wp-json\/wp\/v2\/product\/13734","targetHints":{"allow":["GET"]}}],"collection":[{"href":"https:\/\/metoda-tippinga.pl\/web\/wp-json\/wp\/v2\/product"}],"about":[{"href":"https:\/\/metoda-tippinga.pl\/web\/wp-json\/wp\/v2\/types\/product"}],"wp:featuredmedia":[{"embeddable":true,"href":"https:\/\/metoda-tippinga.pl\/web\/wp-json\/wp\/v2\/media\/7460"}],"wp:attachment":[{"href":"https:\/\/metoda-tippinga.pl\/web\/wp-json\/wp\/v2\/media?parent=13734"}],"wp:term":[{"taxonomy":"product_brand","embeddable":true,"href":"https:\/\/metoda-tippinga.pl\/web\/wp-json\/wp\/v2\/product_brand?post=13734"},{"taxonomy":"product_cat","embeddable":true,"href":"https:\/\/metoda-tippinga.pl\/web\/wp-json\/wp\/v2\/product_cat?post=13734"},{"taxonomy":"product_tag","embeddable":true,"href":"https:\/\/metoda-tippinga.pl\/web\/wp-json\/wp\/v2\/product_tag?post=13734"}],"curies":[{"name":"wp","href":"https:\/\/api.w.org\/{rel}","templated":true}]}}