
{"id":14382,"date":"2025-11-20T11:34:02","date_gmt":"2025-11-20T10:34:02","guid":{"rendered":"https:\/\/metoda-tippinga.pl\/web\/?post_type=product&#038;p=14382"},"modified":"2025-11-21T14:08:35","modified_gmt":"2025-11-21T13:08:35","slug":"warsztat-online-jak-uwolnic-sie-od-blokujacych-przekonan-18-19-kwietnia-2026-zaliczka-970-zl-calosc-2970-zl","status":"publish","type":"product","link":"https:\/\/metoda-tippinga.pl\/web\/produkt\/warsztat-online-jak-uwolnic-sie-od-blokujacych-przekonan-18-19-kwietnia-2026-zaliczka-970-zl-calosc-2970-zl\/","title":{"rendered":"Warsztat Online &#8211; Jak Uwolni\u0107 Si\u0119 Od Blokuj\u0105cych Przekona\u0144? 18-19 kwietnia 2026 &#8211; zaliczka 970 z\u0142 &#8211; ca\u0142o\u015b\u0107 2970 z\u0142!"},"content":{"rendered":"<div class=\"wpb-content-wrapper\"><p>[vc_row][vc_column][vc_column_text]<\/p>\n<p class=\"Standard\"><strong>Termin:<\/strong> 18-19 kwietnia 2026<\/p>\n<p class=\"Standard\"><strong>Cena: <\/strong>3370 z\u0142<\/p>\n<p><strong>Cena w promocji: 2970 z\u0142<\/strong><\/p>\n<p><strong>Promocja! 400 z\u0142 mniej!<\/strong><\/p>\n<p><strong>Mo\u017cliwo\u015b\u0107 rat 0%<\/strong>[\/vc_column_text][vc_btn title=&#8221;KUP TERAZ ZA JEDNORAZOW\u0104 WP\u0141AT\u0118&#8221; color=&#8221;purple&#8221; size=&#8221;lg&#8221; align=&#8221;center&#8221; link=&#8221;url:https%3A%2F%2Fmetoda-tippinga.pl%2Fweb%2Fcart%2F%3Fadd-to-cart%3D14378%26quantity%3D1&#8243;][vc_single_image image=&#8221;9075&#8243; img_size=&#8221;full&#8221; alignment=&#8221;center&#8221; onclick=&#8221;custom_link&#8221; link=&#8221;https:\/\/metoda-tippinga.pl\/web\/cart\/?add-to-cart=14378&amp;quantity=1&#8243;][vc_column_text css=&#8221;.vc_custom_1763634054384{margin-top: 70px !important;}&#8221;]<strong>Zaliczka:<\/strong> 970 z\u0142<\/p>\n<p>Pozosta\u0142a kwota, tj. 2000 z\u0142 p\u0142atna do dnia 10 marca 2026 roku.[\/vc_column_text][vc_btn title=&#8221;KUP TERAZ W RAMACH P\u0141ATNO\u015aCI ZALICZKI&#8221; color=&#8221;purple&#8221; size=&#8221;lg&#8221; align=&#8221;center&#8221; link=&#8221;url:https%3A%2F%2Fmetoda-tippinga.pl%2Fweb%2Fcart%2F%3Fadd-to-cart%3D14382%26quantity%3D1&#8243;][vc_column_text css=&#8221;.vc_custom_1763634158363{margin-top: 70px !important;}&#8221; el_class=&#8221;hide&#8221;]<b>Ta oferta jest wa\u017cna do 26 listopada 2025, do godz. 23:5<\/b><strong>9!<\/strong>[\/vc_column_text][vc_column_text][\/vc_column_text][\/vc_column][\/vc_row]<\/p>\n<\/div>","protected":false},"excerpt":{"rendered":"<p>[vc_row][vc_column][vc_column_text] Termin: 18-19 kwietnia 2026 Cena: 3370 z\u0142 Cena w promocji: 2970 z\u0142 Promocja! 400 z\u0142 mniej! Mo\u017cliwo\u015b\u0107 rat 0%[\/vc_column_text][vc_btn title=&#8221;KUP TERAZ ZA JEDNORAZOW\u0104 WP\u0141AT\u0118&#8221; color=&#8221;purple&#8221; size=&#8221;lg&#8221; align=&#8221;center&#8221; link=&#8221;url:https%3A%2F%2Fmetoda-tippinga.pl%2Fweb%2Fcart%2F%3Fadd-to-cart%3D14378%26quantity%3D1&#8243;][vc_single_image image=&#8221;9075&#8243; img_size=&#8221;full&#8221; alignment=&#8221;center&#8221; onclick=&#8221;custom_link&#8221; link=&#8221;https:\/\/metoda-tippinga.pl\/web\/cart\/?add-to-cart=14378&amp;quantity=1&#8243;][vc_column_text css=&#8221;.vc_custom_1763634054384{margin-top: 70px !important;}&#8221;]Zaliczka: 970 z\u0142 Pozosta\u0142a kwota, tj. 2000 z\u0142 p\u0142atna do dnia 10 marca 2026 roku.[\/vc_column_text][vc_btn title=&#8221;KUP TERAZ W RAMACH P\u0141ATNO\u015aCI ZALICZKI&#8221; color=&#8221;purple&#8221; size=&#8221;lg&#8221; align=&#8221;center&#8221; link=&#8221;url:https%3A%2F%2Fmetoda-tippinga.pl%2Fweb%2Fcart%2F%3Fadd-to-cart%3D14382%26quantity%3D1&#8243;][vc_column_text css=&#8221;.vc_custom_1763634158363{margin-top: 70px !important;}&#8221; el_class=&#8221;hide&#8221;]Ta oferta jest wa\u017cna do 26 listopada 2025, do godz. 23:59![\/vc_column_text][vc_column_text][\/vc_column_text][\/vc_column][\/vc_row]<\/p>\n","protected":false},"featured_media":13309,"template":"","meta":[],"product_brand":[],"product_cat":[15],"product_tag":[124,126,125],"class_list":{"0":"post-14382","1":"product","2":"type-product","3":"status-publish","4":"has-post-thumbnail","6":"product_cat-bez-kategorii","7":"product_tag-online","8":"product_tag-przekonania","9":"product_tag-warsztat","11":"first","12":"instock","13":"virtual","14":"sold-individually","15":"taxable","16":"purchasable","17":"product-type-simple"},"publishpress_future_action":{"enabled":false,"date":"2026-04-22 02:13:23","action":"change-status","newStatus":"draft","terms":[],"taxonomy":"product_brand","extraData":[]},"publishpress_future_workflow_manual_trigger":{"enabledWorkflows":[]},"_links":{"self":[{"href":"https:\/\/metoda-tippinga.pl\/web\/wp-json\/wp\/v2\/product\/14382","targetHints":{"allow":["GET"]}}],"collection":[{"href":"https:\/\/metoda-tippinga.pl\/web\/wp-json\/wp\/v2\/product"}],"about":[{"href":"https:\/\/metoda-tippinga.pl\/web\/wp-json\/wp\/v2\/types\/product"}],"wp:featuredmedia":[{"embeddable":true,"href":"https:\/\/metoda-tippinga.pl\/web\/wp-json\/wp\/v2\/media\/13309"}],"wp:attachment":[{"href":"https:\/\/metoda-tippinga.pl\/web\/wp-json\/wp\/v2\/media?parent=14382"}],"wp:term":[{"taxonomy":"product_brand","embeddable":true,"href":"https:\/\/metoda-tippinga.pl\/web\/wp-json\/wp\/v2\/product_brand?post=14382"},{"taxonomy":"product_cat","embeddable":true,"href":"https:\/\/metoda-tippinga.pl\/web\/wp-json\/wp\/v2\/product_cat?post=14382"},{"taxonomy":"product_tag","embeddable":true,"href":"https:\/\/metoda-tippinga.pl\/web\/wp-json\/wp\/v2\/product_tag?post=14382"}],"curies":[{"name":"wp","href":"https:\/\/api.w.org\/{rel}","templated":true}]}}