
{"id":15478,"date":"2026-03-30T16:33:14","date_gmt":"2026-03-30T14:33:14","guid":{"rendered":"https:\/\/metoda-tippinga.pl\/web\/?post_type=product&#038;p=15478"},"modified":"2026-04-07T15:48:30","modified_gmt":"2026-04-07T13:48:30","slug":"pakiet-warsztat-online-uwolnij-blokujace-przekonania-cz-1-cz-2-strefa-trenera","status":"publish","type":"product","link":"https:\/\/metoda-tippinga.pl\/web\/produkt\/pakiet-warsztat-online-uwolnij-blokujace-przekonania-cz-1-cz-2-strefa-trenera\/","title":{"rendered":"Pakiet Warsztat Online: Uwolnij blokuj\u0105ce przekonania cz.1 18-19 kwietnia 2026 + cz.2<br\/>30-31 maja 2026"},"content":{"rendered":"<div class=\"wpb-content-wrapper\"><p>[vc_row][vc_column][vc_column_text el_class=&#8221;mobilepadfix&#8221;]<\/p>\n<h2 class=\"boldo2\" style=\"text-align: center;\"><span style=\"color: #ce007c; font-size: 2.5rem;\"><b>Pakiet Uwolnij blokuj\u0105ce przekonania<br \/>\ncz. 1 Jeste\u015b wolno\u015bci\u0105<br \/>\n+ cz. 2 Jeste\u015b obfito\u015bci\u0105<\/b><\/span><\/h2>\n<p>[\/vc_column_text][\/vc_column][\/vc_row][vc_row][vc_column][vc_column_text]<\/p>\n<h3 style=\"text-align: center; font-size: 1.8rem; line-height: 2.3rem; font-weight: 900;\"><b>Metoda Byron Katie &amp; Metoda Tippinga<\/b><\/h3>\n<p>[\/vc_column_text][vc_column_text]<\/p>\n<p style=\"font-size: 1.3rem; line-height: 1.8rem; font-weight: normal; text-align: center;\">Mam dla Ciebie przygotowan\u0105 kompleksow\u0105, dwuetapow\u0105 drog\u0119 pracy z pod\u015bwiadomo\u015bci\u0105, kt\u00f3ra \u0142\u0105czy precyzj\u0119 metody Byron Katie z transformuj\u0105c\u0105 si\u0142\u0105 Metody Tippinga (Radykalne Wybaczanie).<\/p>\n<p>[\/vc_column_text][\/vc_column][\/vc_row][vc_row css=&#8221;.vc_custom_1774172497436{margin-top: 2rem !important;}&#8221;][vc_column][vc_column_text]<\/p>\n<div>\n<h3 class=\"boldo2\"><span style=\"color: #ce007c; font-size: 1.5rem;\"><b>Jak wygl\u0105da ta \u015bcie\u017cka?<\/b><\/span><\/h3>\n<p>Praca nad przekonaniami zosta\u0142a podzielona na dwa logiczne i uzupe\u0142niaj\u0105ce si\u0119 etapy:<\/p>\n<\/div>\n<div><\/div>\n<p>[\/vc_column_text][\/vc_column][\/vc_row][vc_row content_placement=&#8221;middle&#8221;][vc_column width=&#8221;1\/4&#8243;][vc_single_image image=&#8221;15472&#8243; img_size=&#8221;full&#8221; alignment=&#8221;right&#8221;][\/vc_column][vc_column width=&#8221;3\/4&#8243;][vc_column_text]<b style=\"color: #ce007c;\">Etap pierwszy: cz. 1 JESTE\u015a WOLNO\u015aCI\u0104<\/b>[\/vc_column_text][vc_column_text css=&#8221;.vc_custom_1774880088900{margin-top: -1rem !important;}&#8221;]To fundament. Uczysz si\u0119, jak u\u015bwiadomi\u0107 sobie blokuj\u0105ce przekonania, jak dzia\u0142a Twoja pod\u015bwiadomo\u015b\u0107 i otrzymujesz narz\u0119dzia, by skutecznie pozwoli\u0107 tym blokadom odej\u015b\u0107.<br \/>\n(Warto\u015b\u0107 3370 z\u0142)[\/vc_column_text][\/vc_column][\/vc_row][vc_row content_placement=&#8221;middle&#8221;][vc_column width=&#8221;1\/4&#8243;][vc_single_image image=&#8221;15471&#8243; img_size=&#8221;full&#8221; alignment=&#8221;right&#8221;][\/vc_column][vc_column width=&#8221;3\/4&#8243;][vc_column_text]<b style=\"color: #ce007c;\">Etap drugi: cz. 2 JESTE\u015a OBFITO\u015aCI\u0104<\/b>[\/vc_column_text][vc_column_text css=&#8221;.vc_custom_1774880149040{margin-top: -1rem !important;}&#8221;]To g\u0142\u0119boka praca warsztatowa skupiona na Twoim dostatku, finansach i manifestacji marze\u0144. Tutaj przekuwasz zdobyt\u0105 wolno\u015b\u0107 w konkretn\u0105 energi\u0119 przyci\u0105gania.<br \/>\n(Warto\u015b\u0107 3370 z\u0142)[\/vc_column_text][\/vc_column][\/vc_row][vc_row content_placement=&#8221;middle&#8221;][vc_column width=&#8221;1\/4&#8243;][\/vc_column][vc_column width=&#8221;3\/4&#8243;][vc_column_text]<b style=\"color: #ce007c;\">BONUS<\/b>[\/vc_column_text][vc_column_text css=&#8221;.vc_custom_1774880181469{margin-top: -1rem !important;}&#8221;]Dodatkowy warsztat online (2h) z Magdalen\u0105 po drugiej cz\u0119\u015bci szkolenia<br \/>\n(Warto\u015b\u0107 1940 z\u0142)[\/vc_column_text][\/vc_column][\/vc_row][vc_row css=&#8221;.vc_custom_1774880458507{margin-top: 2rem !important;padding-right: 1rem !important;padding-left: 1rem !important;background-color: #00b8b0 !important;border-radius: 20px !important;}&#8221;][vc_column][vc_column_text]<\/p>\n<div style=\"color: #fff; line-height: 1.3rem;\"><b>Wa\u017cna informacja o kolejno\u015bci:<br \/>\n<\/b>Ze wzgl\u0119du na specyfik\u0119 metod, <b>cz\u0119\u015b\u0107 druga (<\/b>JESTE\u015a OBFITO\u015aCI\u0104<b>) jest dost\u0119pna wy\u0142\u0105cznie dla os\u00f3b, kt\u00f3re uko\u0144czy\u0142y cz\u0119\u015b\u0107 pierwsz\u0105 (<\/b>JESTE\u015a WOLNO\u015aCI\u0104). Cz\u0119\u015b\u0107 pierwsza przygotowuje Ci\u0119 narz\u0119dziowo do g\u0142\u0119bokich proces\u00f3w manifestacji.<\/div>\n<p>[\/vc_column_text][\/vc_column][\/vc_row][vc_row el_class=&#8221;promotablecomparelp&#8221; css=&#8221;.vc_custom_1774196670732{margin-top: 2rem !important;}&#8221;][vc_column css=&#8221;.vc_custom_1774880962990{margin-top: 0px !important;border-top-width: 0px !important;padding-top: 0px !important;}&#8221;][vc_row_inner css=&#8221;.vc_custom_1774881051375{padding-top: 2rem !important;background-color: #00b8b0 !important;}&#8221; el_class=&#8221;specialpricinglp&#8221;][vc_column_inner css=&#8221;.vc_custom_1774880954062{margin-top: 0px !important;border-top-width: 0px !important;padding-top: 0px !important;}&#8221;][vc_column_text]<\/p>\n<h3 style=\"text-align: center; color: #fff;\"><strong>Wybieraj\u0105c<br \/>\nPAKIET (JESTE\u015a WOLNO\u015aCI\u0104 + JESTE\u015a OBFITO\u015aCI\u0104)<br \/>\noszcz\u0119dzasz!<\/strong><\/h3>\n<p>[\/vc_column_text][\/vc_column_inner][\/vc_row_inner][vc_row_inner el_class=&#8221;dashbottomlp&#8221;][vc_column_inner width=&#8221;2\/3&#8243;][vc_column_text el_class=&#8221;pricinglpleft&#8221;]Cena dw\u00f3ch osobnych szkole\u0144:[\/vc_column_text][\/vc_column_inner][vc_column_inner width=&#8221;1\/3&#8243;][vc_column_text el_class=&#8221;pricinglpright&#8221;]6 740 z\u0142<br \/>\n(2 x 3370 z\u0142)[\/vc_column_text][\/vc_column_inner][\/vc_row_inner][vc_row_inner css=&#8221;.vc_custom_1774195800770{margin-top: 1rem !important;}&#8221; el_class=&#8221;dashbottomlp&#8221;][vc_column_inner width=&#8221;2\/3&#8243;][vc_column_text el_class=&#8221;pricinglpleft&#8221;]Bonusowe warsztaty online po cz. 2:[\/vc_column_text][\/vc_column_inner][vc_column_inner width=&#8221;1\/3&#8243;][vc_column_text el_class=&#8221;pricinglpright&#8221;]1940 z\u0142[\/vc_column_text][\/vc_column_inner][\/vc_row_inner][vc_row_inner][vc_column_inner][vc_separator color=&#8221;custom&#8221; border_width=&#8221;2&#8243; accent_color=&#8221;#ce007c&#8221;][vc_column_text]<\/p>\n<p style=\"text-align: center; font-weight: 900;\"><strong>\u0141\u0104CZNA WARTO\u015a\u0106 PAKIETU: <\/strong><strong style=\"font-weight: 900; text-decoration: line-through; color: red;\">8\u00a0680 z\u0142<\/strong><\/p>\n<p>[\/vc_column_text][\/vc_column_inner][\/vc_row_inner][vc_column_text]<\/p>\n<p style=\"text-align: center;\"><strong>TWOJA CENA W PAKIECIE<\/strong><\/p>\n<p style=\"text-align: center; font-size: 3rem; color: #ce007c;\"><strong>4980 z\u0142<\/strong><\/p>\n<p style=\"text-align: center; font-size: 1rem; color: #ce007c;\"><strong>(3700 z\u0142 mniej)<\/strong><\/p>\n<p>[\/vc_column_text][vc_row_inner css=&#8221;.vc_custom_1774198614013{margin-top: 1rem !important;}&#8221;][vc_column_inner][vc_btn title=&#8221;ZAKUP W PAKIECIE TANIEJ!&#8221; style=&#8221;classic&#8221; color=&#8221;juicy-pink&#8221; size=&#8221;lg&#8221; align=&#8221;center&#8221; el_class=&#8221;kursmbutton&#8221; link=&#8221;url:https%3A%2F%2Fmetoda-tippinga.pl%2Fweb%2Fcart%2F%3Fadd-to-cart%3D15478%26quantity%3D1&#8243;][\/vc_column_inner][\/vc_row_inner][\/vc_column][\/vc_row]<\/p>\n<\/div>","protected":false},"excerpt":{"rendered":"<p>[vc_row][vc_column][vc_column_text el_class=&#8221;mobilepadfix&#8221;] Pakiet Uwolnij blokuj\u0105ce przekonania cz. 1 Jeste\u015b wolno\u015bci\u0105 + cz. 2 Jeste\u015b obfito\u015bci\u0105 [\/vc_column_text][\/vc_column][\/vc_row][vc_row][vc_column][vc_column_text] Metoda Byron Katie &amp; Metoda Tippinga [\/vc_column_text][vc_column_text] Mam dla Ciebie przygotowan\u0105 kompleksow\u0105, dwuetapow\u0105 drog\u0119 pracy z pod\u015bwiadomo\u015bci\u0105, kt\u00f3ra \u0142\u0105czy precyzj\u0119 metody Byron Katie z transformuj\u0105c\u0105 si\u0142\u0105 Metody Tippinga (Radykalne Wybaczanie). [\/vc_column_text][\/vc_column][\/vc_row][vc_row css=&#8221;.vc_custom_1774172497436{margin-top: 2rem !important;}&#8221;][vc_column][vc_column_text] Jak wygl\u0105da ta \u015bcie\u017cka? Praca nad przekonaniami zosta\u0142a podzielona na dwa logiczne i uzupe\u0142niaj\u0105ce si\u0119 etapy: [\/vc_column_text][\/vc_column][\/vc_row][vc_row content_placement=&#8221;middle&#8221;][vc_column width=&#8221;1\/4&#8243;][vc_single_image image=&#8221;15472&#8243; img_size=&#8221;full&#8221; alignment=&#8221;right&#8221;][\/vc_column][vc_column width=&#8221;3\/4&#8243;][vc_column_text]Etap pierwszy: cz. 1 JESTE\u015a WOLNO\u015aCI\u0104[\/vc_column_text][vc_column_text css=&#8221;.vc_custom_1774880088900{margin-top: -1rem !important;}&#8221;]To fundament. Uczysz si\u0119, jak u\u015bwiadomi\u0107 sobie blokuj\u0105ce przekonania, jak dzia\u0142a Twoja pod\u015bwiadomo\u015b\u0107 i otrzymujesz narz\u0119dzia, by skutecznie pozwoli\u0107 tym blokadom odej\u015b\u0107. (Warto\u015b\u0107 3370 z\u0142)[\/vc_column_text][\/vc_column][\/vc_row][vc_row content_placement=&#8221;middle&#8221;][vc_column width=&#8221;1\/4&#8243;][vc_single_image image=&#8221;15471&#8243; img_size=&#8221;full&#8221; alignment=&#8221;right&#8221;][\/vc_column][vc_column width=&#8221;3\/4&#8243;][vc_column_text]Etap drugi: cz. 2 JESTE\u015a OBFITO\u015aCI\u0104[\/vc_column_text][vc_column_text css=&#8221;.vc_custom_1774880149040{margin-top: -1rem !important;}&#8221;]To g\u0142\u0119boka praca warsztatowa skupiona na Twoim dostatku, finansach i manifestacji marze\u0144. Tutaj przekuwasz zdobyt\u0105 wolno\u015b\u0107 w konkretn\u0105 energi\u0119 przyci\u0105gania. (Warto\u015b\u0107 3370 z\u0142)[\/vc_column_text][\/vc_column][\/vc_row][vc_row content_placement=&#8221;middle&#8221;][vc_column width=&#8221;1\/4&#8243;][\/vc_column][vc_column width=&#8221;3\/4&#8243;][vc_column_text]BONUS[\/vc_column_text][vc_column_text css=&#8221;.vc_custom_1774880181469{margin-top: -1rem !important;}&#8221;]Dodatkowy warsztat online (2h) z Magdalen\u0105 po drugiej cz\u0119\u015bci szkolenia (Warto\u015b\u0107 1940 z\u0142)[\/vc_column_text][\/vc_column][\/vc_row][vc_row css=&#8221;.vc_custom_1774880458507{margin-top: 2rem !important;padding-right: 1rem !important;padding-left: 1rem !important;background-color: #00b8b0 !important;border-radius: 20px !important;}&#8221;][vc_column][vc_column_text] Wa\u017cna informacja o kolejno\u015bci: Ze wzgl\u0119du na specyfik\u0119 metod, cz\u0119\u015b\u0107 druga (JESTE\u015a OBFITO\u015aCI\u0104) jest dost\u0119pna wy\u0142\u0105cznie dla os\u00f3b, kt\u00f3re uko\u0144czy\u0142y cz\u0119\u015b\u0107 pierwsz\u0105 (JESTE\u015a WOLNO\u015aCI\u0104). Cz\u0119\u015b\u0107 pierwsza przygotowuje Ci\u0119 narz\u0119dziowo do g\u0142\u0119bokich proces\u00f3w manifestacji. [\/vc_column_text][\/vc_column][\/vc_row][vc_row el_class=&#8221;promotablecomparelp&#8221; css=&#8221;.vc_custom_1774196670732{margin-top: 2rem !important;}&#8221;][vc_column css=&#8221;.vc_custom_1774880962990{margin-top: 0px !important;border-top-width: 0px !important;padding-top: 0px !important;}&#8221;][vc_row_inner css=&#8221;.vc_custom_1774881051375{padding-top: 2rem !important;background-color: #00b8b0 !important;}&#8221; el_class=&#8221;specialpricinglp&#8221;][vc_column_inner css=&#8221;.vc_custom_1774880954062{margin-top: 0px !important;border-top-width: 0px !important;padding-top: 0px !important;}&#8221;][vc_column_text] Wybieraj\u0105c PAKIET (JESTE\u015a WOLNO\u015aCI\u0104 + JESTE\u015a OBFITO\u015aCI\u0104) oszcz\u0119dzasz! [\/vc_column_text][\/vc_column_inner][\/vc_row_inner][vc_row_inner el_class=&#8221;dashbottomlp&#8221;][vc_column_inner width=&#8221;2\/3&#8243;][vc_column_text el_class=&#8221;pricinglpleft&#8221;]Cena dw\u00f3ch osobnych szkole\u0144:[\/vc_column_text][\/vc_column_inner][vc_column_inner width=&#8221;1\/3&#8243;][vc_column_text el_class=&#8221;pricinglpright&#8221;]6 740 z\u0142 (2 x 3370 z\u0142)[\/vc_column_text][\/vc_column_inner][\/vc_row_inner][vc_row_inner css=&#8221;.vc_custom_1774195800770{margin-top: 1rem !important;}&#8221; el_class=&#8221;dashbottomlp&#8221;][vc_column_inner width=&#8221;2\/3&#8243;][vc_column_text el_class=&#8221;pricinglpleft&#8221;]Bonusowe warsztaty online po cz. 2:[\/vc_column_text][\/vc_column_inner][vc_column_inner width=&#8221;1\/3&#8243;][vc_column_text el_class=&#8221;pricinglpright&#8221;]1940 z\u0142[\/vc_column_text][\/vc_column_inner][\/vc_row_inner][vc_row_inner][vc_column_inner][vc_separator color=&#8221;custom&#8221; border_width=&#8221;2&#8243; accent_color=&#8221;#ce007c&#8221;][vc_column_text] \u0141\u0104CZNA WARTO\u015a\u0106 PAKIETU: 8\u00a0680 z\u0142 [\/vc_column_text][\/vc_column_inner][\/vc_row_inner][vc_column_text] TWOJA CENA W PAKIECIE 4980 z\u0142 (3700 z\u0142 mniej) [\/vc_column_text][vc_row_inner css=&#8221;.vc_custom_1774198614013{margin-top: 1rem !important;}&#8221;][vc_column_inner][vc_btn title=&#8221;ZAKUP W PAKIECIE TANIEJ!&#8221; style=&#8221;classic&#8221; color=&#8221;juicy-pink&#8221; size=&#8221;lg&#8221; align=&#8221;center&#8221; el_class=&#8221;kursmbutton&#8221; link=&#8221;url:https%3A%2F%2Fmetoda-tippinga.pl%2Fweb%2Fcart%2F%3Fadd-to-cart%3D15478%26quantity%3D1&#8243;][\/vc_column_inner][\/vc_row_inner][\/vc_column][\/vc_row]<\/p>\n","protected":false},"featured_media":15470,"template":"","meta":[],"product_brand":[],"product_cat":[128],"product_tag":[124,126,125],"class_list":{"0":"post-15478","1":"product","2":"type-product","3":"status-publish","4":"has-post-thumbnail","6":"product_cat-strefa-trenera","7":"product_tag-online","8":"product_tag-przekonania","9":"product_tag-warsztat","11":"first","12":"instock","13":"sale","14":"virtual","15":"sold-individually","16":"taxable","17":"purchasable","18":"product-type-simple"},"publishpress_future_action":{"enabled":false,"date":"2026-04-18 07:34:43","action":"change-status","newStatus":"draft","terms":[],"taxonomy":"product_brand","extraData":[]},"publishpress_future_workflow_manual_trigger":{"enabledWorkflows":[]},"_links":{"self":[{"href":"https:\/\/metoda-tippinga.pl\/web\/wp-json\/wp\/v2\/product\/15478","targetHints":{"allow":["GET"]}}],"collection":[{"href":"https:\/\/metoda-tippinga.pl\/web\/wp-json\/wp\/v2\/product"}],"about":[{"href":"https:\/\/metoda-tippinga.pl\/web\/wp-json\/wp\/v2\/types\/product"}],"wp:featuredmedia":[{"embeddable":true,"href":"https:\/\/metoda-tippinga.pl\/web\/wp-json\/wp\/v2\/media\/15470"}],"wp:attachment":[{"href":"https:\/\/metoda-tippinga.pl\/web\/wp-json\/wp\/v2\/media?parent=15478"}],"wp:term":[{"taxonomy":"product_brand","embeddable":true,"href":"https:\/\/metoda-tippinga.pl\/web\/wp-json\/wp\/v2\/product_brand?post=15478"},{"taxonomy":"product_cat","embeddable":true,"href":"https:\/\/metoda-tippinga.pl\/web\/wp-json\/wp\/v2\/product_cat?post=15478"},{"taxonomy":"product_tag","embeddable":true,"href":"https:\/\/metoda-tippinga.pl\/web\/wp-json\/wp\/v2\/product_tag?post=15478"}],"curies":[{"name":"wp","href":"https:\/\/api.w.org\/{rel}","templated":true}]}}