
{"id":15538,"date":"2026-04-07T10:42:24","date_gmt":"2026-04-07T08:42:24","guid":{"rendered":"https:\/\/metoda-tippinga.pl\/web\/?post_type=product&#038;p=15538"},"modified":"2026-04-07T10:44:01","modified_gmt":"2026-04-07T08:44:01","slug":"warsztat-online-uwolnij-blokujace-przekonania-cz-25-6-grudnia-2026","status":"publish","type":"product","link":"https:\/\/metoda-tippinga.pl\/web\/produkt\/warsztat-online-uwolnij-blokujace-przekonania-cz-25-6-grudnia-2026\/","title":{"rendered":"Warsztat Online: Uwolnij blokuj\u0105ce przekonania cz.2<br\/>5-6 grudnia 2026"},"content":{"rendered":"<div class=\"wpb-content-wrapper\"><p>[vc_row][vc_column][vc_video link=&#8221;https:\/\/www.youtube.com\/watch?v=ZCJlg_U73X0&#8243; align=&#8221;center&#8221;][vc_column_text]<\/p>\n<p class=\"Standard\" style=\"color: red; font-size: 1.2rem;\"><strong>Uwaga! Oferta jest tylko dla os\u00f3b, kt\u00f3re by\u0142y uczestnikami warsztatu<\/strong><br \/>\n\u201cUwolnij blokuj\u0105ce przekonania wg Byron Katie i Metody Tippinga cz. 1 Jeste\u015b wolno\u015bci\u0105\u201d <strong><br \/>\n<\/strong><\/p>\n<p class=\"Standard\"><strong>Termin:<\/strong> 5-6 grudnia 2026<\/p>\n<p class=\"Standard\"><strong>Cena: <\/strong>3370 z\u0142<\/p>\n<p><strong>Mo\u017cliwo\u015b\u0107 rat 0%<\/strong>[\/vc_column_text][vc_btn title=&#8221;KUP TERAZ ZA JEDNORAZOW\u0104 WP\u0141AT\u0104&#8221; color=&#8221;purple&#8221; size=&#8221;lg&#8221; align=&#8221;center&#8221; link=&#8221;url:https%3A%2F%2Fmetoda-tippinga.pl%2Fweb%2Fcart%2F%3Fadd-to-cart%3D15538%26quantity%3D1&#8243;][vc_single_image image=&#8221;9075&#8243; img_size=&#8221;full&#8221; alignment=&#8221;center&#8221; onclick=&#8221;custom_link&#8221; link=&#8221;https:\/\/metoda-tippinga.pl\/web\/cart\/?add-to-cart=15538&amp;quantity=1&#8243;][vc_column_text css=&#8221;.vc_custom_1774879247885{margin-top: 70px !important;}&#8221; el_class=&#8221;hide&#8221;]<strong>Zaliczka:<\/strong> 700 z\u0142<\/p>\n<p>Pozosta\u0142a kwota, tj. 2170 z\u0142 p\u0142atna do dnia 30 kwietnia 2026 roku.[\/vc_column_text][vc_btn title=&#8221;KUP TERAZ W RAMACH P\u0141ATNO\u015aCI ZALICZKI&#8221; color=&#8221;purple&#8221; size=&#8221;lg&#8221; align=&#8221;center&#8221; link=&#8221;url:https%3A%2F%2Fmetoda-tippinga.pl%2Fweb%2Fcart%2F%3Fadd-to-cart%3D13792%26quantity%3D1&#8243; el_class=&#8221;hide&#8221;][vc_column_text css=&#8221;.vc_custom_1760203179964{margin-top: 70px !important;}&#8221; el_class=&#8221;hide&#8221;]<strong>UWAGA! Przedsprzeda\u017c wa\u017cna do 31 maja godz. 23:59!<\/strong>[\/vc_column_text][vc_column_text][\/vc_column_text][vc_column_text css=&#8221;.vc_custom_1760203235118{margin-bottom: 10px !important;}&#8221;]<\/p>\n<h3 style=\"text-align: center;\"><strong>Po zako\u0144czeniu kursu otrzymasz dyplom potwierdzaj\u0105cy Tw\u00f3j udzia\u0142<\/strong><\/h3>\n<p>[\/vc_column_text][vc_single_image image=&#8221;14922&#8243; img_size=&#8221;large&#8221; alignment=&#8221;center&#8221;][\/vc_column][\/vc_row][vc_row css=&#8221;.vc_custom_1767005934606{margin-top: 3rem !important;}&#8221;][vc_column][vc_column_text]<\/p>\n<h3><b>Praca z przekonaniami metod\u0105 Byron Katie i Metod\u0105 Tippinga<\/b><\/h3>\n<p>Odkryj, co naprawd\u0119 stoi mi\u0119dzy Tob\u0105, a Twoj\u0105 obfito\u015bci\u0105 \u2013 i przekszta\u0142\u0107 to w energi\u0119 przyci\u0105gania tego czego pragniesz.<\/p>\n<p>&nbsp;<\/p>\n<h3><b>Dla kogo jest ten warsztat?<\/b><\/h3>\n<p>Dla Ciebie, je\u015bli czujesz, \u017ce:<\/p>\n<ul>\n<li aria-level=\"1\">Mimo wysi\u0142ku wci\u0105\u017c si\u0119 nie spe\u0142niaj\u0105 Twoje marzenia finansowe<\/li>\n<li aria-level=\"1\">Ci\u0105gle powtarzasz te same schematy w finansach lub relacjach<\/li>\n<li aria-level=\"1\">Masz poczucie, \u017ce \u201eco\u015b\u201d Ci\u0119 powstrzymuje \u2013 cho\u0107 nie potrafisz tego nazwa\u0107<\/li>\n<li aria-level=\"1\">Pragniesz wi\u0119kszej lekko\u015bci, zaufania i spokoju w temacie pieni\u0119dzy i \u017cycia<\/li>\n<li aria-level=\"1\">Chcesz nauczy\u0107 si\u0119 narz\u0119dzi, kt\u00f3re mo\u017cesz stosowa\u0107 samodzielnie (i z klientami, je\u015bli pracujesz z lud\u017ami)<\/li>\n<\/ul>\n<p>&nbsp;<\/p>\n<h3><b>Co b\u0119dzie na warsztacie?<\/b><\/h3>\n<p>Podczas dw\u00f3ch dni zanurzysz si\u0119 w proces, kt\u00f3ry po\u0142\u0105czy g\u0142\u0119bok\u0105 prac\u0119 z przekonaniami, energi\u0105 i sercem:<\/p>\n<ul>\n<li aria-level=\"1\"><b>Odkryjesz prawdziwe przyczyny<\/b> braku obfito\u015bci \u2013 tak\u017ce te ukryte g\u0142\u0119boko w pod\u015bwiadomo\u015bci<\/li>\n<li aria-level=\"1\"><b>Rozpoznasz wp\u0142yw otoczenia<\/b> na swoje przekonania i poczucie w\u0142asnej warto\u015bci<\/li>\n<li aria-level=\"1\"><b>Zidentyfikujesz sabotuj\u0105ce przekonania<\/b> (np. \u201enie zas\u0142uguj\u0119 na obfito\u015b\u0107\u201d, \u201epieni\u0105dze to nie duchowo\u015b\u0107\u201d)<\/li>\n<li aria-level=\"1\"><b>Przepracujesz je metod\u0105 Byron Katie<\/b> \u2013 4 pytania + odwr\u00f3cenia<\/li>\n<li aria-level=\"1\"><b>Zastosujesz pytanie transformuj\u0105ce z Metody Tippinga<\/b>: \u201eCo, je\u015bli ta sytuacja wydarzy\u0142a si\u0119 dla mojego dobra?\u201d<\/li>\n<li aria-level=\"1\"><b>Wypowiesz marzenie na g\u0142os<\/b> i odkryjesz ukryte intencje, kt\u00f3re je blokuj\u0105<\/li>\n<li aria-level=\"1\"><b>Przejdziesz przez 6 krok\u00f3w manifestacji<\/b> z Arkuszem \u015awiadomo\u015bci Pieni\u0119dzy<\/li>\n<li aria-level=\"1\"><b>We\u017amiesz udzia\u0142 w medytacji \u201eZ\u0142otej Obfito\u015bci\u201d<\/b> i grupowym Power Shifcie<\/li>\n<li aria-level=\"1\"><b>Uwolnisz stare przekonania<\/b> w symbolicznej ceremonii puszczenia<\/li>\n<\/ul>\n<p>[\/vc_column_text][vc_btn title=&#8221;ZAPISZ SI\u0118 TERAZ&#8221; color=&#8221;purple&#8221; size=&#8221;lg&#8221; align=&#8221;center&#8221; link=&#8221;url:https%3A%2F%2Fmetoda-tippinga.pl%2Fweb%2Fcart%2F%3Fadd-to-cart%3D15538%26quantity%3D1&#8243;][vc_column_text]<\/p>\n<h3><b>Jakie odniesiesz korzy\u015bci?<\/b><\/h3>\n<p>Po warsztacie:<\/p>\n<ul>\n<li aria-level=\"1\">U\u015bwiadomisz sobie niewidzialne blokady i przekonania sabotuj\u0105ce obfito\u015b\u0107 finansow\u0105<\/li>\n<li aria-level=\"1\">Utrwalisz prac\u0119 z 4 krokami metody The Work<\/li>\n<li aria-level=\"1\">Do\u015bwiadczysz realnej zmiany \u2013 z poziomu braku na poziom wdzi\u0119czno\u015bci i zaufania<\/li>\n<li aria-level=\"1\">Zwi\u0119kszysz poczucie sprawczo\u015bci i lekko\u015bci w obszarze finans\u00f3w<\/li>\n<li aria-level=\"1\">Otrzymasz konkretne narz\u0119dzia: arkusze, pytania, \u0107wiczenia, medytacje do dalszej pracy<\/li>\n<li aria-level=\"1\">Poczujesz si\u0119 wolna\/y od lojalno\u015bci wobec przesz\u0142o\u015bci, systemu rodzinnego czy spo\u0142ecznych schemat\u00f3w<\/li>\n<li aria-level=\"1\">Wejdziesz na wy\u017cszy poziom wibracji \u2013 nie przez powtarzanie afirmacji, lecz przez g\u0142\u0119bok\u0105 transformacj\u0119<\/li>\n<\/ul>\n<p>&nbsp;<\/p>\n<h3><b>Co otrzymasz w ramach warsztatu?<\/b><\/h3>\n<ul>\n<li>Specjalny Workbook do pracy w\u0142asnej<\/li>\n<li>Arkusze pracy (The Work + Arkusz \u015bwiadomo\u015bci Pieni\u0119dzy, Arkusz Manifestach\u00a0Marze\u0144)<\/li>\n<li>Ebook \u201e9 warunk\u00f3w manifestacji marze\u0144&#8221;<\/li>\n<li>Medytacj\u0119 &#8222;15 krok\u00f3w do uzdrowienia relacji z pienie\u0328dzmi&#8221;<\/li>\n<li>Medytacj\u0119 &#8222;Z\u0142ota Medytacja_Andre Spira&#8221;<\/li>\n<li>Medytacj\u0119 Deepaka Chopra &#8211; do w\u0142asnego nagrania<\/li>\n<li>Zadania utrwalaj\u0105ce po warsztacie (w parze)<\/li>\n<li>Certyfikat i za\u015bwiadczenie\u00a0uko\u0144czenia warsztatu wydany przez Niepuliczna Plac\u00f3wk\u0119 Kszta\u0142cenia Ustawicznego<\/li>\n<\/ul>\n<p>UWAGA! \ud83d\udca5 BONUS! \ud83d\udca5 Spotkanie online po 1 miesi\u0105cu \u2013 webinar utrwalaj\u0105cy nowe przekonania, oddanie marzenia G\u00f3rze i puszczenie kontroli[\/vc_column_text][vc_column_text][\/vc_column_text][vc_column_text]<\/p>\n<h3><b>Czy jeste\u015b gotowa\/y na swoj\u0105 obfito\u015b\u0107?<\/b><\/h3>\n<p>To b\u0119d\u0105 dwa dni, kt\u00f3re mog\u0105 zmieni\u0107 Twoje \u017cycie \u2013 nie przez teori\u0119, ale przez g\u0142\u0119bokie do\u015bwiadczenie i transformacj\u0119.<br \/>\nKliknij poni\u017cej i zarezerwuj swoje miejsce.[\/vc_column_text][vc_btn title=&#8221;ZAPISZ SI\u0118 TERAZ&#8221; color=&#8221;purple&#8221; size=&#8221;lg&#8221; align=&#8221;center&#8221; link=&#8221;url:https%3A%2F%2Fmetoda-tippinga.pl%2Fweb%2Fcart%2F%3Fadd-to-cart%3D15538%26quantity%3D1&#8243;][\/vc_column][\/vc_row]<\/p>\n<\/div>","protected":false},"excerpt":{"rendered":"<p>[vc_row][vc_column][vc_video link=&#8221;https:\/\/www.youtube.com\/watch?v=ZCJlg_U73X0&#8243; align=&#8221;center&#8221;][vc_column_text] Uwaga! Oferta jest tylko dla os\u00f3b, kt\u00f3re by\u0142y uczestnikami warsztatu \u201cUwolnij blokuj\u0105ce przekonania wg Byron Katie i Metody Tippinga cz. 1 Jeste\u015b wolno\u015bci\u0105\u201d Termin: 5-6 grudnia 2026 Cena: 3370 z\u0142 Mo\u017cliwo\u015b\u0107 rat 0%[\/vc_column_text][vc_btn title=&#8221;KUP TERAZ ZA JEDNORAZOW\u0104 WP\u0141AT\u0104&#8221; color=&#8221;purple&#8221; size=&#8221;lg&#8221; align=&#8221;center&#8221; link=&#8221;url:https%3A%2F%2Fmetoda-tippinga.pl%2Fweb%2Fcart%2F%3Fadd-to-cart%3D15538%26quantity%3D1&#8243;][vc_single_image image=&#8221;9075&#8243; img_size=&#8221;full&#8221; alignment=&#8221;center&#8221; onclick=&#8221;custom_link&#8221; link=&#8221;https:\/\/metoda-tippinga.pl\/web\/cart\/?add-to-cart=15538&amp;quantity=1&#8243;][vc_column_text css=&#8221;.vc_custom_1774879247885{margin-top: 70px !important;}&#8221; el_class=&#8221;hide&#8221;]Zaliczka: 700 z\u0142 Pozosta\u0142a kwota, tj. 2170 z\u0142 p\u0142atna do dnia 30 kwietnia 2026 roku.[\/vc_column_text][vc_btn title=&#8221;KUP TERAZ W RAMACH P\u0141ATNO\u015aCI ZALICZKI&#8221; color=&#8221;purple&#8221; size=&#8221;lg&#8221; align=&#8221;center&#8221; link=&#8221;url:https%3A%2F%2Fmetoda-tippinga.pl%2Fweb%2Fcart%2F%3Fadd-to-cart%3D13792%26quantity%3D1&#8243; el_class=&#8221;hide&#8221;][vc_column_text css=&#8221;.vc_custom_1760203179964{margin-top: 70px !important;}&#8221; el_class=&#8221;hide&#8221;]UWAGA! Przedsprzeda\u017c wa\u017cna do 31 maja godz. 23:59![\/vc_column_text][vc_column_text][\/vc_column_text][vc_column_text css=&#8221;.vc_custom_1760203235118{margin-bottom: 10px !important;}&#8221;] Po zako\u0144czeniu kursu otrzymasz dyplom potwierdzaj\u0105cy Tw\u00f3j udzia\u0142 [\/vc_column_text][vc_single_image image=&#8221;14922&#8243; img_size=&#8221;large&#8221; alignment=&#8221;center&#8221;][\/vc_column][\/vc_row][vc_row css=&#8221;.vc_custom_1767005934606{margin-top: 3rem !important;}&#8221;][vc_column][vc_column_text] Praca z przekonaniami metod\u0105 Byron Katie i Metod\u0105 Tippinga Odkryj, co naprawd\u0119 stoi mi\u0119dzy Tob\u0105, a Twoj\u0105 obfito\u015bci\u0105 \u2013 i przekszta\u0142\u0107 to w energi\u0119 przyci\u0105gania tego czego pragniesz. &nbsp; Dla kogo jest ten warsztat? Dla Ciebie, je\u015bli czujesz, \u017ce: Mimo wysi\u0142ku wci\u0105\u017c si\u0119 nie spe\u0142niaj\u0105 Twoje marzenia finansowe Ci\u0105gle powtarzasz te same schematy w finansach lub relacjach Masz poczucie, \u017ce \u201eco\u015b\u201d Ci\u0119 powstrzymuje \u2013 cho\u0107 nie potrafisz tego nazwa\u0107 Pragniesz wi\u0119kszej lekko\u015bci, zaufania i spokoju w temacie pieni\u0119dzy i \u017cycia Chcesz nauczy\u0107 si\u0119 narz\u0119dzi, kt\u00f3re mo\u017cesz stosowa\u0107 samodzielnie (i z klientami, je\u015bli pracujesz z lud\u017ami) &nbsp; Co b\u0119dzie na warsztacie? Podczas dw\u00f3ch dni zanurzysz si\u0119 w proces, kt\u00f3ry po\u0142\u0105czy g\u0142\u0119bok\u0105 prac\u0119 z przekonaniami, energi\u0105 i sercem: Odkryjesz prawdziwe przyczyny braku obfito\u015bci \u2013 tak\u017ce te ukryte g\u0142\u0119boko w pod\u015bwiadomo\u015bci Rozpoznasz wp\u0142yw otoczenia na swoje przekonania i poczucie w\u0142asnej warto\u015bci Zidentyfikujesz sabotuj\u0105ce przekonania (np. \u201enie zas\u0142uguj\u0119 na obfito\u015b\u0107\u201d, \u201epieni\u0105dze to nie duchowo\u015b\u0107\u201d) Przepracujesz je metod\u0105 Byron Katie \u2013 4 pytania + odwr\u00f3cenia Zastosujesz pytanie transformuj\u0105ce z Metody Tippinga: \u201eCo, je\u015bli ta sytuacja wydarzy\u0142a si\u0119 dla mojego dobra?\u201d Wypowiesz marzenie na g\u0142os i odkryjesz ukryte intencje, kt\u00f3re je blokuj\u0105 Przejdziesz przez 6 krok\u00f3w manifestacji z Arkuszem \u015awiadomo\u015bci Pieni\u0119dzy We\u017amiesz udzia\u0142 w medytacji \u201eZ\u0142otej Obfito\u015bci\u201d i grupowym Power Shifcie Uwolnisz stare przekonania w symbolicznej ceremonii puszczenia [\/vc_column_text][vc_btn title=&#8221;ZAPISZ SI\u0118 TERAZ&#8221; color=&#8221;purple&#8221; size=&#8221;lg&#8221; align=&#8221;center&#8221; link=&#8221;url:https%3A%2F%2Fmetoda-tippinga.pl%2Fweb%2Fcart%2F%3Fadd-to-cart%3D15538%26quantity%3D1&#8243;][vc_column_text] Jakie odniesiesz korzy\u015bci? Po warsztacie: U\u015bwiadomisz sobie niewidzialne blokady i przekonania sabotuj\u0105ce obfito\u015b\u0107 finansow\u0105 Utrwalisz prac\u0119 z 4 krokami metody The Work Do\u015bwiadczysz realnej zmiany \u2013 z poziomu braku na poziom wdzi\u0119czno\u015bci i zaufania Zwi\u0119kszysz poczucie sprawczo\u015bci i lekko\u015bci w obszarze finans\u00f3w Otrzymasz konkretne narz\u0119dzia: arkusze, pytania, \u0107wiczenia, medytacje do dalszej pracy Poczujesz si\u0119 wolna\/y od lojalno\u015bci wobec przesz\u0142o\u015bci, systemu rodzinnego czy spo\u0142ecznych schemat\u00f3w Wejdziesz na wy\u017cszy poziom wibracji \u2013 nie przez powtarzanie afirmacji, lecz przez g\u0142\u0119bok\u0105 transformacj\u0119 &nbsp; Co otrzymasz w ramach warsztatu? Specjalny Workbook do pracy w\u0142asnej Arkusze pracy (The Work + Arkusz \u015bwiadomo\u015bci Pieni\u0119dzy, Arkusz Manifestach\u00a0Marze\u0144) Ebook \u201e9 warunk\u00f3w manifestacji marze\u0144&#8221; Medytacj\u0119 &#8222;15 krok\u00f3w do uzdrowienia relacji z pienie\u0328dzmi&#8221; Medytacj\u0119 &#8222;Z\u0142ota Medytacja_Andre Spira&#8221; Medytacj\u0119 Deepaka Chopra &#8211; do w\u0142asnego nagrania Zadania utrwalaj\u0105ce po warsztacie (w parze) Certyfikat i za\u015bwiadczenie\u00a0uko\u0144czenia warsztatu wydany przez Niepuliczna Plac\u00f3wk\u0119 Kszta\u0142cenia Ustawicznego UWAGA! \ud83d\udca5 BONUS! \ud83d\udca5 Spotkanie online po 1 miesi\u0105cu \u2013 webinar utrwalaj\u0105cy nowe przekonania, oddanie marzenia G\u00f3rze i puszczenie kontroli[\/vc_column_text][vc_column_text][\/vc_column_text][vc_column_text] Czy jeste\u015b gotowa\/y na swoj\u0105 obfito\u015b\u0107? To b\u0119d\u0105 dwa dni, kt\u00f3re mog\u0105 zmieni\u0107 Twoje \u017cycie \u2013 nie przez teori\u0119, ale przez g\u0142\u0119bokie do\u015bwiadczenie i transformacj\u0119. Kliknij poni\u017cej i zarezerwuj swoje miejsce.[\/vc_column_text][vc_btn title=&#8221;ZAPISZ SI\u0118 [&hellip;]<\/p>\n","protected":false},"featured_media":15471,"template":"","meta":[],"product_brand":[],"product_cat":[315,164,128],"product_tag":[],"class_list":{"0":"post-15538","1":"product","2":"type-product","3":"status-publish","4":"has-post-thumbnail","6":"product_cat-certyfikacja","7":"product_cat-opcja-raty","8":"product_cat-strefa-trenera","10":"first","11":"instock","12":"virtual","13":"taxable","14":"purchasable","15":"product-type-simple"},"publishpress_future_action":{"enabled":false,"date":"2026-04-18 07:34:44","action":"change-status","newStatus":"draft","terms":[],"taxonomy":"product_brand","extraData":[]},"publishpress_future_workflow_manual_trigger":{"enabledWorkflows":[]},"_links":{"self":[{"href":"https:\/\/metoda-tippinga.pl\/web\/wp-json\/wp\/v2\/product\/15538","targetHints":{"allow":["GET"]}}],"collection":[{"href":"https:\/\/metoda-tippinga.pl\/web\/wp-json\/wp\/v2\/product"}],"about":[{"href":"https:\/\/metoda-tippinga.pl\/web\/wp-json\/wp\/v2\/types\/product"}],"wp:featuredmedia":[{"embeddable":true,"href":"https:\/\/metoda-tippinga.pl\/web\/wp-json\/wp\/v2\/media\/15471"}],"wp:attachment":[{"href":"https:\/\/metoda-tippinga.pl\/web\/wp-json\/wp\/v2\/media?parent=15538"}],"wp:term":[{"taxonomy":"product_brand","embeddable":true,"href":"https:\/\/metoda-tippinga.pl\/web\/wp-json\/wp\/v2\/product_brand?post=15538"},{"taxonomy":"product_cat","embeddable":true,"href":"https:\/\/metoda-tippinga.pl\/web\/wp-json\/wp\/v2\/product_cat?post=15538"},{"taxonomy":"product_tag","embeddable":true,"href":"https:\/\/metoda-tippinga.pl\/web\/wp-json\/wp\/v2\/product_tag?post=15538"}],"curies":[{"name":"wp","href":"https:\/\/api.w.org\/{rel}","templated":true}]}}