
{"id":15551,"date":"2026-04-07T11:01:58","date_gmt":"2026-04-07T09:01:58","guid":{"rendered":"https:\/\/metoda-tippinga.pl\/web\/?post_type=product&#038;p=15551"},"modified":"2026-04-07T18:48:00","modified_gmt":"2026-04-07T16:48:00","slug":"wprowadzenie-do-radykalnego-wybaczania-2","status":"publish","type":"product","link":"https:\/\/metoda-tippinga.pl\/web\/produkt\/wprowadzenie-do-radykalnego-wybaczania-2\/","title":{"rendered":"Wprowadzenie do Radykalnego Wybaczania"},"content":{"rendered":"<div class=\"wpb-content-wrapper\"><p>[vc_row][vc_column][vc_column_text]<strong style=\"font-size: 1.5rem; color: #cb0179;\">Wprowadzenie do Radykalnego Wybaczania<\/strong> \u2013 uwolnij si\u0119 od przesz\u0142o\u015bci i b\u00f3lu<\/p>\n<p>W tym wideo poznasz esencj\u0119 metody Radykalnego Wybaczania Colina Tippinga \u2013 narz\u0119dzia, kt\u00f3re pozwala zobaczy\u0107 trudne do\u015bwiadczenia z nowej perspektywy i zamieni\u0107 je w si\u0142\u0119.<\/p>\n<p>Dowiesz si\u0119:<\/p>\n<ul>\n<li>czym Radykalne Wybaczanie r\u00f3\u017cni si\u0119 od zwyk\u0142ego &#8222;puszczania win&#8221;,<\/li>\n<li>dlaczego nieprzepracowane emocje i urazy zatrzymuj\u0105 Ci\u0119 w miejscu,<\/li>\n<li>jak proces wybaczania wp\u0142ywa na zdrowie, poczucie warto\u015bci i relacje.<\/li>\n<\/ul>\n<p>To idealny materia\u0142 dla os\u00f3b, kt\u00f3re czuj\u0105 ci\u0119\u017car rozsta\u0144, zranie\u0144, zdrad lub emocjonalnych zaniedba\u0144 \u2013 i chc\u0105 wreszcie poczu\u0107 ulg\u0119.[\/vc_column_text][\/vc_column][\/vc_row]<\/p>\n<\/div>","protected":false},"excerpt":{"rendered":"<p>[vc_row][vc_column][vc_column_text]Wprowadzenie do Radykalnego Wybaczania \u2013 uwolnij si\u0119 od przesz\u0142o\u015bci i b\u00f3lu W tym wideo poznasz esencj\u0119 metody Radykalnego Wybaczania Colina Tippinga \u2013 narz\u0119dzia, kt\u00f3re pozwala zobaczy\u0107 trudne do\u015bwiadczenia z nowej perspektywy i zamieni\u0107 je w si\u0142\u0119. Dowiesz si\u0119: czym Radykalne Wybaczanie r\u00f3\u017cni si\u0119 od zwyk\u0142ego &#8222;puszczania win&#8221;, dlaczego nieprzepracowane emocje i urazy zatrzymuj\u0105 Ci\u0119 w miejscu, jak proces wybaczania wp\u0142ywa na zdrowie, poczucie warto\u015bci i relacje. To idealny materia\u0142 dla os\u00f3b, kt\u00f3re czuj\u0105 ci\u0119\u017car rozsta\u0144, zranie\u0144, zdrad lub emocjonalnych zaniedba\u0144 \u2013 i chc\u0105 wreszcie poczu\u0107 ulg\u0119.[\/vc_column_text][\/vc_column][\/vc_row]<\/p>\n","protected":false},"featured_media":15554,"template":"","meta":[],"product_brand":[],"product_cat":[123,82],"product_tag":[],"class_list":{"0":"post-15551","1":"product","2":"type-product","3":"status-publish","4":"has-post-thumbnail","6":"product_cat-nagrania","7":"product_cat-warsztaty","9":"first","10":"instock","11":"virtual","12":"sold-individually","13":"taxable","14":"purchasable","15":"product-type-simple"},"publishpress_future_action":{"enabled":false,"date":"2026-04-18 04:55:40","action":"change-status","newStatus":"draft","terms":[],"taxonomy":"product_brand","extraData":[]},"publishpress_future_workflow_manual_trigger":{"enabledWorkflows":[]},"_links":{"self":[{"href":"https:\/\/metoda-tippinga.pl\/web\/wp-json\/wp\/v2\/product\/15551","targetHints":{"allow":["GET"]}}],"collection":[{"href":"https:\/\/metoda-tippinga.pl\/web\/wp-json\/wp\/v2\/product"}],"about":[{"href":"https:\/\/metoda-tippinga.pl\/web\/wp-json\/wp\/v2\/types\/product"}],"wp:featuredmedia":[{"embeddable":true,"href":"https:\/\/metoda-tippinga.pl\/web\/wp-json\/wp\/v2\/media\/15554"}],"wp:attachment":[{"href":"https:\/\/metoda-tippinga.pl\/web\/wp-json\/wp\/v2\/media?parent=15551"}],"wp:term":[{"taxonomy":"product_brand","embeddable":true,"href":"https:\/\/metoda-tippinga.pl\/web\/wp-json\/wp\/v2\/product_brand?post=15551"},{"taxonomy":"product_cat","embeddable":true,"href":"https:\/\/metoda-tippinga.pl\/web\/wp-json\/wp\/v2\/product_cat?post=15551"},{"taxonomy":"product_tag","embeddable":true,"href":"https:\/\/metoda-tippinga.pl\/web\/wp-json\/wp\/v2\/product_tag?post=15551"}],"curies":[{"name":"wp","href":"https:\/\/api.w.org\/{rel}","templated":true}]}}