
{"id":15555,"date":"2026-04-07T11:05:20","date_gmt":"2026-04-07T09:05:20","guid":{"rendered":"https:\/\/metoda-tippinga.pl\/web\/?post_type=product&#038;p=15555"},"modified":"2026-04-07T18:47:57","modified_gmt":"2026-04-07T16:47:57","slug":"techniki-pracy-z-umyslem","status":"publish","type":"product","link":"https:\/\/metoda-tippinga.pl\/web\/produkt\/techniki-pracy-z-umyslem\/","title":{"rendered":"Techniki pracy z umys\u0142em"},"content":{"rendered":"<div class=\"wpb-content-wrapper\"><p>[vc_row][vc_column][vc_column_text]<strong style=\"font-size: 1.5rem; color: #cb0179;\">Techniki pracy z umys\u0142em<\/strong> \u2013 jak przesta\u0107 sabotowa\u0107 w\u0142asne szcz\u0119\u015bcie<br \/>\nW tym materiale otrzymasz konkretn\u0105 wiedz\u0119 o tym, jak dzia\u0142a Tw\u00f3j umys\u0142 \u2013 i jak mo\u017cesz go \u015bwiadomie przeprogramowa\u0107.<\/p>\n<p>Dowiesz si\u0119:<\/p>\n<ul>\n<li>czym s\u0105 ograniczaj\u0105ce przekonania i jak sabotuj\u0105 Twoje decyzje i relacje,<\/li>\n<li>jak je rozpozna\u0107 i zast\u0105pi\u0107 wspieraj\u0105cymi,<\/li>\n<li>poznasz proste techniki pracy z pod\u015bwiadomo\u015bci\u0105, kt\u00f3re mo\u017cesz wdro\u017cy\u0107 od razu.<\/li>\n<\/ul>\n<p>To wideo jest dla tych, kt\u00f3rzy nie chc\u0105 ju\u017c tylko rozumie\u0107 swoich problem\u00f3w, ale chc\u0105 realnie dzia\u0142a\u0107 i zmienia\u0107 swoje \u017cycie \u2013 krok po kroku.[\/vc_column_text][\/vc_column][\/vc_row]<\/p>\n<\/div>","protected":false},"excerpt":{"rendered":"<p>[vc_row][vc_column][vc_column_text]Techniki pracy z umys\u0142em \u2013 jak przesta\u0107 sabotowa\u0107 w\u0142asne szcz\u0119\u015bcie W tym materiale otrzymasz konkretn\u0105 wiedz\u0119 o tym, jak dzia\u0142a Tw\u00f3j umys\u0142 \u2013 i jak mo\u017cesz go \u015bwiadomie przeprogramowa\u0107. Dowiesz si\u0119: czym s\u0105 ograniczaj\u0105ce przekonania i jak sabotuj\u0105 Twoje decyzje i relacje, jak je rozpozna\u0107 i zast\u0105pi\u0107 wspieraj\u0105cymi, poznasz proste techniki pracy z pod\u015bwiadomo\u015bci\u0105, kt\u00f3re mo\u017cesz wdro\u017cy\u0107 od razu. To wideo jest dla tych, kt\u00f3rzy nie chc\u0105 ju\u017c tylko rozumie\u0107 swoich problem\u00f3w, ale chc\u0105 realnie dzia\u0142a\u0107 i zmienia\u0107 swoje \u017cycie \u2013 krok po kroku.[\/vc_column_text][\/vc_column][\/vc_row]<\/p>\n","protected":false},"featured_media":15553,"template":"","meta":[],"product_brand":[],"product_cat":[123,82],"product_tag":[],"class_list":{"0":"post-15555","1":"product","2":"type-product","3":"status-publish","4":"has-post-thumbnail","6":"product_cat-nagrania","7":"product_cat-warsztaty","9":"first","10":"instock","11":"virtual","12":"sold-individually","13":"taxable","14":"purchasable","15":"product-type-simple"},"publishpress_future_action":{"enabled":false,"date":"2026-04-18 03:36:57","action":"change-status","newStatus":"draft","terms":[],"taxonomy":"product_brand","extraData":[]},"publishpress_future_workflow_manual_trigger":{"enabledWorkflows":[]},"_links":{"self":[{"href":"https:\/\/metoda-tippinga.pl\/web\/wp-json\/wp\/v2\/product\/15555","targetHints":{"allow":["GET"]}}],"collection":[{"href":"https:\/\/metoda-tippinga.pl\/web\/wp-json\/wp\/v2\/product"}],"about":[{"href":"https:\/\/metoda-tippinga.pl\/web\/wp-json\/wp\/v2\/types\/product"}],"wp:featuredmedia":[{"embeddable":true,"href":"https:\/\/metoda-tippinga.pl\/web\/wp-json\/wp\/v2\/media\/15553"}],"wp:attachment":[{"href":"https:\/\/metoda-tippinga.pl\/web\/wp-json\/wp\/v2\/media?parent=15555"}],"wp:term":[{"taxonomy":"product_brand","embeddable":true,"href":"https:\/\/metoda-tippinga.pl\/web\/wp-json\/wp\/v2\/product_brand?post=15555"},{"taxonomy":"product_cat","embeddable":true,"href":"https:\/\/metoda-tippinga.pl\/web\/wp-json\/wp\/v2\/product_cat?post=15555"},{"taxonomy":"product_tag","embeddable":true,"href":"https:\/\/metoda-tippinga.pl\/web\/wp-json\/wp\/v2\/product_tag?post=15555"}],"curies":[{"name":"wp","href":"https:\/\/api.w.org\/{rel}","templated":true}]}}