
{"id":15609,"date":"2026-04-09T19:48:44","date_gmt":"2026-04-09T17:48:44","guid":{"rendered":"https:\/\/metoda-tippinga.pl\/web\/?post_type=product&#038;p=15609"},"modified":"2026-04-09T19:54:20","modified_gmt":"2026-04-09T17:54:20","slug":"mentoring-dla-trenerow-start-wrzesien-2026-2","status":"publish","type":"product","link":"https:\/\/metoda-tippinga.pl\/web\/produkt\/mentoring-dla-trenerow-start-wrzesien-2026-2\/","title":{"rendered":"Mentoring dla Trener\u00f3w start wrzesie\u0144 2026"},"content":{"rendered":"<div class=\"wpb-content-wrapper\"><p>[vc_row][vc_column][vc_column_text]<strong>Start<\/strong>: 2 wrze\u015bnia 2026<\/p>\n<p class=\"Standard\"><strong>Cena:<\/strong> 5700 z\u0142<\/p>\n<p>Dziesi\u0119\u0107 trzygodzinnych spotka\u0144 co dwa tygodnie, w \u015brody od 16.00 do 19.00 (30 godzin pracy + zadania domowe)[\/vc_column_text][vc_column_text css=&#8221;.vc_custom_1775757086752{margin-top: 3rem !important;}&#8221;]<\/p>\n<h3 class=\"Standard\"><strong><b>Dwa bonusy za wp\u0142at\u0119 ca\u0142ej kwoty!<\/b><\/strong><\/h3>\n<div>\n<p>Bonus nr 1 \u2013 Kurs Fundamenty Metody Tippinga \u201eOd Zrozumienia do Uwolnienia \u2013 3 filary pracy nad sob\u0105\u201d (nagranie) <strong>o warto\u015bci 1970 z\u0142<\/strong><\/p>\n<p>Bonus nr\u00a0 2 \u2013Pakiet Radykalnego Samowybaczania <strong>o warto\u015bci 646 z\u0142<\/strong><\/p>\n<div style=\"color: red; font-size: 1.2rem;\"><strong>Razem warto\u015b\u0107 bonus\u00f3w: 2616 z\u0142<\/strong><\/div>\n<\/div>\n<p>[\/vc_column_text][vc_btn title=&#8221;KUP Z BONUSEM ZA JEDNORAZOW\u0104 WP\u0141AT\u0118&#8221; color=&#8221;purple&#8221; size=&#8221;lg&#8221; align=&#8221;left&#8221; link=&#8221;url:https%3A%2F%2Fmetoda-tippinga.pl%2Fweb%2Fcart%2F%3Fadd-to-cart%3D15609%26quantity%3D1&#8243;][vc_single_image image=&#8221;9075&#8243; img_size=&#8221;full&#8221; onclick=&#8221;custom_link&#8221; link=&#8221;https:\/\/metoda-tippinga.pl\/web\/cart\/?add-to-cart=15609&amp;quantity=1&#8243;][vc_column_text css=&#8221;.vc_custom_1775757110941{margin-top: 3rem !important;}&#8221;]<\/p>\n<h3 class=\"Standard\"><strong>Bonus za wp\u0142at\u0119 zaliczki 700 z\u0142!<\/strong><\/h3>\n<p>Pakiet Radykalnego Samowybaczania bonus o warto\u015bci 646 z\u0142<\/p>\n<p><strong><i>Wa\u017cne: w przypadku wp\u0142aty zaliczki pozosta\u0142a kwota (5000 z\u0142) p\u0142atna do 10 sierpnia 2026 roku.<\/i><\/strong>[\/vc_column_text][vc_btn title=&#8221;KUP TERAZ W RAMACH P\u0141ATNO\u015aCI ZALICZKI&#8221; color=&#8221;purple&#8221; size=&#8221;lg&#8221; align=&#8221;left&#8221; link=&#8221;url:https%3A%2F%2Fmetoda-tippinga.pl%2Fweb%2Fcart%2F%3Fadd-to-cart%3D15610%26quantity%3D1&#8243;][vc_column_text css=&#8221;.vc_custom_1775757124784{margin-top: 70px !important;}&#8221;]<strong>Oferta wa\u017cna do 15 kwietnia 2026, do godziny 23:59.<\/strong><\/p>\n<p>Bonusy nie podlegaj\u0105 zwrotom i wymianie. W przypadku rezygnacji uczestnik zobowi\u0105zuje si\u0119 do op\u0142acenia warto\u015bci bonus\u00f3w.<\/p>\n<p>Po mentoringu otrzymasz za\u015bwiadczenie o uczestnictwie, wydawane przez nas ju\u017c jako Plac\u00f3wk\u0119 Kszta\u0142cenia Ustawicznego \u2013 podlegamy pod system prawa o\u015bwiatowego.[\/vc_column_text][\/vc_column][\/vc_row]<\/p>\n<\/div>","protected":false},"excerpt":{"rendered":"<p>[vc_row][vc_column][vc_column_text]Start: 2 wrze\u015bnia 2026 Cena: 5700 z\u0142 Dziesi\u0119\u0107 trzygodzinnych spotka\u0144 co dwa tygodnie, w \u015brody od 16.00 do 19.00 (30 godzin pracy + zadania domowe)[\/vc_column_text][vc_column_text css=&#8221;.vc_custom_1775757086752{margin-top: 3rem !important;}&#8221;] Dwa bonusy za wp\u0142at\u0119 ca\u0142ej kwoty! Bonus nr 1 \u2013 Kurs Fundamenty Metody Tippinga \u201eOd Zrozumienia do Uwolnienia \u2013 3 filary pracy nad sob\u0105\u201d (nagranie) o warto\u015bci 1970 z\u0142 Bonus nr\u00a0 2 \u2013Pakiet Radykalnego Samowybaczania o warto\u015bci 646 z\u0142 Razem warto\u015b\u0107 bonus\u00f3w: 2616 z\u0142 [\/vc_column_text][vc_btn title=&#8221;KUP Z BONUSEM ZA JEDNORAZOW\u0104 WP\u0141AT\u0118&#8221; color=&#8221;purple&#8221; size=&#8221;lg&#8221; align=&#8221;left&#8221; link=&#8221;url:https%3A%2F%2Fmetoda-tippinga.pl%2Fweb%2Fcart%2F%3Fadd-to-cart%3D15609%26quantity%3D1&#8243;][vc_single_image image=&#8221;9075&#8243; img_size=&#8221;full&#8221; onclick=&#8221;custom_link&#8221; link=&#8221;https:\/\/metoda-tippinga.pl\/web\/cart\/?add-to-cart=15609&amp;quantity=1&#8243;][vc_column_text css=&#8221;.vc_custom_1775757110941{margin-top: 3rem !important;}&#8221;] Bonus za wp\u0142at\u0119 zaliczki 700 z\u0142! Pakiet Radykalnego Samowybaczania bonus o warto\u015bci 646 z\u0142 Wa\u017cne: w przypadku wp\u0142aty zaliczki pozosta\u0142a kwota (5000 z\u0142) p\u0142atna do 10 sierpnia 2026 roku.[\/vc_column_text][vc_btn title=&#8221;KUP TERAZ W RAMACH P\u0141ATNO\u015aCI ZALICZKI&#8221; color=&#8221;purple&#8221; size=&#8221;lg&#8221; align=&#8221;left&#8221; link=&#8221;url:https%3A%2F%2Fmetoda-tippinga.pl%2Fweb%2Fcart%2F%3Fadd-to-cart%3D15610%26quantity%3D1&#8243;][vc_column_text css=&#8221;.vc_custom_1775757124784{margin-top: 70px !important;}&#8221;]Oferta wa\u017cna do 15 kwietnia 2026, do godziny 23:59. Bonusy nie podlegaj\u0105 zwrotom i wymianie. W przypadku rezygnacji uczestnik zobowi\u0105zuje si\u0119 do op\u0142acenia warto\u015bci bonus\u00f3w. Po mentoringu otrzymasz za\u015bwiadczenie o uczestnictwie, wydawane przez nas ju\u017c jako Plac\u00f3wk\u0119 Kszta\u0142cenia Ustawicznego \u2013 podlegamy pod system prawa o\u015bwiatowego.[\/vc_column_text][\/vc_column][\/vc_row]<\/p>\n","protected":false},"featured_media":8211,"template":"","meta":[],"product_brand":[],"product_cat":[164],"product_tag":[],"class_list":{"0":"post-15609","1":"product","2":"type-product","3":"status-publish","4":"has-post-thumbnail","6":"product_cat-opcja-raty","8":"first","9":"instock","10":"virtual","11":"sold-individually","12":"taxable","13":"purchasable","14":"product-type-simple"},"publishpress_future_action":{"enabled":true,"date":"2026-04-15 23:59:00","action":"change-status","newStatus":"draft","terms":[0],"taxonomy":"product_brand","extraData":[]},"publishpress_future_workflow_manual_trigger":{"enabledWorkflows":[]},"_links":{"self":[{"href":"https:\/\/metoda-tippinga.pl\/web\/wp-json\/wp\/v2\/product\/15609","targetHints":{"allow":["GET"]}}],"collection":[{"href":"https:\/\/metoda-tippinga.pl\/web\/wp-json\/wp\/v2\/product"}],"about":[{"href":"https:\/\/metoda-tippinga.pl\/web\/wp-json\/wp\/v2\/types\/product"}],"wp:featuredmedia":[{"embeddable":true,"href":"https:\/\/metoda-tippinga.pl\/web\/wp-json\/wp\/v2\/media\/8211"}],"wp:attachment":[{"href":"https:\/\/metoda-tippinga.pl\/web\/wp-json\/wp\/v2\/media?parent=15609"}],"wp:term":[{"taxonomy":"product_brand","embeddable":true,"href":"https:\/\/metoda-tippinga.pl\/web\/wp-json\/wp\/v2\/product_brand?post=15609"},{"taxonomy":"product_cat","embeddable":true,"href":"https:\/\/metoda-tippinga.pl\/web\/wp-json\/wp\/v2\/product_cat?post=15609"},{"taxonomy":"product_tag","embeddable":true,"href":"https:\/\/metoda-tippinga.pl\/web\/wp-json\/wp\/v2\/product_tag?post=15609"}],"curies":[{"name":"wp","href":"https:\/\/api.w.org\/{rel}","templated":true}]}}