
{"id":1926,"date":"2020-04-14T15:28:55","date_gmt":"2020-04-14T13:28:55","guid":{"rendered":"https:\/\/metoda-tippinga.pl\/web\/?post_type=product&#038;p=1926"},"modified":"2026-04-03T13:13:42","modified_gmt":"2026-04-03T11:13:42","slug":"colin-tipping-4-kroki-na-11-wrzesnia-ebook","status":"publish","type":"product","link":"https:\/\/metoda-tippinga.pl\/web\/produkt\/colin-tipping-4-kroki-na-11-wrzesnia-ebook\/","title":{"rendered":"Naucz si\u0119 najprostszego narz\u0119dzia z Colinem Tippingiem. 4 kroki Radykalnego Wybaczania."},"content":{"rendered":"<div class=\"wpb-content-wrapper\"><p>[vc_row][vc_column][vc_column_text css=&#8221;.vc_custom_1586871713137{padding-top: 30px !important;padding-right: 30px !important;padding-bottom: 30px !important;padding-left: 30px !important;background-color: #3bafda !important;border-radius: 15px !important;}&#8221;]<\/p>\n<p style=\"color: #fff; text-align: justify;\">\u201e(\u2026) Straszna wiadomo\u015b\u0107 zasta\u0142a moj\u0105 \u017con\u0119 Joann\u0119 i mnie w Ayer\u2019s Rock, naj\u015bwi\u0119tszym miejscu Aborygeno\u0301w (dzi\u015b zwanym Uluru), w samym \u015brodku Australii.<br \/>\nRazem z grup\u0105 ludzi, kto\u0301rzy przybyli tam na warsztaty pojednania i ceremoni\u0119 pojednania, pojechali\u015bmy do Uluru i obeszli\u015bmy \u015bwi\u0119t\u0105 go\u0301r\u0119 dooko\u0142a. By\u0142o nas pi\u0119tna\u015bcie oso\u0301b. Szli\u015bmy razem, w milczeniu, modl\u0105c si\u0105. Z ka\u017cdym krokiem ro\u0301s\u0142 spoko\u0301j w naszych sercach. Dali\u015bmy sobie jednocze\u015bnie przyzwolenie na odczuwanie smutku, gniewu i l\u0119ku przed tym, co mog\u0142o si\u0119 jeszcze zdarzy\u0107. Dopu\u015bcili\u015bmy do g\u0142osu wszystkie uczucia i zadawali\u015bmy to samo pytanie, kto\u0301re stawiali sobie wszyscy ludzie na \u015bwiecie.<\/p>\n<p><strong style=\"color: #fff;\">Dlaczego? <\/strong><\/p>\n<p style=\"color: #fff; text-align: justify;\">Jako wyznawcy filozofii Radykalnego Wybaczania, wiedzieli\u015bmy, \u017ce na to pytanie nie ma odpowiedzi, przynajmniej, je\u015bli chodzi o sens tego wydarzenia w ramach szerokiej duchowej perspektywy. Wiedzieli\u015bmy tak\u017ce, \u017ce tylko ofiary pytaj\u0105 \u201edlaczego?\u201d\u00a0 i \u017ce spokoju nale\u017cy szuka\u0107 w akceptacji faktu, i\u017c gdzie\u015b w tym zdarzeniu kryje si\u0119 \u201eboska doskona\u0142o\u015b\u0107\u201d. Mimo to nadal zadawali\u015bmy tego rodzaju pytania, staraj\u0105c si\u0119 cokolwiek zrozumie\u0107. Byli\u015bmy, jak ca\u0142a reszta \u015bwiata, g\u0142\u0119boko wstrz\u0105\u015bni\u0119ci (\u2026)\u201d<\/p>\n<p><i><span style=\"font-size: 10px; color: #fff;\">Colin Tipping fragment ebooka<\/span><\/i>[\/vc_column_text][vc_video link=&#8221;https:\/\/www.youtube.com\/watch?v=cMgKYNkPH3A&#8221;][vc_column_text]<span style=\"font-family: 'Apple Color Emoji';\">\u2705 <\/span>Chcesz DOBRZE ZROZUMIE\u0106 dzia\u0142anie najprostszego narz\u0119dzia Radykalnego Wybaczania?<br \/>\n<span style=\"font-family: 'Apple Color Emoji';\">\u2705 <\/span>Chcesz m\u00f3c stosowa\u0107 go codziennie, w ka\u017cdej sytuacji, gdy tylko chcesz szybko wr\u00f3ci\u0107 do r\u00f3wnowagi?[\/vc_column_text][vc_btn title=&#8221;KUP EBOOK&#8221; style=&#8221;flat&#8221; color=&#8221;pink&#8221; size=&#8221;lg&#8221; align=&#8221;center&#8221; link=&#8221;url:https%3A%2F%2Fmetoda-tippinga.pl%2Fweb%2Fcart%2F%3Fadd-to-cart%3D1926%26quantity%3D1|||&#8221; css=&#8221;.vc_custom_1681815891511{margin-top: -20px !important;}&#8221;][vc_column_text]<\/p>\n<h3 style=\"margin-top: 10px; margin-bottom: -10px;\"><strong>Z tego ebooka dowiesz si\u0119:<\/strong><\/h3>\n<ul>\n<li>Jak tw\u00f3rcy Radykalnego Wybaczania uda\u0142o si\u0119 ostatecznie zrobi\u0107 proces 4-ech krok\u00f3w na to wstrz\u0105saj\u0105ce wydarzenie?<\/li>\n<li>Co odkry\u0142?<\/li>\n<li>Jakie etapy przeszed\u0142?<\/li>\n<li>I dlaczego samo przeczytanie tego tekstu prawdopodobnie przyniesie Ci ulg\u0119?<\/li>\n<li>Zobacz jaki pi\u0119kny proces przej\u015bcia od \u015bwiata ofiar do ulgi i rado\u015bci, przesz\u0142a nasza Trenerka robi\u0105c 4 Kroki na przymusow\u0105 kwarantann\u0119 z powodu COVID-19<\/li>\n<\/ul>\n<p>&nbsp;<\/p>\n<p><strong>KUP TEN EBOOK I POZW\u00d3L TW\u00d3RCY RADYKALNEGO WYBACZANIA NAUCZY\u0106 CI\u0118 4 KROK\u00d3W DO UWOLNIENIE ZE \u015aWIATA OFIAR!<\/strong>[\/vc_column_text][\/vc_column][\/vc_row]<\/p>\n<\/div>","protected":false},"excerpt":{"rendered":"<p>[vc_row][vc_column][vc_column_text css=&#8221;.vc_custom_1586871713137{padding-top: 30px !important;padding-right: 30px !important;padding-bottom: 30px !important;padding-left: 30px !important;background-color: #3bafda !important;border-radius: 15px !important;}&#8221;] \u201e(\u2026) Straszna wiadomo\u015b\u0107 zasta\u0142a moj\u0105 \u017con\u0119 Joann\u0119 i mnie w Ayer\u2019s Rock, naj\u015bwi\u0119tszym miejscu Aborygeno\u0301w (dzi\u015b zwanym Uluru), w samym \u015brodku Australii. Razem z grup\u0105 ludzi, kto\u0301rzy przybyli tam na warsztaty pojednania i ceremoni\u0119 pojednania, pojechali\u015bmy do Uluru i obeszli\u015bmy \u015bwi\u0119t\u0105 go\u0301r\u0119 dooko\u0142a. By\u0142o nas pi\u0119tna\u015bcie oso\u0301b. Szli\u015bmy razem, w milczeniu, modl\u0105c si\u0105. Z ka\u017cdym krokiem ro\u0301s\u0142 spoko\u0301j w naszych sercach. Dali\u015bmy sobie jednocze\u015bnie przyzwolenie na odczuwanie smutku, gniewu i l\u0119ku przed tym, co mog\u0142o si\u0119 jeszcze zdarzy\u0107. Dopu\u015bcili\u015bmy do g\u0142osu wszystkie uczucia i zadawali\u015bmy to samo pytanie, kto\u0301re stawiali sobie wszyscy ludzie na \u015bwiecie. Dlaczego? Jako wyznawcy filozofii Radykalnego Wybaczania, wiedzieli\u015bmy, \u017ce na to pytanie nie ma odpowiedzi, przynajmniej, je\u015bli chodzi o sens tego wydarzenia w ramach szerokiej duchowej perspektywy. Wiedzieli\u015bmy tak\u017ce, \u017ce tylko ofiary pytaj\u0105 \u201edlaczego?\u201d\u00a0 i \u017ce spokoju nale\u017cy szuka\u0107 w akceptacji faktu, i\u017c gdzie\u015b w tym zdarzeniu kryje si\u0119 \u201eboska doskona\u0142o\u015b\u0107\u201d. Mimo to nadal zadawali\u015bmy tego rodzaju pytania, staraj\u0105c si\u0119 cokolwiek zrozumie\u0107. Byli\u015bmy, jak ca\u0142a reszta \u015bwiata, g\u0142\u0119boko wstrz\u0105\u015bni\u0119ci (\u2026)\u201d Colin Tipping fragment ebooka[\/vc_column_text][vc_video link=&#8221;https:\/\/www.youtube.com\/watch?v=cMgKYNkPH3A&#8221;][vc_column_text]\u2705 Chcesz DOBRZE ZROZUMIE\u0106 dzia\u0142anie najprostszego narz\u0119dzia Radykalnego Wybaczania? \u2705 Chcesz m\u00f3c stosowa\u0107 go codziennie, w ka\u017cdej sytuacji, gdy tylko chcesz szybko wr\u00f3ci\u0107 do r\u00f3wnowagi?[\/vc_column_text][vc_btn title=&#8221;KUP EBOOK&#8221; style=&#8221;flat&#8221; color=&#8221;pink&#8221; size=&#8221;lg&#8221; align=&#8221;center&#8221; link=&#8221;url:https%3A%2F%2Fmetoda-tippinga.pl%2Fweb%2Fcart%2F%3Fadd-to-cart%3D1926%26quantity%3D1|||&#8221; css=&#8221;.vc_custom_1681815891511{margin-top: -20px !important;}&#8221;][vc_column_text] Z tego ebooka dowiesz si\u0119: Jak tw\u00f3rcy Radykalnego Wybaczania uda\u0142o si\u0119 ostatecznie zrobi\u0107 proces 4-ech krok\u00f3w na to wstrz\u0105saj\u0105ce wydarzenie? Co odkry\u0142? Jakie etapy przeszed\u0142? I dlaczego samo przeczytanie tego tekstu prawdopodobnie przyniesie Ci ulg\u0119? Zobacz jaki pi\u0119kny proces przej\u015bcia od \u015bwiata ofiar do ulgi i rado\u015bci, przesz\u0142a nasza Trenerka robi\u0105c 4 Kroki na przymusow\u0105 kwarantann\u0119 z powodu COVID-19 &nbsp; KUP TEN EBOOK I POZW\u00d3L TW\u00d3RCY RADYKALNEGO WYBACZANIA NAUCZY\u0106 CI\u0118 4 KROK\u00d3W DO UWOLNIENIE ZE \u015aWIATA OFIAR![\/vc_column_text][\/vc_column][\/vc_row]<\/p>\n","protected":false},"featured_media":7555,"template":"","meta":[],"product_brand":[],"product_cat":[89],"product_tag":[92,91,90],"class_list":{"0":"post-1926","1":"product","2":"type-product","3":"status-publish","4":"has-post-thumbnail","6":"product_cat-ebook","7":"product_tag-4-kroki","8":"product_tag-colin-tipping","9":"product_tag-ebook","11":"first","12":"instock","13":"downloadable","14":"virtual","15":"sold-individually","16":"taxable","17":"purchasable","18":"product-type-simple"},"publishpress_future_action":{"enabled":false,"date":"2026-04-18 03:41:23","action":"change-status","newStatus":"draft","terms":[],"taxonomy":"product_brand","extraData":[]},"publishpress_future_workflow_manual_trigger":{"enabledWorkflows":[]},"_links":{"self":[{"href":"https:\/\/metoda-tippinga.pl\/web\/wp-json\/wp\/v2\/product\/1926","targetHints":{"allow":["GET"]}}],"collection":[{"href":"https:\/\/metoda-tippinga.pl\/web\/wp-json\/wp\/v2\/product"}],"about":[{"href":"https:\/\/metoda-tippinga.pl\/web\/wp-json\/wp\/v2\/types\/product"}],"wp:featuredmedia":[{"embeddable":true,"href":"https:\/\/metoda-tippinga.pl\/web\/wp-json\/wp\/v2\/media\/7555"}],"wp:attachment":[{"href":"https:\/\/metoda-tippinga.pl\/web\/wp-json\/wp\/v2\/media?parent=1926"}],"wp:term":[{"taxonomy":"product_brand","embeddable":true,"href":"https:\/\/metoda-tippinga.pl\/web\/wp-json\/wp\/v2\/product_brand?post=1926"},{"taxonomy":"product_cat","embeddable":true,"href":"https:\/\/metoda-tippinga.pl\/web\/wp-json\/wp\/v2\/product_cat?post=1926"},{"taxonomy":"product_tag","embeddable":true,"href":"https:\/\/metoda-tippinga.pl\/web\/wp-json\/wp\/v2\/product_tag?post=1926"}],"curies":[{"name":"wp","href":"https:\/\/api.w.org\/{rel}","templated":true}]}}