
{"id":2051,"date":"2020-05-17T01:00:14","date_gmt":"2020-05-16T23:00:14","guid":{"rendered":"https:\/\/metoda-tippinga.pl\/web\/?post_type=product&#038;p=2051"},"modified":"2026-04-03T13:12:52","modified_gmt":"2026-04-03T11:12:52","slug":"poznaj-9-warunkow-przyciagania-obfitosci-wg-radykalnego-wybaczania","status":"publish","type":"product","link":"https:\/\/metoda-tippinga.pl\/web\/produkt\/poznaj-9-warunkow-przyciagania-obfitosci-wg-radykalnego-wybaczania\/","title":{"rendered":"Poznaj 9 warunk\u00f3w przyci\u0105gania obfito\u015bci wg Radykalnego Wybaczania"},"content":{"rendered":"<div class=\"wpb-content-wrapper\"><p>[vc_row][vc_column][vc_column_text]<\/p>\n<h3 style=\"text-align: center;\"><strong><em>UWAGA: Zawiera Arkusz \u015awiadomo\u015bci Pieni\u0119dzy<br \/>\n<\/em><\/strong><\/h3>\n<p>[\/vc_column_text][vc_column_text css=&#8221;.vc_custom_1589722744092{padding-top: 30px !important;padding-right: 30px !important;padding-bottom: 30px !important;padding-left: 30px !important;background-color: #3bafda !important;border-radius: 15px !important;}&#8221;]<\/p>\n<p style=\"color: #fff; text-align: justify;\">Pieni\u0105dze s\u0105 naszym najwi\u0119kszym nauczycielem. Je\u015bli opanujesz mistrzostwo w rozumieniu energii pieni\u0105dza \u2013 zrozumiesz wszystko. I nie ma to nic wsp\u00f3lnego z tym ile tych pieni\u0119dzy masz, a ile ich Ci brakuje. Kluczem jest jak si\u0119 z tym czujesz.<\/p>\n<p><i><span style=\"font-size: 14px; color: #fff;\">Colin Tipping<\/span><\/i>[\/vc_column_text][vc_custom_heading text=&#8221;Zobacz rozmow\u0119 o tym jak Metoda Tippinga i jej narz\u0119dzia mog\u0105 Ci pom\u00f3c w uzdrowieniu Twoich finans\u00f3w.&#8221; font_container=&#8221;tag:h3|text_align:center&#8221; google_fonts=&#8221;font_family:Open%20Sans%3A300%2C300italic%2Cregular%2Citalic%2C600%2C600italic%2C700%2C700italic%2C800%2C800italic|font_style:400%20regular%3A400%3Anormal&#8221;][vc_video link=&#8221;https:\/\/www.youtube.com\/watch?v=itC3cO9bC0s&#8221;][vc_column_text]<strong style=\"color: #ff0000;\">DLA KOGO JEST TEN EBOOK?<\/strong><\/p>\n<p>Je\u015bli jeste\u015b osob\u0105, kt\u00f3ra:<br \/>\n\u2705 do\u015bwiadcza w\u0142a\u015bnie l\u0119ku przed brakiem pieni\u0119dzy (lub czuje si\u0119 tak zawsze)<br \/>\n\u2705 w\u0142a\u015bnie boryka si\u0119 z brakiem pieni\u0119dzy<br \/>\n\u2705 potrafi zarobi\u0107 du\u017ce pieni\u0105dze, ale zaraz potem je albo traci albo ju\u017c nie potrafi powt\u00f3rzy\u0107 tego sukcesu<br \/>\n\u2705 ma si\u0119 dobrze finansowo, ale czuje jakie\u015b blokady, kt\u00f3re uniemo\u017cliwiaj\u0105 jej do\u015bwiadczy\u0107 wi\u0119kszej obfito\u015bci<\/p>\n<p><strong style=\"color: #ff0000;\">TO TEN EBOOK JEST DLA CIEBIE!<\/strong><\/p>\n<p>&nbsp;<\/p>\n<p><strong style=\"color: #ff0000;\">DLACZEGO RADYKALNE WYBACZANIE POMO\u017bE CI W TEMACIE OBFITO\u015aCI FINANSOWEJ? <\/strong><\/p>\n<p>Metoda Tippinga \u2013 Radykalne Wybaczanie to metoda (filozofia \u017cycia) kt\u00f3rej narz\u0119dzia w szybki i prosty spos\u00f3b pozwalaj\u0105 nam na wy\u015bcie z b\u00f3lu, smutku, z\u0142o\u015bci, cierpienia w zamian przynosz\u0105c ulg\u0119, spok\u00f3j i rado\u015b\u0107. Dzieje si\u0119 tak gdy\u017c narz\u0119dzia tej metody pomagaj\u0105 nam zmieni\u0107 spojrzenie na to co si\u0119 wydarzy\u0142o\/ wydarza w naszym \u017cyciu. Najpro\u015bciej ujmuj\u0105c Radykalne Wybaczanie pomaga nam wyj\u015b\u0107 ze \u201e\u015bwiata ofiar\u201d.<\/p>\n<p>Zastan\u00f3w si\u0119, jak cz\u0119sto czujesz si\u0119 OFIAR\u0104 w relacji z pieni\u0119dzmi, a zrozumiesz, jak te dwie rzeczy s\u0105 ze sob\u0105 powi\u0105zane.<\/p>\n<p>&nbsp;<\/p>\n<p><strong style=\"color: #ff0000;\">STOSUJ\u0104C NARZ\u0118DZIA RADYKALNEGO WYBACZANIA MO\u017bESZ: <\/strong><\/p>\n<p>\u2705 Zmieni\u0107 spojrzenie na to co si\u0119 dzieje w Twoim teraz i POCZU\u0106 NATYCHMIASTOW\u0104 ULG\u0118<br \/>\n\u2705 Uwolni\u0107 si\u0119 od b\u00f3lu, l\u0119ku i rozczarowa\u0144 zwi\u0105zanych z pieni\u0119dzmi (kradzie\u017ce, oszustwa, bankructwa, brak pieni\u0119dzy etc.)<br \/>\n\u2705 Wybaczy\u0107 tym, przez kt\u00f3rych masz blokuj\u0105ce Ci\u0119 przed obfito\u015bci\u0105 przekonania<br \/>\n\u2705 Wybaczy\u0107 sobie: nieuwa\u017cno\u015b\u0107, naiwno\u015b\u0107, rozrzutno\u015b\u0107\u2026<\/p>\n<p><strong>\u00a0<\/strong><\/p>\n<p><strong style=\"color: #ff0000;\">DZI\u0118KI TEMU EBOOKOWI DOWIESZ SI\u0118:<\/strong><\/p>\n<p>\u2705 Jakie warunki musisz spe\u0142ni\u0107 by przyci\u0105gn\u0105\u0107 bogactwo \u2013 i bez kt\u00f3rego z nich jest to absolutnie niemo\u017cliwe<br \/>\n\u2705 Dlaczego u\u017cycie narz\u0119dzi Radykalnego Wybaczania jest konieczne do osi\u0105gni\u0119cia obfito\u015bci<br \/>\n\u2705 Dowiesz si\u0119 jakie masz ograniczaj\u0105ce przekonania, kt\u00f3re oddalaj\u0105 Ci\u0119 od pieni\u0119dzy<br \/>\n\u2705 Okryjesz wp\u0142yw rodziny na Tw\u00f3j stosunek do nich<\/p>\n<p>&nbsp;<\/p>\n<p><strong style=\"color: #ff0000;\">I UWAGA: <\/strong><\/p>\n<p><strong style=\"color: #ff0000;\">\u203c\ufe0f OTRZYMASZ ARKUSZ \u015aWIADOMO\u015aCI PIENI\u0118DZY \u203c\ufe0f<\/strong><\/p>\n<p><strong style=\"color: #ff0000;\">OBFITO\u015a\u0106 I BOGACTWO JEST PRAWEM KA\u017bDEGO Z NAS. <\/strong><\/p>\n<p>&nbsp;<\/p>\n<p><strong>Najcz\u0119\u015bciej jedyn\u0105 przeszkod\u0105 na drodze do nich \u2013 jeste\u015bmy my sami. <\/strong><\/p>\n<p><strong style=\"color: #ff0000;\">Odkryj i uwolnij te blokady zaczynaj\u0105c od tego ebooka!<\/strong>[\/vc_column_text][vc_btn title=&#8221;KUP TERAZ&#8221; style=&#8221;flat&#8221; color=&#8221;pink&#8221; size=&#8221;lg&#8221; align=&#8221;center&#8221; link=&#8221;url:https%3A%2F%2Fmetoda-tippinga.pl%2Fweb%2Fcart%2F%3Fadd-to-cart%3D2051%26quantity%3D1|||&#8221; css=&#8221;.vc_custom_1681815868521{margin-top: -20px !important;}&#8221;][vc_column_text css=&#8221;.vc_custom_1673699217461{padding-top: 30px !important;padding-right: 30px !important;padding-bottom: 30px !important;padding-left: 30px !important;background-color: #3bafda !important;border-radius: 15px !important;}&#8221;]<\/p>\n<div style=\"color: #fff;\">\n<p style=\"color: #fff;\"><strong>Przeczytaj fragment z listu do autorki ebooka, Magdaleny<\/strong> \ud83d\ude0a<\/p>\n<p>\u201eMagdo,<\/p>\n<p>Zawsze my\u015bla\u0142am, \u017ce to klient\u00f3w czyta si\u0119 jak niesamowite ksi\u0105\u017cki. A teraz odkry\u0142am, \u017ce i ja jestem ca\u0142kiem niez\u0142\u0105 powie\u015bci\u0105 \ud83d\ude42<\/p>\n<p>Zrobi\u0142am ebook i szczerze przyznaje, \u017ce jest mega narz\u0119dziem \u2013 teraz b\u0119d\u0119 do niego wszystkich zach\u0119ca\u0107! \ud83d\ude42 Cho\u0107 chyba to co ja najbardziej lubi\u0119 w tym wszystkim, to to, \u017ce po prostu zadajemy pytania i pozwalamy sobie na odpowiedzi bez dopisywania niczego na si\u0142\u0119. A jednak mn\u00f3stwo rzeczy si\u0119 uwalnia.<\/p>\n<p>Na pytanie \u201ejakie mam korzy\u015bci z tego, \u017ce nie p\u0142yn\u0105 do mnie pieni\u0105dze?\u201d dokopa\u0142am si\u0119 do braku mi\u0142o\u015bci. Jedno, \u017ce boj\u0119 si\u0119 tak du\u017cych kwot.<\/p>\n<p>Drugie, \u017ce to jest bezpieczny stan, kiedy wiem, \u017ce w najbardziej potrzebnym momencie one w ko\u0144cu przyjd\u0105, a tak nie musz\u0119 si\u0119 nad nimi zastanawia\u0107: jak wyda\u0107 i czy mi starczy.<\/p>\n<p>Trzecie, to, \u017ce dzi\u0119ki temu nauczy\u0142am si\u0119 dostrzega\u0107 swoje potrzeby i prosi\u0107 o pomoc\/wsparcie (\u2026).<\/p>\n<p>No i odkry\u0142am w te\u017c, \u017ce nie dostaj\u0119 prezent\u00f3w! Mama m\u00f3wi\u0142a, \u017ce Tata pieni\u0119dzmi i prezentami okazuje mi\u0142o\u015b\u0107, bo inaczej nie umie. Pewnie m\u00f3wi\u0142a to w dobrej wierze, ale spowodowa\u0142o to, \u017ce ja o wiele bardziej chcia\u0142am by\u0107 kochana ni\u017c dostawa\u0107 prezenty. I chyba dlatego przesta\u0142am dostawa\u0107 prezenty. Zamkn\u0119\u0142am si\u0119 na nie bo kojarz\u0105 mi si\u0119 z byciem przekupywanym, a nie chcianym i kochanym \u2013 to taka ciekawostka do tego pytania. I zg\u0142aszam, \u017ce zmieni\u0142am zdanie i ju\u017c chc\u0119 dostawa\u0107 prezenty \ud83d\ude42<\/p>\n<p>Ebook jest super, prosto skonstruowany i pozwoli\u0142 mi odkry\u0107 w przejrzysty spos\u00f3b bardzo g\u0142\u0119bokie blokady. Troch\u0119 jak taka specjalna linia \u017cycia, \u017ce na jednym si\u0119 skupiasz, a po drodze tyle wychodzi.<\/p>\n<p>(\u2026)<\/p>\n<p>My\u015bl\u0119, \u017ce to takie najwi\u0119ksze odkrycia, do kt\u00f3rych nie dosz\u0142abym bez ebooka, bo nigdy nie mia\u0142am powodu by si\u0119 nad tym zastanawia\u0107. Wysz\u0142y mi poszczeg\u00f3lne osoby, kt\u00f3re przepracowuje. Zrobi\u0142am dzi\u015b 2 arkusze, jeszcze dwa czuje, \u017ce chc\u0119 zrobi\u0107. To dobre \u0107wiczenie na prace z arkuszem, ale wi\u0119cej ju\u017c nie dam rady, bo na prawd\u0119 od tych emocji czuj\u0119 si\u0119 jak bym maraton przebieg\u0142a. Nie m\u00f3wi\u0105c jakie szalone sny dzi\u015b mia\u0142am po tym ebooku \ud83d\ude42<\/p>\n<p>Pieni\u0119dzy nie dosta\u0142am jeszcze, ale czuj\u0119, \u017ce ju\u017c p\u0142yn\u0105. Ju\u017c w sobot\u0119 zacz\u0119\u0142o si\u0119 dzia\u0107 du\u017co dobrych rzeczy albo mo\u017ce po prostu z powrotem zacz\u0119\u0142am je dostrzega\u0107 \ud83d\ude42<\/p>\n<p>Odkry\u0142am te\u017c, dlaczego jeszcze nie mam m\u0119\u017ca\u2026 czego si\u0119 nie spodziewa\u0142am. Wypisa\u0142am przekonania o m\u0119\u017cczyznach i pieni\u0105dzach i w sumie ma to sens. No, ale skoro ju\u017c to zobaczy\u0142am to znaczy, \u017ce ju\u017c proces ruszy\u0142.<\/p>\n<p>Tyle na te chwil\u0119. Troch\u0119 jestem sponiewierana tymi odkryciami. I te\u017c z jednej strony mam takie pytanie: \u017ce jak to tyle lat mnie tak blokowa\u0142y? A z drugiej, \u017ce jestem w najlepszym momencie by je odblokowa\u0107 i niech si\u0119 te dobre rzeczy dziej\u0105.<\/p>\n<p>Bo nie ma przypadk\u00f3w i wszystko przychodzi w sam\u0105 por\u0119 \ud83d\ude42<\/p>\n<p>M. W.\u201d<\/p>\n<\/div>\n<p>[\/vc_column_text][\/vc_column][\/vc_row]<\/p>\n<\/div>","protected":false},"excerpt":{"rendered":"<p>[vc_row][vc_column][vc_column_text] UWAGA: Zawiera Arkusz \u015awiadomo\u015bci Pieni\u0119dzy [\/vc_column_text][vc_column_text css=&#8221;.vc_custom_1589722744092{padding-top: 30px !important;padding-right: 30px !important;padding-bottom: 30px !important;padding-left: 30px !important;background-color: #3bafda !important;border-radius: 15px !important;}&#8221;] Pieni\u0105dze s\u0105 naszym najwi\u0119kszym nauczycielem. Je\u015bli opanujesz mistrzostwo w rozumieniu energii pieni\u0105dza \u2013 zrozumiesz wszystko. I nie ma to nic wsp\u00f3lnego z tym ile tych pieni\u0119dzy masz, a ile ich Ci brakuje. Kluczem jest jak si\u0119 z tym czujesz. Colin Tipping[\/vc_column_text][vc_custom_heading text=&#8221;Zobacz rozmow\u0119 o tym jak Metoda Tippinga i jej narz\u0119dzia mog\u0105 Ci pom\u00f3c w uzdrowieniu Twoich finans\u00f3w.&#8221; font_container=&#8221;tag:h3|text_align:center&#8221; google_fonts=&#8221;font_family:Open%20Sans%3A300%2C300italic%2Cregular%2Citalic%2C600%2C600italic%2C700%2C700italic%2C800%2C800italic|font_style:400%20regular%3A400%3Anormal&#8221;][vc_video link=&#8221;https:\/\/www.youtube.com\/watch?v=itC3cO9bC0s&#8221;][vc_column_text]DLA KOGO JEST TEN EBOOK? Je\u015bli jeste\u015b osob\u0105, kt\u00f3ra: \u2705 do\u015bwiadcza w\u0142a\u015bnie l\u0119ku przed brakiem pieni\u0119dzy (lub czuje si\u0119 tak zawsze) \u2705 w\u0142a\u015bnie boryka si\u0119 z brakiem pieni\u0119dzy \u2705 potrafi zarobi\u0107 du\u017ce pieni\u0105dze, ale zaraz potem je albo traci albo ju\u017c nie potrafi powt\u00f3rzy\u0107 tego sukcesu \u2705 ma si\u0119 dobrze finansowo, ale czuje jakie\u015b blokady, kt\u00f3re uniemo\u017cliwiaj\u0105 jej do\u015bwiadczy\u0107 wi\u0119kszej obfito\u015bci TO TEN EBOOK JEST DLA CIEBIE! &nbsp; DLACZEGO RADYKALNE WYBACZANIE POMO\u017bE CI W TEMACIE OBFITO\u015aCI FINANSOWEJ? Metoda Tippinga \u2013 Radykalne Wybaczanie to metoda (filozofia \u017cycia) kt\u00f3rej narz\u0119dzia w szybki i prosty spos\u00f3b pozwalaj\u0105 nam na wy\u015bcie z b\u00f3lu, smutku, z\u0142o\u015bci, cierpienia w zamian przynosz\u0105c ulg\u0119, spok\u00f3j i rado\u015b\u0107. Dzieje si\u0119 tak gdy\u017c narz\u0119dzia tej metody pomagaj\u0105 nam zmieni\u0107 spojrzenie na to co si\u0119 wydarzy\u0142o\/ wydarza w naszym \u017cyciu. Najpro\u015bciej ujmuj\u0105c Radykalne Wybaczanie pomaga nam wyj\u015b\u0107 ze \u201e\u015bwiata ofiar\u201d. Zastan\u00f3w si\u0119, jak cz\u0119sto czujesz si\u0119 OFIAR\u0104 w relacji z pieni\u0119dzmi, a zrozumiesz, jak te dwie rzeczy s\u0105 ze sob\u0105 powi\u0105zane. &nbsp; STOSUJ\u0104C NARZ\u0118DZIA RADYKALNEGO WYBACZANIA MO\u017bESZ: \u2705 Zmieni\u0107 spojrzenie na to co si\u0119 dzieje w Twoim teraz i POCZU\u0106 NATYCHMIASTOW\u0104 ULG\u0118 \u2705 Uwolni\u0107 si\u0119 od b\u00f3lu, l\u0119ku i rozczarowa\u0144 zwi\u0105zanych z pieni\u0119dzmi (kradzie\u017ce, oszustwa, bankructwa, brak pieni\u0119dzy etc.) \u2705 Wybaczy\u0107 tym, przez kt\u00f3rych masz blokuj\u0105ce Ci\u0119 przed obfito\u015bci\u0105 przekonania \u2705 Wybaczy\u0107 sobie: nieuwa\u017cno\u015b\u0107, naiwno\u015b\u0107, rozrzutno\u015b\u0107\u2026 \u00a0 DZI\u0118KI TEMU EBOOKOWI DOWIESZ SI\u0118: \u2705 Jakie warunki musisz spe\u0142ni\u0107 by przyci\u0105gn\u0105\u0107 bogactwo \u2013 i bez kt\u00f3rego z nich jest to absolutnie niemo\u017cliwe \u2705 Dlaczego u\u017cycie narz\u0119dzi Radykalnego Wybaczania jest konieczne do osi\u0105gni\u0119cia obfito\u015bci \u2705 Dowiesz si\u0119 jakie masz ograniczaj\u0105ce przekonania, kt\u00f3re oddalaj\u0105 Ci\u0119 od pieni\u0119dzy \u2705 Okryjesz wp\u0142yw rodziny na Tw\u00f3j stosunek do nich &nbsp; I UWAGA: \u203c\ufe0f OTRZYMASZ ARKUSZ \u015aWIADOMO\u015aCI PIENI\u0118DZY \u203c\ufe0f OBFITO\u015a\u0106 I BOGACTWO JEST PRAWEM KA\u017bDEGO Z NAS. &nbsp; Najcz\u0119\u015bciej jedyn\u0105 przeszkod\u0105 na drodze do nich \u2013 jeste\u015bmy my sami. Odkryj i uwolnij te blokady zaczynaj\u0105c od tego ebooka![\/vc_column_text][vc_btn title=&#8221;KUP TERAZ&#8221; style=&#8221;flat&#8221; color=&#8221;pink&#8221; size=&#8221;lg&#8221; align=&#8221;center&#8221; link=&#8221;url:https%3A%2F%2Fmetoda-tippinga.pl%2Fweb%2Fcart%2F%3Fadd-to-cart%3D2051%26quantity%3D1|||&#8221; css=&#8221;.vc_custom_1681815868521{margin-top: -20px !important;}&#8221;][vc_column_text css=&#8221;.vc_custom_1673699217461{padding-top: 30px !important;padding-right: 30px !important;padding-bottom: 30px !important;padding-left: 30px !important;background-color: #3bafda !important;border-radius: 15px !important;}&#8221;] Przeczytaj fragment z listu do autorki ebooka, Magdaleny \ud83d\ude0a \u201eMagdo, Zawsze my\u015bla\u0142am, \u017ce to klient\u00f3w czyta si\u0119 jak niesamowite ksi\u0105\u017cki. A teraz odkry\u0142am, \u017ce i ja jestem ca\u0142kiem niez\u0142\u0105 powie\u015bci\u0105 \ud83d\ude42 Zrobi\u0142am ebook i szczerze przyznaje, \u017ce jest mega narz\u0119dziem \u2013 teraz b\u0119d\u0119 do niego wszystkich zach\u0119ca\u0107! \ud83d\ude42 Cho\u0107 chyba to co ja najbardziej lubi\u0119 w tym wszystkim, to to, \u017ce po prostu zadajemy pytania i pozwalamy sobie na odpowiedzi bez dopisywania niczego na si\u0142\u0119. A jednak mn\u00f3stwo rzeczy si\u0119 uwalnia. Na pytanie \u201ejakie mam korzy\u015bci z tego, \u017ce nie p\u0142yn\u0105 do mnie pieni\u0105dze?\u201d dokopa\u0142am si\u0119 do braku mi\u0142o\u015bci. Jedno, \u017ce boj\u0119 si\u0119 tak du\u017cych kwot. Drugie, \u017ce [&hellip;]<\/p>\n","protected":false},"featured_media":7554,"template":"","meta":[],"product_brand":[],"product_cat":[89],"product_tag":[99,91,77],"class_list":{"0":"post-2051","1":"product","2":"type-product","3":"status-publish","4":"has-post-thumbnail","6":"product_cat-ebook","7":"product_tag-9-warunkow","8":"product_tag-colin-tipping","9":"product_tag-radykalne-wybaczanie","11":"first","12":"instock","13":"downloadable","14":"virtual","15":"sold-individually","16":"taxable","17":"purchasable","18":"product-type-simple"},"publishpress_future_action":{"enabled":false,"date":"2026-04-18 02:17:45","action":"change-status","newStatus":"draft","terms":[],"taxonomy":"product_brand","extraData":[]},"publishpress_future_workflow_manual_trigger":{"enabledWorkflows":[]},"_links":{"self":[{"href":"https:\/\/metoda-tippinga.pl\/web\/wp-json\/wp\/v2\/product\/2051","targetHints":{"allow":["GET"]}}],"collection":[{"href":"https:\/\/metoda-tippinga.pl\/web\/wp-json\/wp\/v2\/product"}],"about":[{"href":"https:\/\/metoda-tippinga.pl\/web\/wp-json\/wp\/v2\/types\/product"}],"wp:featuredmedia":[{"embeddable":true,"href":"https:\/\/metoda-tippinga.pl\/web\/wp-json\/wp\/v2\/media\/7554"}],"wp:attachment":[{"href":"https:\/\/metoda-tippinga.pl\/web\/wp-json\/wp\/v2\/media?parent=2051"}],"wp:term":[{"taxonomy":"product_brand","embeddable":true,"href":"https:\/\/metoda-tippinga.pl\/web\/wp-json\/wp\/v2\/product_brand?post=2051"},{"taxonomy":"product_cat","embeddable":true,"href":"https:\/\/metoda-tippinga.pl\/web\/wp-json\/wp\/v2\/product_cat?post=2051"},{"taxonomy":"product_tag","embeddable":true,"href":"https:\/\/metoda-tippinga.pl\/web\/wp-json\/wp\/v2\/product_tag?post=2051"}],"curies":[{"name":"wp","href":"https:\/\/api.w.org\/{rel}","templated":true}]}}