
{"id":2654,"date":"2020-10-27T17:33:05","date_gmt":"2020-10-27T16:33:05","guid":{"rendered":"https:\/\/metoda-tippinga.pl\/web\/?post_type=product&#038;p=2654"},"modified":"2026-04-03T13:13:30","modified_gmt":"2026-04-03T11:13:30","slug":"jak-pozegnac-bol-straty-przewodnik-krok-po-kroku","status":"publish","type":"product","link":"https:\/\/metoda-tippinga.pl\/web\/produkt\/jak-pozegnac-bol-straty-przewodnik-krok-po-kroku\/","title":{"rendered":"Jak po\u017cegna\u0107 b\u00f3l straty? Przewodnik krok po kroku"},"content":{"rendered":"<div class=\"wpb-content-wrapper\"><p>[vc_row][vc_column][vc_column_text]Ka\u017cdy z nas do\u015bwiadczy\u0142 lub do\u015bwiadczy straty: \u015bmierci najbli\u017cszych, odej\u015bcia ukochanej osoby, lub cho\u0107by utraty ulubionego zwierz\u0105tka w dzieci\u0144stwie. \u017ba\u0142oba mo\u017ce dotyczy\u0107 tak\u017ce utraty maj\u0105tku, rodziny lub pracy.<\/p>\n<p>I chocia\u017c ka\u017cdy b\u00f3l straty prze\u017cywa inaczej, to s\u0105 pewne fakty, kt\u00f3re \u0142\u0105cz\u0105 nas wszystkich:[\/vc_column_text][vc_column_text css=&#8221;.vc_custom_1603818108280{padding-top: 30px !important;padding-right: 30px !important;padding-bottom: 30px !important;padding-left: 30px !important;background-color: #3bafda !important;border-radius: 15px !important;}&#8221;]<\/p>\n<p style=\"color: #fff; text-align: justify;\"><strong>Fakt nr. 1<\/strong><\/p>\n<p style=\"padding-left: 20px; margin-top: -5px; color: #fff; text-align: justify;\">Ka\u017cdy do\u015bwiadczy straty wcze\u015bniej czy p\u00f3\u017aniej i chocia\u017c nie mo\u017cna si\u0119 na ni\u0105 w pe\u0142ni przygotowa\u0107, to s\u0105 narz\u0119dzia, po kt\u00f3re mo\u017cemy si\u0119gn\u0105\u0107 aby zmniejszy\u0107 b\u00f3l i rozpacz. I tylko od nas zale\u017cy czy po nie si\u0119gniemy.<\/p>\n<p style=\"color: #fff; text-align: justify;\"><strong>Fakt nr. 2<\/strong><\/p>\n<p style=\"padding-left: 20px; margin-top: -5px; color: #fff; text-align: justify;\">Mo\u017cemy zmniejszy\u0107 cierpienie przez oddzielenie interpretacji tego co nas spotka\u0142o, od fakt\u00f3w.<\/p>\n<p style=\"color: #fff; text-align: justify;\"><strong>Fakt nr. 3<\/strong><\/p>\n<p style=\"padding-left: 20px; margin-top: -5px; color: #fff; text-align: justify;\">Wiele os\u00f3b wini siebie za to co si\u0119 wydarzy\u0142o i to poczucie nie pozwala im w pe\u0142ni cieszy\u0107 si\u0119 \u017cyciem i chwil\u0105 obecn\u0105.<\/p>\n<p>[\/vc_column_text][vc_column_text]<strong style=\"color: #ff0000;\">DLA KOGO JEST TEN EBOOK?<\/strong><\/p>\n<p>Chocia\u017c dog\u0142\u0119bne prze\u017cycie straty jest bardzo wa\u017cne w procesie prze\u017cywania \u017ca\u0142oby, to bardzo cz\u0119sto nie udaje nam si\u0119 z niej wyj\u015b\u0107. Welu z nas utka na jakim\u015b etapie b\u00f3lu, z\u0142o\u015bci czy rozpaczy. Metoda Tippinga z jej narz\u0119dziami, jest niezast\u0105pion\u0105 i jednocze\u015bnie prost\u0105 pomoc\u0105 w uwalnianiu bolesnych emocji i wychodzeniu ze \u201e\u015bwiata ofiar\u201d.<\/p>\n<p style=\"color: #ff0000;\">Ten 70-cio stronicowy ebook jest Twoim przewodnikiem w tym, jak wykorzysta\u0107 Radykalne Wybaczanie, aby przyj\u0105\u0107 now\u0105 perspektyw\u0119, zmniejszy\u0107 b\u00f3l, a mo\u017ce nawet odzyska\u0107 rado\u015b\u0107 \u017cycia.<\/p>\n<p>Je\u015bli wi\u0119c:<br \/>\n\u2705\u00a0 straci\u0142e\u015b kogo\u015b bliskiego i do dzi\u015b czujesz, \u017ce nie poradzi\u0142e\u015b sobie z tym,<br \/>\n\u2705\u00a0 odczuwasz lub odczuwa\u0142e\u015b z\u0142o\u015b\u0107 na t\u0119 osob\u0119,<br \/>\n\u2705\u00a0 czujesz, \u017ce kto\u015b (lekarze, instytucja, konkretna osoba) jest winna utraty ukochanej osoby<br \/>\n\u2705\u00a0 lub czujesz, \u017ce to TY mog\u0142e\u015b co\u015b zrobi\u0107, \u017ceby t\u0119 osob\u0119 uratowa\u0107, a tego z jakiegokolwiek powodu nie zrobi\u0142e\u015b,<br \/>\n\u2705\u00a0 je\u015bli w\u0142a\u015bnie prze\u017cywasz l\u0119k przed czyj\u0105\u015b \u015bmierci\u0105,<br \/>\n\u2705\u00a0 lub zawsze ba\u0142e\u015b si\u0119 \u015bmierci i odchodzenia swojego i innych\u2026<\/p>\n<p><strong style=\"color: #ff0000;\">TO TEN EBOOK JEST DLA CIEBIE!<\/strong>[\/vc_column_text][vc_column_text css=&#8221;.vc_custom_1603886128607{padding-top: 30px !important;padding-right: 30px !important;padding-bottom: 30px !important;padding-left: 30px !important;background-color: #eeee22 !important;border-radius: 15px !important;}&#8221;]<\/p>\n<p style=\"color: #000; text-align: justify;\"><em>Bardzo podobnie prze\u017cywamy utrat\u0119 mi\u0142o\u015bci, pracy, maj\u0105tku\u2026 Je\u015bli wi\u0119c do\u015bwiadczasz tego typu straty, Radykalne Wybaczanie i ten ebook tak\u017ce Ci pomo\u017ce.<\/em><\/p>\n<p>[\/vc_column_text][vc_column_text]<strong style=\"color: #ff0000;\">W JAKI SPOS\u00d3B RADYKALNE WYBACZANIE MO\u017bE CI POM\u00d3C W ZMNIEJSZENIU B\u00d3LU PO STRACIE?<\/strong><\/p>\n<p>Metoda Tippinga oferuje nie tylko filozofi\u0119, kt\u00f3ra pomaga zmniejszy\u0107 cierpienie, ale przede wszystkim daje Ci UNIKALNE NARZ\u0118DZIA, kt\u00f3re w bardzo prosty i szybki spos\u00f3b pomog\u0105 Ci:<\/p>\n<p>\u2705\u00a0 ZMNIEJSZY\u0106 CIERPIENIE poprzez oddzielenie interpretacji i przekona\u0144 od fakt\u00f3w,<br \/>\n\u2705\u00a0 WYBACZY\u0106 OSOBOM, kt\u00f3re obwiniamy o to co si\u0119 sta\u0142o,<br \/>\n\u2705\u00a0 WYBACZY\u0106 SOBIE, je\u015bli czujemy si\u0119 z jakiego\u015b powodu winni,<br \/>\nI wreszcie:<br \/>\n\u2705\u00a0 WYBACZY\u0106 OSOBIE, KT\u00d3RA NAS OPU\u015aCI\u0141A\u2026[\/vc_column_text][vc_column_text]<strong style=\"color: #ff0000;\">CO ZAWIERA TEN 70-CIO STRONICOWY EBOOK?<\/strong>[\/vc_column_text][vc_column_text css=&#8221;.vc_custom_1603886224367{padding-top: 30px !important;padding-right: 30px !important;padding-bottom: 30px !important;padding-left: 30px !important;background-color: #eeee22 !important;border-radius: 15px !important;}&#8221;]<\/p>\n<p style=\"color: #000; text-align: justify;\">UWAGA! W TYM EBOOKU ZNAJDZIESZ:<\/p>\n<p style=\"color: #000; text-align: justify;\">\u201e10 krok\u00f3w do puszczenia b\u00f3lu w \u017ca\u0142obie\u201d\u00a0\u00a0 Oraz\u00a0 \u201eArkusz Samowybaczania\u201d<\/p>\n<p>[\/vc_column_text][vc_column_text]Dzi\u0119ki niemu zrozumiesz tak\u017ce:<\/p>\n<p>\u2705\u00a0 dlaczego tak istotne jest \u015bwiadome przej\u015bcie \u017ca\u0142oby i straty,<br \/>\n\u2705\u00a0 czym r\u00f3\u017cni si\u0119 b\u00f3l od cierpienia,<br \/>\n\u2705\u00a0 dlaczego zar\u00f3wno \u015bwiadoma \u017ca\u0142oba jak i strata prowadz\u0105 przez takie same etapy,<br \/>\n\u2705\u00a0 oraz jakie funkcje etapy te pe\u0142ni\u0105 w jej przechodzeniu,<br \/>\n\u2705\u00a0 dowiesz si\u0119 jakie za\u0142o\u017cenia Radykalnego Wybaczania mog\u0105 Ci pom\u00f3c,<br \/>\n\u2705\u00a0 i kt\u00f3re narz\u0119dzia Metody Tippinga masz do dyspozycji.<\/p>\n<p>A tak\u017ce:<\/p>\n<p>\u2705\u00a0 poznasz prawdziwe historie os\u00f3b, kt\u00f3rym Radykalne Wybaczanie pomog\u0142o przej\u015b\u0107 \u017ca\u0142ob\u0119![\/vc_column_text][vc_column_text css=&#8221;.vc_custom_1603818459189{padding-top: 30px !important;padding-right: 30px !important;padding-bottom: 30px !important;padding-left: 30px !important;background-color: #3bafda !important;border-radius: 15px !important;}&#8221;]<\/p>\n<p style=\"color: #fff; text-align: justify;\">\u015amier\u0107 nie jest ani pora\u017ck\u0105, ani nienaturalnym wydarzeniem. Samo zaakceptowanie \u015bmierci jako cz\u0119\u015bci \u017cycia nadaje g\u0142\u0119bsze znaczenie naszemu poczuciu straty i ostatecznie jest ukojeniem, kt\u00f3ry leczy nasz \u017cal.<\/p>\n<p><i><span style=\"font-size: 14px; color: #fff;\">Colin Tipping<\/span><\/i>[\/vc_column_text][vc_column_text]TYCH SIEDEMDZIESI\u0104T STRON POMO\u017bE\u00a0 CI WYRAZI\u0106, UWOLNI\u0106 I ZMNIEJSZY\u0106 B\u00d3L STRATY![\/vc_column_text][vc_column_text]<strong style=\"color: #ff0000;\">OPINIE INNYCH:<\/strong><\/p>\n<p>&#8222;Jednym s\u0142owem &#8222;rarytas&#8221; na jesienne wieczory, balsam dla duszy i oczu &#8211; pi\u0119knie przygotowana grafika i zdj\u0119cia, to po\u0142\u0105czenie przyjemnego z po\u017cytecznym\u00a0<span title=\"Emotikon smile\"><img loading=\"lazy\" decoding=\"async\" class=\"CToWUd\" src=\"https:\/\/ci6.googleusercontent.com\/proxy\/drAEJLyYQG-1nUVZqILR_4vLTp4X5IsB3-ZK98uknOX2tf_Gw4cQmSfb77pAXNgy2CzEMmmWypEgi6_CaXr52T2_oKN3FiOxFjqjPVtVim8BdDLOmA=s0-d-e1-ft#https:\/\/static.xx.fbcdn.net\/images\/emoji.php\/v9\/t4c\/1\/16\/1f642.png\" alt=\"\" width=\"16\" height=\"16\" \/>&#8221;<br \/>\n<\/span><strong><em><span title=\"Emotikon smile\">Sylwia Rostkowska<\/span><\/em><\/strong><\/p>\n<p><span title=\"Emotikon smile\">&#8222;W\u0142a\u015bnie dosta\u0142am eBook Jak po\u017cegna\u0107 b\u00f3l straty i i i i jest super. Z ca\u0142ego serca dzi\u0119kuj\u0119 \u2764\ufe0f\ufe0f\ufe0f\u2764\ufe0f\ufe0f\ufe0f\u2764\ufe0f\ufe0f\ufe0f niech RW idzie w \u015awiat i jeszcze dalej, w Wszech\u015bwiat, do Gwiazd\u00a0\ud83c\udf1f\ud83c\udf1f\ud83c\udf1f Amen \ud83d\udc9c\ud83d\ude09\ud83d\udc9c&#8221;<br \/>\n<\/span><em><strong><span title=\"Emotikon smile\">Aneta Michalak<\/span><\/strong><\/em>[\/vc_column_text][vc_row_inner][vc_column_inner][\/vc_column_inner][\/vc_row_inner][vc_row_inner equal_height=&#8221;yes&#8221; content_placement=&#8221;middle&#8221; css=&#8221;.vc_custom_1604820890736{margin-right: 0px !important;margin-bottom: 25px !important;margin-left: 0px !important;background-color: #cc027c !important;border-radius: 15px !important;}&#8221; el_id=&#8221;oferta1&#8243;][vc_column_inner][vc_column_text css=&#8221;.vc_custom_1604329604009{padding-right: 20px !important;padding-left: 20px !important;}&#8221;]<\/p>\n<div style=\"color: #fff;\">UWAGA!<\/div>\n<div style=\"color: #fff;\">\n<p><strong>SUPER OFERTA W PRZEDSPRZEDA\u017bY!<\/strong><\/p>\n<p>1. Je\u015bli kupisz ebook do 7 listopada godz. 23:59 to otrzymasz go w wyj\u0105tkowej cenie 37 z\u0142 zamiast <span style=\"text-decoration: line-through;\">53<\/span> z\u0142!<\/p>\n<p>2. UWAGA! Ebook planujemy wysy\u0142a\u0107 po 8 listopada.<\/p>\n<p style=\"text-align: center;\">Nie czekaj! Zegar tyka \ud83d\ude42<\/p>\n<\/div>\n<p>[\/vc_column_text]<style>#count-down-wrap-1481 .ult_countdown-amount { font-weight:bold;font-weight:bold;  font-family : ;\tcolor: #ffffff; } #count-down-wrap-1481 .ult_countdown-period{font-weight:normal;\tcolor: #ffffff;\tfont-family: ;}<\/style><div \" data-ultimate-target='#count-down-wrap-1481 .ult_countdown-period'  data-responsive-json-new='{\"font-size\":\"desktop:13px;\",\"line-height\":\"\"}' \" class=\"ult-responsive ult_countdown   ult-cd-s2\"><div id=\"count-down-wrap-1481\"  class=\"ult-responsive ult_countdown-div ult_countdown-dateAndTime ult-wptz\" data-labels=\"Lat,Miesi\u0119cy,Tygodni,Dni,Godzin,Minut,Sekund\" data-labels2=\"Rok,Miesi\u0105c,Tydzie\u0144,Dzie\u0144,Godzina,Minuta,Sekunda\"  data-terminal-date=\"2020\/11\/07 23:59:59\" data-countformat=\"DHMS\" data-time-zone=\"2\" data-time-now=\"2026\/04\/11 02:28:59\"  data-tick-col=\"#ffffff\"   data-ultimate-target='#count-down-wrap-1481 .ult_countdown-amount'  data-responsive-json-new='{\"font-size\":\"desktop:36px;\",\"line-height\":\"\"}'  data-tick-p-col=\"#ffffff\"  data-tick-style=\"font-weight:bold;\"  data-tick-p-style=\"\"  data-bg-color=\"#cc027c\" data-br-radius=\"15\" data-padd=\"0\" >2020\/11\/07 23:59:59<\/div><\/div>[\/vc_column_inner][\/vc_row_inner][vc_row_inner equal_height=&#8221;yes&#8221; content_placement=&#8221;middle&#8221; css=&#8221;.vc_custom_1607359631548{margin-right: 0px !important;background-color: #cc027c !important;border-radius: 15px !important;}&#8221; el_id=&#8221;oferta1&#8243;][vc_column_inner width=&#8221;1\/4&#8243;][vc_single_image image=&#8221;2662&#8243; img_size=&#8221;large&#8221; css=&#8221;.vc_custom_1603969186045{margin-left: -70px !important;}&#8221;][\/vc_column_inner][vc_column_inner width=&#8221;3\/4&#8243; css=&#8221;.vc_custom_1605035858330{padding-bottom: 15px !important;}&#8221;][vc_column_text]<\/p>\n<div style=\"color: #fff;\">UWAGA!<\/div>\n<div style=\"color: #fff;\">\n<p><strong>WYJ\u0104TKOWA OKAZJA!<\/strong><\/p>\n<p>Je\u015bli zakupisz ten ebook, w prezencie otrzymasz nasz\u0105 wyj\u0105tkow\u0105 pozycj\u0119 \u201e4 kroki Radykalnego Wybaczania z Colinem Tippingiem\u201d,<\/p>\n<h3 style=\"color: #fff;\">O WARTO\u015aCI 45 Z\u0141!!!<\/h3>\n<p>Ten ebook pomo\u017ce Ci:<\/p>\n<p>\u2705 DOBRZE ZROZUMIE\u0106 dzia\u0142anie najprostszego narz\u0119dzia Radykalnego Wybaczania<br \/>\n\u2705 NAUCZY\u0106 SI\u0118 stosowa\u0107 go codziennie, w ka\u017cdej sytuacji, gdy tylko chcesz szybko wr\u00f3ci\u0107 do r\u00f3wnowagi<\/p>\n<p>Nie czekaj \u2013 jutro ta oferta mo\u017ce by\u0107 ju\u017c nieaktualna!<\/p>\n<\/div>\n<p>[\/vc_column_text][vc_btn title=&#8221;KUP TERAZ&#8221; style=&#8221;flat&#8221; color=&#8221;primary&#8221; size=&#8221;lg&#8221; align=&#8221;left&#8221; link=&#8221;url:https%3A%2F%2Fmetoda-tippinga.pl%2Fweb%2Fcart%2F%3Fadd-to-cart%3D2654%26quantity%3D1|||&#8221; css=&#8221;.vc_custom_1605035845295{margin-top: -15px !important;}&#8221;][\/vc_column_inner][\/vc_row_inner][\/vc_column][\/vc_row]<\/p>\n<\/div>","protected":false},"excerpt":{"rendered":"<p>[vc_row][vc_column][vc_column_text]Ka\u017cdy z nas do\u015bwiadczy\u0142 lub do\u015bwiadczy straty: \u015bmierci najbli\u017cszych, odej\u015bcia ukochanej osoby, lub cho\u0107by utraty ulubionego zwierz\u0105tka w dzieci\u0144stwie. \u017ba\u0142oba mo\u017ce dotyczy\u0107 tak\u017ce utraty maj\u0105tku, rodziny lub pracy. I chocia\u017c ka\u017cdy b\u00f3l straty prze\u017cywa inaczej, to s\u0105 pewne fakty, kt\u00f3re \u0142\u0105cz\u0105 nas wszystkich:[\/vc_column_text][vc_column_text css=&#8221;.vc_custom_1603818108280{padding-top: 30px !important;padding-right: 30px !important;padding-bottom: 30px !important;padding-left: 30px !important;background-color: #3bafda !important;border-radius: 15px !important;}&#8221;] Fakt nr. 1 Ka\u017cdy do\u015bwiadczy straty wcze\u015bniej czy p\u00f3\u017aniej i chocia\u017c nie mo\u017cna si\u0119 na ni\u0105 w pe\u0142ni przygotowa\u0107, to s\u0105 narz\u0119dzia, po kt\u00f3re mo\u017cemy si\u0119gn\u0105\u0107 aby zmniejszy\u0107 b\u00f3l i rozpacz. I tylko od nas zale\u017cy czy po nie si\u0119gniemy. Fakt nr. 2 Mo\u017cemy zmniejszy\u0107 cierpienie przez oddzielenie interpretacji tego co nas spotka\u0142o, od fakt\u00f3w. Fakt nr. 3 Wiele os\u00f3b wini siebie za to co si\u0119 wydarzy\u0142o i to poczucie nie pozwala im w pe\u0142ni cieszy\u0107 si\u0119 \u017cyciem i chwil\u0105 obecn\u0105. [\/vc_column_text][vc_column_text]DLA KOGO JEST TEN EBOOK? Chocia\u017c dog\u0142\u0119bne prze\u017cycie straty jest bardzo wa\u017cne w procesie prze\u017cywania \u017ca\u0142oby, to bardzo cz\u0119sto nie udaje nam si\u0119 z niej wyj\u015b\u0107. Welu z nas utka na jakim\u015b etapie b\u00f3lu, z\u0142o\u015bci czy rozpaczy. Metoda Tippinga z jej narz\u0119dziami, jest niezast\u0105pion\u0105 i jednocze\u015bnie prost\u0105 pomoc\u0105 w uwalnianiu bolesnych emocji i wychodzeniu ze \u201e\u015bwiata ofiar\u201d. Ten 70-cio stronicowy ebook jest Twoim przewodnikiem w tym, jak wykorzysta\u0107 Radykalne Wybaczanie, aby przyj\u0105\u0107 now\u0105 perspektyw\u0119, zmniejszy\u0107 b\u00f3l, a mo\u017ce nawet odzyska\u0107 rado\u015b\u0107 \u017cycia. Je\u015bli wi\u0119c: \u2705\u00a0 straci\u0142e\u015b kogo\u015b bliskiego i do dzi\u015b czujesz, \u017ce nie poradzi\u0142e\u015b sobie z tym, \u2705\u00a0 odczuwasz lub odczuwa\u0142e\u015b z\u0142o\u015b\u0107 na t\u0119 osob\u0119, \u2705\u00a0 czujesz, \u017ce kto\u015b (lekarze, instytucja, konkretna osoba) jest winna utraty ukochanej osoby \u2705\u00a0 lub czujesz, \u017ce to TY mog\u0142e\u015b co\u015b zrobi\u0107, \u017ceby t\u0119 osob\u0119 uratowa\u0107, a tego z jakiegokolwiek powodu nie zrobi\u0142e\u015b, \u2705\u00a0 je\u015bli w\u0142a\u015bnie prze\u017cywasz l\u0119k przed czyj\u0105\u015b \u015bmierci\u0105, \u2705\u00a0 lub zawsze ba\u0142e\u015b si\u0119 \u015bmierci i odchodzenia swojego i innych\u2026 TO TEN EBOOK JEST DLA CIEBIE![\/vc_column_text][vc_column_text css=&#8221;.vc_custom_1603886128607{padding-top: 30px !important;padding-right: 30px !important;padding-bottom: 30px !important;padding-left: 30px !important;background-color: #eeee22 !important;border-radius: 15px !important;}&#8221;] Bardzo podobnie prze\u017cywamy utrat\u0119 mi\u0142o\u015bci, pracy, maj\u0105tku\u2026 Je\u015bli wi\u0119c do\u015bwiadczasz tego typu straty, Radykalne Wybaczanie i ten ebook tak\u017ce Ci pomo\u017ce. [\/vc_column_text][vc_column_text]W JAKI SPOS\u00d3B RADYKALNE WYBACZANIE MO\u017bE CI POM\u00d3C W ZMNIEJSZENIU B\u00d3LU PO STRACIE? Metoda Tippinga oferuje nie tylko filozofi\u0119, kt\u00f3ra pomaga zmniejszy\u0107 cierpienie, ale przede wszystkim daje Ci UNIKALNE NARZ\u0118DZIA, kt\u00f3re w bardzo prosty i szybki spos\u00f3b pomog\u0105 Ci: \u2705\u00a0 ZMNIEJSZY\u0106 CIERPIENIE poprzez oddzielenie interpretacji i przekona\u0144 od fakt\u00f3w, \u2705\u00a0 WYBACZY\u0106 OSOBOM, kt\u00f3re obwiniamy o to co si\u0119 sta\u0142o, \u2705\u00a0 WYBACZY\u0106 SOBIE, je\u015bli czujemy si\u0119 z jakiego\u015b powodu winni, I wreszcie: \u2705\u00a0 WYBACZY\u0106 OSOBIE, KT\u00d3RA NAS OPU\u015aCI\u0141A\u2026[\/vc_column_text][vc_column_text]CO ZAWIERA TEN 70-CIO STRONICOWY EBOOK?[\/vc_column_text][vc_column_text css=&#8221;.vc_custom_1603886224367{padding-top: 30px !important;padding-right: 30px !important;padding-bottom: 30px !important;padding-left: 30px !important;background-color: #eeee22 !important;border-radius: 15px !important;}&#8221;] UWAGA! W TYM EBOOKU ZNAJDZIESZ: \u201e10 krok\u00f3w do puszczenia b\u00f3lu w \u017ca\u0142obie\u201d\u00a0\u00a0 Oraz\u00a0 \u201eArkusz Samowybaczania\u201d [\/vc_column_text][vc_column_text]Dzi\u0119ki niemu zrozumiesz tak\u017ce: \u2705\u00a0 dlaczego tak istotne jest \u015bwiadome przej\u015bcie \u017ca\u0142oby i straty, \u2705\u00a0 czym r\u00f3\u017cni si\u0119 b\u00f3l od cierpienia, \u2705\u00a0 dlaczego zar\u00f3wno \u015bwiadoma \u017ca\u0142oba jak i strata prowadz\u0105 przez takie same etapy, \u2705\u00a0 oraz jakie funkcje etapy te pe\u0142ni\u0105 w jej przechodzeniu, \u2705\u00a0 dowiesz si\u0119 jakie za\u0142o\u017cenia Radykalnego Wybaczania mog\u0105 Ci pom\u00f3c, \u2705\u00a0 i kt\u00f3re narz\u0119dzia Metody Tippinga masz do dyspozycji. A tak\u017ce: \u2705\u00a0 poznasz prawdziwe historie os\u00f3b, kt\u00f3rym Radykalne Wybaczanie pomog\u0142o przej\u015b\u0107 [&hellip;]<\/p>\n","protected":false},"featured_media":7556,"template":"","meta":[],"product_brand":[],"product_cat":[89],"product_tag":[91,77],"class_list":{"0":"post-2654","1":"product","2":"type-product","3":"status-publish","4":"has-post-thumbnail","6":"product_cat-ebook","7":"product_tag-colin-tipping","8":"product_tag-radykalne-wybaczanie","10":"first","11":"instock","12":"downloadable","13":"virtual","14":"sold-individually","15":"taxable","16":"purchasable","17":"product-type-simple"},"publishpress_future_action":{"enabled":false,"date":"2026-04-18 02:28:59","action":"change-status","newStatus":"draft","terms":[],"taxonomy":"product_brand","extraData":[]},"publishpress_future_workflow_manual_trigger":{"enabledWorkflows":[]},"_links":{"self":[{"href":"https:\/\/metoda-tippinga.pl\/web\/wp-json\/wp\/v2\/product\/2654","targetHints":{"allow":["GET"]}}],"collection":[{"href":"https:\/\/metoda-tippinga.pl\/web\/wp-json\/wp\/v2\/product"}],"about":[{"href":"https:\/\/metoda-tippinga.pl\/web\/wp-json\/wp\/v2\/types\/product"}],"wp:featuredmedia":[{"embeddable":true,"href":"https:\/\/metoda-tippinga.pl\/web\/wp-json\/wp\/v2\/media\/7556"}],"wp:attachment":[{"href":"https:\/\/metoda-tippinga.pl\/web\/wp-json\/wp\/v2\/media?parent=2654"}],"wp:term":[{"taxonomy":"product_brand","embeddable":true,"href":"https:\/\/metoda-tippinga.pl\/web\/wp-json\/wp\/v2\/product_brand?post=2654"},{"taxonomy":"product_cat","embeddable":true,"href":"https:\/\/metoda-tippinga.pl\/web\/wp-json\/wp\/v2\/product_cat?post=2654"},{"taxonomy":"product_tag","embeddable":true,"href":"https:\/\/metoda-tippinga.pl\/web\/wp-json\/wp\/v2\/product_tag?post=2654"}],"curies":[{"name":"wp","href":"https:\/\/api.w.org\/{rel}","templated":true}]}}