
{"id":6415,"date":"2023-02-23T12:10:45","date_gmt":"2023-02-23T11:10:45","guid":{"rendered":"https:\/\/metoda-tippinga.pl\/web\/?post_type=product&#038;p=6415"},"modified":"2026-04-14T12:47:15","modified_gmt":"2026-04-14T10:47:15","slug":"certyfikacja-gra-satori","status":"publish","type":"product","link":"https:\/\/metoda-tippinga.pl\/web\/produkt\/certyfikacja-gra-satori\/","title":{"rendered":"Instruktor Gry Satori"},"content":{"rendered":"<br\/><span style=\"padding: 30px;\">Aby uzyska\u0107 dost\u0119p do tre\u015bci prosimy o zalogowanie si\u0119 na konto trenera. <a href=\"https:\/\/metoda-tippinga.pl\/web\/login\/\">Zaloguj si\u0119<\/a><\/span><br\/><br\/>","protected":false},"excerpt":{"rendered":"<p>Aby uzyska\u0107 dost\u0119p do tre\u015bci prosimy o zalogowanie si\u0119 na konto trenera. Zaloguj si\u0119<\/p>\n","protected":false},"featured_media":15680,"template":"","meta":[],"product_brand":[],"product_cat":[164,128],"product_tag":[],"class_list":{"0":"post-6415","1":"product","2":"type-product","3":"status-publish","4":"has-post-thumbnail","6":"product_cat-opcja-raty","7":"product_cat-strefa-trenera","9":"first","10":"instock","11":"virtual","12":"sold-individually","13":"taxable","14":"purchasable","15":"product-type-simple"},"publishpress_future_action":{"enabled":false,"date":"2026-04-21 21:09:53","action":"change-status","newStatus":"draft","terms":[],"taxonomy":"product_brand","extraData":[]},"publishpress_future_workflow_manual_trigger":{"enabledWorkflows":[]},"_links":{"self":[{"href":"https:\/\/metoda-tippinga.pl\/web\/wp-json\/wp\/v2\/product\/6415","targetHints":{"allow":["GET"]}}],"collection":[{"href":"https:\/\/metoda-tippinga.pl\/web\/wp-json\/wp\/v2\/product"}],"about":[{"href":"https:\/\/metoda-tippinga.pl\/web\/wp-json\/wp\/v2\/types\/product"}],"wp:featuredmedia":[{"embeddable":true,"href":"https:\/\/metoda-tippinga.pl\/web\/wp-json\/wp\/v2\/media\/15680"}],"wp:attachment":[{"href":"https:\/\/metoda-tippinga.pl\/web\/wp-json\/wp\/v2\/media?parent=6415"}],"wp:term":[{"taxonomy":"product_brand","embeddable":true,"href":"https:\/\/metoda-tippinga.pl\/web\/wp-json\/wp\/v2\/product_brand?post=6415"},{"taxonomy":"product_cat","embeddable":true,"href":"https:\/\/metoda-tippinga.pl\/web\/wp-json\/wp\/v2\/product_cat?post=6415"},{"taxonomy":"product_tag","embeddable":true,"href":"https:\/\/metoda-tippinga.pl\/web\/wp-json\/wp\/v2\/product_tag?post=6415"}],"curies":[{"name":"wp","href":"https:\/\/api.w.org\/{rel}","templated":true}]}}